{"id":1760,"date":"2023-05-05T13:55:45","date_gmt":"2023-05-05T13:55:45","guid":{"rendered":"https:\/\/aedcolor.com\/?page_id=1760"},"modified":"2023-09-21T08:14:53","modified_gmt":"2023-09-21T08:14:53","slug":"multifill-smalto-1-8","status":"publish","type":"page","link":"https:\/\/aedcolor.com\/index.php\/multifill-smalto-1-8\/","title":{"rendered":"MULTIFILL SMALTO 1-8"},"content":{"rendered":"<div class=\"wpb-content-wrapper\"><p>[vc_row css=&#8221;.vc_custom_1683099634441{padding-bottom: 30px !important;}&#8221;][vc_column width=&#8221;2\/3&#8243;][vc_custom_heading text=&#8221;MULTIFILL SMALTO 1-8&#8243; font_container=&#8221;tag:h2|font_size:50|text_align:left&#8221; use_theme_fonts=&#8221;yes&#8221; link=&#8221;|title:AQUAMAT%20-%20SUPERELASTIC||&#8221;][\/vc_column][vc_column width=&#8221;1\/3&#8243;][\/vc_column][\/vc_row][vc_row][vc_column width=&#8221;1\/2&#8243;][vc_single_image image=&#8221;1761&#8243; img_size=&#8221;full&#8221;][\/vc_column][vc_column width=&#8221;1\/2&#8243;][vc_column_text]<span style=\"color: #000000;\"><strong>Stuko fugash p\u00ebr pllaka, me ngjyr\u00eb, me baz\u00eb cimento, e p\u00ebrforcuar me rr\u00ebshir\u00eb.<\/strong> Ka veti mekanike t\u00eb larta, stabilitet ngjyrash t\u00eb larta dhe veti hidrofobe t\u00eb larta. P\u00ebrmban komponente t\u00eb posacme bakteriostatike t\u00eb cilat nuk lejojn\u00eb formimin e baktereve n\u00eb fuga. Jep nj\u00eb sip\u00ebrfaqe p\u00ebrfundimtare t\u00eb l\u00ebmuar dhe me shk\u00eblqim. \u00cbsht\u00eb e p\u00ebrshtatshme p\u00ebr fuga me gjer\u00ebsi deri 8mm. Klasifikohet si stuko fugash e tipit CG2 sipas EN 13888 &amp; ISO 13007-3. \u00cbsht\u00eb e p\u00ebrshtatshme p\u00ebr stukimin e fugave t\u00eb pllakave t\u00eb cdo lloji, n\u00eb mur ose dysheme, n\u00eb ambiente t\u00eb brendshme ose t\u00eb jashtme.<\/span><\/p>\n<p><strong><span style=\"color: #000000;\">N\u00ebnshtresa<\/span><\/strong><br \/>\n<span style=\"color: #000000;\">Sip\u00ebrfaqja e shtruar me pllaka duhet t\u00eb jet\u00eb e past\u00ebr. Fugat pastrohen me kujdes dhe lagen me sfungjer t\u00eb njom\u00eb.<\/span><\/p>\n<p><strong><span style=\"color: #000000;\">Zbatimi<\/span><\/strong><\/p>\n<p><span style=\"color: #000000;\">MULTIFILL-SMALTO 1-8 shtrohet duke u p\u00ebrzier n\u00eb uj\u00eb, deri sa t\u00eb krijohet nj\u00eb p\u00ebrzierje homogjene. Rekomandohet q\u00eb p\u00ebrzierja t\u00eb b\u00ebhet me mikser dhe rrotullime t\u00eb ul\u00ebta. E l\u00ebm\u00eb p\u00ebrzierjen rreth 3 minuta t\u00eb piqet dhe p\u00ebrziejm\u00eb p\u00ebrs\u00ebri. Materiali shtrohet mbi fugat me spatul prej llastiku, me drejtim diagonal me fugat, duke u kujdesur q\u00eb t\u00eb mbushen n\u00eb t\u00eb gjith\u00eb thell\u00ebsin\u00eb. Materiali i tepruar largohet pas pak me sfungjer t\u00eb njom\u00eb. S\u00eb fundi sip\u00ebrfaqja pastrohet me nj\u00eb cop\u00eb p\u00eblhure t\u00eb that\u00eb. N\u00eb ambiente t\u00eb jashtme ose kur temperatura \u00ebsht\u00eb e lart\u00eb rekomandohet q\u00eb fugat, pas disa or\u00ebsh dhe pasi \u00ebsht\u00eb thar\u00eb stukoja, t\u00eb lagen me uj\u00eb.<\/span>[\/vc_column_text][vc_row_inner][vc_column_inner width=&#8221;1\/2&#8243;]<div class=\"standard-arrow bullet-top\"><ul>\n<li><span style=\"color: #000000;\">Konsumi i MULTIFILL-SMALTO 1-8 varet nga p\u00ebrmasat e pllakave dhe gjer\u00ebsia e fugave.<\/span><\/li>\n<\/ul>\n<\/div>[\/vc_column_inner][vc_column_inner width=&#8221;1\/2&#8243;]<div class=\"standard-arrow bullet-top\"><ul>\n<li><span style=\"color: #000000;\">Produkti p\u00ebrmban cimento, i cili reagon si alkal me ujin dhe klasifikohet si irritues.<\/span><\/li>\n<\/ul>\n<\/div>[\/vc_column_inner][\/vc_row_inner][vc_row_inner css=&#8221;.vc_custom_1683100048912{padding-top: 20px !important;}&#8221;][vc_column_inner width=&#8221;1\/2&#8243;]<div class=\"aio-icon-component    style_1\"><div id=\"Info-box-wrap-4827\" class=\"aio-icon-box default-icon\" style=\"\"  ><div class=\"aio-icon-default\"><div class=\"ult-just-icon-wrapper  \"><div class=\"align-icon\" style=\"text-align:center;\">\n<div class=\"aio-icon-img \" style=\"font-size:65px;display:inline-block;\" >\n\t<img decoding=\"async\" class=\"img-icon\" alt=\"null\" src=\"https:\/\/aedcolor.com\/wp-content\/uploads\/2023\/05\/image-2.png\"\/>\n<\/div><\/div><\/div><\/div><div class=\"aio-icon-header\" ><h3 class=\"aio-icon-title ult-responsive\"  data-ultimate-target='#Info-box-wrap-4827 .aio-icon-title'  data-responsive-json-new='{\"font-size\":\"\",\"line-height\":\"\"}'  style=\"\">Sip\u00ebrfaqe: Pllakash<\/h3><\/div> <!-- header --><\/div> <!-- aio-icon-box --><\/div> <!-- aio-icon-component -->[\/vc_column_inner][vc_column_inner width=&#8221;1\/2&#8243;]<div class=\"aio-icon-component    style_1\"><div id=\"Info-box-wrap-3128\" class=\"aio-icon-box default-icon\" style=\"\"  ><div class=\"aio-icon-default\"><div class=\"ult-just-icon-wrapper  \"><div class=\"align-icon\" style=\"text-align:center;\">\n<div class=\"aio-icon-img \" style=\"font-size:65px;display:inline-block;\" >\n\t<img decoding=\"async\" class=\"img-icon\" alt=\"null\" src=\"https:\/\/aedcolor.com\/wp-content\/uploads\/2023\/05\/image-1.png\"\/>\n<\/div><\/div><\/div><\/div><div class=\"aio-icon-header\" ><h3 class=\"aio-icon-title ult-responsive\"  data-ultimate-target='#Info-box-wrap-3128 .aio-icon-title'  data-responsive-json-new='{\"font-size\":\"\",\"line-height\":\"\"}'  style=\"\">Aplikimi: Me mistri gome<\/h3><\/div> <!-- header --><\/div> <!-- aio-icon-box --><\/div> <!-- aio-icon-component -->[\/vc_column_inner][\/vc_row_inner][\/vc_column][\/vc_row]<\/p>\n<\/div>","protected":false},"excerpt":{"rendered":"<p>[vc_row css=&#8221;.vc_custom_1683099634441{padding-bottom: 30px !important;}&#8221;][vc_column width=&#8221;2\/3&#8243;][vc_custom_heading text=&#8221;MULTIFILL SMALTO 1-8&#8243; font_container=&#8221;tag:h2|font_size:50|text_align:left&#8221; use_theme_fonts=&#8221;yes&#8221; link=&#8221;|title:AQUAMAT%20-%20SUPERELASTIC||&#8221;][\/vc_column][vc_column width=&#8221;1\/3&#8243;][\/vc_column][\/vc_row][vc_row][vc_column width=&#8221;1\/2&#8243;][vc_single_image image=&#8221;1761&#8243; img_size=&#8221;full&#8221;][\/vc_column][vc_column width=&#8221;1\/2&#8243;][vc_column_text]Stuko fugash p\u00ebr pllaka, me ngjyr\u00eb, me baz\u00eb cimento, e p\u00ebrforcuar me rr\u00ebshir\u00eb. Ka veti mekanike t\u00eb larta, stabilitet ngjyrash t\u00eb larta dhe veti hidrofobe t\u00eb larta. P\u00ebrmban komponente t\u00eb posacme bakteriostatike t\u00eb cilat nuk lejojn\u00eb formimin e baktereve n\u00eb&hellip;<\/p>\n","protected":false},"author":2,"featured_media":0,"parent":0,"menu_order":0,"comment_status":"closed","ping_status":"closed","template":"","meta":{"footnotes":""},"class_list":["post-1760","page","type-page","status-publish","hentry","description-off"],"_links":{"self":[{"href":"https:\/\/aedcolor.com\/index.php\/wp-json\/wp\/v2\/pages\/1760","targetHints":{"allow":["GET"]}}],"collection":[{"href":"https:\/\/aedcolor.com\/index.php\/wp-json\/wp\/v2\/pages"}],"about":[{"href":"https:\/\/aedcolor.com\/index.php\/wp-json\/wp\/v2\/types\/page"}],"author":[{"embeddable":true,"href":"https:\/\/aedcolor.com\/index.php\/wp-json\/wp\/v2\/users\/2"}],"replies":[{"embeddable":true,"href":"https:\/\/aedcolor.com\/index.php\/wp-json\/wp\/v2\/comments?post=1760"}],"version-history":[{"count":3,"href":"https:\/\/aedcolor.com\/index.php\/wp-json\/wp\/v2\/pages\/1760\/revisions"}],"predecessor-version":[{"id":9168,"href":"https:\/\/aedcolor.com\/index.php\/wp-json\/wp\/v2\/pages\/1760\/revisions\/9168"}],"wp:attachment":[{"href":"https:\/\/aedcolor.com\/index.php\/wp-json\/wp\/v2\/media?parent=1760"}],"curies":[{"name":"wp","href":"https:\/\/api.w.org\/{rel}","templated":true}]}}