{"id":1766,"date":"2023-05-05T14:07:08","date_gmt":"2023-05-05T14:07:08","guid":{"rendered":"https:\/\/aedcolor.com\/?page_id=1766"},"modified":"2023-09-21T08:59:02","modified_gmt":"2023-09-21T08:59:02","slug":"multifill-epoxy-thixo","status":"publish","type":"page","link":"https:\/\/aedcolor.com\/index.php\/multifill-epoxy-thixo\/","title":{"rendered":"MULTIFILL-EPOXY THIXO"},"content":{"rendered":"<div class=\"wpb-content-wrapper\"><p>[vc_row css=&#8221;.vc_custom_1683099634441{padding-bottom: 30px !important;}&#8221;][vc_column width=&#8221;2\/3&#8243;][vc_custom_heading text=&#8221;MULTIFILL-EPOXY THIXO&#8221; font_container=&#8221;tag:h2|font_size:50|text_align:left&#8221; use_theme_fonts=&#8221;yes&#8221; link=&#8221;|title:AQUAMAT%20-%20SUPERELASTIC||&#8221;][\/vc_column][vc_column width=&#8221;1\/3&#8243;][\/vc_column][\/vc_row][vc_row][vc_column width=&#8221;1\/2&#8243;][vc_single_image image=&#8221;1767&#8243; img_size=&#8221;full&#8221;][\/vc_column][vc_column width=&#8221;1\/2&#8243;][vc_column_text]<span style=\"color: #000000;\"><strong>MULTIFILL-EPOXY THIXO \u00ebsht\u00eb nj\u00eb stuko epokside me 2 p\u00ebrb\u00ebr\u00ebs dhe pa tret\u00ebs.<\/strong> Ajo ka nj\u00eb rezistenc\u00eb t\u00eb lart\u00eb n\u00eb ngjeshje, n\u00eb p\u00ebrkulje dhe n\u00eb ngjitje. MULTIFILL-EPOXY THIXO \u00ebsht\u00eb rezistent ndaj disa acideve, bazave, agjent\u00ebve g\u00ebrryes p\u00ebr betoni, agjent\u00ebve pastrues, ujit t\u00eb detit dhe ujit t\u00eb kripur. I p\u00ebrshtatsh\u00ebm p\u00ebr gjer\u00ebsi nyjesh 1,5-10 mm n\u00eb sip\u00ebrfaqe horizontale dhe 1,5-6 mm n\u00eb sip\u00ebrfaqe vertikale. Klasifikohet si stuko pllakash RG, sipas EN 13888 dhe si ngjit\u00ebs R2, sipas EN 12004. MULTIFILL-EPOXY THIXO p\u00ebrdoret kudo ku k\u00ebrkohet nj\u00eb rezistenc\u00eb e lart\u00eb ndaj ngarkesave mekanike, si dhe rezistenc\u00eb e lart\u00eb ndaj ndikimeve t\u00eb substancave kimike. Ajo kombinohet n\u00eb m\u00ebnyr\u00eb ideale me pllakat e vecanta p\u00ebr p\u00ebrdorim n\u00eb ambiente industriale. \u00cbsht\u00eb e p\u00ebrshtatshme p\u00ebr ngjitjen e pllakave n\u00eb mure dhe n\u00eb dysheme, si dhe p\u00ebr stukimin e fugave t\u00eb pllakave n\u00eb mure n\u00eb ambiente industriale, si fabrika birre, baxho bulmeti, laborator\u00eb, thertore dhe sektor\u00eb t\u00eb tjer\u00eb t\u00eb industris\u00eb ushqimore ose kimike, si dhe n\u00eb pishina, kuzhina ejt. Gjithashtu \u00ebsht\u00eb e p\u00ebrshtatshme p\u00ebr sip\u00ebrfaqet me kontakt t\u00eb drejtp\u00ebrdrejt\u00eb me produktet ushqimore, sipas W-347, EPA 330.5 dhe EPA 110.2.<\/span><\/p>\n<p><strong><span style=\"color: #000000;\">P\u00ebrzierja e p\u00ebrb\u00ebr\u00ebsve<\/span><\/strong><\/p>\n<p><span style=\"color: #000000;\">P\u00ebrb\u00ebr\u00ebsit A (rr\u00ebshira) dhe B (forcuesi) jan\u00eb t\u00eb paketuar n\u00eb dy en\u00eb t\u00eb ndara, me raport t\u00eb paracaktuar t\u00eb p\u00ebrzierjes sipas pesh\u00ebs. E gjith\u00eb sasia e p\u00ebrb\u00ebr\u00ebsit B shtohet n\u00eb p\u00ebrb\u00ebr\u00ebsin A. P\u00ebrzierja e 2 p\u00ebrb\u00ebr\u00ebsve duhet t\u00eb b\u00ebhet p\u00ebr rreth 5 minuta, duke p\u00ebrdorur nj\u00eb mikser me xhiro t\u00eb ul\u00ebta (300 rrot\/min). \u00cbsht\u00eb e r\u00ebnd\u00ebsishme q\u00eb p\u00ebrzierja t\u00eb trazohet plot\u00ebsisht pran\u00eb an\u00ebve dhe fundit t\u00eb en\u00ebs n\u00eb m\u00ebnyr\u00eb q\u00eb t\u00eb arrihet p\u00ebrhapja uniforme e forcuesit.<\/span><\/p>\n<p><strong><span style=\"color: #000000;\">Procedura e p\u00ebrdorimit<\/span><\/strong><br \/>\n<em><span style=\"color: #000000;\">Stukimi i fugave t\u00eb pllakave<\/span><\/em><br \/>\n<span style=\"color: #000000;\">Fugat e pastra dhe t\u00eb thata mbushen me p\u00ebrzierjen duke p\u00ebrdorur nj\u00eb mall\u00eb me gom\u00eb, n\u00eb nj\u00eb drejtim diagonal me fugat, me q\u00ebllim q\u00eb ato t\u00eb mbushen plot\u00ebsisht dhe t\u00eb hiqet materiali i tep\u00ebrt.<\/span><\/p>\n<p><em><span style=\"color: #000000;\">Pastrimi i sip\u00ebrfaqes s\u00eb pllakave<\/span><\/em><br \/>\n<span style=\"color: #000000;\">Sasi e vog\u00ebl e stukos epokside q\u00eb mbetet mbi sip\u00ebrfaqen e pllakave emulgohet duke u f\u00ebrkuar me nj\u00eb sfungjer t\u00eb fort\u00eb pak t\u00eb njom\u00eb dhe fshihet menj\u00ebher\u00eb. N\u00eb vijim, sip\u00ebrfaqja e pllakave pastrohet p\u00ebrs\u00ebri me nj\u00eb sfungjer t\u00eb past\u00ebr t\u00eb but\u00eb dhe pak t\u00eb njomur. P\u00ebrdorimi i ujit t\u00eb vak\u00ebt e b\u00ebn m\u00eb t\u00eb leht\u00eb pastrimin. P\u00ebr nj\u00eb pastrim edhe m\u00eb t\u00eb leht\u00eb, n\u00eb ujin q\u00eb do t\u00eb p\u00ebrdoret mund t\u00eb shtohet 10% tret\u00ebs (sipas pesh\u00ebs).<\/span>[\/vc_column_text][vc_row_inner][vc_column_inner width=&#8221;1\/2&#8243;]<div class=\"standard-arrow bullet-top\"><ul>\n<li><span style=\"color: #000000;\">N\u00eb temperatura t\u00eb ul\u00ebta materiali humb punueshm\u00ebrin\u00eb e mir\u00eb t\u00eb tij. dhe koh\u00ebt e reaksionit rriten. Nga ana tjet\u00ebr, temperaturat e larta reduktojn\u00eb koh\u00ebn e punimit. Temperatura ideale e p\u00ebrdorimit \u00ebsht\u00eb midis +15 oC dhe +25 oC, me q\u00ebllim q\u00eb produkti t\u00eb ket\u00eb aft\u00ebsin\u00eb m\u00eb optimale t\u00eb punuesm\u00ebris\u00eb dhe t\u00eb koh\u00ebs s\u00eb tharjes. N\u00eb temperatura t\u00eb ul\u00ebta \u00ebsht\u00eb v\u00ebn\u00eb re nj\u00eb vones\u00eb e mpiksjes nd\u00ebrkoh\u00eb q\u00eb n\u00eb temperatura t\u00eb larta v\u00ebrehet p\u00ebrjashtimi i mpiksjes. Rekomandohet nj\u00eb ngrohje e leht\u00eb e materialeve n\u00eb muajt e dimrit dhe p\u00ebrkat\u00ebsisht n\u00eb ver\u00eb. Ruajtja e tyre n\u00eb nj\u00eb vend t\u00eb fresk\u00ebt p\u00ebrpara p\u00ebrdorimit.<\/span><\/li>\n<\/ul>\n<\/div>[\/vc_column_inner][vc_column_inner width=&#8221;1\/2&#8243;]<div class=\"standard-arrow bullet-top\"><ul>\n<li><span style=\"color: #000000;\">MULTIFILL-EPOXY THIXO \u00ebsht\u00eb plot\u00ebsisht i sigurt p\u00ebr sh\u00ebndetin pas ngurt\u00ebsimit.<\/span><\/li>\n<li><span style=\"color: #000000;\">P\u00ebr aplikimin e MULTIFILL-EPOXY THIXO n\u00ebp\u00ebr gjer\u00ebsi lidhjeje m\u00eb t\u00eb m\u00ebdha se 10 mm (n\u00eb sip\u00ebrfaqe horizontale) apo m\u00eb t\u00eb m\u00ebdha se 6 mm (n\u00eb sip\u00ebrfaqe vertikale).<\/span><\/li>\n<\/ul>\n<\/div>[\/vc_column_inner][\/vc_row_inner][vc_row_inner css=&#8221;.vc_custom_1683100048912{padding-top: 20px !important;}&#8221;][vc_column_inner width=&#8221;1\/2&#8243;]<div class=\"aio-icon-component    style_1\"><div id=\"Info-box-wrap-9162\" class=\"aio-icon-box default-icon\" style=\"\"  ><div class=\"aio-icon-default\"><div class=\"ult-just-icon-wrapper  \"><div class=\"align-icon\" style=\"text-align:center;\">\n<div class=\"aio-icon-img \" style=\"font-size:65px;display:inline-block;\" >\n\t<img decoding=\"async\" class=\"img-icon\" alt=\"null\" src=\"https:\/\/aedcolor.com\/wp-content\/uploads\/2023\/05\/image-2.png\"\/>\n<\/div><\/div><\/div><\/div><div class=\"aio-icon-header\" ><h3 class=\"aio-icon-title ult-responsive\"  data-ultimate-target='#Info-box-wrap-9162 .aio-icon-title'  data-responsive-json-new='{\"font-size\":\"\",\"line-height\":\"\"}'  style=\"\">Sip\u00ebrfaqe: Mur, pllaka dyshemeje<\/h3><\/div> <!-- header --><\/div> <!-- aio-icon-box --><\/div> <!-- aio-icon-component -->[\/vc_column_inner][vc_column_inner width=&#8221;1\/2&#8243;]<div class=\"aio-icon-component    style_1\"><div id=\"Info-box-wrap-8792\" class=\"aio-icon-box default-icon\" style=\"\"  ><div class=\"aio-icon-default\"><div class=\"ult-just-icon-wrapper  \"><div class=\"align-icon\" style=\"text-align:center;\">\n<div class=\"aio-icon-img \" style=\"font-size:65px;display:inline-block;\" >\n\t<img decoding=\"async\" class=\"img-icon\" alt=\"null\" src=\"https:\/\/aedcolor.com\/wp-content\/uploads\/2023\/05\/image-1.png\"\/>\n<\/div><\/div><\/div><\/div><div class=\"aio-icon-header\" ><h3 class=\"aio-icon-title ult-responsive\"  data-ultimate-target='#Info-box-wrap-8792 .aio-icon-title'  data-responsive-json-new='{\"font-size\":\"\",\"line-height\":\"\"}'  style=\"\">Aplikimi: Me mistri gome<\/h3><\/div> <!-- header --><\/div> <!-- aio-icon-box --><\/div> <!-- aio-icon-component -->[\/vc_column_inner][\/vc_row_inner][\/vc_column][\/vc_row]<\/p>\n<\/div>","protected":false},"excerpt":{"rendered":"<p>[vc_row css=&#8221;.vc_custom_1683099634441{padding-bottom: 30px !important;}&#8221;][vc_column width=&#8221;2\/3&#8243;][vc_custom_heading text=&#8221;MULTIFILL-EPOXY THIXO&#8221; font_container=&#8221;tag:h2|font_size:50|text_align:left&#8221; use_theme_fonts=&#8221;yes&#8221; link=&#8221;|title:AQUAMAT%20-%20SUPERELASTIC||&#8221;][\/vc_column][vc_column width=&#8221;1\/3&#8243;][\/vc_column][\/vc_row][vc_row][vc_column width=&#8221;1\/2&#8243;][vc_single_image image=&#8221;1767&#8243; img_size=&#8221;full&#8221;][\/vc_column][vc_column width=&#8221;1\/2&#8243;][vc_column_text]MULTIFILL-EPOXY THIXO \u00ebsht\u00eb nj\u00eb stuko epokside me 2 p\u00ebrb\u00ebr\u00ebs dhe pa tret\u00ebs. Ajo ka nj\u00eb rezistenc\u00eb t\u00eb lart\u00eb n\u00eb ngjeshje, n\u00eb p\u00ebrkulje dhe n\u00eb ngjitje. MULTIFILL-EPOXY THIXO \u00ebsht\u00eb rezistent ndaj disa acideve, bazave, agjent\u00ebve g\u00ebrryes p\u00ebr betoni, agjent\u00ebve pastrues, ujit t\u00eb&hellip;<\/p>\n","protected":false},"author":2,"featured_media":0,"parent":0,"menu_order":0,"comment_status":"closed","ping_status":"closed","template":"","meta":{"footnotes":""},"class_list":["post-1766","page","type-page","status-publish","hentry","description-off"],"_links":{"self":[{"href":"https:\/\/aedcolor.com\/index.php\/wp-json\/wp\/v2\/pages\/1766","targetHints":{"allow":["GET"]}}],"collection":[{"href":"https:\/\/aedcolor.com\/index.php\/wp-json\/wp\/v2\/pages"}],"about":[{"href":"https:\/\/aedcolor.com\/index.php\/wp-json\/wp\/v2\/types\/page"}],"author":[{"embeddable":true,"href":"https:\/\/aedcolor.com\/index.php\/wp-json\/wp\/v2\/users\/2"}],"replies":[{"embeddable":true,"href":"https:\/\/aedcolor.com\/index.php\/wp-json\/wp\/v2\/comments?post=1766"}],"version-history":[{"count":3,"href":"https:\/\/aedcolor.com\/index.php\/wp-json\/wp\/v2\/pages\/1766\/revisions"}],"predecessor-version":[{"id":9170,"href":"https:\/\/aedcolor.com\/index.php\/wp-json\/wp\/v2\/pages\/1766\/revisions\/9170"}],"wp:attachment":[{"href":"https:\/\/aedcolor.com\/index.php\/wp-json\/wp\/v2\/media?parent=1766"}],"curies":[{"name":"wp","href":"https:\/\/api.w.org\/{rel}","templated":true}]}}