{"id":1772,"date":"2023-05-06T06:30:29","date_gmt":"2023-05-06T06:30:29","guid":{"rendered":"https:\/\/aedcolor.com\/?page_id=1772"},"modified":"2023-09-21T09:16:11","modified_gmt":"2023-09-21T09:16:11","slug":"multifill-stone","status":"publish","type":"page","link":"https:\/\/aedcolor.com\/index.php\/multifill-stone\/","title":{"rendered":"MULTIFILL-STONE"},"content":{"rendered":"<div class=\"wpb-content-wrapper\"><p>[vc_row css=&#8221;.vc_custom_1683099634441{padding-bottom: 30px !important;}&#8221;][vc_column width=&#8221;2\/3&#8243;][vc_custom_heading text=&#8221;MULTIFILL-STONE&#8221; font_container=&#8221;tag:h2|font_size:50|text_align:left&#8221; use_theme_fonts=&#8221;yes&#8221; link=&#8221;|title:AQUAMAT%20-%20SUPERELASTIC||&#8221;][\/vc_column][vc_column width=&#8221;1\/3&#8243;][\/vc_column][\/vc_row][vc_row][vc_column width=&#8221;1\/2&#8243;][vc_single_image image=&#8221;1774&#8243; img_size=&#8221;full&#8221;][\/vc_column][vc_column width=&#8221;1\/2&#8243;][vc_column_text]<span style=\"color: #000000;\"><strong>Llac cimentoje me ngjyr\u00eb, i modifikuar me polimer p\u00ebr nd\u00ebrtime dhe mbushje gur\u00ebve natyral ose artificial.<\/strong> Ofron rezistenc\u00eb t\u00eb lart\u00eb mekanike, stabilitet t\u00eb shk\u00eblqyer ngjyre. P\u00ebrshtatet p\u00ebr fuga me gjer\u00ebsi 5-40 mm. Klasifikohet si mbushje e tipit CG2 WA, sipas EN 13888 dhe \u00ebsht\u00eb certifikuar me shenj\u00ebn CE sipas EN 998-2, si llac muresh i p\u00ebrcaktuar p\u00ebr p\u00ebrdorim t\u00eb p\u00ebrgjithsh\u00ebm, p\u00ebrdorim t\u00eb jasht\u00ebm, n\u00eb elemente t\u00ebn\u00ebnshtruar n\u00eb k\u00ebrkesa strukturale. Numri i certifikat\u00ebs: 0906-CPR-02412008. MULTIFILL-STONE p\u00ebrshtatet p\u00ebr nd\u00ebrtimin dhe mbushjen e cdo lloji guri, n\u00eb mure ose dysheme. P\u00ebrdoret n\u00eb ambiente t\u00eb brendshme dhe t\u00eb jashtme.<\/span><br \/>\n<span style=\"color: #000000;\">MULTIFILL-STONE shtrohet duke u p\u00ebrzier n\u00eb uj\u00eb, deri sa t\u00eb krijohet nj\u00eb p\u00ebrzierje homogjene, Rekomandohet q\u00eb p\u00ebrzierja t\u00eb b\u00ebhet me mikser me rrotullime t\u00eb ul\u00ebta. E l\u00ebm\u00eb p\u00ebrzierjen rreth 5 minuta t\u00eb piqet dhe p\u00ebrziejm\u00eb p\u00ebrs\u00ebri. Kur p\u00ebrdoret si material nd\u00ebrtimi, shtrohet me mall\u00eb. Mbushja b\u00ebhet gjat\u00eb nd\u00ebrtimit, duke p\u00ebrdorur materialin q\u00eb tepron. Pas k\u00ebsaj dhe po t\u00eb jet\u00eb e nevojshme, mbushet krejt me MULTIFILL-STONE me nj\u00eb mall\u00eb t\u00eb holl\u00eb metalike. Materiali q\u00eb tepron hiqet me nj\u00eb sfungjer t\u00eb njom\u00eb.<\/span>[\/vc_column_text][vc_row_inner][vc_column_inner width=&#8221;1\/2&#8243;]<div class=\"standard-arrow bullet-top\"><ul>\n<li><span style=\"color: #000000;\">Afati i ruajtjes p\u00ebr p\u00ebrdorim, n\u00eb thas\u00eb t\u00eb izoluar dhe n\u00eb ambiente t\u00eb thata, \u00ebsht\u00eb minimumi 12 muaj.<\/span><\/li>\n<\/ul>\n<\/div>[\/vc_column_inner][vc_column_inner width=&#8221;1\/2&#8243;]<div class=\"standard-arrow bullet-top\"><ul>\n<li><span style=\"color: #000000;\">MULTIFILL-STONE p\u00ebrmban cimento, e cila reagon si alkal me ujin dhe klasifikohet si irritues.<\/span><\/li>\n<\/ul>\n<\/div>[\/vc_column_inner][\/vc_row_inner][vc_row_inner css=&#8221;.vc_custom_1683100048912{padding-top: 20px !important;}&#8221;][vc_column_inner width=&#8221;1\/2&#8243;]<div class=\"aio-icon-component    style_1\"><div id=\"Info-box-wrap-5442\" class=\"aio-icon-box default-icon\" style=\"\"  ><div class=\"aio-icon-default\"><div class=\"ult-just-icon-wrapper  \"><div class=\"align-icon\" style=\"text-align:center;\">\n<div class=\"aio-icon-img \" style=\"font-size:65px;display:inline-block;\" >\n\t<img decoding=\"async\" class=\"img-icon\" alt=\"null\" src=\"https:\/\/aedcolor.com\/wp-content\/uploads\/2023\/05\/image-2.png\"\/>\n<\/div><\/div><\/div><\/div><div class=\"aio-icon-header\" ><h3 class=\"aio-icon-title ult-responsive\"  data-ultimate-target='#Info-box-wrap-5442 .aio-icon-title'  data-responsive-json-new='{\"font-size\":\"\",\"line-height\":\"\"}'  style=\"\">Sip\u00ebrfaqe: Mur<\/h3><\/div> <!-- header --><\/div> <!-- aio-icon-box --><\/div> <!-- aio-icon-component -->[\/vc_column_inner][vc_column_inner width=&#8221;1\/2&#8243;]<div class=\"aio-icon-component    style_1\"><div id=\"Info-box-wrap-3343\" class=\"aio-icon-box default-icon\" style=\"\"  ><div class=\"aio-icon-default\"><div class=\"ult-just-icon-wrapper  \"><div class=\"align-icon\" style=\"text-align:center;\">\n<div class=\"aio-icon-img \" style=\"font-size:65px;display:inline-block;\" >\n\t<img decoding=\"async\" class=\"img-icon\" alt=\"null\" src=\"https:\/\/aedcolor.com\/wp-content\/uploads\/2023\/05\/image-1.png\"\/>\n<\/div><\/div><\/div><\/div><div class=\"aio-icon-header\" ><h3 class=\"aio-icon-title ult-responsive\"  data-ultimate-target='#Info-box-wrap-3343 .aio-icon-title'  data-responsive-json-new='{\"font-size\":\"\",\"line-height\":\"\"}'  style=\"\">Aplikimi: Me mistri <\/h3><\/div> <!-- header --><\/div> <!-- aio-icon-box --><\/div> <!-- aio-icon-component -->[\/vc_column_inner][\/vc_row_inner][\/vc_column][\/vc_row]<\/p>\n<\/div>","protected":false},"excerpt":{"rendered":"<p>[vc_row css=&#8221;.vc_custom_1683099634441{padding-bottom: 30px !important;}&#8221;][vc_column width=&#8221;2\/3&#8243;][vc_custom_heading text=&#8221;MULTIFILL-STONE&#8221; font_container=&#8221;tag:h2|font_size:50|text_align:left&#8221; use_theme_fonts=&#8221;yes&#8221; link=&#8221;|title:AQUAMAT%20-%20SUPERELASTIC||&#8221;][\/vc_column][vc_column width=&#8221;1\/3&#8243;][\/vc_column][\/vc_row][vc_row][vc_column width=&#8221;1\/2&#8243;][vc_single_image image=&#8221;1774&#8243; img_size=&#8221;full&#8221;][\/vc_column][vc_column width=&#8221;1\/2&#8243;][vc_column_text]Llac cimentoje me ngjyr\u00eb, i modifikuar me polimer p\u00ebr nd\u00ebrtime dhe mbushje gur\u00ebve natyral ose artificial. Ofron rezistenc\u00eb t\u00eb lart\u00eb mekanike, stabilitet t\u00eb shk\u00eblqyer ngjyre. P\u00ebrshtatet p\u00ebr fuga me gjer\u00ebsi 5-40 mm. Klasifikohet si mbushje e tipit CG2 WA, sipas EN 13888&hellip;<\/p>\n","protected":false},"author":2,"featured_media":0,"parent":0,"menu_order":0,"comment_status":"closed","ping_status":"closed","template":"","meta":{"footnotes":""},"class_list":["post-1772","page","type-page","status-publish","hentry","description-off"],"_links":{"self":[{"href":"https:\/\/aedcolor.com\/index.php\/wp-json\/wp\/v2\/pages\/1772","targetHints":{"allow":["GET"]}}],"collection":[{"href":"https:\/\/aedcolor.com\/index.php\/wp-json\/wp\/v2\/pages"}],"about":[{"href":"https:\/\/aedcolor.com\/index.php\/wp-json\/wp\/v2\/types\/page"}],"author":[{"embeddable":true,"href":"https:\/\/aedcolor.com\/index.php\/wp-json\/wp\/v2\/users\/2"}],"replies":[{"embeddable":true,"href":"https:\/\/aedcolor.com\/index.php\/wp-json\/wp\/v2\/comments?post=1772"}],"version-history":[{"count":3,"href":"https:\/\/aedcolor.com\/index.php\/wp-json\/wp\/v2\/pages\/1772\/revisions"}],"predecessor-version":[{"id":9172,"href":"https:\/\/aedcolor.com\/index.php\/wp-json\/wp\/v2\/pages\/1772\/revisions\/9172"}],"wp:attachment":[{"href":"https:\/\/aedcolor.com\/index.php\/wp-json\/wp\/v2\/media?parent=1772"}],"curies":[{"name":"wp","href":"https:\/\/api.w.org\/{rel}","templated":true}]}}