{"id":1798,"date":"2023-05-06T07:12:53","date_gmt":"2023-05-06T07:12:53","guid":{"rendered":"https:\/\/aedcolor.com\/?page_id=1798"},"modified":"2023-09-21T13:10:25","modified_gmt":"2023-09-21T13:10:25","slug":"isomat-ak-t-65","status":"publish","type":"page","link":"https:\/\/aedcolor.com\/index.php\/isomat-ak-t-65\/","title":{"rendered":"ISOMAT AK-T 65"},"content":{"rendered":"<div class=\"wpb-content-wrapper\"><p>[vc_row css=&#8221;.vc_custom_1683099634441{padding-bottom: 30px !important;}&#8221;][vc_column width=&#8221;2\/3&#8243;][vc_custom_heading text=&#8221;ISOMAT AK-T 65&#8243; font_container=&#8221;tag:h2|font_size:50|text_align:left&#8221; use_theme_fonts=&#8221;yes&#8221; link=&#8221;|title:AQUAMAT%20-%20SUPERELASTIC||&#8221;][\/vc_column][vc_column width=&#8221;1\/3&#8243;][\/vc_column][\/vc_row][vc_row][vc_column width=&#8221;1\/2&#8243;][vc_single_image image=&#8221;1799&#8243; img_size=&#8221;full&#8221;][\/vc_column][vc_column width=&#8221;1\/2&#8243;][vc_column_text]<span style=\"color: #000000;\"><strong>ISOMAT AK-T65 \u00ebsht\u00eb nj\u00eb ngjit\u00ebs me baz\u00eb cimentoje, i pasuruar me polimere (rr\u00ebshira).<\/strong> Ofron forc\u00eb ngjit\u00ebse t\u00eb lart\u00eb fillestare dhe p\u00ebrfundimtare, elasticitet dhe rezistenc\u00eb ndaj lag\u00ebshtir\u00ebs. Klasifikohet si llac suvatimi GP CS IV W2 sipas EN 998-1. ISOMAT AK-T65 p\u00ebrdoret n\u00eb kombinimin me suvat\u00eb MARMOCRET-PLUS dhe MARMOCRYL, si sistem p\u00ebr krijimin e fasadave termoizoluese t\u00eb jashtme. P\u00ebrshtatet p\u00ebr ngjitjen e pllakave termoizoluese me fibra minerale n\u00eb fasada prej betoni, suva ose n\u00eb mure me gur\u00eb. Gjithashtu, kur p\u00ebrforcohet me rrjet\u00eb fibre xhami dhe vendoset n\u00eb pjes\u00ebn e jashtme t\u00eb pllakave t\u00eb fiksuara prej fibre minerale, p\u00ebrb\u00ebn sip\u00ebrfaqen ideale p\u00ebr shtres\u00ebn e suvas\u00eb q\u00eb do hidhet m\u00eb pas.<\/span><\/p>\n<p><strong><span style=\"color: #000000;\">P\u00ebrgatitja e n\u00ebnshtres\u00ebs<\/span><\/strong><br \/>\n<span style=\"color: #000000;\">Sip\u00ebrfaqja q\u00eb do t\u00eb mbulohet me pllakat duhet t\u00eb jet\u00eb pa pluhur, vaj, materiale t\u00eb lira, boj\u00eb, etj. Rekomandohet q\u00eb sip\u00ebrfaqja t\u00eb jet\u00eb e lagur me uj\u00eb para aplikimit.<\/span><\/p>\n<p><strong><span style=\"color: #000000;\">P\u00ebrdorimi<\/span><\/strong><\/p>\n<p><strong><span style=\"color: #000000;\">Si ngjit\u00ebs:<\/span><\/strong><br \/>\n<span style=\"color: #000000;\">ISOMAT AK-T65 hidhet gradualisht n\u00eb uj\u00eb duke u trazuar vazhdimisht, derisa t\u00eb krijohet nj\u00eb p\u00ebrzierje uniforme. P\u00ebr p\u00ebrzierjen rekomandohet p\u00ebrdorimi i nj\u00eb mikseri me xhiro t\u00eb ul\u00ebta. P\u00ebrzierja duhet t\u00eb lihet rreth 10 minuta t\u00eb stabilizohet dhe pastaj duhet t\u00eb trazohet p\u00ebrs\u00ebri me ngadal\u00eb.<\/span><\/p>\n<p><span style=\"color: #000000;\"><em>N\u00eb sip\u00ebrfaqe t\u00eb l\u00ebmuara:<\/em> ngjit\u00ebsi shp\u00ebrndahet &#8221; i krehur&#8221; mbi sip\u00ebrfaqen duke p\u00ebrdorur nj\u00eb mall\u00eb t\u00eb dh\u00ebmb\u00ebzuar (kreh\u00ebr) me q\u00ebllim q\u00eb t\u00eb aplikohet n\u00eb m\u00ebnyr\u00eb uniforme n\u00eb t\u00eb gjith\u00eb sip\u00ebrfaqen.<\/span><\/p>\n<p><span style=\"color: #000000;\"><em>N\u00eb sip\u00ebrfaqe t\u00eb rafshta:<\/em> ngjit\u00ebsi aplikohet me mall\u00eb rreth perimetrit t\u00eb pllak\u00ebs termoizoluese dhe n\u00eb vende t\u00eb zgjedhura n\u00eb qend\u00ebr t\u00eb saj. Pastaj pllakat termoizoluese fiksohen me presion n\u00eb pozicionin e d\u00ebshiruar.<\/span><\/p>\n<p><strong><span style=\"color: #000000;\">Si llac i p\u00ebrforcuar:<\/span><\/strong><br \/>\n<span style=\"color: #000000;\">Fillimisht, materiali shtrohet me nj\u00eb mall\u00eb t\u00eb l\u00ebmuar n\u00eb trash\u00ebsi maksimale prej 3mm. Rrjeta e xhamit vendoset n\u00eb shtres\u00ebn e njom\u00eb dhe ngjeshet me mall\u00eb q\u00eb t\u00eb futet plot\u00ebsisht n\u00eb ngjit\u00ebs. P\u00ebrfundimisht, drejtohet dhe nivelohet dhe ngjit\u00ebsi q\u00eb tepron hiqet.<\/span>[\/vc_column_text][vc_row_inner][vc_column_inner width=&#8221;1\/2&#8243;]<div class=\"standard-arrow bullet-top\"><ul>\n<li><span style=\"color: #000000;\">ISOMAT AK-T65 p\u00ebrmban cimento e cila reagon si alkal me ujin dhe klasifikohet si irritues<\/span><\/li>\n<\/ul>\n<\/div>[\/vc_column_inner][vc_column_inner width=&#8221;1\/2&#8243;]<div class=\"standard-arrow bullet-top\"><ul>\n<li><span style=\"color: #000000;\">Sip\u00ebrfaqet shum\u00eb poroze, si p.sh. betoni i leht\u00eb, pllakat e gipsit, pllakat e zdrukthit etj. duhet t\u00eb lyhen fillimisht me astarin akilik UNI-PRIMER.<\/span><\/li>\n<\/ul>\n<\/div>[\/vc_column_inner][\/vc_row_inner][vc_row_inner css=&#8221;.vc_custom_1683100048912{padding-top: 20px !important;}&#8221;][vc_column_inner width=&#8221;1\/2&#8243;]<div class=\"aio-icon-component    style_1\"><div id=\"Info-box-wrap-1135\" class=\"aio-icon-box default-icon\" style=\"\"  ><div class=\"aio-icon-default\"><div class=\"ult-just-icon-wrapper  \"><div class=\"align-icon\" style=\"text-align:center;\">\n<div class=\"aio-icon-img \" style=\"font-size:65px;display:inline-block;\" >\n\t<img decoding=\"async\" class=\"img-icon\" alt=\"null\" src=\"https:\/\/aedcolor.com\/wp-content\/uploads\/2023\/05\/image-2.png\"\/>\n<\/div><\/div><\/div><\/div><div class=\"aio-icon-header\" ><h3 class=\"aio-icon-title ult-responsive\"  data-ultimate-target='#Info-box-wrap-1135 .aio-icon-title'  data-responsive-json-new='{\"font-size\":\"\",\"line-height\":\"\"}'  style=\"\">Sip\u00ebrfaqe: Betoni, suva, mure me gur\u00eb<\/h3><\/div> <!-- header --><\/div> <!-- aio-icon-box --><\/div> <!-- aio-icon-component -->[\/vc_column_inner][vc_column_inner width=&#8221;1\/2&#8243;]<div class=\"aio-icon-component    style_1\"><div id=\"Info-box-wrap-4838\" class=\"aio-icon-box default-icon\" style=\"\"  ><div class=\"aio-icon-default\"><div class=\"ult-just-icon-wrapper  \"><div class=\"align-icon\" style=\"text-align:center;\">\n<div class=\"aio-icon-img \" style=\"font-size:65px;display:inline-block;\" >\n\t<img decoding=\"async\" class=\"img-icon\" alt=\"null\" src=\"https:\/\/aedcolor.com\/wp-content\/uploads\/2023\/05\/image-1.png\"\/>\n<\/div><\/div><\/div><\/div><div class=\"aio-icon-header\" ><h3 class=\"aio-icon-title ult-responsive\"  data-ultimate-target='#Info-box-wrap-4838 .aio-icon-title'  data-responsive-json-new='{\"font-size\":\"\",\"line-height\":\"\"}'  style=\"\">Aplikimi: Mistri<\/h3><\/div> <!-- header --><\/div> <!-- aio-icon-box --><\/div> <!-- aio-icon-component -->[\/vc_column_inner][\/vc_row_inner][\/vc_column][\/vc_row]<\/p>\n<\/div>","protected":false},"excerpt":{"rendered":"<p>[vc_row css=&#8221;.vc_custom_1683099634441{padding-bottom: 30px !important;}&#8221;][vc_column width=&#8221;2\/3&#8243;][vc_custom_heading text=&#8221;ISOMAT AK-T 65&#8243; font_container=&#8221;tag:h2|font_size:50|text_align:left&#8221; use_theme_fonts=&#8221;yes&#8221; link=&#8221;|title:AQUAMAT%20-%20SUPERELASTIC||&#8221;][\/vc_column][vc_column width=&#8221;1\/3&#8243;][\/vc_column][\/vc_row][vc_row][vc_column width=&#8221;1\/2&#8243;][vc_single_image image=&#8221;1799&#8243; img_size=&#8221;full&#8221;][\/vc_column][vc_column width=&#8221;1\/2&#8243;][vc_column_text]ISOMAT AK-T65 \u00ebsht\u00eb nj\u00eb ngjit\u00ebs me baz\u00eb cimentoje, i pasuruar me polimere (rr\u00ebshira). Ofron forc\u00eb ngjit\u00ebse t\u00eb lart\u00eb fillestare dhe p\u00ebrfundimtare, elasticitet dhe rezistenc\u00eb ndaj lag\u00ebshtir\u00ebs. Klasifikohet si llac suvatimi GP CS IV W2 sipas EN 998-1. ISOMAT AK-T65 p\u00ebrdoret&hellip;<\/p>\n","protected":false},"author":2,"featured_media":0,"parent":0,"menu_order":0,"comment_status":"closed","ping_status":"closed","template":"","meta":{"footnotes":""},"class_list":["post-1798","page","type-page","status-publish","hentry","description-off"],"_links":{"self":[{"href":"https:\/\/aedcolor.com\/index.php\/wp-json\/wp\/v2\/pages\/1798","targetHints":{"allow":["GET"]}}],"collection":[{"href":"https:\/\/aedcolor.com\/index.php\/wp-json\/wp\/v2\/pages"}],"about":[{"href":"https:\/\/aedcolor.com\/index.php\/wp-json\/wp\/v2\/types\/page"}],"author":[{"embeddable":true,"href":"https:\/\/aedcolor.com\/index.php\/wp-json\/wp\/v2\/users\/2"}],"replies":[{"embeddable":true,"href":"https:\/\/aedcolor.com\/index.php\/wp-json\/wp\/v2\/comments?post=1798"}],"version-history":[{"count":3,"href":"https:\/\/aedcolor.com\/index.php\/wp-json\/wp\/v2\/pages\/1798\/revisions"}],"predecessor-version":[{"id":9179,"href":"https:\/\/aedcolor.com\/index.php\/wp-json\/wp\/v2\/pages\/1798\/revisions\/9179"}],"wp:attachment":[{"href":"https:\/\/aedcolor.com\/index.php\/wp-json\/wp\/v2\/media?parent=1798"}],"curies":[{"name":"wp","href":"https:\/\/api.w.org\/{rel}","templated":true}]}}