{"id":1810,"date":"2023-05-06T07:51:03","date_gmt":"2023-05-06T07:51:03","guid":{"rendered":"https:\/\/aedcolor.com\/?page_id=1810"},"modified":"2023-09-22T09:42:14","modified_gmt":"2023-09-22T09:42:14","slug":"isomat-ak-fire","status":"publish","type":"page","link":"https:\/\/aedcolor.com\/index.php\/isomat-ak-fire\/","title":{"rendered":"ISOMAT AK-FIRE"},"content":{"rendered":"<div class=\"wpb-content-wrapper\"><p>[vc_row css=&#8221;.vc_custom_1683099634441{padding-bottom: 30px !important;}&#8221;][vc_column width=&#8221;2\/3&#8243;][vc_custom_heading text=&#8221;ISOMAT AK-FIRE&#8221; font_container=&#8221;tag:h2|font_size:50|text_align:left&#8221; use_theme_fonts=&#8221;yes&#8221; link=&#8221;|title:AQUAMAT%20-%20SUPERELASTIC||&#8221;][\/vc_column][vc_column width=&#8221;1\/3&#8243;][\/vc_column][\/vc_row][vc_row][vc_column width=&#8221;1\/2&#8243;][vc_single_image image=&#8221;1811&#8243; img_size=&#8221;full&#8221;][\/vc_column][vc_column width=&#8221;1\/2&#8243;][vc_column_text]<span style=\"color: #000000;\"><strong>ISOMAT AK-FIRE \u00ebsht\u00eb nj\u00eb llac zjarrdurues i cil\u00ebsis\u00eb s\u00eb lart\u00eb p\u00ebr tulla zjarrduruese.<\/strong> P\u00ebrb\u00ebhet nga cimento alumini me materiale inerte kuarci me madh\u00ebsi grimcash t\u00eb p\u00ebrzgjedhur me kujdes. Ka rezistenc\u00eb t\u00eb jasht\u00ebzakonshme n\u00eb temperatura t\u00eb larta, punueshm\u00ebri t\u00eb shk\u00eblqyer, rezistenc\u00eb ndaj lag\u00ebshtis\u00eb dhe forc\u00eb t\u00eb lart\u00eb ngjit\u00ebse fillestare dhe p\u00ebrfundimtare. Certifikuar sipas EN 998-2 dhe klasifikuar si llac murature i projektuar p\u00ebr q\u00ebllime t\u00eb p\u00ebrgjithshme, p\u00ebr p\u00ebrdorim t\u00eb jasht\u00ebm, n\u00eb element\u00eb q\u00eb i n\u00ebnshtrohen k\u00ebrkesave t\u00eb caktuara strukturore. Nr. i Certifikatvs: 0906-CPR-02412008. e sh\u00ebnjuar si CE. I p\u00ebrshtatsh\u00ebm p\u00ebr shtrimin dhe ngjitjen e t\u00eb gjitha llojeve t\u00eb tullave zjarrduruese n\u00eb nd\u00ebrtime ku zhvillohen temperatura t\u00eb larta (oxhak p\u00ebr ngrohje, furra me fru, soba, barbekju, etj). \u00cbsht\u00eb ideal p\u00ebr riparimin e bashkimeve t\u00eb tullave zjarrduruese me llac t\u00eb d\u00ebmtuar. I p\u00ebrshtatsh\u00ebm p\u00ebr p\u00ebrdorim n\u00eb mjedise t\u00eb brendshme ose t\u00eb jashtme.<\/span><\/p>\n<p><strong><span style=\"color: #000000;\">N\u00ebnshtresa<\/span><\/strong><br \/>\n<span style=\"color: #000000;\">Tullat zjarrduruese duhet t\u00eb jen\u00eb t\u00eb pastra, pa pluhur, balt\u00eb, grimca t\u00eb lira etj. P\u00ebrpara p\u00ebrdorimit, tullat zjarrduruese duhet t\u00eb njomen plot\u00ebsisht.<\/span><\/p>\n<p><strong><span style=\"color: #000000;\">P\u00ebrdorimi<\/span><\/strong><br \/>\n<span style=\"color: #000000;\">ISOMAT AK-FIRE hidhet n\u00eb uj\u00eb duke u trazuar vazhdimisht, derisa t\u00eb krijohet nj\u00eb p\u00ebrzierje me punueshm\u00ebrin\u00eb e d\u00ebshiruar. Produkti hapet me dor\u00eb duke p\u00ebrdorur nj\u00eb mistri. P\u00ebr formimin e fugave rekomandohet t\u00eb p\u00ebrdoren udh\u00ebzuesit plastik\u00eb ose metalik\u00eb p\u00ebr fuga. N\u00eb rast se ISOMAT AK-FIRE p\u00ebrdoret p\u00ebr stukim, fugat mbushen me materiale n\u00ebp\u00ebrmjet mistris\u00eb dhe pastaj sheshohet duke p\u00ebrdorur nj\u00eb spatul shum\u00eb t\u00eb holl\u00eb ose nj\u00eb thik\u00eb t\u00eb vecant\u00eb. N\u00eb t\u00eb nj\u00ebjt\u00ebn koh\u00eb, puna finale b\u00ebhet duke p\u00ebrdorur nj\u00eb sfungjer pak t\u00eb lagur. N\u00eb ambiente t\u00eb jashtme ose n\u00eb temperatura t\u00eb larta, rekomandohet njomja e p\u00ebrs\u00ebritur e sfungjerit p\u00ebr t\u00eb evituar tharjen e shpejt\u00eb t\u00eb ngjit\u00ebses.\u00a0<\/span><\/p>\n<p>[\/vc_column_text][vc_row_inner][vc_column_inner width=&#8221;1\/2&#8243;]<div class=\"standard-arrow bullet-top\"><ul>\n<li><span style=\"color: #000000;\">ISOMAT AK-FIRE ofrohet n\u00eb thas\u00eb 5kg dhe 25kg.<\/span><\/li>\n<\/ul>\n<\/div>[\/vc_column_inner][vc_column_inner width=&#8221;1\/2&#8243;]<div class=\"standard-arrow bullet-top\"><ul>\n<li><span style=\"color: #000000;\">Oxhaku p\u00ebr ngrohje ose furra nuk duhet t\u00eb p\u00ebrdoret derisa llaci t\u00eb ket\u00eb krijuar nj\u00eb fort\u00ebsi t\u00eb mjaftueshme fillestare dhe preferohet q\u00eb ato mos t\u00eb p\u00ebrdoren t\u00eb pakt\u00ebn nj\u00eb jav\u00eb pas p\u00ebrfundimit t\u00eb aplikimit.<\/span><\/li>\n<\/ul>\n<\/div>[\/vc_column_inner][\/vc_row_inner][vc_row_inner css=&#8221;.vc_custom_1683100048912{padding-top: 20px !important;}&#8221;][vc_column_inner width=&#8221;1\/2&#8243;]<div class=\"aio-icon-component    style_1\"><div id=\"Info-box-wrap-5395\" class=\"aio-icon-box default-icon\" style=\"\"  ><div class=\"aio-icon-default\"><div class=\"ult-just-icon-wrapper  \"><div class=\"align-icon\" style=\"text-align:center;\">\n<div class=\"aio-icon-img \" style=\"font-size:65px;display:inline-block;\" >\n\t<img decoding=\"async\" class=\"img-icon\" alt=\"null\" src=\"https:\/\/aedcolor.com\/wp-content\/uploads\/2023\/05\/image-2.png\"\/>\n<\/div><\/div><\/div><\/div><div class=\"aio-icon-header\" ><h3 class=\"aio-icon-title ult-responsive\"  data-ultimate-target='#Info-box-wrap-5395 .aio-icon-title'  data-responsive-json-new='{\"font-size\":\"\",\"line-height\":\"\"}'  style=\"\">Sip\u00ebrfaqe: Betoni<\/h3><\/div> <!-- header --><\/div> <!-- aio-icon-box --><\/div> <!-- aio-icon-component -->[\/vc_column_inner][vc_column_inner width=&#8221;1\/2&#8243;]<div class=\"aio-icon-component    style_1\"><div id=\"Info-box-wrap-3947\" class=\"aio-icon-box default-icon\" style=\"\"  ><div class=\"aio-icon-default\"><div class=\"ult-just-icon-wrapper  \"><div class=\"align-icon\" style=\"text-align:center;\">\n<div class=\"aio-icon-img \" style=\"font-size:65px;display:inline-block;\" >\n\t<img decoding=\"async\" class=\"img-icon\" alt=\"null\" src=\"https:\/\/aedcolor.com\/wp-content\/uploads\/2023\/05\/image-1.png\"\/>\n<\/div><\/div><\/div><\/div><div class=\"aio-icon-header\" ><h3 class=\"aio-icon-title ult-responsive\"  data-ultimate-target='#Info-box-wrap-3947 .aio-icon-title'  data-responsive-json-new='{\"font-size\":\"\",\"line-height\":\"\"}'  style=\"\">Aplikimi: Mistri<\/h3><\/div> <!-- header --><\/div> <!-- aio-icon-box --><\/div> <!-- aio-icon-component -->[\/vc_column_inner][\/vc_row_inner][\/vc_column][\/vc_row]<\/p>\n<\/div>","protected":false},"excerpt":{"rendered":"<p>[vc_row css=&#8221;.vc_custom_1683099634441{padding-bottom: 30px !important;}&#8221;][vc_column width=&#8221;2\/3&#8243;][vc_custom_heading text=&#8221;ISOMAT AK-FIRE&#8221; font_container=&#8221;tag:h2|font_size:50|text_align:left&#8221; use_theme_fonts=&#8221;yes&#8221; link=&#8221;|title:AQUAMAT%20-%20SUPERELASTIC||&#8221;][\/vc_column][vc_column width=&#8221;1\/3&#8243;][\/vc_column][\/vc_row][vc_row][vc_column width=&#8221;1\/2&#8243;][vc_single_image image=&#8221;1811&#8243; img_size=&#8221;full&#8221;][\/vc_column][vc_column width=&#8221;1\/2&#8243;][vc_column_text]ISOMAT AK-FIRE \u00ebsht\u00eb nj\u00eb llac zjarrdurues i cil\u00ebsis\u00eb s\u00eb lart\u00eb p\u00ebr tulla zjarrduruese. P\u00ebrb\u00ebhet nga cimento alumini me materiale inerte kuarci me madh\u00ebsi grimcash t\u00eb p\u00ebrzgjedhur me kujdes. Ka rezistenc\u00eb t\u00eb jasht\u00ebzakonshme n\u00eb temperatura t\u00eb larta, punueshm\u00ebri t\u00eb shk\u00eblqyer, rezistenc\u00eb ndaj&hellip;<\/p>\n","protected":false},"author":2,"featured_media":0,"parent":0,"menu_order":0,"comment_status":"closed","ping_status":"closed","template":"","meta":{"footnotes":""},"class_list":["post-1810","page","type-page","status-publish","hentry","description-off"],"_links":{"self":[{"href":"https:\/\/aedcolor.com\/index.php\/wp-json\/wp\/v2\/pages\/1810","targetHints":{"allow":["GET"]}}],"collection":[{"href":"https:\/\/aedcolor.com\/index.php\/wp-json\/wp\/v2\/pages"}],"about":[{"href":"https:\/\/aedcolor.com\/index.php\/wp-json\/wp\/v2\/types\/page"}],"author":[{"embeddable":true,"href":"https:\/\/aedcolor.com\/index.php\/wp-json\/wp\/v2\/users\/2"}],"replies":[{"embeddable":true,"href":"https:\/\/aedcolor.com\/index.php\/wp-json\/wp\/v2\/comments?post=1810"}],"version-history":[{"count":3,"href":"https:\/\/aedcolor.com\/index.php\/wp-json\/wp\/v2\/pages\/1810\/revisions"}],"predecessor-version":[{"id":9190,"href":"https:\/\/aedcolor.com\/index.php\/wp-json\/wp\/v2\/pages\/1810\/revisions\/9190"}],"wp:attachment":[{"href":"https:\/\/aedcolor.com\/index.php\/wp-json\/wp\/v2\/media?parent=1810"}],"curies":[{"name":"wp","href":"https:\/\/api.w.org\/{rel}","templated":true}]}}