{"id":1816,"date":"2023-05-06T08:03:06","date_gmt":"2023-05-06T08:03:06","guid":{"rendered":"https:\/\/aedcolor.com\/?page_id=1816"},"modified":"2023-09-22T10:43:23","modified_gmt":"2023-09-22T10:43:23","slug":"multifill-elastic","status":"publish","type":"page","link":"https:\/\/aedcolor.com\/index.php\/multifill-elastic\/","title":{"rendered":"MULTIFILL ELASTIC"},"content":{"rendered":"<div class=\"wpb-content-wrapper\"><p>[vc_row css=&#8221;.vc_custom_1683099634441{padding-bottom: 30px !important;}&#8221;][vc_column width=&#8221;2\/3&#8243;][vc_custom_heading text=&#8221;MULTIFILL-ELASTIC&#8221; font_container=&#8221;tag:h2|font_size:50|text_align:left&#8221; use_theme_fonts=&#8221;yes&#8221; link=&#8221;|title:AQUAMAT%20-%20SUPERELASTIC||&#8221;][\/vc_column][vc_column width=&#8221;1\/3&#8243;][\/vc_column][\/vc_row][vc_row][vc_column width=&#8221;1\/2&#8243;][vc_single_image image=&#8221;1817&#8243; img_size=&#8221;full&#8221;][\/vc_column][vc_column width=&#8221;1\/2&#8243;][vc_column_text]<span style=\"color: #000000;\"><strong>Ngjit\u00ebs elastik me ngjyr\u00eb me nj\u00eb p\u00ebrb\u00ebr\u00ebs.<\/strong> Ai ofron elasticitet t\u00eb lart\u00eb, ngjitje t\u00eb shk\u00eblqyer me n\u00ebnshtres\u00ebn dhe rezistenc\u00eb ndaj lag\u00ebshtir\u00ebs, luhatjeve t\u00eb temperatur\u00ebs (-40 oC deri n\u00eb +150 oC) dhe ekspozimit ndaj kushteve t\u00eb motit. E p\u00ebrshtatshme p\u00ebr fuga me gjer\u00ebsi 3-40 mm.<\/span><br \/>\n<span style=\"color: #000000;\">MULTIFILL-ELASTIC p\u00ebrdoret p\u00ebr stukimin e fugave t\u00eb pllakave n\u00eb dysheme ose mure, vecan\u00ebrisht ku k\u00ebrkohet elasticitet i lart\u00eb (fugat e zgjerimeve etj). I p\u00ebrshtatsh\u00ebm p\u00ebr p\u00ebrdorim n\u00eb ambiente\u00a0 t\u00eb brendshme dhe t\u00eb jashtme.\u00a0<\/span><\/p>\n<p><strong><span style=\"color: #000000;\">N\u00ebnshtresa<\/span><\/strong><br \/>\n<span style=\"color: #000000;\">Fugat duhet t\u00eb jen\u00eb t\u00eb pastra, t\u00eb thata dhe pa pluhur, vaj, graso etj. P\u00ebr t\u00eb evituar ndotjen e pad\u00ebshiruar n\u00eb buz\u00ebt e fugave, p\u00ebrgjat\u00eb buz\u00ebve t\u00eb fugave vendoset nj\u00eb shirit letre ngjit\u00ebse.<\/span><\/p>\n<p><strong><span style=\"color: #000000;\">P\u00ebrdorimi<\/span><\/strong><\/p>\n<p><span style=\"color: #000000;\">Tubeti futet n\u00eb pistolet\u00ebn speciale dhe maja pritet e pjerr\u00ebt, n\u00eb m\u00ebnyr\u00eb q\u00eb t\u00eb futet n\u00eb fug\u00eb, por thjesht t&#8217;i prek\u00eb ato dhe t\u00eb rr\u00ebshqiten p\u00ebrgjat\u00eb buz\u00ebve t\u00eb fug\u00ebs. MULTIFILL-ELASTIC aplikohet duke l\u00ebvizur tubetin p\u00ebrgjat\u00eb aksit t\u00eb fug\u00ebs me nj\u00eb k\u00ebnd 45 grad\u00eb. Nd\u00ebrkoh\u00eb q\u00eb materiali \u00ebsht\u00eb akoma i fresk\u00ebt, fuga sp\u00ebrkatet me uj\u00eb dhe sip\u00ebrfaqja e saj n\u00eb fund l\u00ebmohet me gisht. Shiriti i letr\u00ebs me ngjitje duhet t\u00eb hiqet menj\u00ebher\u00eb pas aplikimit.<\/span>[\/vc_column_text][vc_row_inner][vc_column_inner width=&#8221;1\/2&#8243;]<div class=\"standard-arrow bullet-top\"><ul>\n<li><span style=\"color: #000000;\">MULTIFILL-ELASTIC duhet t\u00eb testohet p\u00ebrpara p\u00ebrdorimit n\u00eb sip\u00ebrfaqe ku mund t\u00eb ndodh\u00eb rrjedhja e grasos (p.sh. mermeri, granite).<\/span><\/li>\n<\/ul>\n<\/div>[\/vc_column_inner][vc_column_inner width=&#8221;1\/2&#8243;]<div class=\"standard-arrow bullet-top\"><ul>\n<li><span style=\"color: #000000;\">Nuk rekomandohet p\u00ebr fuga n\u00ebn presion t\u00eb p\u00ebrhersh\u00ebm t\u00eb ujit (p.sh. rezervuar\u00eb uji, pishina).<\/span><\/li>\n<\/ul>\n<\/div>[\/vc_column_inner][\/vc_row_inner][vc_row_inner css=&#8221;.vc_custom_1683100048912{padding-top: 20px !important;}&#8221;][vc_column_inner width=&#8221;1\/2&#8243;]<div class=\"aio-icon-component    style_1\"><div id=\"Info-box-wrap-9318\" class=\"aio-icon-box default-icon\" style=\"\"  ><div class=\"aio-icon-default\"><div class=\"ult-just-icon-wrapper  \"><div class=\"align-icon\" style=\"text-align:center;\">\n<div class=\"aio-icon-img \" style=\"font-size:65px;display:inline-block;\" >\n\t<img decoding=\"async\" class=\"img-icon\" alt=\"null\" src=\"https:\/\/aedcolor.com\/wp-content\/uploads\/2023\/05\/image-2.png\"\/>\n<\/div><\/div><\/div><\/div><div class=\"aio-icon-header\" ><h3 class=\"aio-icon-title ult-responsive\"  data-ultimate-target='#Info-box-wrap-9318 .aio-icon-title'  data-responsive-json-new='{\"font-size\":\"\",\"line-height\":\"\"}'  style=\"\">Sip\u00ebrfaqe: Fugat e pllakave, mur<\/h3><\/div> <!-- header --><\/div> <!-- aio-icon-box --><\/div> <!-- aio-icon-component -->[\/vc_column_inner][vc_column_inner width=&#8221;1\/2&#8243;]<div class=\"aio-icon-component    style_1\"><div id=\"Info-box-wrap-9652\" class=\"aio-icon-box default-icon\" style=\"\"  ><div class=\"aio-icon-default\"><div class=\"ult-just-icon-wrapper  \"><div class=\"align-icon\" style=\"text-align:center;\">\n<div class=\"aio-icon-img \" style=\"font-size:65px;display:inline-block;\" >\n\t<img decoding=\"async\" class=\"img-icon\" alt=\"null\" src=\"https:\/\/aedcolor.com\/wp-content\/uploads\/2023\/05\/image-1.png\"\/>\n<\/div><\/div><\/div><\/div><div class=\"aio-icon-header\" ><h3 class=\"aio-icon-title ult-responsive\"  data-ultimate-target='#Info-box-wrap-9652 .aio-icon-title'  data-responsive-json-new='{\"font-size\":\"\",\"line-height\":\"\"}'  style=\"\">Aplikimi: Me pistolet\u00eb p\u00ebr ngjitje<\/h3><\/div> <!-- header --><\/div> <!-- aio-icon-box --><\/div> <!-- aio-icon-component -->[\/vc_column_inner][\/vc_row_inner][\/vc_column][\/vc_row]<\/p>\n<\/div>","protected":false},"excerpt":{"rendered":"<p>[vc_row css=&#8221;.vc_custom_1683099634441{padding-bottom: 30px !important;}&#8221;][vc_column width=&#8221;2\/3&#8243;][vc_custom_heading text=&#8221;MULTIFILL-ELASTIC&#8221; font_container=&#8221;tag:h2|font_size:50|text_align:left&#8221; use_theme_fonts=&#8221;yes&#8221; link=&#8221;|title:AQUAMAT%20-%20SUPERELASTIC||&#8221;][\/vc_column][vc_column width=&#8221;1\/3&#8243;][\/vc_column][\/vc_row][vc_row][vc_column width=&#8221;1\/2&#8243;][vc_single_image image=&#8221;1817&#8243; img_size=&#8221;full&#8221;][\/vc_column][vc_column width=&#8221;1\/2&#8243;][vc_column_text]Ngjit\u00ebs elastik me ngjyr\u00eb me nj\u00eb p\u00ebrb\u00ebr\u00ebs. Ai ofron elasticitet t\u00eb lart\u00eb, ngjitje t\u00eb shk\u00eblqyer me n\u00ebnshtres\u00ebn dhe rezistenc\u00eb ndaj lag\u00ebshtir\u00ebs, luhatjeve t\u00eb temperatur\u00ebs (-40 oC deri n\u00eb +150 oC) dhe ekspozimit ndaj kushteve t\u00eb motit. E p\u00ebrshtatshme p\u00ebr fuga me gjer\u00ebsi&hellip;<\/p>\n","protected":false},"author":2,"featured_media":0,"parent":0,"menu_order":0,"comment_status":"closed","ping_status":"closed","template":"","meta":{"footnotes":""},"class_list":["post-1816","page","type-page","status-publish","hentry","description-off"],"_links":{"self":[{"href":"https:\/\/aedcolor.com\/index.php\/wp-json\/wp\/v2\/pages\/1816","targetHints":{"allow":["GET"]}}],"collection":[{"href":"https:\/\/aedcolor.com\/index.php\/wp-json\/wp\/v2\/pages"}],"about":[{"href":"https:\/\/aedcolor.com\/index.php\/wp-json\/wp\/v2\/types\/page"}],"author":[{"embeddable":true,"href":"https:\/\/aedcolor.com\/index.php\/wp-json\/wp\/v2\/users\/2"}],"replies":[{"embeddable":true,"href":"https:\/\/aedcolor.com\/index.php\/wp-json\/wp\/v2\/comments?post=1816"}],"version-history":[{"count":3,"href":"https:\/\/aedcolor.com\/index.php\/wp-json\/wp\/v2\/pages\/1816\/revisions"}],"predecessor-version":[{"id":9192,"href":"https:\/\/aedcolor.com\/index.php\/wp-json\/wp\/v2\/pages\/1816\/revisions\/9192"}],"wp:attachment":[{"href":"https:\/\/aedcolor.com\/index.php\/wp-json\/wp\/v2\/media?parent=1816"}],"curies":[{"name":"wp","href":"https:\/\/api.w.org\/{rel}","templated":true}]}}