{"id":1823,"date":"2023-05-06T08:20:05","date_gmt":"2023-05-06T08:20:05","guid":{"rendered":"https:\/\/aedcolor.com\/?page_id=1823"},"modified":"2023-09-23T06:52:18","modified_gmt":"2023-09-23T06:52:18","slug":"montage-s","status":"publish","type":"page","link":"https:\/\/aedcolor.com\/index.php\/montage-s\/","title":{"rendered":"MONTAGE-S"},"content":{"rendered":"<div class=\"wpb-content-wrapper\"><p>[vc_row css=&#8221;.vc_custom_1683099634441{padding-bottom: 30px !important;}&#8221;][vc_column width=&#8221;2\/3&#8243;][vc_custom_heading text=&#8221;MONTAGE-S&#8221; font_container=&#8221;tag:h2|font_size:50|text_align:left&#8221; use_theme_fonts=&#8221;yes&#8221; link=&#8221;|title:AQUAMAT%20-%20SUPERELASTIC||&#8221;][\/vc_column][vc_column width=&#8221;1\/3&#8243;][\/vc_column][\/vc_row][vc_row][vc_column width=&#8221;1\/2&#8243;][vc_single_image image=&#8221;1824&#8243; img_size=&#8221;full&#8221;][\/vc_column][vc_column width=&#8221;1\/2&#8243;][vc_column_text]<span style=\"color: #000000;\"><strong>Ngjit\u00ebs i cil\u00ebsis\u00eb s\u00eb lart\u00eb n\u00eb form\u00eb paste n\u00eb nj\u00eb p\u00ebrzierje me tret\u00ebs. MONTAGE-S ka baz\u00eb kallcukun dhe rr\u00ebshira sintetike.<\/strong> P\u00ebrdoret p\u00ebr ngjitje t\u00eb shpejta dhe t\u00eb fuqishme gati n\u00eb cdo material nd\u00ebrtimi. Nuk ka nevoj\u00eb p\u00ebr trapan, vida ose gozhda. MONTAGE-S p\u00ebrshtatet p\u00ebr ngjitje direkte gati n\u00eb cdo lloj n\u00ebnshtrese, si korniza druri, d\u00ebrrasa, panele, dysheme druri, dyer prej druri ose metalike, pllaka qeramike, korniza dekorimi, gur\u00eb natyral, priza muri, etj. MONTAGE-S nuk p\u00ebrshtatet p\u00ebr t\u00eb ngjitur pasqyra, si dhe pllaka termoizoluese prej polistireni ose materiale t\u00eb tjera t\u00eb cilat jan\u00eb t\u00eb ndjesh\u00ebm n\u00eb tret\u00ebsit.<\/span><\/p>\n<p><strong><span style=\"color: #000000;\">N\u00ebnshtresa<\/span><\/strong><br \/>\n<span style=\"color: #000000;\">N\u00ebnshtresa duhet t\u00eb jen\u00eb t\u00eb thata dhe pa pluhur, yndyr\u00eb, etj.<\/span><\/p>\n<p><strong><span style=\"color: #000000;\">P\u00ebrdorimi<\/span><\/strong><br \/>\n<span style=\"color: #000000;\">MONTAGE-S \u00ebsht\u00eb gati p\u00ebr p\u00ebrdorim. Fisheku futet n\u00eb pistolet\u00ebn e vecant\u00eb p\u00ebr k\u00ebt\u00eb pun\u00eb dhe maja prihet me k\u00ebnd. P\u00ebr ngjitjen e materialeve me pesh\u00eb t\u00eb vog\u00ebl MONTAGE-S p\u00ebrdoret n\u00eb nj\u00eb sip\u00ebrfaqe n\u00eb pika n\u00eb distanc\u00eb prej 20 cm nd\u00ebrmjet nj\u00ebra tjetr\u00ebs ose an\u00ebt. Pastaj, sip\u00ebrfaqet vendosen duke shtypur posht\u00eb me forc\u00eb ose duke p\u00ebrdorur nj\u00eb celik prej llastiku. P\u00ebr t\u00eb ngjitur metale t\u00eb r\u00ebnda ose materiale q\u00eb do diejn\u00eb presion, MONTAGE-S fillimisht p\u00ebrdoret sic u shpjegua m\u00eb par\u00eb duke v\u00ebn\u00eb dy sip\u00ebrfaqet n\u00eb kontakt me nj\u00ebra-tjetr\u00ebn. Pastaj duhet t\u00eb ndahen dhe t\u00eb pritet p\u00ebr 5 minuta para se te rivendoset montimi duke u presuar me forc\u00eb ose duke p\u00ebrdorur celikun prej llastiku. Materialet e r\u00ebnda mbi 10 kg\/m2 duhet t\u00eb mbushen p\u00ebr 8-24 or\u00eb.<\/span>[\/vc_column_text][vc_row_inner][vc_column_inner width=&#8221;1\/2&#8243;]<div class=\"standard-arrow bullet-top\"><ul>\n<li><span style=\"color: #000000;\">Materialet t\u00eb cilat jan\u00eb ngjitur me MONTAGE-S mund t\u00eb mbajn\u00eb pesh\u00eb pas 48 or\u00ebsh.<\/span><\/li>\n<\/ul>\n<\/div>[\/vc_column_inner][vc_column_inner width=&#8221;1\/2&#8243;]<div class=\"standard-arrow bullet-top\"><ul>\n<li><span style=\"color: #000000;\">Konsumi tipik: 1 fishek\/ 12 metra vijore.<\/span><\/li>\n<\/ul>\n<\/div>[\/vc_column_inner][\/vc_row_inner][vc_row_inner css=&#8221;.vc_custom_1683100048912{padding-top: 20px !important;}&#8221;][vc_column_inner width=&#8221;1\/2&#8243;]<div class=\"aio-icon-component    style_1\"><div id=\"Info-box-wrap-8407\" class=\"aio-icon-box default-icon\" style=\"\"  ><div class=\"aio-icon-default\"><div class=\"ult-just-icon-wrapper  \"><div class=\"align-icon\" style=\"text-align:center;\">\n<div class=\"aio-icon-img \" style=\"font-size:65px;display:inline-block;\" >\n\t<img decoding=\"async\" class=\"img-icon\" alt=\"null\" src=\"https:\/\/aedcolor.com\/wp-content\/uploads\/2023\/05\/image-2.png\"\/>\n<\/div><\/div><\/div><\/div><div class=\"aio-icon-header\" ><h3 class=\"aio-icon-title ult-responsive\"  data-ultimate-target='#Info-box-wrap-8407 .aio-icon-title'  data-responsive-json-new='{\"font-size\":\"\",\"line-height\":\"\"}'  style=\"\">Sip\u00ebrfaqe: Korniza druri, d\u00ebrrasa, panele, dysheme druri<\/h3><\/div> <!-- header --><\/div> <!-- aio-icon-box --><\/div> <!-- aio-icon-component -->[\/vc_column_inner][vc_column_inner width=&#8221;1\/2&#8243;]<div class=\"aio-icon-component    style_1\"><div id=\"Info-box-wrap-4343\" class=\"aio-icon-box default-icon\" style=\"\"  ><div class=\"aio-icon-default\"><div class=\"ult-just-icon-wrapper  \"><div class=\"align-icon\" style=\"text-align:center;\">\n<div class=\"aio-icon-img \" style=\"font-size:65px;display:inline-block;\" >\n\t<img decoding=\"async\" class=\"img-icon\" alt=\"null\" src=\"https:\/\/aedcolor.com\/wp-content\/uploads\/2023\/05\/image-1.png\"\/>\n<\/div><\/div><\/div><\/div><div class=\"aio-icon-header\" ><h3 class=\"aio-icon-title ult-responsive\"  data-ultimate-target='#Info-box-wrap-4343 .aio-icon-title'  data-responsive-json-new='{\"font-size\":\"\",\"line-height\":\"\"}'  style=\"\">Aplikimi: Me pistolet\u00eb p\u00ebr ngjitje<\/h3><\/div> <!-- header --><\/div> <!-- aio-icon-box --><\/div> <!-- aio-icon-component -->[\/vc_column_inner][\/vc_row_inner][\/vc_column][\/vc_row]<\/p>\n<\/div>","protected":false},"excerpt":{"rendered":"<p>[vc_row css=&#8221;.vc_custom_1683099634441{padding-bottom: 30px !important;}&#8221;][vc_column width=&#8221;2\/3&#8243;][vc_custom_heading text=&#8221;MONTAGE-S&#8221; font_container=&#8221;tag:h2|font_size:50|text_align:left&#8221; use_theme_fonts=&#8221;yes&#8221; link=&#8221;|title:AQUAMAT%20-%20SUPERELASTIC||&#8221;][\/vc_column][vc_column width=&#8221;1\/3&#8243;][\/vc_column][\/vc_row][vc_row][vc_column width=&#8221;1\/2&#8243;][vc_single_image image=&#8221;1824&#8243; img_size=&#8221;full&#8221;][\/vc_column][vc_column width=&#8221;1\/2&#8243;][vc_column_text]Ngjit\u00ebs i cil\u00ebsis\u00eb s\u00eb lart\u00eb n\u00eb form\u00eb paste n\u00eb nj\u00eb p\u00ebrzierje me tret\u00ebs. MONTAGE-S ka baz\u00eb kallcukun dhe rr\u00ebshira sintetike. P\u00ebrdoret p\u00ebr ngjitje t\u00eb shpejta dhe t\u00eb fuqishme gati n\u00eb cdo material nd\u00ebrtimi. Nuk ka nevoj\u00eb p\u00ebr trapan, vida ose gozhda. MONTAGE-S&hellip;<\/p>\n","protected":false},"author":2,"featured_media":0,"parent":0,"menu_order":0,"comment_status":"closed","ping_status":"closed","template":"","meta":{"footnotes":""},"class_list":["post-1823","page","type-page","status-publish","hentry","description-off"],"_links":{"self":[{"href":"https:\/\/aedcolor.com\/index.php\/wp-json\/wp\/v2\/pages\/1823","targetHints":{"allow":["GET"]}}],"collection":[{"href":"https:\/\/aedcolor.com\/index.php\/wp-json\/wp\/v2\/pages"}],"about":[{"href":"https:\/\/aedcolor.com\/index.php\/wp-json\/wp\/v2\/types\/page"}],"author":[{"embeddable":true,"href":"https:\/\/aedcolor.com\/index.php\/wp-json\/wp\/v2\/users\/2"}],"replies":[{"embeddable":true,"href":"https:\/\/aedcolor.com\/index.php\/wp-json\/wp\/v2\/comments?post=1823"}],"version-history":[{"count":3,"href":"https:\/\/aedcolor.com\/index.php\/wp-json\/wp\/v2\/pages\/1823\/revisions"}],"predecessor-version":[{"id":9194,"href":"https:\/\/aedcolor.com\/index.php\/wp-json\/wp\/v2\/pages\/1823\/revisions\/9194"}],"wp:attachment":[{"href":"https:\/\/aedcolor.com\/index.php\/wp-json\/wp\/v2\/media?parent=1823"}],"curies":[{"name":"wp","href":"https:\/\/api.w.org\/{rel}","templated":true}]}}