{"id":1843,"date":"2023-05-06T09:18:25","date_gmt":"2023-05-06T09:18:25","guid":{"rendered":"https:\/\/aedcolor.com\/?page_id=1843"},"modified":"2023-09-26T07:10:46","modified_gmt":"2023-09-26T07:10:46","slug":"ferroseal","status":"publish","type":"page","link":"https:\/\/aedcolor.com\/index.php\/ferroseal\/","title":{"rendered":"FERROSEAL"},"content":{"rendered":"<div class=\"wpb-content-wrapper\"><p>[vc_row css=&#8221;.vc_custom_1683099634441{padding-bottom: 30px !important;}&#8221;][vc_column width=&#8221;2\/3&#8243;][vc_custom_heading text=&#8221;FERROSEAL&#8221; font_container=&#8221;tag:h2|font_size:50|text_align:left&#8221; use_theme_fonts=&#8221;yes&#8221; link=&#8221;|title:AQUAMAT%20-%20SUPERELASTIC||&#8221;][\/vc_column][vc_column width=&#8221;1\/3&#8243;][\/vc_column][\/vc_row][vc_row][vc_column width=&#8221;1\/2&#8243;][vc_single_image image=&#8221;1839&#8243; img_size=&#8221;full&#8221;][\/vc_column][vc_column width=&#8221;1\/2&#8243;][vc_column_text]<span style=\"color: #000000;\"><strong>FERROSEAL \u00ebsht\u00eb nj\u00eb llac cimentoje i gatsh\u00ebm p\u00ebr p\u00ebrdorim, i cili mbron elementet p\u00ebrforcuese t\u00eb hekurit nga g\u00ebrryerja dhe q\u00eb vepron si nj\u00eb shtres\u00eb ngjit\u00ebse midis llacit ose betonit t\u00eb ri dhe t\u00eb vjet\u00ebr, n\u00eb punimet e riparimit.<\/strong> \u00cbsht\u00eb klasifikuar si nj\u00eb produkt p\u00ebr mbrojtje p\u00ebrforcuese nga g\u00ebrryerja, sipas EN 1504-7 p\u00ebrforcuese nga g\u00ebrryerja, sipas EN 1504-7. Certifikata Nr. 2032-CPR-10.11.\u00a0<\/span><br \/>\n<strong><span style=\"color: #000000;\">FERROSEAL p\u00ebrdoret:<\/span><\/strong><\/p>\n<ul>\n<li><span style=\"color: #000000;\">P\u00ebr t\u00eb mbrojtur hekurin p\u00ebrforcues n\u00eb punimet riparuese n\u00eb betonarmen\u00eb q\u00eb preket nga d\u00ebmtimet si rezultat i nj\u00eb t\u00ebrmeti, karbonizimi ose i derdhjes me defekt.<\/span><\/li>\n<li><span style=\"color: #000000;\">P\u00ebr mbrojtjen parandaluese t\u00eb hekurit p\u00ebrforcues n\u00eb elementet e nd\u00ebrtesave t\u00eb holla ose n\u00eb rastet ku elementi strukturor pritet q\u00eb t\u00eb punoj\u00eb n\u00eb kushte t\u00eb lag\u00ebshta.<\/span><\/li>\n<li><span style=\"color: #000000;\">Si nj\u00eb shtres\u00eb ngjit\u00ebse midis betonit ose llacit t\u00eb ri dhe atij t\u00eb vjet\u00ebr.<\/span><\/li>\n<\/ul>\n<p><strong><span style=\"color: #000000;\">N\u00ebnshtresa<\/span><\/strong><\/p>\n<ul>\n<li><span style=\"color: #000000;\">Elementet p\u00ebrforcuese duhet t\u00eb jen\u00eb pa ndryshk, pa pluhur, pa graso etj.<\/span><\/li>\n<li><span style=\"color: #000000;\">Betoni ose llaci q\u00eb do t\u00eb ngjitet duhet t\u00eb jet\u00eb pa materiale t\u00eb lira, pluhur, graso etj.<\/span><\/li>\n<\/ul>\n<p><strong><span style=\"color: #000000;\">P\u00ebrdorimi<\/span><\/strong><br \/>\n<span style=\"color: #000000;\">FERROSEAL hidhet n\u00eb uj\u00eb duke u trazuar vazhdimisht dhe n\u00eb raport FERROSEAL me uj\u00eb = 2,65 me 1, derisa t\u00eb krijohet nj\u00eb mas\u00eb uniforme pa kokrriza.<\/span><\/p>\n<ul>\n<li><span style=\"color: #000000;\"><strong>Si shtres\u00eb kund\u00ebr g\u00ebrryerjes<\/strong>, materiali aplikohet n\u00eb dy shtresa duke p\u00ebrdorur nj\u00eb furc\u00eb t\u00eb fort\u00ebsis\u00eb mesatare. Trash\u00ebsia e shtres\u00ebs m\u00eb t\u00eb madhe se 1 mm duhet t\u00eb evitohet p\u00ebr shkak t\u00eb rrezikut t\u00eb shfaqjes s\u00eb plasaritjes n\u00eb material. Cdo dor\u00eb e re jepet pasi \u00ebsht\u00eb thar\u00eb dora e kaluar.<\/span><\/li>\n<li><span style=\"color: #000000;\"><strong>Si shtres\u00eb ngjit\u00ebse<\/strong> midis llacit ose betonit t\u00eb ri dhe t\u00eb vjet\u00ebr, materiali aplikohet n\u00eb nj\u00eb shtres\u00eb rreth 2 mm t\u00eb trash\u00eb. Aplikimi i betonit ose i llacit t\u00eb ri b\u00ebhet nd\u00ebrkoh\u00eb q\u00eb shtresa ngjit\u00ebse \u00ebsht\u00eb ende e fresk\u00ebt.<\/span><\/li>\n<\/ul>\n<p>[\/vc_column_text][vc_row_inner][vc_column_inner width=&#8221;1\/2&#8243;]<div class=\"standard-arrow bullet-top\"><ul>\n<li><span style=\"color: #000000;\">Temperatura gjat\u00eb p\u00ebrdorimit duhet t\u00eb jet\u00eb t\u00eb pakt\u00ebn +5 oC.<\/span><\/li>\n<\/ul>\n<\/div>[\/vc_column_inner][vc_column_inner width=&#8221;1\/2&#8243;]<div class=\"standard-arrow bullet-top\"><ul>\n<li><span style=\"color: #000000;\">Produkti p\u00ebrmban cimento, e cila vepron si alkaline me ujin dhe klasifikohet si irrituese.<\/span><\/li>\n<\/ul>\n<\/div>[\/vc_column_inner][\/vc_row_inner][vc_row_inner css=&#8221;.vc_custom_1683100048912{padding-top: 20px !important;}&#8221;][vc_column_inner width=&#8221;1\/2&#8243;]<div class=\"aio-icon-component    style_1\"><div id=\"Info-box-wrap-5025\" class=\"aio-icon-box default-icon\" style=\"\"  ><div class=\"aio-icon-default\"><div class=\"ult-just-icon-wrapper  \"><div class=\"align-icon\" style=\"text-align:center;\">\n<div class=\"aio-icon-img \" style=\"font-size:65px;display:inline-block;\" >\n\t<img decoding=\"async\" class=\"img-icon\" alt=\"null\" src=\"https:\/\/aedcolor.com\/wp-content\/uploads\/2023\/05\/image-2.png\"\/>\n<\/div><\/div><\/div><\/div><div class=\"aio-icon-header\" ><h3 class=\"aio-icon-title ult-responsive\"  data-ultimate-target='#Info-box-wrap-5025 .aio-icon-title'  data-responsive-json-new='{\"font-size\":\"\",\"line-height\":\"\"}'  style=\"\">Sip\u00ebrfaqe: Betoni<\/h3><\/div> <!-- header --><\/div> <!-- aio-icon-box --><\/div> <!-- aio-icon-component -->[\/vc_column_inner][vc_column_inner width=&#8221;1\/2&#8243;]<div class=\"aio-icon-component    style_1\"><div id=\"Info-box-wrap-8576\" class=\"aio-icon-box default-icon\" style=\"\"  ><div class=\"aio-icon-default\"><div class=\"ult-just-icon-wrapper  \"><div class=\"align-icon\" style=\"text-align:center;\">\n<div class=\"aio-icon-img \" style=\"font-size:65px;display:inline-block;\" >\n\t<img decoding=\"async\" class=\"img-icon\" alt=\"null\" src=\"https:\/\/aedcolor.com\/wp-content\/uploads\/2023\/05\/image-1.png\"\/>\n<\/div><\/div><\/div><\/div><div class=\"aio-icon-header\" ><h3 class=\"aio-icon-title ult-responsive\"  data-ultimate-target='#Info-box-wrap-8576 .aio-icon-title'  data-responsive-json-new='{\"font-size\":\"\",\"line-height\":\"\"}'  style=\"\">Aplikimi: Me fur\u00e7\u00eb<\/h3><\/div> <!-- header --><\/div> <!-- aio-icon-box --><\/div> <!-- aio-icon-component -->[\/vc_column_inner][\/vc_row_inner][\/vc_column][\/vc_row]<\/p>\n<\/div>","protected":false},"excerpt":{"rendered":"<p>[vc_row css=&#8221;.vc_custom_1683099634441{padding-bottom: 30px !important;}&#8221;][vc_column width=&#8221;2\/3&#8243;][vc_custom_heading text=&#8221;FERROSEAL&#8221; font_container=&#8221;tag:h2|font_size:50|text_align:left&#8221; use_theme_fonts=&#8221;yes&#8221; link=&#8221;|title:AQUAMAT%20-%20SUPERELASTIC||&#8221;][\/vc_column][vc_column width=&#8221;1\/3&#8243;][\/vc_column][\/vc_row][vc_row][vc_column width=&#8221;1\/2&#8243;][vc_single_image image=&#8221;1839&#8243; img_size=&#8221;full&#8221;][\/vc_column][vc_column width=&#8221;1\/2&#8243;][vc_column_text]FERROSEAL \u00ebsht\u00eb nj\u00eb llac cimentoje i gatsh\u00ebm p\u00ebr p\u00ebrdorim, i cili mbron elementet p\u00ebrforcuese t\u00eb hekurit nga g\u00ebrryerja dhe q\u00eb vepron si nj\u00eb shtres\u00eb ngjit\u00ebse midis llacit ose betonit t\u00eb ri dhe t\u00eb vjet\u00ebr, n\u00eb punimet e riparimit. \u00cbsht\u00eb klasifikuar si nj\u00eb&hellip;<\/p>\n","protected":false},"author":2,"featured_media":0,"parent":0,"menu_order":0,"comment_status":"closed","ping_status":"closed","template":"","meta":{"footnotes":""},"class_list":["post-1843","page","type-page","status-publish","hentry","description-off"],"_links":{"self":[{"href":"https:\/\/aedcolor.com\/index.php\/wp-json\/wp\/v2\/pages\/1843","targetHints":{"allow":["GET"]}}],"collection":[{"href":"https:\/\/aedcolor.com\/index.php\/wp-json\/wp\/v2\/pages"}],"about":[{"href":"https:\/\/aedcolor.com\/index.php\/wp-json\/wp\/v2\/types\/page"}],"author":[{"embeddable":true,"href":"https:\/\/aedcolor.com\/index.php\/wp-json\/wp\/v2\/users\/2"}],"replies":[{"embeddable":true,"href":"https:\/\/aedcolor.com\/index.php\/wp-json\/wp\/v2\/comments?post=1843"}],"version-history":[{"count":3,"href":"https:\/\/aedcolor.com\/index.php\/wp-json\/wp\/v2\/pages\/1843\/revisions"}],"predecessor-version":[{"id":9205,"href":"https:\/\/aedcolor.com\/index.php\/wp-json\/wp\/v2\/pages\/1843\/revisions\/9205"}],"wp:attachment":[{"href":"https:\/\/aedcolor.com\/index.php\/wp-json\/wp\/v2\/media?parent=1843"}],"curies":[{"name":"wp","href":"https:\/\/api.w.org\/{rel}","templated":true}]}}