{"id":1855,"date":"2023-05-06T09:56:26","date_gmt":"2023-05-06T09:56:26","guid":{"rendered":"https:\/\/aedcolor.com\/?page_id=1855"},"modified":"2023-09-26T07:58:13","modified_gmt":"2023-09-26T07:58:13","slug":"rapicret","status":"publish","type":"page","link":"https:\/\/aedcolor.com\/index.php\/rapicret\/","title":{"rendered":"RAPICRET"},"content":{"rendered":"<div class=\"wpb-content-wrapper\"><p>[vc_row css=&#8221;.vc_custom_1683099634441{padding-bottom: 30px !important;}&#8221;][vc_column width=&#8221;2\/3&#8243;][vc_custom_heading text=&#8221;RAPICRET&#8221; font_container=&#8221;tag:h2|font_size:50|text_align:left&#8221; use_theme_fonts=&#8221;yes&#8221; link=&#8221;|title:AQUAMAT%20-%20SUPERELASTIC||&#8221;][\/vc_column][vc_column width=&#8221;1\/3&#8243;][\/vc_column][\/vc_row][vc_row][vc_column width=&#8221;1\/2&#8243;][vc_single_image image=&#8221;1856&#8243; img_size=&#8221;full&#8221;][\/vc_column][vc_column width=&#8221;1\/2&#8243;][vc_column_text]<strong><span style=\"color: #000000;\">RAPICRET \u00ebsht\u00eb nj\u00eb llac i gatsh\u00ebm me mpiksje t\u00eb shpejt\u00eb me baz\u00eb cimentoje p\u00ebr meremetime, i cili ofron:\u00a0<\/span><\/strong><\/p>\n<ul>\n<li><span style=\"color: #000000;\">Ngjitje shum\u00eb t\u00eb mir\u00eb me n\u00ebnshtres\u00ebn.<\/span><\/li>\n<li><span style=\"color: #000000;\">Punueshm\u00ebri t\u00eb jasht\u00ebzakonshme<\/span><\/li>\n<li><span style=\"color: #000000;\">Dep\u00ebrtueshm\u00ebri t\u00eb reduktuar t\u00eb ujit.<\/span><\/li>\n<\/ul>\n<p><span style=\"color: #000000;\">Klasifikohet si llac CC R3 p\u00ebr meremetime betoni, sipas EN 1504-3. Certifikuar Nr. 2032-CPD-10.11. RAPICRET \u00ebsht\u00eb i p\u00ebrshtatsh\u00ebm p\u00ebr meremetimet e shpejta t\u00eb elementeve t\u00eb betonit, fiksimin ankorimin, mbushjen e zgavrave ose vrimave, p\u00ebr formimin e kanaleve etj., dhe n\u00eb p\u00ebrgjith\u00ebsi ku nevojitet forc\u00eb e lart\u00eb dhep\u00ebrdorim i shpejt\u00eb. RAPICRET mund t\u00eb p\u00ebrdoret n\u00eb dysheme, mure ose tavane.<\/span><\/p>\n<p><strong><span style=\"color: #000000;\">N\u00ebnshtresa<\/span><\/strong><br \/>\n<span style=\"color: #000000;\">Sip\u00ebrfaqja duhet t\u00eb jet\u00eb e past\u00ebr, pa pluhur, vaj, materiale t\u00eb lira etj., dhe duhet t\u00eb njomet t\u00ebr\u00ebsisht p\u00ebrpara p\u00ebrdorimit t\u00eb RAPICRET.<\/span><\/p>\n<p><strong><span style=\"color: #000000;\">P\u00ebrdorimi<\/span><\/strong><br \/>\n<span style=\"color: #000000;\">RAPICRET hidhet gradualisht n\u00eb uj\u00eb duke u trazuar vazhdimisht, derisa t\u00eb krijohet nj\u00eb stuko e lidhur q\u00eb nuk p\u00ebrhapet, e p\u00ebrshtatshme p\u00ebr punime mbush\u00ebse ose meremetuese. Koha e p\u00ebrzierjes nuk duhet t\u00eb kaloj\u00eb 1 minut\u00eb. Rekomandohet\u00a0 q\u00eb t\u00eb p\u00ebrzihet nj\u00eb sasi e vog\u00ebl her\u00eb pas here, pvr shkak t\u00eb koh\u00ebs s\u00eb shkurt\u00ebr t\u00eb punimit (rreth 15 minuta n\u00eb +20 oC). RAPICRET aplikohet n\u00eb shtresa jo me t\u00eb trasha se 3 cm.<\/span>[\/vc_column_text][vc_row_inner][vc_column_inner width=&#8221;1\/2&#8243;]<div class=\"standard-arrow bullet-top\"><ul>\n<li><span style=\"color: #000000;\">Temperatura gjat\u00eb p\u00ebrdorimit duhet t\u00eb jet\u00eb midis +5 oC dhe +30 oC.<\/span><\/li>\n<li><span style=\"color: #000000;\">Materiali q\u00eb ka filluar t\u00eb forcohet nuk duhet t\u00eb rizbutet me uj\u00eb.<\/span><\/li>\n<li><span style=\"color: #000000;\">N\u00eb kushte me temperatura t\u00eb larta, k\u00ebshillohet p\u00ebrzierja me uj\u00eb t\u00eb ftoht\u00eb p\u00ebr t\u00eb evituar ngrirjen e shpejt\u00eb.<\/span><\/li>\n<\/ul>\n<\/div>[\/vc_column_inner][vc_column_inner width=&#8221;1\/2&#8243;]<div class=\"standard-arrow bullet-top\"><ul>\n<li><span style=\"color: #000000;\">N\u00eb kushte me temperatura t\u00eb ul\u00ebta, k\u00ebshillohet p\u00ebrzierja me uj\u00eb t\u00eb vak\u00ebt p\u00ebr t\u00eb p\u00ebrshpejtuar mpiksjen.<\/span><\/li>\n<li><span style=\"color: #000000;\">RAPICRET p\u00ebrmban cimento dhe reagon si alkalin me ujin, k\u00ebshtu q\u00eb klasifikohet si irritues.<\/span><\/li>\n<\/ul>\n<\/div>[\/vc_column_inner][\/vc_row_inner][vc_row_inner css=&#8221;.vc_custom_1683100048912{padding-top: 20px !important;}&#8221;][vc_column_inner width=&#8221;1\/2&#8243;]<div class=\"aio-icon-component    style_1\"><div id=\"Info-box-wrap-9473\" class=\"aio-icon-box default-icon\" style=\"\"  ><div class=\"aio-icon-default\"><div class=\"ult-just-icon-wrapper  \"><div class=\"align-icon\" style=\"text-align:center;\">\n<div class=\"aio-icon-img \" style=\"font-size:65px;display:inline-block;\" >\n\t<img decoding=\"async\" class=\"img-icon\" alt=\"null\" src=\"https:\/\/aedcolor.com\/wp-content\/uploads\/2023\/05\/image-2.png\"\/>\n<\/div><\/div><\/div><\/div><div class=\"aio-icon-header\" ><h3 class=\"aio-icon-title ult-responsive\"  data-ultimate-target='#Info-box-wrap-9473 .aio-icon-title'  data-responsive-json-new='{\"font-size\":\"\",\"line-height\":\"\"}'  style=\"\">Sip\u00ebrfaqe: Betoni<\/h3><\/div> <!-- header --><\/div> <!-- aio-icon-box --><\/div> <!-- aio-icon-component -->[\/vc_column_inner][vc_column_inner width=&#8221;1\/2&#8243;]<div class=\"aio-icon-component    style_1\"><div id=\"Info-box-wrap-5941\" class=\"aio-icon-box default-icon\" style=\"\"  ><div class=\"aio-icon-default\"><div class=\"ult-just-icon-wrapper  \"><div class=\"align-icon\" style=\"text-align:center;\">\n<div class=\"aio-icon-img \" style=\"font-size:65px;display:inline-block;\" >\n\t<img decoding=\"async\" class=\"img-icon\" alt=\"null\" src=\"https:\/\/aedcolor.com\/wp-content\/uploads\/2023\/05\/image-1.png\"\/>\n<\/div><\/div><\/div><\/div><div class=\"aio-icon-header\" ><h3 class=\"aio-icon-title ult-responsive\"  data-ultimate-target='#Info-box-wrap-5941 .aio-icon-title'  data-responsive-json-new='{\"font-size\":\"\",\"line-height\":\"\"}'  style=\"\">Aplikimi: Me mistri<\/h3><\/div> <!-- header --><\/div> <!-- aio-icon-box --><\/div> <!-- aio-icon-component -->[\/vc_column_inner][\/vc_row_inner][\/vc_column][\/vc_row]<\/p>\n<\/div>","protected":false},"excerpt":{"rendered":"<p>[vc_row css=&#8221;.vc_custom_1683099634441{padding-bottom: 30px !important;}&#8221;][vc_column width=&#8221;2\/3&#8243;][vc_custom_heading text=&#8221;RAPICRET&#8221; font_container=&#8221;tag:h2|font_size:50|text_align:left&#8221; use_theme_fonts=&#8221;yes&#8221; link=&#8221;|title:AQUAMAT%20-%20SUPERELASTIC||&#8221;][\/vc_column][vc_column width=&#8221;1\/3&#8243;][\/vc_column][\/vc_row][vc_row][vc_column width=&#8221;1\/2&#8243;][vc_single_image image=&#8221;1856&#8243; img_size=&#8221;full&#8221;][\/vc_column][vc_column width=&#8221;1\/2&#8243;][vc_column_text]RAPICRET \u00ebsht\u00eb nj\u00eb llac i gatsh\u00ebm me mpiksje t\u00eb shpejt\u00eb me baz\u00eb cimentoje p\u00ebr meremetime, i cili ofron:\u00a0 Ngjitje shum\u00eb t\u00eb mir\u00eb me n\u00ebnshtres\u00ebn. Punueshm\u00ebri t\u00eb jasht\u00ebzakonshme Dep\u00ebrtueshm\u00ebri t\u00eb reduktuar t\u00eb ujit. Klasifikohet si llac CC R3 p\u00ebr meremetime betoni, sipas EN&hellip;<\/p>\n","protected":false},"author":2,"featured_media":0,"parent":0,"menu_order":0,"comment_status":"closed","ping_status":"closed","template":"","meta":{"footnotes":""},"class_list":["post-1855","page","type-page","status-publish","hentry","description-off"],"_links":{"self":[{"href":"https:\/\/aedcolor.com\/index.php\/wp-json\/wp\/v2\/pages\/1855","targetHints":{"allow":["GET"]}}],"collection":[{"href":"https:\/\/aedcolor.com\/index.php\/wp-json\/wp\/v2\/pages"}],"about":[{"href":"https:\/\/aedcolor.com\/index.php\/wp-json\/wp\/v2\/types\/page"}],"author":[{"embeddable":true,"href":"https:\/\/aedcolor.com\/index.php\/wp-json\/wp\/v2\/users\/2"}],"replies":[{"embeddable":true,"href":"https:\/\/aedcolor.com\/index.php\/wp-json\/wp\/v2\/comments?post=1855"}],"version-history":[{"count":3,"href":"https:\/\/aedcolor.com\/index.php\/wp-json\/wp\/v2\/pages\/1855\/revisions"}],"predecessor-version":[{"id":9209,"href":"https:\/\/aedcolor.com\/index.php\/wp-json\/wp\/v2\/pages\/1855\/revisions\/9209"}],"wp:attachment":[{"href":"https:\/\/aedcolor.com\/index.php\/wp-json\/wp\/v2\/media?parent=1855"}],"curies":[{"name":"wp","href":"https:\/\/api.w.org\/{rel}","templated":true}]}}