{"id":1872,"date":"2023-05-06T10:22:50","date_gmt":"2023-05-06T10:22:50","guid":{"rendered":"https:\/\/aedcolor.com\/?page_id=1872"},"modified":"2023-09-26T08:31:49","modified_gmt":"2023-09-26T08:31:49","slug":"megacret-40","status":"publish","type":"page","link":"https:\/\/aedcolor.com\/index.php\/megacret-40\/","title":{"rendered":"MEGACRET-40"},"content":{"rendered":"<div class=\"wpb-content-wrapper\"><p>[vc_row css=&#8221;.vc_custom_1683099634441{padding-bottom: 30px !important;}&#8221;][vc_column width=&#8221;2\/3&#8243;][vc_custom_heading text=&#8221;MEGACRET-40&#8243; font_container=&#8221;tag:h2|font_size:50|text_align:left&#8221; use_theme_fonts=&#8221;yes&#8221; link=&#8221;|title:AQUAMAT%20-%20SUPERELASTIC||&#8221;][\/vc_column][vc_column width=&#8221;1\/3&#8243;][\/vc_column][\/vc_row][vc_row][vc_column width=&#8221;1\/2&#8243;][vc_single_image image=&#8221;1873&#8243; img_size=&#8221;full&#8221;][\/vc_column][vc_column width=&#8221;1\/2&#8243;][vc_column_text]<strong><span style=\"color: #000000;\">Llac meremetues prej cimentoje me rezistenc\u00eb t\u00eb lart\u00eb, i p\u00ebrforcuar me fibra dhe i pasuruar me polimere. Ai ofron:<\/span><\/strong><\/p>\n<ul>\n<li><span style=\"color: #000000;\">Rezistenc\u00eb t\u00eb jasht\u00ebzakonshme<\/span><\/li>\n<li><span style=\"color: #000000;\">Ngjitje shum\u00eb t\u00eb mir\u00eb me n\u00ebnshtres\u00ebn<\/span><\/li>\n<li><span style=\"color: #000000;\">Punueshm\u00ebri t\u00eb shk\u00eblqyer<\/span><\/li>\n<li><span style=\"color: #000000;\">Dep\u00ebrtueshm\u00ebri t\u00eb reduktuar t\u00eb ujit<\/span><\/li>\n<li><span style=\"color: #000000;\">Q\u00ebndrueshm\u00ebri t\u00eb v\u00ebllimit.<\/span><\/li>\n<\/ul>\n<p><span style=\"color: #000000;\">Klasifikohet si llac CC R4 p\u00ebr meremetime betoni, sipas EN 1504-3. Certifikata Nr. 2032-CPD-10.11. MEGACRET-40 \u00ebsht\u00eb i p\u00ebrshtatsh\u00ebm p\u00ebr riparimet me k\u00ebrkesa t\u00eb larta n\u00eb elementet e betonit. Ai aplikohet me nj\u00eb mistri ose me pomp\u00eb n\u00eb dysheme, mure ose tavane.<\/span><\/p>\n<p><strong><span style=\"color: #000000;\">N\u00ebnshtresa<\/span><\/strong><br \/>\n<span style=\"color: #000000;\">Sip\u00ebrfaqja duhet t\u00eb jet\u00eb pa pluhur, graso ose materiale t\u00eb huaja etj. P\u00ebrpara p\u00ebrdorimit \u00ebsht\u00eb e nevojshme njomja totale e n\u00ebnshtres\u00ebs.<\/span><\/p>\n<p><strong><span style=\"color: #000000;\">P\u00ebrdorimi<\/span><\/strong><br \/>\n<span style=\"color: #000000;\">Nj\u00eb thes 25 kg MEGACRET-40 hidhet gradualisht n\u00eb 4,60 l uj\u00eb duke u trazuar vazhdimisht derisa t\u00eb krijohet nj\u00eb mas\u00eb homogjene e lidhur, e p\u00ebrshtatshme p\u00ebr punime meremetimi. P\u00ebrzierja mund t\u00eb b\u00ebhet duke p\u00ebrdorur nj\u00eb mikser me xhiro t\u00eb ul\u00ebta ose nj\u00eb betoniere t\u00eb vog\u00ebl. Materiali duhet t\u00eb aplikohet (hidhet) me nj\u00eb mistri ose me pomp\u00eb n\u00eb trash\u00ebsin\u00eb e d\u00ebshiruar, deri n\u00eb 4 cm p\u00ebr cdo shtres\u00eb. N\u00ebse nevojitet nj\u00eb shtres\u00eb e dyt\u00eb, shtresa e par\u00eb duhet t\u00eb jet\u00eb b\u00ebr\u00eb e pashp\u00ebr p\u00ebr t\u00eb arritur nj\u00eb ngjitje m\u00eb t\u00eb mir\u00eb. Sip\u00ebrfaqja p\u00ebrfundimtare duhet t\u00eb mbrohet mir\u00eb nga dehidratimi duke e mbuluar me lecka t\u00eb lagura, flet\u00eb polietileni ose duke e lagur vazhdimisht gjat\u00eb 48 or\u00ebve.<\/span>[\/vc_column_text][vc_row_inner][vc_column_inner width=&#8221;1\/2&#8243;]<div class=\"standard-arrow bullet-top\"><ul>\n<li><span style=\"color: #000000;\">Temperatura gjat\u00eb p\u00ebrdorimit duhet t\u00eb jet\u00eb midis +5 oC dhe +30 oC.<\/span><\/li>\n<li><span style=\"color: #000000;\">N\u00eb temperatura t\u00eb ul\u00ebta dhe kur k\u00ebrkohet arritja e shpejt\u00eb e fort\u00ebsis\u00eb s\u00eb materialit, rekomandohet p\u00ebrzierja e materialit me uj\u00eb t\u00eb vak\u00ebt<\/span><\/li>\n<\/ul>\n<\/div>[\/vc_column_inner][vc_column_inner width=&#8221;1\/2&#8243;]<div class=\"standard-arrow bullet-top\"><ul>\n<li><span style=\"color: #000000;\">Produkti p\u00ebrmban cimento, e cila vepron si alkaline me ujin dhe klasifikohet si irritues<\/span><\/li>\n<\/ul>\n<\/div>[\/vc_column_inner][\/vc_row_inner][vc_row_inner css=&#8221;.vc_custom_1683100048912{padding-top: 20px !important;}&#8221;][vc_column_inner width=&#8221;1\/2&#8243;]<div class=\"aio-icon-component    style_1\"><div id=\"Info-box-wrap-3174\" class=\"aio-icon-box default-icon\" style=\"\"  ><div class=\"aio-icon-default\"><div class=\"ult-just-icon-wrapper  \"><div class=\"align-icon\" style=\"text-align:center;\">\n<div class=\"aio-icon-img \" style=\"font-size:65px;display:inline-block;\" >\n\t<img decoding=\"async\" class=\"img-icon\" alt=\"null\" src=\"https:\/\/aedcolor.com\/wp-content\/uploads\/2023\/05\/image-2.png\"\/>\n<\/div><\/div><\/div><\/div><div class=\"aio-icon-header\" ><h3 class=\"aio-icon-title ult-responsive\"  data-ultimate-target='#Info-box-wrap-3174 .aio-icon-title'  data-responsive-json-new='{\"font-size\":\"\",\"line-height\":\"\"}'  style=\"\">Sip\u00ebrfaqe: Betoni<\/h3><\/div> <!-- header --><\/div> <!-- aio-icon-box --><\/div> <!-- aio-icon-component -->[\/vc_column_inner][vc_column_inner width=&#8221;1\/2&#8243;]<div class=\"aio-icon-component    style_1\"><div id=\"Info-box-wrap-3003\" class=\"aio-icon-box default-icon\" style=\"\"  ><div class=\"aio-icon-default\"><div class=\"ult-just-icon-wrapper  \"><div class=\"align-icon\" style=\"text-align:center;\">\n<div class=\"aio-icon-img \" style=\"font-size:65px;display:inline-block;\" >\n\t<img decoding=\"async\" class=\"img-icon\" alt=\"null\" src=\"https:\/\/aedcolor.com\/wp-content\/uploads\/2023\/05\/image-1.png\"\/>\n<\/div><\/div><\/div><\/div><div class=\"aio-icon-header\" ><h3 class=\"aio-icon-title ult-responsive\"  data-ultimate-target='#Info-box-wrap-3003 .aio-icon-title'  data-responsive-json-new='{\"font-size\":\"\",\"line-height\":\"\"}'  style=\"\">Aplikimi: Me mistri<\/h3><\/div> <!-- header --><\/div> <!-- aio-icon-box --><\/div> <!-- aio-icon-component -->[\/vc_column_inner][\/vc_row_inner][\/vc_column][\/vc_row]<\/p>\n<\/div>","protected":false},"excerpt":{"rendered":"<p>[vc_row css=&#8221;.vc_custom_1683099634441{padding-bottom: 30px !important;}&#8221;][vc_column width=&#8221;2\/3&#8243;][vc_custom_heading text=&#8221;MEGACRET-40&#8243; font_container=&#8221;tag:h2|font_size:50|text_align:left&#8221; use_theme_fonts=&#8221;yes&#8221; link=&#8221;|title:AQUAMAT%20-%20SUPERELASTIC||&#8221;][\/vc_column][vc_column width=&#8221;1\/3&#8243;][\/vc_column][\/vc_row][vc_row][vc_column width=&#8221;1\/2&#8243;][vc_single_image image=&#8221;1873&#8243; img_size=&#8221;full&#8221;][\/vc_column][vc_column width=&#8221;1\/2&#8243;][vc_column_text]Llac meremetues prej cimentoje me rezistenc\u00eb t\u00eb lart\u00eb, i p\u00ebrforcuar me fibra dhe i pasuruar me polimere. Ai ofron: Rezistenc\u00eb t\u00eb jasht\u00ebzakonshme Ngjitje shum\u00eb t\u00eb mir\u00eb me n\u00ebnshtres\u00ebn Punueshm\u00ebri t\u00eb shk\u00eblqyer Dep\u00ebrtueshm\u00ebri t\u00eb reduktuar t\u00eb ujit Q\u00ebndrueshm\u00ebri t\u00eb v\u00ebllimit. Klasifikohet si llac&hellip;<\/p>\n","protected":false},"author":2,"featured_media":0,"parent":0,"menu_order":0,"comment_status":"closed","ping_status":"closed","template":"","meta":{"footnotes":""},"class_list":["post-1872","page","type-page","status-publish","hentry","description-off"],"_links":{"self":[{"href":"https:\/\/aedcolor.com\/index.php\/wp-json\/wp\/v2\/pages\/1872","targetHints":{"allow":["GET"]}}],"collection":[{"href":"https:\/\/aedcolor.com\/index.php\/wp-json\/wp\/v2\/pages"}],"about":[{"href":"https:\/\/aedcolor.com\/index.php\/wp-json\/wp\/v2\/types\/page"}],"author":[{"embeddable":true,"href":"https:\/\/aedcolor.com\/index.php\/wp-json\/wp\/v2\/users\/2"}],"replies":[{"embeddable":true,"href":"https:\/\/aedcolor.com\/index.php\/wp-json\/wp\/v2\/comments?post=1872"}],"version-history":[{"count":3,"href":"https:\/\/aedcolor.com\/index.php\/wp-json\/wp\/v2\/pages\/1872\/revisions"}],"predecessor-version":[{"id":9213,"href":"https:\/\/aedcolor.com\/index.php\/wp-json\/wp\/v2\/pages\/1872\/revisions\/9213"}],"wp:attachment":[{"href":"https:\/\/aedcolor.com\/index.php\/wp-json\/wp\/v2\/media?parent=1872"}],"curies":[{"name":"wp","href":"https:\/\/api.w.org\/{rel}","templated":true}]}}