{"id":1880,"date":"2023-05-06T10:51:35","date_gmt":"2023-05-06T10:51:35","guid":{"rendered":"https:\/\/aedcolor.com\/?page_id=1880"},"modified":"2023-09-26T09:16:26","modified_gmt":"2023-09-26T09:16:26","slug":"megagrout-101","status":"publish","type":"page","link":"https:\/\/aedcolor.com\/index.php\/megagrout-101\/","title":{"rendered":"MEGAGROUT-101"},"content":{"rendered":"<div class=\"wpb-content-wrapper\"><p>[vc_row css=&#8221;.vc_custom_1683099634441{padding-bottom: 30px !important;}&#8221;][vc_column width=&#8221;2\/3&#8243;][vc_custom_heading text=&#8221;MEGAGROUT-101&#8243; font_container=&#8221;tag:h2|font_size:50|text_align:left&#8221; use_theme_fonts=&#8221;yes&#8221; link=&#8221;|title:AQUAMAT%20-%20SUPERELASTIC||&#8221;][\/vc_column][\/vc_row][vc_row][vc_column width=&#8221;1\/2&#8243;][vc_single_image image=&#8221;1881&#8243; img_size=&#8221;full&#8221;][\/vc_column][vc_column width=&#8221;1\/2&#8243;][vc_column_text]<span style=\"color: #000000;\">Llac i l\u00ebngsh\u00ebm me baz\u00eb cimentoje me aditiv\u00ebspecial\u00eb, pa tkurrje dhe me rezistenc\u00eb t\u00eb lart\u00eb. Ai ofron:\u00a0<\/span><\/p>\n<ul>\n<li><span style=\"color: #000000;\">Rrjedhshm\u00ebri shum\u00eb t\u00eb mir\u00eb pa u ndar\u00eb n\u00eb shtresa.<\/span><\/li>\n<li><span style=\"color: #000000;\">Fort\u00ebsi fillestare dhe p\u00ebrfundimtare t\u00eb lart\u00eb.<\/span><\/li>\n<li><span style=\"color: #000000;\">Ngjitje efikase n\u00eb hekur dhe beton.<\/span><\/li>\n<li><span style=\"color: #000000;\">Rezistenc\u00eb ndaj goditjeve dhe dridhjeve.<\/span><\/li>\n<li><span style=\"color: #000000;\">Dep\u00ebrtueshm\u00ebri e ul\u00ebt e ujit.<\/span><\/li>\n<\/ul>\n<p><span style=\"color: #000000;\">I certifikuar n\u00eb p\u00ebrputhje me ASTM C 1107-99 dhe i klasifikuar edhe si stuko e tipit C. I certifikuar gjithashtu sipas EN 1504-3 dhe EN 1504-6, i klasifikuar si llac CC R4 p\u00ebr riparime betoni dhe si produkt ankorimi p\u00ebr forcimine shufrave t\u00eb celikut p\u00ebrkat\u00ebsisht. Nr i certifikat\u00ebs: 2032-CPR-10.11.<\/span><\/p>\n<p><span style=\"color: #000000;\">MEGAGROUT-101 \u00ebsht\u00eb i p\u00ebrshtatsh\u00ebm p\u00ebr:<\/span><\/p>\n<ul>\n<li><span style=\"color: #000000;\">Mb\u00ebshtetjen dhe fiksimin e makinerive<\/span><\/li>\n<li><span style=\"color: #000000;\">Ankorime<\/span><\/li>\n<li><span style=\"color: #000000;\">Formimin e bazamenteve mb\u00ebshtet\u00ebse t\u00eb makinerive t\u00eb precizionit.<\/span><\/li>\n<\/ul>\n<p><span style=\"color: #000000;\">N\u00ebnshtresa<\/span><br \/>\n<span style=\"color: #000000;\">Sip\u00ebrfaqja duhet t\u00eb jet\u00eb e past\u00ebr, pa pluhur, graso etj. Gjithashtu, ajo duhet t\u00eb b\u00ebhet e ashp\u00ebr me q\u00ebllim q\u00eb t\u00eb garantohet ngjitja e duhur e llacit t\u00eb l\u00ebngsh\u00ebm n\u00eb t\u00eb. P\u00ebrpara p\u00ebrdorimit rekomandohet njomja totale e n\u00ebnshtres\u00ebs.<\/span><\/p>\n<p><span style=\"color: #000000;\">P\u00ebrdorimi<\/span><br \/>\n<span style=\"color: #000000;\">Pas p\u00ebrzierjes me ujin MEGAGROUT-101 \u00ebsht\u00eb nj\u00eb p\u00ebrzierje e l\u00ebngshme dhe me kokrriza t\u00eb im\u00ebta, dhe pjes\u00eb t\u00eb saj mund t\u00eb rrjedhin n\u00eb pjes\u00ebt bashkuese t\u00eb elementeve t\u00eb vecant\u00eb t\u00eb betoform\u00ebs. Prandaj, bashkimet e betoform\u00ebs duhet t\u00eb izolohen me cimento me ngrirje t\u00eb shpejt\u00eb AQUAFIX ose me llacin meremetues me mpiksje t\u00eb shpejt\u00eb RAPICRET. MEGAGROUT-101 hidhet gradualisht n\u00eb 3 l uj\u00eb dhe p\u00ebrzihet mir\u00eb me ndihm\u00ebn e nj\u00eb mikseri me xhiro t\u00eb ul\u00ebta (300 rrot\/min), derisa t\u00eb arrihet rrjedhshm\u00ebria e d\u00ebshiruar e llacit. M\u00eb pas, p\u00ebrzierja derdhet duke b\u00ebr\u00eb kujdes q\u00eb t\u00eb evitohet formimi i flluskave t\u00eb ajrit. N\u00eb cdo rast duhet t\u00eb sigurohet q\u00eb llaci i l\u00ebngsh\u00ebm ka mbushur cdo hap\u00ebsir\u00eb midis armatur\u00ebs dhe konstruksionit ekzistues. Sip\u00ebrfaqet e krijuara me MEGAGROUT-101 dhe q\u00eb jan\u00eb t\u00eb ekspozuara n\u00eb aj\u00ebr t\u00eb hapur duhet t\u00eb mbahen t\u00eb njoma t\u00eb pakt\u00ebn p\u00ebr 24 or\u00eb, duke u mbuluar me lecka t\u00eb lagura ose flet\u00eb polietileni.<\/span>[\/vc_column_text][vc_row_inner][vc_column_inner width=&#8221;1\/2&#8243;]<div class=\"standard-arrow bullet-top\"><ul>\n<li><span style=\"color: #000000;\">Temperatura gjat\u00eb aplikimit duhet t\u00eb jet\u00eb nga +5 oC deri n\u00eb +30 oC.\u00a0<\/span><\/li>\n<li><span style=\"color: #000000;\">Materiali q\u00eb ka filluar t\u00eb mpikset nuk duhet &#8220;t\u00eb zbutet&#8221; p\u00ebrs\u00ebri me uj\u00eb.<\/span><\/li>\n<li><span style=\"color: #000000;\">Produkti e ruan rrjedhshm\u00ebrin\u00eb e tij p\u00ebr rreth 60 minuta n\u00eb temperaturat midis +15 oC dhe +25 oC.<\/span><\/li>\n<\/ul>\n<\/div>[\/vc_column_inner][vc_column_inner width=&#8221;1\/2&#8243;]<div class=\"standard-arrow bullet-top\"><ul>\n<li><span style=\"color: #000000;\">N\u00eb temperatura t\u00eb larta rekomandohet q\u00eb thas\u00ebt t\u00eb ruhen n\u00eb nj\u00eb vend t\u00eb fresk\u00ebt, si dhe gjithashtu p\u00ebrzierja e materialit duhet t\u00eb b\u00ebhet me uj\u00eb t\u00eb ftoht\u00eb q\u00eb t\u00eb ket\u00eb rrjedshm\u00ebrin\u00eb e duhur p\u00ebr nj\u00eb koh\u00ebzgjatje t\u00eb mjaftueshme (rreth 60 minuta).<\/span><\/li>\n<li><span style=\"color: #000000;\">N\u00eb temperatura t\u00eb ul\u00ebta dhe sa her\u00eb q\u00eb k\u00ebrkohet arritja e shpejt\u00eb e fort\u00ebsis\u00eb, rekomandohet p\u00ebrzierja e materialit me uj\u00eb t\u00eb vak\u00ebt dhe mbrojtja nga i ftohti duke vendosur mbulesa izoluese termike mbi armatur\u00eb.<\/span><\/li>\n<li><span style=\"color: #000000;\">Produkti p\u00ebrmban cimento, e cila vepron si alkaline me ujin dhe klasifikohet si irritues.<\/span><\/li>\n<\/ul>\n<\/div>[\/vc_column_inner][\/vc_row_inner][vc_row_inner css=&#8221;.vc_custom_1683100048912{padding-top: 20px !important;}&#8221;][vc_column_inner width=&#8221;1\/2&#8243;]<div class=\"aio-icon-component    style_1\"><div id=\"Info-box-wrap-3111\" class=\"aio-icon-box default-icon\" style=\"\"  ><div class=\"aio-icon-default\"><div class=\"ult-just-icon-wrapper  \"><div class=\"align-icon\" style=\"text-align:center;\">\n<div class=\"aio-icon-img \" style=\"font-size:65px;display:inline-block;\" >\n\t<img decoding=\"async\" class=\"img-icon\" alt=\"null\" src=\"https:\/\/aedcolor.com\/wp-content\/uploads\/2023\/05\/image-2.png\"\/>\n<\/div><\/div><\/div><\/div><div class=\"aio-icon-header\" ><h3 class=\"aio-icon-title ult-responsive\"  data-ultimate-target='#Info-box-wrap-3111 .aio-icon-title'  data-responsive-json-new='{\"font-size\":\"\",\"line-height\":\"\"}'  style=\"\">Sip\u00ebrfaqe: Betoni, hekuri<\/h3><\/div> <!-- header --><\/div> <!-- aio-icon-box --><\/div> <!-- aio-icon-component -->[\/vc_column_inner][vc_column_inner width=&#8221;1\/2&#8243;]<div class=\"aio-icon-component    style_1\"><div id=\"Info-box-wrap-7877\" class=\"aio-icon-box default-icon\" style=\"\"  ><div class=\"aio-icon-default\"><div class=\"ult-just-icon-wrapper  \"><div class=\"align-icon\" style=\"text-align:center;\">\n<div class=\"aio-icon-img \" style=\"font-size:65px;display:inline-block;\" >\n\t<img decoding=\"async\" class=\"img-icon\" alt=\"null\" src=\"https:\/\/aedcolor.com\/wp-content\/uploads\/2023\/05\/image-1.png\"\/>\n<\/div><\/div><\/div><\/div><div class=\"aio-icon-header\" ><h3 class=\"aio-icon-title ult-responsive\"  data-ultimate-target='#Info-box-wrap-7877 .aio-icon-title'  data-responsive-json-new='{\"font-size\":\"\",\"line-height\":\"\"}'  style=\"\">Aplikimi: Me mistri<\/h3><\/div> <!-- header --><\/div> <!-- aio-icon-box --><\/div> <!-- aio-icon-component -->[\/vc_column_inner][\/vc_row_inner][\/vc_column][\/vc_row]<\/p>\n<\/div>","protected":false},"excerpt":{"rendered":"<p>[vc_row css=&#8221;.vc_custom_1683099634441{padding-bottom: 30px !important;}&#8221;][vc_column width=&#8221;2\/3&#8243;][vc_custom_heading text=&#8221;MEGAGROUT-101&#8243; font_container=&#8221;tag:h2|font_size:50|text_align:left&#8221; use_theme_fonts=&#8221;yes&#8221; link=&#8221;|title:AQUAMAT%20-%20SUPERELASTIC||&#8221;][\/vc_column][\/vc_row][vc_row][vc_column width=&#8221;1\/2&#8243;][vc_single_image image=&#8221;1881&#8243; img_size=&#8221;full&#8221;][\/vc_column][vc_column width=&#8221;1\/2&#8243;][vc_column_text]Llac i l\u00ebngsh\u00ebm me baz\u00eb cimentoje me aditiv\u00ebspecial\u00eb, pa tkurrje dhe me rezistenc\u00eb t\u00eb lart\u00eb. Ai ofron:\u00a0 Rrjedhshm\u00ebri shum\u00eb t\u00eb mir\u00eb pa u ndar\u00eb n\u00eb shtresa. Fort\u00ebsi fillestare dhe p\u00ebrfundimtare t\u00eb lart\u00eb. Ngjitje efikase n\u00eb hekur dhe beton. Rezistenc\u00eb ndaj goditjeve dhe dridhjeve.&hellip;<\/p>\n","protected":false},"author":2,"featured_media":0,"parent":0,"menu_order":0,"comment_status":"closed","ping_status":"closed","template":"","meta":{"footnotes":""},"class_list":["post-1880","page","type-page","status-publish","hentry","description-off"],"_links":{"self":[{"href":"https:\/\/aedcolor.com\/index.php\/wp-json\/wp\/v2\/pages\/1880","targetHints":{"allow":["GET"]}}],"collection":[{"href":"https:\/\/aedcolor.com\/index.php\/wp-json\/wp\/v2\/pages"}],"about":[{"href":"https:\/\/aedcolor.com\/index.php\/wp-json\/wp\/v2\/types\/page"}],"author":[{"embeddable":true,"href":"https:\/\/aedcolor.com\/index.php\/wp-json\/wp\/v2\/users\/2"}],"replies":[{"embeddable":true,"href":"https:\/\/aedcolor.com\/index.php\/wp-json\/wp\/v2\/comments?post=1880"}],"version-history":[{"count":5,"href":"https:\/\/aedcolor.com\/index.php\/wp-json\/wp\/v2\/pages\/1880\/revisions"}],"predecessor-version":[{"id":9215,"href":"https:\/\/aedcolor.com\/index.php\/wp-json\/wp\/v2\/pages\/1880\/revisions\/9215"}],"wp:attachment":[{"href":"https:\/\/aedcolor.com\/index.php\/wp-json\/wp\/v2\/media?parent=1880"}],"curies":[{"name":"wp","href":"https:\/\/api.w.org\/{rel}","templated":true}]}}