{"id":1893,"date":"2023-05-06T11:31:12","date_gmt":"2023-05-06T11:31:12","guid":{"rendered":"https:\/\/aedcolor.com\/?page_id=1893"},"modified":"2023-09-26T09:49:27","modified_gmt":"2023-09-26T09:49:27","slug":"epomax-anchor","status":"publish","type":"page","link":"https:\/\/aedcolor.com\/index.php\/epomax-anchor\/","title":{"rendered":"EPOMAX-ANCHOR"},"content":{"rendered":"<div class=\"wpb-content-wrapper\"><p>[vc_row css=&#8221;.vc_custom_1683099634441{padding-bottom: 30px !important;}&#8221;][vc_column width=&#8221;2\/3&#8243;][vc_custom_heading text=&#8221;EPOMAX-ANCHOR&#8221; font_container=&#8221;tag:h2|font_size:50|text_align:left&#8221; use_theme_fonts=&#8221;yes&#8221; link=&#8221;|title:AQUAMAT%20-%20SUPERELASTIC||&#8221;][\/vc_column][\/vc_row][vc_row][vc_column width=&#8221;1\/2&#8243;][vc_single_image image=&#8221;1894&#8243; img_size=&#8221;full&#8221;][\/vc_column][vc_column width=&#8221;1\/2&#8243;][vc_column_text]<span style=\"color: #000000;\"><strong>EPOMAX-ANCHOR \u00ebsht\u00eb nj\u00eb material ngjit\u00ebs me baz\u00eb poliesteri dhe me 2 p\u00ebrb\u00ebr\u00ebs p\u00ebr ankorime.<\/strong> Ai nuk p\u00ebrmban tret\u00ebs dhe stiren dhe nuk sjell tkurrje. EPOMAX-ANCHOR mund t\u00eb p\u00ebrdoret si nj\u00ebmaterial ngjit\u00ebs me ngurt\u00ebsim t\u00eb shpejt\u00eb p\u00ebr ankorimin e shufrave p\u00ebrforcuese, shufrat e filetuara, vidat e ankorimit etj. Mund t\u00eb p\u00ebrdoret gjithashtu p\u00ebr ti instaluar k\u00ebto pajisje n\u00eb beton, shk\u00ebmb solid, muratur\u00eb t\u00eb holl\u00eb dhe solide etj.<\/span><\/p>\n<p><strong><span style=\"color: #000000;\">Instalimi n\u00eb beton ose n\u00eb gur solid<\/span><\/strong><br \/>\n<span style=\"color: #000000;\">Hapni vrim\u00ebn me diametrin e duhur n\u00eb thell\u00ebsin\u00eb e rekomanduar. Pastaj, pastroni vrim\u00ebn me nj\u00eb furc\u00eb plastike dhe largoni cdo grimc\u00eb t\u00eb lir\u00eb duke p\u00ebrdorur aj\u00ebr me presion, pomp\u00eb dore etj. Vidhosni mikserin n\u00eb tubet dhe pas k\u00ebsaj vendosni maj\u00ebn (hund\u00ebz\u00ebn) e mikserit n\u00eb fund t\u00eb tubit dhe futeni tubetin n\u00eb pistolet\u00ebn e p\u00ebrdorimit. M\u00eb pas, shtrydheni tubetin p\u00ebr t\u00eb nxjerr\u00eb jasht\u00eb rreth 15 ml materiale, i cili nuk p\u00ebrdoret. Duke filluar nga skaji i pasm\u00eb i vrim\u00ebs, mbusheni at\u00eb plot\u00ebsisht me rr\u00ebshir\u00eb. Shtypni ankoruesen deri n\u00eb fund t\u00eb vrim\u00ebs nd\u00ebrkoh\u00eb q\u00eb e rrotulloni me ngadal\u00eb. Nj\u00eb kontroll vizual i mbushjes me rr\u00ebshir\u00eb \u00ebsht\u00eb i nevojsh\u00ebm. L\u00ebreni materialin t\u00eb thahet p\u00ebrpara se ti vendosni pajisjet dhe t\u00eb aplikoni ngarkesa. Konsultohuni me tabel\u00ebn p\u00ebrkat\u00ebse t\u00eb koh\u00ebs s\u00eb tharjes p\u00ebr EPOMAX-ANCHOR.<\/span><\/p>\n<p><strong><span style=\"color: #000000;\">Instalimi n\u00eb n\u00ebnshtresa t\u00eb holla<\/span><\/strong><br \/>\n<span style=\"color: #000000;\">Hpaeni vrim\u00ebn me nj\u00eb shpim pa goditje. Pastaj largoni cdo grimc\u00eb t\u00eb lir\u00eb uke p\u00ebrdorur aj\u00ebr me presion, pomp\u00eb dore etj. Vidhoseni mikserin n\u00eb tubet dhe pas k\u00ebsaj vendoseni maj\u00ebn (hund\u00ebz\u00ebn) e mikserit n\u00eb fund t\u00eb tubetit dhe futeni tubetin n\u00eb pistolet\u00ebn e p\u00ebrdorimit. M\u00eb pas, shtrydheni tubetin p\u00ebr t\u00eb nxjerr\u00eb jasht\u00eb rreth 15 ml mteriale, i cili nuk p\u00ebrdoret. Futni n\u00eb vrim\u00eb k\u00ebmish\u00ebn me vrima, Duke filluar nga skaji i pasm\u00eb, mbusheni k\u00ebmish\u00ebn me vrima plot\u00ebsisht me rr\u00ebshir\u00eb. Pas p\u00ebsaj, shtyjeni ankoruesen deri n\u00eb baz\u00ebn e k\u00ebmish\u00ebs nd\u00ebrkoh\u00eb q\u00eb e rrotulloni me ngadal\u00eb. L\u00ebreni materialin t\u00eb thahet p\u00ebrpara se ti vendosni pajisjet dhe t\u00eb aplikoni ngarkesa.\u00a0<\/span>[\/vc_column_text][vc_row_inner][vc_column_inner width=&#8221;1\/2&#8243;]<div class=\"standard-arrow bullet-top\"><ul>\n<li><span style=\"color: #000000;\">Afati i ruajtjes p\u00ebr p\u00ebrdorim, n\u00eb ambiente t\u00eb thata dhe pa ngrica \u00ebsht\u00eb minimumi 12 muaj<\/span><\/li>\n<\/ul>\n<\/div>[\/vc_column_inner][vc_column_inner width=&#8221;1\/2&#8243;]<div class=\"standard-arrow bullet-top\"><ul>\n<li><span style=\"color: #000000;\">EPOMAX-ANCHOR mund t\u00eb p\u00ebrdoret n\u00eb temperatura t\u00eb ul\u00ebta ambienti deri n\u00eb -5 oC, por temperatura e produktit duhet t\u00eb jet\u00eb t\u00eb pakt\u00ebn 10 oC.<\/span><\/li>\n<\/ul>\n<\/div>[\/vc_column_inner][\/vc_row_inner][vc_row_inner css=&#8221;.vc_custom_1683100048912{padding-top: 20px !important;}&#8221;][vc_column_inner width=&#8221;1\/2&#8243;]<div class=\"aio-icon-component    style_1\"><div id=\"Info-box-wrap-6371\" class=\"aio-icon-box default-icon\" style=\"\"  ><div class=\"aio-icon-default\"><div class=\"ult-just-icon-wrapper  \"><div class=\"align-icon\" style=\"text-align:center;\">\n<div class=\"aio-icon-img \" style=\"font-size:65px;display:inline-block;\" >\n\t<img decoding=\"async\" class=\"img-icon\" alt=\"null\" src=\"https:\/\/aedcolor.com\/wp-content\/uploads\/2023\/05\/image-2.png\"\/>\n<\/div><\/div><\/div><\/div><div class=\"aio-icon-header\" ><h3 class=\"aio-icon-title ult-responsive\"  data-ultimate-target='#Info-box-wrap-6371 .aio-icon-title'  data-responsive-json-new='{\"font-size\":\"\",\"line-height\":\"\"}'  style=\"\">Sip\u00ebrfaqe: Betoni<\/h3><\/div> <!-- header --><\/div> <!-- aio-icon-box --><\/div> <!-- aio-icon-component -->[\/vc_column_inner][vc_column_inner width=&#8221;1\/2&#8243;]<div class=\"aio-icon-component    style_1\"><div id=\"Info-box-wrap-8386\" class=\"aio-icon-box default-icon\" style=\"\"  ><div class=\"aio-icon-default\"><div class=\"ult-just-icon-wrapper  \"><div class=\"align-icon\" style=\"text-align:center;\">\n<div class=\"aio-icon-img \" style=\"font-size:65px;display:inline-block;\" >\n\t<img decoding=\"async\" class=\"img-icon\" alt=\"null\" src=\"https:\/\/aedcolor.com\/wp-content\/uploads\/2023\/05\/image-1.png\"\/>\n<\/div><\/div><\/div><\/div><div class=\"aio-icon-header\" ><h3 class=\"aio-icon-title ult-responsive\"  data-ultimate-target='#Info-box-wrap-8386 .aio-icon-title'  data-responsive-json-new='{\"font-size\":\"\",\"line-height\":\"\"}'  style=\"\">Aplikimi: Me pistolet\u00eb<\/h3><\/div> <!-- header --><\/div> <!-- aio-icon-box --><\/div> <!-- aio-icon-component -->[\/vc_column_inner][\/vc_row_inner][\/vc_column][\/vc_row]<\/p>\n<\/div>","protected":false},"excerpt":{"rendered":"<p>[vc_row css=&#8221;.vc_custom_1683099634441{padding-bottom: 30px !important;}&#8221;][vc_column width=&#8221;2\/3&#8243;][vc_custom_heading text=&#8221;EPOMAX-ANCHOR&#8221; font_container=&#8221;tag:h2|font_size:50|text_align:left&#8221; use_theme_fonts=&#8221;yes&#8221; link=&#8221;|title:AQUAMAT%20-%20SUPERELASTIC||&#8221;][\/vc_column][\/vc_row][vc_row][vc_column width=&#8221;1\/2&#8243;][vc_single_image image=&#8221;1894&#8243; img_size=&#8221;full&#8221;][\/vc_column][vc_column width=&#8221;1\/2&#8243;][vc_column_text]EPOMAX-ANCHOR \u00ebsht\u00eb nj\u00eb material ngjit\u00ebs me baz\u00eb poliesteri dhe me 2 p\u00ebrb\u00ebr\u00ebs p\u00ebr ankorime. Ai nuk p\u00ebrmban tret\u00ebs dhe stiren dhe nuk sjell tkurrje. EPOMAX-ANCHOR mund t\u00eb p\u00ebrdoret si nj\u00ebmaterial ngjit\u00ebs me ngurt\u00ebsim t\u00eb shpejt\u00eb p\u00ebr ankorimin e shufrave p\u00ebrforcuese, shufrat e filetuara,&hellip;<\/p>\n","protected":false},"author":2,"featured_media":0,"parent":0,"menu_order":0,"comment_status":"closed","ping_status":"closed","template":"","meta":{"footnotes":""},"class_list":["post-1893","page","type-page","status-publish","hentry","description-off"],"_links":{"self":[{"href":"https:\/\/aedcolor.com\/index.php\/wp-json\/wp\/v2\/pages\/1893","targetHints":{"allow":["GET"]}}],"collection":[{"href":"https:\/\/aedcolor.com\/index.php\/wp-json\/wp\/v2\/pages"}],"about":[{"href":"https:\/\/aedcolor.com\/index.php\/wp-json\/wp\/v2\/types\/page"}],"author":[{"embeddable":true,"href":"https:\/\/aedcolor.com\/index.php\/wp-json\/wp\/v2\/users\/2"}],"replies":[{"embeddable":true,"href":"https:\/\/aedcolor.com\/index.php\/wp-json\/wp\/v2\/comments?post=1893"}],"version-history":[{"count":3,"href":"https:\/\/aedcolor.com\/index.php\/wp-json\/wp\/v2\/pages\/1893\/revisions"}],"predecessor-version":[{"id":9218,"href":"https:\/\/aedcolor.com\/index.php\/wp-json\/wp\/v2\/pages\/1893\/revisions\/9218"}],"wp:attachment":[{"href":"https:\/\/aedcolor.com\/index.php\/wp-json\/wp\/v2\/media?parent=1893"}],"curies":[{"name":"wp","href":"https:\/\/api.w.org\/{rel}","templated":true}]}}