{"id":1899,"date":"2023-05-06T11:43:48","date_gmt":"2023-05-06T11:43:48","guid":{"rendered":"https:\/\/aedcolor.com\/?page_id=1899"},"modified":"2023-09-26T10:18:30","modified_gmt":"2023-09-26T10:18:30","slug":"epomax-stucco","status":"publish","type":"page","link":"https:\/\/aedcolor.com\/index.php\/epomax-stucco\/","title":{"rendered":"EPOMAX-STUCCO"},"content":{"rendered":"<div class=\"wpb-content-wrapper\"><p>[vc_row css=&#8221;.vc_custom_1683099634441{padding-bottom: 30px !important;}&#8221;][vc_column width=&#8221;2\/3&#8243;][vc_custom_heading text=&#8221;EPOMAX-STUCCO&#8221; font_container=&#8221;tag:h2|font_size:50|text_align:left&#8221; use_theme_fonts=&#8221;yes&#8221; link=&#8221;|title:AQUAMAT%20-%20SUPERELASTIC||&#8221;][\/vc_column][\/vc_row][vc_row][vc_column width=&#8221;1\/2&#8243;][vc_single_image image=&#8221;1900&#8243; img_size=&#8221;full&#8221;][\/vc_column][vc_column width=&#8221;1\/2&#8243;][vc_column_text]<span style=\"color: #000000;\"><strong>EPOMAX-STUCCO \u00ebsht\u00eb nj\u00eb sistem epoksid me 2 p\u00ebrb\u00ebr\u00ebs dhe pa tret\u00ebs, i cili ofron ngjitje shum\u00eb t\u00eb fort\u00eb me n\u00ebnshtres\u00ebn, fort\u00ebsi t\u00eb lart\u00eb dhe rezistenc\u00eb t\u00eb lart\u00eb mekanike.<\/strong> \u00cbsht\u00eb jasht\u00ebzakonisht rezistent ndaj substancave acide, alkaline, ndaj detergjent\u00ebve, ujit t\u00eb detit dhe ndaj luhatjeve t\u00eb temperaturave. I certifikuar n\u00eb p\u00ebrputhje me EN 1504-4 dhe i klasifikuar si agjent lidh\u00ebs strukturor p\u00ebr llac ose beton. Certifikata Nr. 2032-CPR-10.11. EPOMAX-STUCCO \u00ebsht\u00eb ideale p\u00ebr stukimin e sip\u00ebrfaqeve. P\u00ebrdoret gjithashtu p\u00ebr ngjitjen e betonit, t\u00eb hekurit, gurit, drurit etj., p\u00ebr meremetimin e d\u00ebmtimeve n\u00eb beton dhe n\u00eb shtresa me llac cimentoje, si dhe p\u00ebr izolimin e plasaritjeve q\u00eb do t\u00eb meremetohen rr\u00ebshirat epokside t\u00eb injektueshme EPOMAX-L10, EPOMAX-L20 ose DUREBOND.<\/span><\/p>\n<p><strong><span style=\"color: #000000;\">N\u00ebnshtresa<\/span><\/strong><br \/>\n<span style=\"color: #000000;\">Sip\u00ebrfaqja A (rr\u00ebshira) dhe B (forcuesi) jan\u00eb t\u00eb paketuar n\u00eb dy en\u00eb t\u00eb ndara, me raport t\u00eb paracaktuar t\u00eb p\u00ebrzierjes. E gjith\u00eb sasia e p\u00ebrbvr\u00ebsit A dhe p\u00ebrb\u00ebr\u00ebsit B hidhet n\u00eb dy en\u00eb t\u00eb past\u00ebr dhe p\u00ebrzihet p\u00ebr rreth 5 minuta duke p\u00ebrdorur nj\u00eb veg\u00ebl pune t\u00eb p\u00ebrshtatshme (p.sh. mistri e vog\u00ebl), derisa t\u00eb krijohet nj\u00eb stuko uniforme n\u00eb trajt\u00eb brumi. N\u00eb rast se nevojitet sasi m\u00eb e vog\u00ebl sesa ajo q\u00eb disponohet n\u00eb paket\u00eb, merren sasi t\u00eb barabarta sipas volumit nga p\u00ebrb\u00ebr\u00ebsi A dhe p\u00ebrb\u00ebr\u00ebsi B dhe p\u00ebrzihen plot\u00ebsisht n\u00eb nj\u00eb en\u00eb t\u00eb past\u00ebr sic pvrshkruhet m\u00eb lart\u00eb.<\/span><\/p>\n<p><strong><span style=\"color: #000000;\">P\u00ebrdorimi-Konsumi<\/span><\/strong><\/p>\n<p><span style=\"color: #000000;\">EPOMAX-STUCCO aplikohet me mistri ose spatul mbi sip\u00ebrfaqen e that\u00eb dhe t\u00eb past\u00ebr. Konsumi: Rreth 1,35 kg\/m2\/mm t\u00eb trash\u00ebsis\u00eb s\u00eb shtres\u00ebs.<\/span>[\/vc_column_text][vc_row_inner][vc_column_inner width=&#8221;1\/2&#8243;]<div class=\"standard-arrow bullet-top\"><ul>\n<li><span style=\"color: #000000;\">EPOMAX-STUCCO ofrohet n\u00eb paketime (A+B) prej 1 kg, ku p\u00ebrb\u00ebr\u00ebsit A dhe B kan\u00eb raport t\u00eb fiksuar t\u00eb pesh\u00ebs.<\/span><\/li>\n<\/ul>\n<\/div>[\/vc_column_inner][vc_column_inner width=&#8221;1\/2&#8243;]<div class=\"standard-arrow bullet-top\"><ul>\n<li><span style=\"color: #000000;\">T\u00eb pakt\u00ebn 12 muaj nga data e prodhimit n\u00ebse ruhet n\u00eb paketimin origjinal t\u00eb izolimit, n\u00eb ambiente tv mbrojtura nga lag\u00ebshtira dhe ekspozimi n\u00eb drit\u00ebn e diellit. Rekomandohet nj\u00eb temperatur\u00eb ruajtjeje midis +5 oC dhe +35 oC.<\/span><\/li>\n<\/ul>\n<\/div>[\/vc_column_inner][\/vc_row_inner][vc_row_inner css=&#8221;.vc_custom_1683100048912{padding-top: 20px !important;}&#8221;][vc_column_inner width=&#8221;1\/2&#8243;]<div class=\"aio-icon-component    style_1\"><div id=\"Info-box-wrap-6104\" class=\"aio-icon-box default-icon\" style=\"\"  ><div class=\"aio-icon-default\"><div class=\"ult-just-icon-wrapper  \"><div class=\"align-icon\" style=\"text-align:center;\">\n<div class=\"aio-icon-img \" style=\"font-size:65px;display:inline-block;\" >\n\t<img decoding=\"async\" class=\"img-icon\" alt=\"null\" src=\"https:\/\/aedcolor.com\/wp-content\/uploads\/2023\/05\/image-2.png\"\/>\n<\/div><\/div><\/div><\/div><div class=\"aio-icon-header\" ><h3 class=\"aio-icon-title ult-responsive\"  data-ultimate-target='#Info-box-wrap-6104 .aio-icon-title'  data-responsive-json-new='{\"font-size\":\"\",\"line-height\":\"\"}'  style=\"\">Sip\u00ebrfaqe: Betoni, \u00e7imentoje<\/h3><\/div> <!-- header --><\/div> <!-- aio-icon-box --><\/div> <!-- aio-icon-component -->[\/vc_column_inner][vc_column_inner width=&#8221;1\/2&#8243;]<div class=\"aio-icon-component    style_1\"><div id=\"Info-box-wrap-7208\" class=\"aio-icon-box default-icon\" style=\"\"  ><div class=\"aio-icon-default\"><div class=\"ult-just-icon-wrapper  \"><div class=\"align-icon\" style=\"text-align:center;\">\n<div class=\"aio-icon-img \" style=\"font-size:65px;display:inline-block;\" >\n\t<img decoding=\"async\" class=\"img-icon\" alt=\"null\" src=\"https:\/\/aedcolor.com\/wp-content\/uploads\/2023\/05\/image-1.png\"\/>\n<\/div><\/div><\/div><\/div><div class=\"aio-icon-header\" ><h3 class=\"aio-icon-title ult-responsive\"  data-ultimate-target='#Info-box-wrap-7208 .aio-icon-title'  data-responsive-json-new='{\"font-size\":\"\",\"line-height\":\"\"}'  style=\"\">Aplikimi: Me mistri<\/h3><\/div> <!-- header --><\/div> <!-- aio-icon-box --><\/div> <!-- aio-icon-component -->[\/vc_column_inner][\/vc_row_inner][\/vc_column][\/vc_row]<\/p>\n<\/div>","protected":false},"excerpt":{"rendered":"<p>[vc_row css=&#8221;.vc_custom_1683099634441{padding-bottom: 30px !important;}&#8221;][vc_column width=&#8221;2\/3&#8243;][vc_custom_heading text=&#8221;EPOMAX-STUCCO&#8221; font_container=&#8221;tag:h2|font_size:50|text_align:left&#8221; use_theme_fonts=&#8221;yes&#8221; link=&#8221;|title:AQUAMAT%20-%20SUPERELASTIC||&#8221;][\/vc_column][\/vc_row][vc_row][vc_column width=&#8221;1\/2&#8243;][vc_single_image image=&#8221;1900&#8243; img_size=&#8221;full&#8221;][\/vc_column][vc_column width=&#8221;1\/2&#8243;][vc_column_text]EPOMAX-STUCCO \u00ebsht\u00eb nj\u00eb sistem epoksid me 2 p\u00ebrb\u00ebr\u00ebs dhe pa tret\u00ebs, i cili ofron ngjitje shum\u00eb t\u00eb fort\u00eb me n\u00ebnshtres\u00ebn, fort\u00ebsi t\u00eb lart\u00eb dhe rezistenc\u00eb t\u00eb lart\u00eb mekanike. \u00cbsht\u00eb jasht\u00ebzakonisht rezistent ndaj substancave acide, alkaline, ndaj detergjent\u00ebve, ujit t\u00eb detit dhe ndaj luhatjeve&hellip;<\/p>\n","protected":false},"author":2,"featured_media":0,"parent":0,"menu_order":0,"comment_status":"closed","ping_status":"closed","template":"","meta":{"footnotes":""},"class_list":["post-1899","page","type-page","status-publish","hentry","description-off"],"_links":{"self":[{"href":"https:\/\/aedcolor.com\/index.php\/wp-json\/wp\/v2\/pages\/1899","targetHints":{"allow":["GET"]}}],"collection":[{"href":"https:\/\/aedcolor.com\/index.php\/wp-json\/wp\/v2\/pages"}],"about":[{"href":"https:\/\/aedcolor.com\/index.php\/wp-json\/wp\/v2\/types\/page"}],"author":[{"embeddable":true,"href":"https:\/\/aedcolor.com\/index.php\/wp-json\/wp\/v2\/users\/2"}],"replies":[{"embeddable":true,"href":"https:\/\/aedcolor.com\/index.php\/wp-json\/wp\/v2\/comments?post=1899"}],"version-history":[{"count":3,"href":"https:\/\/aedcolor.com\/index.php\/wp-json\/wp\/v2\/pages\/1899\/revisions"}],"predecessor-version":[{"id":9220,"href":"https:\/\/aedcolor.com\/index.php\/wp-json\/wp\/v2\/pages\/1899\/revisions\/9220"}],"wp:attachment":[{"href":"https:\/\/aedcolor.com\/index.php\/wp-json\/wp\/v2\/media?parent=1899"}],"curies":[{"name":"wp","href":"https:\/\/api.w.org\/{rel}","templated":true}]}}