{"id":1911,"date":"2023-05-06T12:06:54","date_gmt":"2023-05-06T12:06:54","guid":{"rendered":"https:\/\/aedcolor.com\/?page_id=1911"},"modified":"2023-09-27T09:56:05","modified_gmt":"2023-09-27T09:56:05","slug":"epomax-mt","status":"publish","type":"page","link":"https:\/\/aedcolor.com\/index.php\/epomax-mt\/","title":{"rendered":"EPOMAX-MT"},"content":{"rendered":"<div class=\"wpb-content-wrapper\"><p>[vc_row css=&#8221;.vc_custom_1683099634441{padding-bottom: 30px !important;}&#8221;][vc_column width=&#8221;2\/3&#8243;][vc_custom_heading text=&#8221;EPOMAX-MT<br \/>\n&#8221; font_container=&#8221;tag:h2|font_size:50|text_align:left&#8221; use_theme_fonts=&#8221;yes&#8221; link=&#8221;|title:AQUAMAT%20-%20SUPERELASTIC||&#8221;][\/vc_column][\/vc_row][vc_row][vc_column width=&#8221;1\/2&#8243;][vc_single_image image=&#8221;1912&#8243; img_size=&#8221;full&#8221;][\/vc_column][vc_column width=&#8221;1\/2&#8243;][vc_column_text]<span style=\"color: #000000;\"><strong>EPOMAX-MT \u00ebsht\u00eb nj\u00eb llac epoksid me tre p\u00ebrb\u00ebr\u00ebs, i dersh\u00ebm, pa tkurrje dhe me rezistenca t\u00eb larta.<\/strong> P\u00ebrb\u00ebhet prej rr\u00ebshire epokside pa tret\u00ebs dhe me 2 p\u00ebrb\u00ebr\u00ebs (pvrb\u00ebr\u00ebsi A, B) dhe prej r\u00ebre kuarcore me madh\u00ebsi kokrrash t\u00eb zgjedhur (p\u00ebrb\u00ebr\u00ebsi C). Ofron:<\/span><\/p>\n<ul>\n<li><span style=\"color: #000000;\">Lag\u00ebshti shum\u00eb t\u00eb mir\u00eb.<\/span><\/li>\n<li><span style=\"color: #000000;\">Rezistenc\u00eb t\u00eb lart\u00eb fillestare dhe p\u00ebrfundimtare.<\/span><\/li>\n<li><span style=\"color: #000000;\">Forc\u00eb lidhjeje t\u00eb p\u00ebrkryer me celikun dhe betonin.<\/span><\/li>\n<li><span style=\"color: #000000;\">Rezistenc\u00eb n\u00eb p\u00ebrplasje dhe dridhje.<\/span><\/li>\n<li><span style=\"color: #000000;\">Rezistenc\u00eb kimike.<\/span><\/li>\n<li><span style=\"color: #000000;\">Hidroizolim.<\/span><\/li>\n<\/ul>\n<p><span style=\"color: #000000;\">I certifikuar sipas standarteve EN 1504-3 dhe EN 1504-6 si\u00a0 llac p\u00ebr riparimin e betonit dhe si produkt fiksues p\u00ebr p\u00ebrfundimin e shufrave t\u00eb celikut. Mban sh\u00ebnimin CE.<\/span><br \/>\n<span style=\"color: #000000;\"><em>EPOMAX-MT p\u00ebrshtatet p\u00ebr:<\/em><\/span><\/p>\n<ul>\n<li><span style=\"color: #000000;\">Ankorime<\/span><\/li>\n<li><span style=\"color: #000000;\">Stabilizim makinerish<\/span><\/li>\n<li><span style=\"color: #000000;\">shtylla urash<\/span><\/li>\n<li><span style=\"color: #000000;\">Stabilizim shtyllash<\/span><\/li>\n<\/ul>\n<p><span style=\"color: #000000;\"><strong>N\u00ebnshtresa<\/strong><\/span><br \/>\n<span style=\"color: #000000;\"><em>Sip\u00ebrfaqja duhet t\u00eb jet\u00eb:<\/em><\/span><\/p>\n<ul>\n<li><span style=\"color: #000000;\">E that\u00eb dhe stab\u00ebl.<\/span><\/li>\n<li><span style=\"color: #000000;\">E lir\u00eb nga materialet q\u00eb pengojn\u00eb ngjitjen, p.sh. pluhur, materiale t\u00eb lira, yndyr\u00eb, vaj nga kall\u00ebpet e drurit, materiale trajtimi t<strong>\u00a0<\/strong>betonit, bojra t\u00eb vajit, etj.<\/span><\/li>\n<\/ul>\n<p><span style=\"color: #000000;\">N\u00ebnshtresa duhet t\u00eb p\u00ebrgatitet me baz\u00eb natyrore q\u00eb ka duke u fshir\u00eb, me bluajtje, me hedhje r\u00ebre, sp\u00ebrkatje me uj\u00eb, etj. Pas k\u00ebsaj, sip\u00ebrfaqja duhet t\u00eb pastrohet nga pluhuri me aj\u00ebr me presion.<\/span><\/p>\n<p><span style=\"color: #000000;\"><strong>P\u00ebrzierja e p\u00ebrb\u00ebr\u00ebsve<\/strong><\/span><br \/>\n<span style=\"color: #000000;\">P\u00ebrb\u00ebr\u00ebsi A (rr\u00ebshira) B (forcuesi) dhe C (r\u00ebra) jan\u00eb t\u00eb paketuara n\u00eb bidona t\u00eb vecant\u00eb duke patur raportin e sakt\u00eb t\u00eb p\u00ebrzierjes sipas pesh\u00ebs. Fillimisht p\u00ebrb\u00ebr\u00ebsi A p\u00ebrziehet mir\u00eb. Pastaj gjith\u00eb sasia e p\u00ebrb\u00ebr\u00ebsit B hidhet n\u00eb p\u00ebrb\u00ebr\u00ebsin A. P\u00ebrzierja e dy p\u00ebrb\u00ebr\u00ebsve duhet t\u00eb zgjas\u00eb rreth 1-2 minuta, duke p\u00ebrdorur mikser me xhiro t\u00eb ul\u00ebta (300 rot\/min). \u00cbsht\u00eb e r\u00ebnd\u00ebsishme t\u00eb p\u00ebrziehet krejt p\u00ebrzierja anash dhe n\u00eb fund t\u00eb en\u00ebs, p\u00ebr t\u00eb arritur shp\u00ebrndarjen uniforme t\u00eb forcuesit. P\u00ebrb\u00ebr\u00ebsi A dhe B vihen n\u00eb nj\u00eb en\u00eb m\u00eb t\u00eb madhe\u00a0 t\u00eb past\u00ebr dhe vazhdohen t\u00eb p\u00ebrziehen n\u00eb t\u00eb nj\u00ebjt\u00ebn koh\u00eb kur stohet ngadal\u00eb p\u00ebrb\u00ebr\u00ebsi C. P\u00ebrzierja b\u00ebhet duke p\u00ebrdorur mikserin me xhiro t\u00eb ul\u00ebta (300 rot\/min) derisa t\u00eb arrihet nj\u00eb shp\u00ebrndarje uniforme (afersisht p\u00ebr 3-5 minuta).<\/span><\/p>\n<p><span style=\"color: #000000;\"><strong>Aplikimi-Konsumi<\/strong><\/span><br \/>\n<span style=\"color: #000000;\">EPOMAX-MT i p\u00ebrzier\u00eb duhet t\u00eb derdhet n\u00eb kall\u00ebp nga nj\u00eb an\u00eb vazhdimisht p\u00ebr t\u00eb shmangur bllokimin e ajrit. P\u00ebr ankorimet duhet fillimisht t\u00eb mbushet t\u00eb pakt\u00ebn gjysma e volumit t\u00eb vrim\u00ebs q\u00eb duhet hapur para se t\u00eb vendoset buloni n\u00eb llac.<\/span>[\/vc_column_text][vc_row_inner][vc_column_inner width=&#8221;1\/2&#8243;]<div class=\"standard-arrow bullet-top\"><ul>\n<li><span style=\"color: #000000;\">Punueshm\u00ebria e materialeve epokside influencohet nga temperatura e tyre. Temperatura ideale e aplikimit \u00ebsht\u00eb nd\u00ebtmjet +15 oC dhe +25 oC p\u00ebr t\u00eb qen\u00eb kollaj p\u00ebrdorimi dhe trajtimi i produktit sic k\u00ebshillohet. Temperatura n\u00eb dhom\u00eb n\u00ebn +15 oC do t\u00eb zgjas\u00eb koh\u00ebn e mpiksjes dhe temperatur\u00eb mbi +30 oC do shpejtoj\u00eb mpiksjen. Gjat\u00eb dimrit rekomandohet t\u00eb b\u00ebhet nj\u00eb paranxehje e leht\u00eb e produktit, nd\u00ebrsa n\u00eb ver\u00eb rekomandohet q\u00eb materialet t\u00eb magazinohen n\u00eb dhoma t\u00eb fresk\u00ebta para aplikimit.<\/span><\/li>\n<li><span style=\"color: #000000;\">Ngjitja midis shtresave t\u00eb cilat jan\u00eb nj\u00ebra pas tjetr\u00ebs mund t\u00eb influencohen r\u00ebnd\u00eb nga nd\u00ebrhyrja e lag\u00ebshtis\u00eb ose pluhurit.<\/span><\/li>\n<li><span style=\"color: #000000;\">Shtresa epokside duhet t\u00eb mbrohen nga lag\u00ebshtia p\u00ebr 4-6 or\u00eb pas aplikimit. Lag\u00ebshtia mund t\u00eb zbardh\u00eb sip\u00ebrfaqen ose\/dhe ta b\u00ebj\u00eb t\u00eb ngjis\u00eb. Gjithashtu mund t\u00eb crregulloj\u00eb ngjitjen. Mund t\u00eb ket\u00eb efekt dhe n\u00eb ngrt\u00ebsim. Pjesa ku shtresa \u00ebsht\u00eb zbardhur ose ngjit (pjes\u00ebrisht) duhet t\u00eb hiqen me f\u00ebrkim ose bluajtje dhe t\u00eb shtrohen prap\u00eb.<\/span><\/li>\n<\/ul>\n<\/div>[\/vc_column_inner][vc_column_inner width=&#8221;1\/2&#8243;]<div class=\"standard-arrow bullet-top\"><ul>\n<li><span style=\"color: #000000;\">N\u00eb raste kur koha nd\u00ebrmjet shtresave \u00ebsht\u00eb m\u00eb e gjat\u00eb se sa parashikoheshe, sip\u00ebrfaqja duhet pastruar krejt dhe t\u00eb p\u00ebrgatitet para aplikimit t\u00eb shtres\u00ebs s\u00eb re.<\/span><\/li>\n<li><span style=\"color: #000000;\">Pas mpiksjes, EPOMAX-MT \u00ebsht\u00eb krejt e sigurt p\u00ebr sh\u00ebndetin.<\/span><\/li>\n<\/ul>\n<\/div>[\/vc_column_inner][\/vc_row_inner][vc_row_inner css=&#8221;.vc_custom_1683100048912{padding-top: 20px !important;}&#8221;][vc_column_inner width=&#8221;1\/2&#8243;]<div class=\"aio-icon-component    style_1\"><div id=\"Info-box-wrap-4488\" class=\"aio-icon-box default-icon\" style=\"\"  ><div class=\"aio-icon-default\"><div class=\"ult-just-icon-wrapper  \"><div class=\"align-icon\" style=\"text-align:center;\">\n<div class=\"aio-icon-img \" style=\"font-size:65px;display:inline-block;\" >\n\t<img decoding=\"async\" class=\"img-icon\" alt=\"null\" src=\"https:\/\/aedcolor.com\/wp-content\/uploads\/2023\/05\/image-2.png\"\/>\n<\/div><\/div><\/div><\/div><div class=\"aio-icon-header\" ><h3 class=\"aio-icon-title ult-responsive\"  data-ultimate-target='#Info-box-wrap-4488 .aio-icon-title'  data-responsive-json-new='{\"font-size\":\"\",\"line-height\":\"\"}'  style=\"\">Sip\u00ebrfaqe: Betoni<\/h3><\/div> <!-- header --><\/div> <!-- aio-icon-box --><\/div> <!-- aio-icon-component -->[\/vc_column_inner][vc_column_inner width=&#8221;1\/2&#8243;]<div class=\"aio-icon-component    style_1\"><div id=\"Info-box-wrap-6478\" class=\"aio-icon-box default-icon\" style=\"\"  ><div class=\"aio-icon-default\"><div class=\"ult-just-icon-wrapper  \"><div class=\"align-icon\" style=\"text-align:center;\">\n<div class=\"aio-icon-img \" style=\"font-size:65px;display:inline-block;\" >\n\t<img decoding=\"async\" class=\"img-icon\" alt=\"null\" src=\"https:\/\/aedcolor.com\/wp-content\/uploads\/2023\/05\/image-1.png\"\/>\n<\/div><\/div><\/div><\/div><div class=\"aio-icon-header\" ><h3 class=\"aio-icon-title ult-responsive\"  data-ultimate-target='#Info-box-wrap-6478 .aio-icon-title'  data-responsive-json-new='{\"font-size\":\"\",\"line-height\":\"\"}'  style=\"\">Aplikimi: Me mistri<\/h3><\/div> <!-- header --><\/div> <!-- aio-icon-box --><\/div> <!-- aio-icon-component -->[\/vc_column_inner][\/vc_row_inner][\/vc_column][\/vc_row]<\/p>\n<\/div>","protected":false},"excerpt":{"rendered":"<p>[vc_row css=&#8221;.vc_custom_1683099634441{padding-bottom: 30px !important;}&#8221;][vc_column width=&#8221;2\/3&#8243;][vc_custom_heading text=&#8221;EPOMAX-MT &#8221; font_container=&#8221;tag:h2|font_size:50|text_align:left&#8221; use_theme_fonts=&#8221;yes&#8221; link=&#8221;|title:AQUAMAT%20-%20SUPERELASTIC||&#8221;][\/vc_column][\/vc_row][vc_row][vc_column width=&#8221;1\/2&#8243;][vc_single_image image=&#8221;1912&#8243; img_size=&#8221;full&#8221;][\/vc_column][vc_column width=&#8221;1\/2&#8243;][vc_column_text]EPOMAX-MT \u00ebsht\u00eb nj\u00eb llac epoksid me tre p\u00ebrb\u00ebr\u00ebs, i dersh\u00ebm, pa tkurrje dhe me rezistenca t\u00eb larta. P\u00ebrb\u00ebhet prej rr\u00ebshire epokside pa tret\u00ebs dhe me 2 p\u00ebrb\u00ebr\u00ebs (pvrb\u00ebr\u00ebsi A, B) dhe prej r\u00ebre kuarcore me madh\u00ebsi kokrrash t\u00eb zgjedhur (p\u00ebrb\u00ebr\u00ebsi C). Ofron:&hellip;<\/p>\n","protected":false},"author":2,"featured_media":0,"parent":0,"menu_order":0,"comment_status":"closed","ping_status":"closed","template":"","meta":{"footnotes":""},"class_list":["post-1911","page","type-page","status-publish","hentry","description-off"],"_links":{"self":[{"href":"https:\/\/aedcolor.com\/index.php\/wp-json\/wp\/v2\/pages\/1911","targetHints":{"allow":["GET"]}}],"collection":[{"href":"https:\/\/aedcolor.com\/index.php\/wp-json\/wp\/v2\/pages"}],"about":[{"href":"https:\/\/aedcolor.com\/index.php\/wp-json\/wp\/v2\/types\/page"}],"author":[{"embeddable":true,"href":"https:\/\/aedcolor.com\/index.php\/wp-json\/wp\/v2\/users\/2"}],"replies":[{"embeddable":true,"href":"https:\/\/aedcolor.com\/index.php\/wp-json\/wp\/v2\/comments?post=1911"}],"version-history":[{"count":3,"href":"https:\/\/aedcolor.com\/index.php\/wp-json\/wp\/v2\/pages\/1911\/revisions"}],"predecessor-version":[{"id":9227,"href":"https:\/\/aedcolor.com\/index.php\/wp-json\/wp\/v2\/pages\/1911\/revisions\/9227"}],"wp:attachment":[{"href":"https:\/\/aedcolor.com\/index.php\/wp-json\/wp\/v2\/media?parent=1911"}],"curies":[{"name":"wp","href":"https:\/\/api.w.org\/{rel}","templated":true}]}}