{"id":1935,"date":"2023-05-06T12:44:27","date_gmt":"2023-05-06T12:44:27","guid":{"rendered":"https:\/\/aedcolor.com\/?page_id=1935"},"modified":"2023-09-27T13:12:48","modified_gmt":"2023-09-27T13:12:48","slug":"planfix-fine-professional","status":"publish","type":"page","link":"https:\/\/aedcolor.com\/index.php\/planfix-fine-professional\/","title":{"rendered":"PLANFIX-FINE PROFESSIONAL"},"content":{"rendered":"<div class=\"wpb-content-wrapper\"><p>[vc_row css=&#8221;.vc_custom_1683099634441{padding-bottom: 30px !important;}&#8221;][vc_column width=&#8221;2\/3&#8243;][vc_custom_heading text=&#8221;PLANFIX-FINE PROFESSIONAL<br \/>\n&#8221; font_container=&#8221;tag:h2|font_size:50|text_align:left&#8221; use_theme_fonts=&#8221;yes&#8221; link=&#8221;|title:AQUAMAT%20-%20SUPERELASTIC||&#8221;][\/vc_column][\/vc_row][vc_row][vc_column width=&#8221;1\/2&#8243;][vc_single_image image=&#8221;1936&#8243; img_size=&#8221;full&#8221;][\/vc_column][vc_column width=&#8221;1\/2&#8243;][vc_column_text]<span style=\"color: #000000;\"><strong>PLANFIX-FINE PROFESSIONAL \u00ebsht\u00eb stuko cimentoje jasht\u00ebzakonisht kok\u00ebrrim\u00ebt, me p\u00ebrmbajtje rr\u00ebshire, p\u00ebr p\u00ebrdorim t\u00eb jasht\u00ebm ose t\u00eb brendsh\u00ebm.<\/strong> Duke shtuar uj\u00eb krijohet nj\u00eb mas\u00eb n\u00eb trajt\u00eb paste me punueshm\u00ebri shume\u00eb t\u00eb mir\u00eb, e p\u00ebrshtatshme p\u00ebr patinim. N\u00eb krahasim me stukon\u00a0 e zakonshme ofron avantazhet e m\u00ebposhtme:<\/span><\/p>\n<ul>\n<li><span style=\"color: #000000;\">Ka pesh\u00eb t\u00eb leht\u00eb dhe \u00ebsht\u00eb m\u00eb kollaj t\u00eb aplikohet.<\/span><\/li>\n<li><span style=\"color: #000000;\">Mund t\u00eb sp\u00ebrkatet m\u00eb kollaj me r\u00ebr\u00eb.<\/span><\/li>\n<li><span style=\"color: #000000;\">Ka konsum m\u00eb t\u00eb ul\u00ebt.<\/span><\/li>\n<\/ul>\n<p><span style=\"color: #000000;\">P\u00ebr arsye t\u00eb p\u00ebrb\u00ebrjes s\u00eb tij kokometrike mund t\u00eb aplikohet edhe me pomp\u00eb. Klasifikohet si llac GP CS IV, W2, sipas EN 998-1.<\/span><\/p>\n<ul>\n<li><span style=\"color: #000000;\">Rrafshim dhe meremetim t\u00eb betonit t\u00eb pasuvatuar (p\u00ebr q\u00ebllime dekorative).<\/span><\/li>\n<li><span style=\"color: #000000;\">Mbyllje plasaritjesh, poresh dhe zgavrash n\u00eb sip\u00ebrfaqe betoni.<\/span><\/li>\n<li><span style=\"color: #000000;\">Rrafshim (patinim) total t\u00eb sip\u00ebrfaqeve me nj\u00eb shtres\u00eb t\u00eb im\u00ebt me stuko n\u00eb vend t\u00eb llacit t\u00eb zakonsh\u00ebm me cimento ose suvas\u00eb.<\/span><\/li>\n<\/ul>\n<p><span style=\"color: #000000;\"><strong>N\u00ebnshtresa<\/strong><\/span><br \/>\n<span style=\"color: #000000;\">N\u00ebnshtresa duhet t\u00eb jet\u00eb solide dhe e past\u00ebr, pa pluhura, l\u00ebnd\u00eb yndyrore, materiale t\u00eb lira, etj. Para aplikimit t\u00eb PLANFIX-FINE PROFESSIONAL sip\u00ebrfaqja e n\u00ebnshtres\u00ebs duhet t\u00eb laget mir\u00eb me uj\u00eb.<\/span><\/p>\n<p><span style=\"color: #000000;\"><strong>Zbatimi<\/strong><\/span><br \/>\n<span style=\"color: #000000;\">N\u00eb nj\u00eb en\u00eb t\u00eb past\u00ebr hedhim uj\u00eb dhe shtojm\u00eb gradualisht duke p\u00ebrzier pluhurin PLANFIX-FINE PROFESSIONAL, n\u00eb raporte PLANFIX-FINE PROFESSIONAL: uj\u00eb = 1:3 sipas v\u00ebllimit, deri sa t\u00eb krijohet nj\u00eb mas\u00eb homogjene n\u00eb trajt\u00eb paste, e p\u00ebrshtatshme p\u00ebr stukim.<\/span>[\/vc_column_text][vc_row_inner][vc_column_inner width=&#8221;1\/2&#8243;]<div class=\"standard-arrow bullet-top\"><ul>\n<li><span style=\"color: #000000;\">Temperatura gjat\u00eb aplikimit duhet t\u00eb jet\u00eb t\u00eb pakt\u00ebn +5 oC.<\/span><\/li>\n<li><span style=\"color: #000000;\">Gjat\u00eb muajve veror\u00eb rekomandohet q\u00eb PLANFIX-FINE PROFESSIONAL pas aplikimit t\u00eb tij t\u00eb laget me uj\u00eb, q\u00eb t\u00eb mbrohet nga dehidratimi p\u00ebr shkak t\u00eb temperaturave t\u00eb larta.<\/span><\/li>\n<\/ul>\n<\/div>[\/vc_column_inner][vc_column_inner width=&#8221;1\/2&#8243;]<div class=\"standard-arrow bullet-top\"><ul>\n<li><span style=\"color: #000000;\">Produkti p\u00ebrmban cimento, i cili reagon si alkal me ujin dhe klasifikohet si irritues.<\/span><\/li>\n<\/ul>\n<\/div>[\/vc_column_inner][\/vc_row_inner][vc_row_inner css=&#8221;.vc_custom_1683100048912{padding-top: 20px !important;}&#8221;][vc_column_inner width=&#8221;1\/2&#8243;]<div class=\"aio-icon-component    style_1\"><div id=\"Info-box-wrap-8349\" class=\"aio-icon-box default-icon\" style=\"\"  ><div class=\"aio-icon-default\"><div class=\"ult-just-icon-wrapper  \"><div class=\"align-icon\" style=\"text-align:center;\">\n<div class=\"aio-icon-img \" style=\"font-size:65px;display:inline-block;\" >\n\t<img decoding=\"async\" class=\"img-icon\" alt=\"null\" src=\"https:\/\/aedcolor.com\/wp-content\/uploads\/2023\/05\/image-2.png\"\/>\n<\/div><\/div><\/div><\/div><div class=\"aio-icon-header\" ><h3 class=\"aio-icon-title ult-responsive\"  data-ultimate-target='#Info-box-wrap-8349 .aio-icon-title'  data-responsive-json-new='{\"font-size\":\"\",\"line-height\":\"\"}'  style=\"\">Sip\u00ebrfaqe: Betoni<\/h3><\/div> <!-- header --><\/div> <!-- aio-icon-box --><\/div> <!-- aio-icon-component -->[\/vc_column_inner][vc_column_inner width=&#8221;1\/2&#8243;]<div class=\"aio-icon-component    style_1\"><div id=\"Info-box-wrap-6847\" class=\"aio-icon-box default-icon\" style=\"\"  ><div class=\"aio-icon-default\"><div class=\"ult-just-icon-wrapper  \"><div class=\"align-icon\" style=\"text-align:center;\">\n<div class=\"aio-icon-img \" style=\"font-size:65px;display:inline-block;\" >\n\t<img decoding=\"async\" class=\"img-icon\" alt=\"null\" src=\"https:\/\/aedcolor.com\/wp-content\/uploads\/2023\/05\/image-1.png\"\/>\n<\/div><\/div><\/div><\/div><div class=\"aio-icon-header\" ><h3 class=\"aio-icon-title ult-responsive\"  data-ultimate-target='#Info-box-wrap-6847 .aio-icon-title'  data-responsive-json-new='{\"font-size\":\"\",\"line-height\":\"\"}'  style=\"\">Aplikimi: Me mistri<\/h3><\/div> <!-- header --><\/div> <!-- aio-icon-box --><\/div> <!-- aio-icon-component -->[\/vc_column_inner][\/vc_row_inner][\/vc_column][\/vc_row]<\/p>\n<\/div>","protected":false},"excerpt":{"rendered":"<p>[vc_row css=&#8221;.vc_custom_1683099634441{padding-bottom: 30px !important;}&#8221;][vc_column width=&#8221;2\/3&#8243;][vc_custom_heading text=&#8221;PLANFIX-FINE PROFESSIONAL &#8221; font_container=&#8221;tag:h2|font_size:50|text_align:left&#8221; use_theme_fonts=&#8221;yes&#8221; link=&#8221;|title:AQUAMAT%20-%20SUPERELASTIC||&#8221;][\/vc_column][\/vc_row][vc_row][vc_column width=&#8221;1\/2&#8243;][vc_single_image image=&#8221;1936&#8243; img_size=&#8221;full&#8221;][\/vc_column][vc_column width=&#8221;1\/2&#8243;][vc_column_text]PLANFIX-FINE PROFESSIONAL \u00ebsht\u00eb stuko cimentoje jasht\u00ebzakonisht kok\u00ebrrim\u00ebt, me p\u00ebrmbajtje rr\u00ebshire, p\u00ebr p\u00ebrdorim t\u00eb jasht\u00ebm ose t\u00eb brendsh\u00ebm. Duke shtuar uj\u00eb krijohet nj\u00eb mas\u00eb n\u00eb trajt\u00eb paste me punueshm\u00ebri shume\u00eb t\u00eb mir\u00eb, e p\u00ebrshtatshme p\u00ebr patinim. N\u00eb krahasim me stukon\u00a0 e zakonshme&hellip;<\/p>\n","protected":false},"author":2,"featured_media":0,"parent":0,"menu_order":0,"comment_status":"closed","ping_status":"closed","template":"","meta":{"footnotes":""},"class_list":["post-1935","page","type-page","status-publish","hentry","description-off"],"_links":{"self":[{"href":"https:\/\/aedcolor.com\/index.php\/wp-json\/wp\/v2\/pages\/1935","targetHints":{"allow":["GET"]}}],"collection":[{"href":"https:\/\/aedcolor.com\/index.php\/wp-json\/wp\/v2\/pages"}],"about":[{"href":"https:\/\/aedcolor.com\/index.php\/wp-json\/wp\/v2\/types\/page"}],"author":[{"embeddable":true,"href":"https:\/\/aedcolor.com\/index.php\/wp-json\/wp\/v2\/users\/2"}],"replies":[{"embeddable":true,"href":"https:\/\/aedcolor.com\/index.php\/wp-json\/wp\/v2\/comments?post=1935"}],"version-history":[{"count":3,"href":"https:\/\/aedcolor.com\/index.php\/wp-json\/wp\/v2\/pages\/1935\/revisions"}],"predecessor-version":[{"id":9234,"href":"https:\/\/aedcolor.com\/index.php\/wp-json\/wp\/v2\/pages\/1935\/revisions\/9234"}],"wp:attachment":[{"href":"https:\/\/aedcolor.com\/index.php\/wp-json\/wp\/v2\/media?parent=1935"}],"curies":[{"name":"wp","href":"https:\/\/api.w.org\/{rel}","templated":true}]}}