{"id":19648,"date":"2025-08-15T09:55:21","date_gmt":"2025-08-15T09:55:21","guid":{"rendered":"https:\/\/aedcolor.com\/?page_id=19648"},"modified":"2025-08-27T09:35:55","modified_gmt":"2025-08-27T09:35:55","slug":"calm","status":"publish","type":"page","link":"https:\/\/aedcolor.com\/index.php\/calm\/","title":{"rendered":"CALM"},"content":{"rendered":"<div class=\"wpb-content-wrapper\"><p>[vc_row css=&#8221;.vc_custom_1683099634441{padding-bottom: 30px !important;}&#8221;][vc_column width=&#8221;2\/3&#8243;][vc_custom_heading text=&#8221;CALM 810&#8243; font_container=&#8221;tag:h2|font_size:50|text_align:left&#8221; use_theme_fonts=&#8221;yes&#8221; css=&#8221;&#8221;][\/vc_column][vc_column width=&#8221;1\/3&#8243;][\/vc_column][\/vc_row][vc_row][vc_column width=&#8221;1\/2&#8243;][vc_single_image image=&#8221;19644&#8243; img_size=&#8221;full&#8221; alignment=&#8221;center&#8221; css=&#8221;&#8221;][\/vc_column][vc_column width=&#8221;1\/2&#8243;][vc_column_text css=&#8221;&#8221;]<strong><span style=\"color: #000000;\">KOLEKSIONI CALM<\/span><\/strong><\/p>\n<p><span style=\"color: #000000;\"><strong>810 <\/strong><\/span><span style=\"color: #000000;\"><strong>(418\u00d733<\/strong><\/span><strong style=\"color: #000000;\">2\u00d7138)<\/strong>[\/vc_column_text][vc_row_inner][vc_column_inner width=&#8221;1\/2&#8243;]<div class=\"standard-arrow bullet-top\"><ul>\n<li>T\u00eb prodhuara nga nj\u00eb sip\u00ebrfaqe e ngurt\u00eb akrilik-poliester.<\/li>\n<\/ul>\n<\/div>[\/vc_column_inner][vc_column_inner width=&#8221;1\/2&#8243;]<div class=\"standard-arrow bullet-top\"><ul>\n<li>\n<pre id=\"tw-target-text\" class=\"tw-data-text tw-text-large tw-ta\" dir=\"ltr\" data-placeholder=\"Translation\" data-ved=\"2ahUKEwjwxqLM94mPAxXkRvEDHXnmDrAQ3ewLegQIChAV\" aria-label=\"Translated text: Koleksion i l\u00ebmuar Lavaman\u00eb t\u00eb dyfisht\u00eb me madh\u00ebsi t\u00eb barabart\u00eb sjellin eleganc\u00eb t\u00eb thjesht\u00eb dhe praktik\u00eb n\u00eb dizajnet e kuzhin\u00ebs suaj. \u2022 T\u00eb prodhuara nga nj\u00eb sip\u00ebrfaqe e ngurt\u00eb akrilik-poliester. \u2022 Sip\u00ebrfaqe jo poroze q\u00eb me pastrim t\u00eb duhur, i reziston mykut, k\u00ebrpudhave dhe njollave. \u2022 Lavaman\u00eb t\u00eb ve\u00e7ant\u00eb me ndarje t\u00eb rrumbullak\u00ebta dhe t\u00eb zhytura n\u00eb form\u00eb hunde.\"><span class=\"Y2IQFc\" lang=\"sq\">Sip\u00ebrfaqe jo poroze q\u00eb me pastrim t\u00eb duhur, i reziston mykut, k\u00ebrpudhave dhe njollave.<\/span><\/pre>\n<\/li>\n<\/ul>\n<\/div>[\/vc_column_inner][\/vc_row_inner][vc_row_inner][vc_column_inner width=&#8221;1\/2&#8243;]<div class=\"standard-arrow bullet-top\"><ul>\n<li>\n<pre id=\"tw-target-text\" class=\"tw-data-text tw-text-large tw-ta\" dir=\"ltr\" data-placeholder=\"Translation\" data-ved=\"2ahUKEwjwxqLM94mPAxXkRvEDHXnmDrAQ3ewLegQIChAV\" aria-label=\"Translated text: Koleksion i l\u00ebmuar Lavaman\u00eb t\u00eb dyfisht\u00eb me madh\u00ebsi t\u00eb barabart\u00eb sjellin eleganc\u00eb t\u00eb thjesht\u00eb dhe praktik\u00eb n\u00eb dizajnet e kuzhin\u00ebs suaj. \u2022 T\u00eb prodhuara nga nj\u00eb sip\u00ebrfaqe e ngurt\u00eb akrilik-poliester. \u2022 Sip\u00ebrfaqe jo poroze q\u00eb me pastrim t\u00eb duhur, i reziston mykut, k\u00ebrpudhave dhe njollave. \u2022 Lavaman\u00eb t\u00eb ve\u00e7ant\u00eb me ndarje t\u00eb rrumbullak\u00ebta dhe t\u00eb zhytura n\u00eb form\u00eb hunde.\">Mbushje Standarde Integrale e P\u00ebrparme.<\/pre>\n<\/li>\n<\/ul>\n<\/div>[\/vc_column_inner][\/vc_row_inner][vc_row_inner css=&#8221;.vc_custom_1683100048912{padding-top: 20px !important;}&#8221;][vc_column_inner width=&#8221;1\/2&#8243;]<div class=\"aio-icon-component    style_1\"><div id=\"Info-box-wrap-1918\" class=\"aio-icon-box default-icon\" style=\"\"  ><div class=\"aio-icon-default\"><div class=\"ult-just-icon-wrapper  \"><div class=\"align-icon\" style=\"text-align:center;\">\n<div class=\"aio-icon-img \" style=\"font-size:65px;display:inline-block;\" >\n\t<img decoding=\"async\" class=\"img-icon\" alt=\"null\" src=\"https:\/\/aedcolor.com\/wp-content\/uploads\/2023\/05\/image-2.png\"\/>\n<\/div><\/div><\/div><\/div><div class=\"aio-icon-header\" ><h3 class=\"aio-icon-title ult-responsive\"  data-ultimate-target='#Info-box-wrap-1918 .aio-icon-title'  data-responsive-json-new='{\"font-size\":\"\",\"line-height\":\"\"}'  style=\"\">Ngjyra: Glacier White | Cameo White | Designer White<\/h3><\/div> <!-- header --><\/div> <!-- aio-icon-box --><\/div> <!-- aio-icon-component -->[\/vc_column_inner][vc_column_inner width=&#8221;1\/2&#8243;]<div class=\"aio-icon-component    style_1\"><div id=\"Info-box-wrap-6976\" class=\"aio-icon-box default-icon\" style=\"\"  ><div class=\"aio-icon-default\"><div class=\"ult-just-icon-wrapper  \"><div class=\"align-icon\" style=\"text-align:center;\">\n<div class=\"aio-icon-img \" style=\"font-size:65px;display:inline-block;\" >\n\t<img decoding=\"async\" class=\"img-icon\" alt=\"null\" src=\"https:\/\/aedcolor.com\/wp-content\/uploads\/2025\/08\/download.png\"\/>\n<\/div><\/div><\/div><\/div><div class=\"aio-icon-header\" ><h3 class=\"aio-icon-title ult-responsive\"  data-ultimate-target='#Info-box-wrap-6976 .aio-icon-title'  data-responsive-json-new='{\"font-size\":\"\",\"line-height\":\"\"}'  style=\"\">Aksesor: Komplet tejmbushjeje p\u00ebr lavaman banjoje n\u00eb kuti.<\/h3><\/div> <!-- header --><\/div> <!-- aio-icon-box --><\/div> <!-- aio-icon-component -->[\/vc_column_inner][\/vc_row_inner][\/vc_column][\/vc_row]<\/p>\n<\/div>","protected":false},"excerpt":{"rendered":"<p>[vc_row css=&#8221;.vc_custom_1683099634441{padding-bottom: 30px !important;}&#8221;][vc_column width=&#8221;2\/3&#8243;][vc_custom_heading text=&#8221;CALM 810&#8243; font_container=&#8221;tag:h2|font_size:50|text_align:left&#8221; use_theme_fonts=&#8221;yes&#8221; css=&#8221;&#8221;][\/vc_column][vc_column width=&#8221;1\/3&#8243;][\/vc_column][\/vc_row][vc_row][vc_column width=&#8221;1\/2&#8243;][vc_single_image image=&#8221;19644&#8243; img_size=&#8221;full&#8221; alignment=&#8221;center&#8221; css=&#8221;&#8221;][\/vc_column][vc_column width=&#8221;1\/2&#8243;][vc_column_text css=&#8221;&#8221;]KOLEKSIONI CALM 810 (418\u00d7332\u00d7138)[\/vc_column_text][vc_row_inner][vc_column_inner width=&#8221;1\/2&#8243;][\/vc_column_inner][vc_column_inner width=&#8221;1\/2&#8243;][\/vc_column_inner][\/vc_row_inner][vc_row_inner][vc_column_inner width=&#8221;1\/2&#8243;][\/vc_column_inner][\/vc_row_inner][vc_row_inner css=&#8221;.vc_custom_1683100048912{padding-top: 20px !important;}&#8221;][vc_column_inner width=&#8221;1\/2&#8243;][\/vc_column_inner][vc_column_inner width=&#8221;1\/2&#8243;][\/vc_column_inner][\/vc_row_inner][\/vc_column][\/vc_row]<\/p>\n","protected":false},"author":2,"featured_media":0,"parent":0,"menu_order":0,"comment_status":"closed","ping_status":"closed","template":"","meta":{"footnotes":""},"class_list":["post-19648","page","type-page","status-publish","hentry","description-off"],"_links":{"self":[{"href":"https:\/\/aedcolor.com\/index.php\/wp-json\/wp\/v2\/pages\/19648","targetHints":{"allow":["GET"]}}],"collection":[{"href":"https:\/\/aedcolor.com\/index.php\/wp-json\/wp\/v2\/pages"}],"about":[{"href":"https:\/\/aedcolor.com\/index.php\/wp-json\/wp\/v2\/types\/page"}],"author":[{"embeddable":true,"href":"https:\/\/aedcolor.com\/index.php\/wp-json\/wp\/v2\/users\/2"}],"replies":[{"embeddable":true,"href":"https:\/\/aedcolor.com\/index.php\/wp-json\/wp\/v2\/comments?post=19648"}],"version-history":[{"count":3,"href":"https:\/\/aedcolor.com\/index.php\/wp-json\/wp\/v2\/pages\/19648\/revisions"}],"predecessor-version":[{"id":19847,"href":"https:\/\/aedcolor.com\/index.php\/wp-json\/wp\/v2\/pages\/19648\/revisions\/19847"}],"wp:attachment":[{"href":"https:\/\/aedcolor.com\/index.php\/wp-json\/wp\/v2\/media?parent=19648"}],"curies":[{"name":"wp","href":"https:\/\/api.w.org\/{rel}","templated":true}]}}