{"id":227,"date":"2019-04-18T15:22:02","date_gmt":"2019-04-18T15:22:02","guid":{"rendered":"https:\/\/aedcolor.com\/?page_id=227"},"modified":"2024-01-25T08:44:49","modified_gmt":"2024-01-25T08:44:49","slug":"fibran-xps","status":"publish","type":"page","link":"https:\/\/aedcolor.com\/index.php\/fibran-xps\/","title":{"rendered":"FIBRAN XPS"},"content":{"rendered":"<div class=\"wpb-content-wrapper\"><p>[vc_row gap=&#8221;30&#8243;][vc_column width=&#8221;1\/4&#8243; css=&#8221;.vc_custom_1684738958003{border-top-width: 5px !important;border-right-width: 5px !important;border-bottom-width: 5px !important;border-left-width: 5px !important;border-left-color: rgba(62,66,77,0.14) !important;border-left-style: solid !important;border-right-color: rgba(62,66,77,0.14) !important;border-right-style: solid !important;border-top-color: rgba(62,66,77,0.14) !important;border-top-style: solid !important;border-bottom-color: rgba(62,66,77,0.14) !important;border-bottom-style: solid !important;}&#8221;][vc_single_image image=&#8221;6409&#8243; img_size=&#8221;full&#8221; alignment=&#8221;center&#8221; image_hovers=&#8221;false&#8221;][vc_custom_heading text=&#8221;FIBRAN xps 300-I&#8221; font_container=&#8221;tag:h3|font_size:18|text_align:center|color:%23333333&#8243; google_fonts=&#8221;font_family:Roboto%3A100%2C100italic%2C300%2C300italic%2Cregular%2Citalic%2C500%2C500italic%2C700%2C700italic%2C900%2C900italic|font_style:500%20bold%20regular%3A500%3Anormal&#8221;][vc_column_text]<\/p>\n<p style=\"text-align: center;\">Pllak\u00eb termoizoluese e b\u00ebr\u00eb nga polistireni i ekstruduar, me sip\u00ebrfaqe t\u00eb l\u00ebmuar dhe skaje t\u00eb prera drejt<\/p>\n<p>[\/vc_column_text][vc_btn title=&#8221;Shiko me shume&#8221; style=&#8221;outline-custom&#8221; outline_custom_color=&#8221;#cf171f&#8221; outline_custom_hover_background=&#8221;#cf171f&#8221; outline_custom_hover_text=&#8221;#ffffff&#8221; size=&#8221;sm&#8221; align=&#8221;center&#8221; link=&#8221;url:https%3A%2F%2Faedcolor.com%2Findex.php%2Ffibranxps-300-i%2F|||&#8221;][\/vc_column][vc_column width=&#8221;1\/4&#8243; css=&#8221;.vc_custom_1684737591181{border-top-width: 5px !important;border-right-width: 5px !important;border-bottom-width: 5px !important;border-left-width: 5px !important;border-left-color: rgba(62,66,77,0.14) !important;border-left-style: solid !important;border-right-color: rgba(62,66,77,0.14) !important;border-right-style: solid !important;border-top-color: rgba(62,66,77,0.14) !important;border-top-style: solid !important;border-bottom-color: rgba(62,66,77,0.14) !important;border-bottom-style: solid !important;}&#8221;][vc_single_image image=&#8221;3232&#8243; img_size=&#8221;full&#8221; alignment=&#8221;center&#8221; image_hovers=&#8221;false&#8221;][vc_custom_heading text=&#8221;FIBRANxps 300-L&#8221; font_container=&#8221;tag:h3|font_size:18|text_align:center|color:%23333333&#8243; google_fonts=&#8221;font_family:Roboto%3A100%2C100italic%2C300%2C300italic%2Cregular%2Citalic%2C500%2C500italic%2C700%2C700italic%2C900%2C900italic|font_style:500%20bold%20regular%3A500%3Anormal&#8221;][vc_column_text]<\/p>\n<p style=\"text-align: center;\">Pllak\u00eb termoizoluese e b\u00ebr\u00eb nga polistiren i ekstruduar<\/p>\n<p>[\/vc_column_text][vc_btn title=&#8221;Shiko me shume&#8221; style=&#8221;outline-custom&#8221; outline_custom_color=&#8221;#cf171f&#8221; outline_custom_hover_background=&#8221;#cf171f&#8221; outline_custom_hover_text=&#8221;#ffffff&#8221; size=&#8221;sm&#8221; align=&#8221;center&#8221; link=&#8221;url:https%3A%2F%2Faedcolor.com%2Findex.php%2Ffibranxps-300-l%2F|||&#8221;][\/vc_column][vc_column width=&#8221;1\/4&#8243; css=&#8221;.vc_custom_1684737715074{border-top-width: 5px !important;border-right-width: 5px !important;border-bottom-width: 5px !important;border-left-width: 5px !important;border-left-color: rgba(62,66,77,0.14) !important;border-left-style: solid !important;border-right-color: rgba(62,66,77,0.14) !important;border-right-style: solid !important;border-top-color: rgba(62,66,77,0.14) !important;border-top-style: solid !important;border-bottom-color: rgba(62,66,77,0.14) !important;border-bottom-style: solid !important;}&#8221;][vc_single_image image=&#8221;3232&#8243; img_size=&#8221;full&#8221; alignment=&#8221;center&#8221; image_hovers=&#8221;false&#8221;][vc_custom_heading text=&#8221;FIBRANxps 400-L&#8221; font_container=&#8221;tag:h3|font_size:18|text_align:center|color:%23333333&#8243; google_fonts=&#8221;font_family:Roboto%3A100%2C100italic%2C300%2C300italic%2Cregular%2Citalic%2C500%2C500italic%2C700%2C700italic%2C900%2C900italic|font_style:500%20bold%20regular%3A500%3Anormal&#8221;][vc_column_text]<\/p>\n<p style=\"text-align: center;\">Pllak\u00eb termoizoluese e b\u00ebr\u00eb nga polistireni i ekstruduar<\/p>\n<p>[\/vc_column_text][vc_btn title=&#8221;Shiko me shume&#8221; style=&#8221;outline-custom&#8221; outline_custom_color=&#8221;#cf171f&#8221; outline_custom_hover_background=&#8221;#cf171f&#8221; outline_custom_hover_text=&#8221;#ffffff&#8221; size=&#8221;sm&#8221; align=&#8221;center&#8221; link=&#8221;url:https%3A%2F%2Faedcolor.com%2Findex.php%2Ffibran-xps-400-l%2F|||&#8221;][\/vc_column][vc_column width=&#8221;1\/4&#8243; css=&#8221;.vc_custom_1684738937241{border-top-width: 5px !important;border-right-width: 5px !important;border-bottom-width: 5px !important;border-left-width: 5px !important;border-left-color: rgba(62,66,77,0.14) !important;border-left-style: solid !important;border-right-color: rgba(62,66,77,0.14) !important;border-right-style: solid !important;border-top-color: rgba(62,66,77,0.14) !important;border-top-style: solid !important;border-bottom-color: rgba(62,66,77,0.14) !important;border-bottom-style: solid !important;}&#8221;][vc_single_image image=&#8221;3232&#8243; img_size=&#8221;full&#8221; alignment=&#8221;center&#8221; image_hovers=&#8221;false&#8221;][vc_custom_heading text=&#8221;FIBRANxps 700-L&#8221; font_container=&#8221;tag:h3|font_size:18|text_align:center|color:%23333333&#8243; google_fonts=&#8221;font_family:Roboto%3A100%2C100italic%2C300%2C300italic%2Cregular%2Citalic%2C500%2C500italic%2C700%2C700italic%2C900%2C900italic|font_style:500%20bold%20regular%3A500%3Anormal&#8221;][vc_column_text]<\/p>\n<p style=\"text-align: center;\">Pllak\u00eb termoizoluese e b\u00ebr\u00eb nga polistireni i ekstruduar<\/p>\n<p>[\/vc_column_text][vc_btn title=&#8221;Shiko me shume&#8221; style=&#8221;outline-custom&#8221; outline_custom_color=&#8221;#cf171f&#8221; outline_custom_hover_background=&#8221;#cf171f&#8221; outline_custom_hover_text=&#8221;#ffffff&#8221; size=&#8221;sm&#8221; align=&#8221;center&#8221; link=&#8221;url:https%3A%2F%2Faedcolor.com%2Findex.php%2Ffibran-xps-700-l%2F|||&#8221;][\/vc_column][\/vc_row][vc_row gap=&#8221;30&#8243;][vc_column width=&#8221;1\/4&#8243; css=&#8221;.vc_custom_1705919490928{border-top-width: 5px !important;border-right-width: 5px !important;border-bottom-width: 5px !important;border-left-width: 5px !important;border-left-color: rgba(62,66,77,0.14) !important;border-left-style: solid !important;border-right-color: rgba(62,66,77,0.14) !important;border-right-style: solid !important;border-top-color: rgba(62,66,77,0.14) !important;border-top-style: solid !important;border-bottom-color: rgba(62,66,77,0.14) !important;border-bottom-style: solid !important;}&#8221;][vc_single_image image=&#8221;3258&#8243; img_size=&#8221;full&#8221; alignment=&#8221;center&#8221; image_hovers=&#8221;false&#8221;][vc_custom_heading text=&#8221;FIBRANxps ETICS BT&#8221; font_container=&#8221;tag:h3|font_size:18|text_align:center|color:%23333333&#8243; google_fonts=&#8221;font_family:Roboto%3A100%2C100italic%2C300%2C300italic%2Cregular%2Citalic%2C500%2C500italic%2C700%2C700italic%2C900%2C900italic|font_style:500%20bold%20regular%3A500%3Anormal&#8221;][vc_column_text]<\/p>\n<p style=\"text-align: center;\">Pllak\u00eb termoizoluese e b\u00ebr\u00eb nga polistireni i ekstruduar<\/p>\n<p>[\/vc_column_text][vc_btn title=&#8221;Shiko me shume&#8221; style=&#8221;outline-custom&#8221; outline_custom_color=&#8221;#cf171f&#8221; outline_custom_hover_background=&#8221;#cf171f&#8221; outline_custom_hover_text=&#8221;#ffffff&#8221; size=&#8221;sm&#8221; align=&#8221;center&#8221; link=&#8221;url:https%3A%2F%2Faedcolor.com%2Findex.php%2Ffibran-xps-etics-bt%2F|||&#8221;][\/vc_column][vc_column width=&#8221;1\/4&#8243; css=&#8221;.vc_custom_1705919459187{border-top-width: 5px !important;border-right-width: 5px !important;border-bottom-width: 5px !important;border-left-width: 5px !important;border-left-color: rgba(62,66,77,0.14) !important;border-left-style: solid !important;border-right-color: rgba(62,66,77,0.14) !important;border-right-style: solid !important;border-top-color: rgba(62,66,77,0.14) !important;border-top-style: solid !important;border-bottom-color: rgba(62,66,77,0.14) !important;border-bottom-style: solid !important;}&#8221;][vc_single_image image=&#8221;6413&#8243; img_size=&#8221;full&#8221; alignment=&#8221;center&#8221; image_hovers=&#8221;false&#8221;][vc_custom_heading text=&#8221;FIBRANxps 500-L&#8221; font_container=&#8221;tag:h3|font_size:18|text_align:center|color:%23333333&#8243; google_fonts=&#8221;font_family:Roboto%3A100%2C100italic%2C300%2C300italic%2Cregular%2Citalic%2C500%2C500italic%2C700%2C700italic%2C900%2C900italic|font_style:500%20bold%20regular%3A500%3Anormal&#8221;][vc_column_text]<\/p>\n<p style=\"text-align: center;\">Pllak\u00eb termoizoluese e b\u00ebr\u00eb nga polistireni i ekstruduar<\/p>\n<p>[\/vc_column_text][vc_btn title=&#8221;Shiko me shume&#8221; style=&#8221;outline-custom&#8221; outline_custom_color=&#8221;#cf171f&#8221; outline_custom_hover_background=&#8221;#cf171f&#8221; outline_custom_hover_text=&#8221;#ffffff&#8221; size=&#8221;sm&#8221; align=&#8221;center&#8221; link=&#8221;url:https%3A%2F%2Faedcolor.com%2Findex.php%2Ffibran-xps-500-l%2F|||&#8221;][\/vc_column][vc_column width=&#8221;1\/4&#8243; css=&#8221;.vc_custom_1684738098371{border-top-width: 5px !important;border-right-width: 5px !important;border-bottom-width: 5px !important;border-left-width: 5px !important;border-left-color: rgba(62,66,77,0.14) !important;border-left-style: solid !important;border-right-color: rgba(62,66,77,0.14) !important;border-right-style: solid !important;border-top-color: rgba(62,66,77,0.14) !important;border-top-style: solid !important;border-bottom-color: rgba(62,66,77,0.14) !important;border-bottom-style: solid !important;}&#8221;][vc_single_image image=&#8221;3258&#8243; img_size=&#8221;full&#8221; alignment=&#8221;center&#8221; image_hovers=&#8221;false&#8221;][vc_custom_heading text=&#8221;FIBRAN xps ETICS GF&#8221; font_container=&#8221;tag:h3|font_size:18|text_align:center|color:%23333333&#8243; google_fonts=&#8221;font_family:Roboto%3A100%2C100italic%2C300%2C300italic%2Cregular%2Citalic%2C500%2C500italic%2C700%2C700italic%2C900%2C900italic|font_style:500%20bold%20regular%3A500%3Anormal&#8221;][vc_column_text]<\/p>\n<p style=\"text-align: center;\">Pllak\u00eb termoizoluese e b\u00ebr\u00eb nga polistireni i ekstruduar<\/p>\n<p>[\/vc_column_text][vc_btn title=&#8221;Shiko me shume&#8221; style=&#8221;outline-custom&#8221; outline_custom_color=&#8221;#cf171f&#8221; outline_custom_hover_background=&#8221;#cf171f&#8221; outline_custom_hover_text=&#8221;#ffffff&#8221; size=&#8221;sm&#8221; align=&#8221;center&#8221; link=&#8221;url:https%3A%2F%2Faedcolor.com%2Findex.php%2Ffibran-xps-etics-gf%2F|||&#8221;][\/vc_column][vc_column width=&#8221;1\/4&#8243; css=&#8221;.vc_custom_1684738885347{border-top-width: 5px !important;border-right-width: 5px !important;border-bottom-width: 5px !important;border-left-width: 5px !important;border-left-color: rgba(62,66,77,0.14) !important;border-left-style: solid !important;border-right-color: rgba(62,66,77,0.14) !important;border-right-style: solid !important;border-top-color: rgba(62,66,77,0.14) !important;border-top-style: solid !important;border-bottom-color: rgba(62,66,77,0.14) !important;border-bottom-style: solid !important;}&#8221;][vc_single_image image=&#8221;3269&#8243; img_size=&#8221;full&#8221; alignment=&#8221;center&#8221; image_hovers=&#8221;false&#8221;][vc_custom_heading text=&#8221;FIBRANxps INCLINE&#8221; font_container=&#8221;tag:h3|font_size:18|text_align:center|color:%23333333&#8243; google_fonts=&#8221;font_family:Roboto%3A100%2C100italic%2C300%2C300italic%2Cregular%2Citalic%2C500%2C500italic%2C700%2C700italic%2C900%2C900italic|font_style:500%20bold%20regular%3A500%3Anormal&#8221;][vc_column_text]<\/p>\n<p style=\"text-align: center;\">Pllak\u00eb termoizoluese e pjerr\u00ebt e b\u00ebr\u00eb nga polistireni i ekstruduar<\/p>\n<p>[\/vc_column_text][vc_btn title=&#8221;Shiko me shume&#8221; style=&#8221;outline-custom&#8221; outline_custom_color=&#8221;#cf171f&#8221; outline_custom_hover_background=&#8221;#cf171f&#8221; outline_custom_hover_text=&#8221;#ffffff&#8221; size=&#8221;sm&#8221; align=&#8221;center&#8221; link=&#8221;url:https%3A%2F%2Faedcolor.com%2Findex.php%2Ffibran-xps-etics-gf-2%2F|||&#8221;][\/vc_column][\/vc_row][vc_row gap=&#8221;30&#8243;][vc_column width=&#8221;1\/4&#8243; css=&#8221;.vc_custom_1705919490928{border-top-width: 5px !important;border-right-width: 5px !important;border-bottom-width: 5px !important;border-left-width: 5px !important;border-left-color: rgba(62,66,77,0.14) !important;border-left-style: solid !important;border-right-color: rgba(62,66,77,0.14) !important;border-right-style: solid !important;border-top-color: rgba(62,66,77,0.14) !important;border-top-style: solid !important;border-bottom-color: rgba(62,66,77,0.14) !important;border-bottom-style: solid !important;}&#8221;][vc_single_image image=&#8221;10211&#8243; img_size=&#8221;full&#8221; alignment=&#8221;center&#8221; image_hovers=&#8221;false&#8221;][vc_custom_heading text=&#8221;FIBRANxps INCLINE 2,00 %&#8221; font_container=&#8221;tag:h3|font_size:18|text_align:center|color:%23333333&#8243; google_fonts=&#8221;font_family:Roboto%3A100%2C100italic%2C300%2C300italic%2Cregular%2Citalic%2C500%2C500italic%2C700%2C700italic%2C900%2C900italic|font_style:500%20bold%20regular%3A500%3Anormal&#8221;][vc_column_text]<\/p>\n<p style=\"text-align: center;\">Pllak\u00eb termoizoluese e pjerr\u00ebt e b\u00ebr\u00eb nga polistireni i ekstruduar<\/p>\n<p>[\/vc_column_text][vc_btn title=&#8221;Shiko me shume&#8221; style=&#8221;outline-custom&#8221; outline_custom_color=&#8221;#cf171f&#8221; outline_custom_hover_background=&#8221;#cf171f&#8221; outline_custom_hover_text=&#8221;#ffffff&#8221; size=&#8221;sm&#8221; align=&#8221;center&#8221; link=&#8221;url:https%3A%2F%2Faedcolor.com%2Findex.php%2Ffibranxps-incline-200%2F|||&#8221;][\/vc_column][vc_column width=&#8221;1\/4&#8243; css=&#8221;.vc_custom_1705919459187{border-top-width: 5px !important;border-right-width: 5px !important;border-bottom-width: 5px !important;border-left-width: 5px !important;border-left-color: rgba(62,66,77,0.14) !important;border-left-style: solid !important;border-right-color: rgba(62,66,77,0.14) !important;border-right-style: solid !important;border-top-color: rgba(62,66,77,0.14) !important;border-top-style: solid !important;border-bottom-color: rgba(62,66,77,0.14) !important;border-bottom-style: solid !important;}&#8221;][vc_single_image image=&#8221;10220&#8243; img_size=&#8221;full&#8221; alignment=&#8221;center&#8221; image_hovers=&#8221;false&#8221;][vc_custom_heading text=&#8221;FIBRANxsp SEISMIC 400-L&#8221; font_container=&#8221;tag:h3|font_size:18|text_align:center|color:%23333333&#8243; google_fonts=&#8221;font_family:Roboto%3A100%2C100italic%2C300%2C300italic%2Cregular%2Citalic%2C500%2C500italic%2C700%2C700italic%2C900%2C900italic|font_style:500%20bold%20regular%3A500%3Anormal&#8221;][vc_column_text]<\/p>\n<p style=\"text-align: center;\">Pllak\u00eb termoizoluese e b\u00ebr\u00eb nga polistireni i ekstruduar me sip\u00ebrfaqe t\u00eb l\u00ebmuar dhe brazda<\/p>\n<p>[\/vc_column_text][vc_btn title=&#8221;Shiko me shume&#8221; style=&#8221;outline-custom&#8221; outline_custom_color=&#8221;#cf171f&#8221; outline_custom_hover_background=&#8221;#cf171f&#8221; outline_custom_hover_text=&#8221;#ffffff&#8221; size=&#8221;sm&#8221; align=&#8221;center&#8221; link=&#8221;url:https%3A%2F%2Faedcolor.com%2Findex.php%2Ffibranxps-etics-gf-i%2F|||&#8221;][\/vc_column][vc_column width=&#8221;1\/4&#8243; css=&#8221;.vc_custom_1684738098371{border-top-width: 5px !important;border-right-width: 5px !important;border-bottom-width: 5px !important;border-left-width: 5px !important;border-left-color: rgba(62,66,77,0.14) !important;border-left-style: solid !important;border-right-color: rgba(62,66,77,0.14) !important;border-right-style: solid !important;border-top-color: rgba(62,66,77,0.14) !important;border-top-style: solid !important;border-bottom-color: rgba(62,66,77,0.14) !important;border-bottom-style: solid !important;}&#8221;][vc_single_image image=&#8221;10197&#8243; img_size=&#8221;full&#8221; alignment=&#8221;center&#8221; image_hovers=&#8221;false&#8221;][vc_custom_heading text=&#8221;FIBRANxps SEISMIC 500-L&#8221; font_container=&#8221;tag:h3|font_size:18|text_align:center|color:%23333333&#8243; google_fonts=&#8221;font_family:Roboto%3A100%2C100italic%2C300%2C300italic%2Cregular%2Citalic%2C500%2C500italic%2C700%2C700italic%2C900%2C900italic|font_style:500%20bold%20regular%3A500%3Anormal&#8221;][vc_column_text]<\/p>\n<p style=\"text-align: center;\">Pllak\u00eb termoizoluese e b\u00ebr\u00eb nga polistireni i ekstruduar me sip\u00ebrfaqe t\u00eb l\u00ebmuar dhe brazda<\/p>\n<p>[\/vc_column_text][vc_btn title=&#8221;Shiko me shume&#8221; style=&#8221;outline-custom&#8221; outline_custom_color=&#8221;#cf171f&#8221; outline_custom_hover_background=&#8221;#cf171f&#8221; outline_custom_hover_text=&#8221;#ffffff&#8221; size=&#8221;sm&#8221; align=&#8221;center&#8221; link=&#8221;url:https%3A%2F%2Faedcolor.com%2Findex.php%2Ffibranxps-seismic-500-l%2F|||&#8221;][\/vc_column][vc_column width=&#8221;1\/4&#8243; css=&#8221;.vc_custom_1684738885347{border-top-width: 5px !important;border-right-width: 5px !important;border-bottom-width: 5px !important;border-left-width: 5px !important;border-left-color: rgba(62,66,77,0.14) !important;border-left-style: solid !important;border-right-color: rgba(62,66,77,0.14) !important;border-right-style: solid !important;border-top-color: rgba(62,66,77,0.14) !important;border-top-style: solid !important;border-bottom-color: rgba(62,66,77,0.14) !important;border-bottom-style: solid !important;}&#8221;][vc_single_image image=&#8221;10192&#8243; img_size=&#8221;full&#8221; alignment=&#8221;center&#8221; image_hovers=&#8221;false&#8221;][vc_custom_heading text=&#8221;FIBRANxps SEISMIC 700-L&#8221; font_container=&#8221;tag:h3|font_size:18|text_align:center|color:%23333333&#8243; google_fonts=&#8221;font_family:Roboto%3A100%2C100italic%2C300%2C300italic%2Cregular%2Citalic%2C500%2C500italic%2C700%2C700italic%2C900%2C900italic|font_style:500%20bold%20regular%3A500%3Anormal&#8221;][vc_column_text]<\/p>\n<p style=\"text-align: center;\">Pllak\u00eb termoizoluese prej polistireni t\u00eb ekstruduar me sip\u00ebrfaqe t\u00eb l\u00ebmuar dhe brazda<\/p>\n<p>[\/vc_column_text][vc_btn title=&#8221;Shiko me shume&#8221; style=&#8221;outline-custom&#8221; outline_custom_color=&#8221;#cf171f&#8221; outline_custom_hover_background=&#8221;#cf171f&#8221; outline_custom_hover_text=&#8221;#ffffff&#8221; size=&#8221;sm&#8221; align=&#8221;center&#8221; link=&#8221;url:https%3A%2F%2Faedcolor.com%2Findex.php%2Ffibranxps-seismic-700-l%2F|||&#8221;][\/vc_column][\/vc_row][vc_row gap=&#8221;30&#8243;][vc_column width=&#8221;1\/4&#8243; css=&#8221;.vc_custom_1705919459187{border-top-width: 5px !important;border-right-width: 5px !important;border-bottom-width: 5px !important;border-left-width: 5px !important;border-left-color: rgba(62,66,77,0.14) !important;border-left-style: solid !important;border-right-color: rgba(62,66,77,0.14) !important;border-right-style: solid !important;border-top-color: rgba(62,66,77,0.14) !important;border-top-style: solid !important;border-bottom-color: rgba(62,66,77,0.14) !important;border-bottom-style: solid !important;}&#8221;][vc_single_image image=&#8221;10192&#8243; img_size=&#8221;full&#8221; alignment=&#8221;center&#8221; image_hovers=&#8221;false&#8221;][vc_custom_heading text=&#8221;ETICS GF-I&#8221; font_container=&#8221;tag:h3|font_size:18|text_align:center|color:%23333333&#8243; google_fonts=&#8221;font_family:Roboto%3A100%2C100italic%2C300%2C300italic%2Cregular%2Citalic%2C500%2C500italic%2C700%2C700italic%2C900%2C900italic|font_style:500%20bold%20regular%3A500%3Anormal&#8221;][vc_column_text]<\/p>\n<p style=\"text-align: center;\">Pllak\u00eb termoizoluese e b\u00ebr\u00eb nga polistireni i ekstruduar<\/p>\n<p>[\/vc_column_text][vc_btn title=&#8221;Shiko me shume&#8221; style=&#8221;outline-custom&#8221; outline_custom_color=&#8221;#cf171f&#8221; outline_custom_hover_background=&#8221;#cf171f&#8221; outline_custom_hover_text=&#8221;#ffffff&#8221; size=&#8221;sm&#8221; align=&#8221;center&#8221; link=&#8221;url:https%3A%2F%2Faedcolor.com%2Findex.php%2Ffibranxps-etics-gf-i%2F|||&#8221;][\/vc_column][vc_column width=&#8221;1\/4&#8243; css=&#8221;.vc_custom_1684738098371{border-top-width: 5px !important;border-right-width: 5px !important;border-bottom-width: 5px !important;border-left-width: 5px !important;border-left-color: rgba(62,66,77,0.14) !important;border-left-style: solid !important;border-right-color: rgba(62,66,77,0.14) !important;border-right-style: solid !important;border-top-color: rgba(62,66,77,0.14) !important;border-top-style: solid !important;border-bottom-color: rgba(62,66,77,0.14) !important;border-bottom-style: solid !important;}&#8221;][vc_single_image image=&#8221;10197&#8243; img_size=&#8221;full&#8221; alignment=&#8221;center&#8221; image_hovers=&#8221;false&#8221;][vc_custom_heading text=&#8221;FIBRANxps MAESTRO&#8221; font_container=&#8221;tag:h3|font_size:18|text_align:center|color:%23333333&#8243; google_fonts=&#8221;font_family:Roboto%3A100%2C100italic%2C300%2C300italic%2Cregular%2Citalic%2C500%2C500italic%2C700%2C700italic%2C900%2C900italic|font_style:500%20bold%20regular%3A500%3Anormal&#8221;][vc_column_text]<\/p>\n<p style=\"text-align: center;\">Pllak\u00eb termoizoluese e b\u00ebr\u00eb nga polistireni i ekstruduar<\/p>\n<p>[\/vc_column_text][vc_btn title=&#8221;Shiko me shume&#8221; style=&#8221;outline-custom&#8221; outline_custom_color=&#8221;#cf171f&#8221; outline_custom_hover_background=&#8221;#cf171f&#8221; outline_custom_hover_text=&#8221;#ffffff&#8221; size=&#8221;sm&#8221; align=&#8221;center&#8221; link=&#8221;url:https%3A%2F%2Faedcolor.com%2Findex.php%2Ffibran-xps-etics-gf%2F|||&#8221;][\/vc_column][vc_column width=&#8221;1\/4&#8243; css=&#8221;.vc_custom_1684738885347{border-top-width: 5px !important;border-right-width: 5px !important;border-bottom-width: 5px !important;border-left-width: 5px !important;border-left-color: rgba(62,66,77,0.14) !important;border-left-style: solid !important;border-right-color: rgba(62,66,77,0.14) !important;border-right-style: solid !important;border-top-color: rgba(62,66,77,0.14) !important;border-top-style: solid !important;border-bottom-color: rgba(62,66,77,0.14) !important;border-bottom-style: solid !important;}&#8221;][vc_single_image image=&#8221;10201&#8243; img_size=&#8221;full&#8221; alignment=&#8221;center&#8221; image_hovers=&#8221;false&#8221;][vc_custom_heading text=&#8221;FIBRANxps FABRIC&#8221; font_container=&#8221;tag:h3|font_size:18|text_align:center|color:%23333333&#8243; google_fonts=&#8221;font_family:Roboto%3A100%2C100italic%2C300%2C300italic%2Cregular%2Citalic%2C500%2C500italic%2C700%2C700italic%2C900%2C900italic|font_style:500%20bold%20regular%3A500%3Anormal&#8221;][vc_column_text]<\/p>\n<p style=\"text-align: center;\">Pllak\u00eb termoizoluese e bardh\u00eb e b\u00ebr\u00eb nga polistireni i ekstruduar<\/p>\n<p>[\/vc_column_text][vc_btn title=&#8221;Shiko me shume&#8221; style=&#8221;outline-custom&#8221; outline_custom_color=&#8221;#cf171f&#8221; outline_custom_hover_background=&#8221;#cf171f&#8221; outline_custom_hover_text=&#8221;#ffffff&#8221; size=&#8221;sm&#8221; align=&#8221;center&#8221; link=&#8221;url:https%3A%2F%2Faedcolor.com%2Findex.php%2Ffibranxps-fabric%2F|||&#8221;][\/vc_column][\/vc_row]<\/p>\n<\/div>","protected":false},"excerpt":{"rendered":"<p>[vc_row gap=&#8221;30&#8243;][vc_column width=&#8221;1\/4&#8243; css=&#8221;.vc_custom_1684738958003{border-top-width: 5px !important;border-right-width: 5px !important;border-bottom-width: 5px !important;border-left-width: 5px !important;border-left-color: rgba(62,66,77,0.14) !important;border-left-style: solid !important;border-right-color: rgba(62,66,77,0.14) !important;border-right-style: solid !important;border-top-color: rgba(62,66,77,0.14) !important;border-top-style: solid !important;border-bottom-color: rgba(62,66,77,0.14) !important;border-bottom-style: solid !important;}&#8221;][vc_single_image image=&#8221;6409&#8243; img_size=&#8221;full&#8221; alignment=&#8221;center&#8221; image_hovers=&#8221;false&#8221;][vc_custom_heading text=&#8221;FIBRAN xps 300-I&#8221; font_container=&#8221;tag:h3|font_size:18|text_align:center|color:%23333333&#8243; google_fonts=&#8221;font_family:Roboto%3A100%2C100italic%2C300%2C300italic%2Cregular%2Citalic%2C500%2C500italic%2C700%2C700italic%2C900%2C900italic|font_style:500%20bold%20regular%3A500%3Anormal&#8221;][vc_column_text] Pllak\u00eb termoizoluese e b\u00ebr\u00eb nga polistireni i ekstruduar, me sip\u00ebrfaqe t\u00eb l\u00ebmuar dhe skaje t\u00eb prera drejt [\/vc_column_text][vc_btn&hellip;<\/p>\n","protected":false},"author":3,"featured_media":0,"parent":0,"menu_order":0,"comment_status":"closed","ping_status":"closed","template":"","meta":{"footnotes":""},"class_list":["post-227","page","type-page","status-publish","hentry","description-off"],"_links":{"self":[{"href":"https:\/\/aedcolor.com\/index.php\/wp-json\/wp\/v2\/pages\/227","targetHints":{"allow":["GET"]}}],"collection":[{"href":"https:\/\/aedcolor.com\/index.php\/wp-json\/wp\/v2\/pages"}],"about":[{"href":"https:\/\/aedcolor.com\/index.php\/wp-json\/wp\/v2\/types\/page"}],"author":[{"embeddable":true,"href":"https:\/\/aedcolor.com\/index.php\/wp-json\/wp\/v2\/users\/3"}],"replies":[{"embeddable":true,"href":"https:\/\/aedcolor.com\/index.php\/wp-json\/wp\/v2\/comments?post=227"}],"version-history":[{"count":14,"href":"https:\/\/aedcolor.com\/index.php\/wp-json\/wp\/v2\/pages\/227\/revisions"}],"predecessor-version":[{"id":10364,"href":"https:\/\/aedcolor.com\/index.php\/wp-json\/wp\/v2\/pages\/227\/revisions\/10364"}],"wp:attachment":[{"href":"https:\/\/aedcolor.com\/index.php\/wp-json\/wp\/v2\/media?parent=227"}],"curies":[{"name":"wp","href":"https:\/\/api.w.org\/{rel}","templated":true}]}}