{"id":243,"date":"2019-04-18T15:38:58","date_gmt":"2019-04-18T15:38:58","guid":{"rendered":"https:\/\/aedcolor.com\/?page_id=243"},"modified":"2023-05-22T14:03:09","modified_gmt":"2023-05-22T14:03:09","slug":"bojera-natyrale-2","status":"publish","type":"page","link":"https:\/\/aedcolor.com\/index.php\/bojera-natyrale-2\/","title":{"rendered":"BOJ\u00cbRA NATYRALE"},"content":{"rendered":"<div class=\"wpb-content-wrapper\"><p>[vc_row gap=&#8221;30&#8243;][vc_column width=&#8221;1\/4&#8243; css=&#8221;.vc_custom_1684762275022{border-top-width: 5px !important;border-right-width: 5px !important;border-bottom-width: 5px !important;border-left-width: 5px !important;border-left-color: rgba(62,66,77,0.14) !important;border-left-style: solid !important;border-right-color: rgba(62,66,77,0.14) !important;border-right-style: solid !important;border-top-color: rgba(62,66,77,0.14) !important;border-top-style: solid !important;border-bottom-color: rgba(62,66,77,0.14) !important;border-bottom-style: solid !important;}&#8221;][vc_single_image image=&#8221;3366&#8243; img_size=&#8221;full&#8221; alignment=&#8221;center&#8221;][vc_custom_heading text=&#8221;BOJ\u00cbRA NATYRALE&#8221; font_container=&#8221;tag:h3|font_size:18|text_align:center|color:%23333333&#8243; google_fonts=&#8221;font_family:Roboto%3A100%2C100italic%2C300%2C300italic%2Cregular%2Citalic%2C500%2C500italic%2C700%2C700italic%2C900%2C900italic|font_style:500%20bold%20regular%3A500%3Anormal&#8221;][vc_column_text]<\/p>\n<p style=\"text-align: center;\">Boj\u00ebrat natyrale jan\u00eb materiale t\u00eb vecanta me karakteristika unike<\/p>\n<p>[\/vc_column_text][vc_btn title=&#8221;Shiko me shume&#8221; style=&#8221;outline-custom&#8221; outline_custom_color=&#8221;#cf171f&#8221; outline_custom_hover_background=&#8221;#cf171f&#8221; outline_custom_hover_text=&#8221;#ffffff&#8221; size=&#8221;sm&#8221; align=&#8221;center&#8221; link=&#8221;url:https%3A%2F%2Faedcolor.com%2Findex.php%2Fbojera-natyrale%2F|||&#8221;][\/vc_column][vc_column width=&#8221;1\/4&#8243; css=&#8221;.vc_custom_1684763854126{border-top-width: 5px !important;border-right-width: 5px !important;border-bottom-width: 5px !important;border-left-width: 5px !important;border-left-color: rgba(62,66,77,0.14) !important;border-left-style: solid !important;border-right-color: rgba(62,66,77,0.14) !important;border-right-style: solid !important;border-top-color: rgba(62,66,77,0.14) !important;border-top-style: solid !important;border-bottom-color: rgba(62,66,77,0.14) !important;border-bottom-style: solid !important;}&#8221;][vc_single_image image=&#8221;3383&#8243; img_size=&#8221;full&#8221; alignment=&#8221;center&#8221;][vc_custom_heading text=&#8221;BOJ\u00cbRA NATYRORE P\u00cbR NJ\u00cb RECET\u00cb T\u00cb LASHT\u00cb GREKE&#8221; font_container=&#8221;tag:h3|font_size:18|text_align:center|color:%23333333&#8243; google_fonts=&#8221;font_family:Roboto%3A100%2C100italic%2C300%2C300italic%2Cregular%2Citalic%2C500%2C500italic%2C700%2C700italic%2C900%2C900italic|font_style:500%20bold%20regular%3A500%3Anormal&#8221; link=&#8221;|||&#8221;][vc_column_text]<\/p>\n<p style=\"text-align: center;\">Boj\u00ebra pa cimento t\u00eb bazuara n\u00eb g\u00eblqere t\u00eb shuar na kthejn\u00eb n\u00eb nj\u00eb koh\u00eb p\u00ebrpara se t\u00eb p\u00ebrdorej cimentoja<\/p>\n<p>[\/vc_column_text][vc_btn title=&#8221;Shiko me shume&#8221; style=&#8221;outline-custom&#8221; outline_custom_color=&#8221;#cf171f&#8221; outline_custom_hover_background=&#8221;#cf171f&#8221; outline_custom_hover_text=&#8221;#ffffff&#8221; size=&#8221;sm&#8221; align=&#8221;center&#8221; link=&#8221;url:https%3A%2F%2Faedcolor.com%2Findex.php%2Fbojera-natyrore-per-nje-recete-te-lashte-greke%2F|||&#8221;][\/vc_column][vc_column width=&#8221;1\/4&#8243;][\/vc_column][vc_column width=&#8221;1\/4&#8243;][\/vc_column][\/vc_row]<\/p>\n<\/div>","protected":false},"excerpt":{"rendered":"<p>[vc_row gap=&#8221;30&#8243;][vc_column width=&#8221;1\/4&#8243; css=&#8221;.vc_custom_1684762275022{border-top-width: 5px !important;border-right-width: 5px !important;border-bottom-width: 5px !important;border-left-width: 5px !important;border-left-color: rgba(62,66,77,0.14) !important;border-left-style: solid !important;border-right-color: rgba(62,66,77,0.14) !important;border-right-style: solid !important;border-top-color: rgba(62,66,77,0.14) !important;border-top-style: solid !important;border-bottom-color: rgba(62,66,77,0.14) !important;border-bottom-style: solid !important;}&#8221;][vc_single_image image=&#8221;3366&#8243; img_size=&#8221;full&#8221; alignment=&#8221;center&#8221;][vc_custom_heading text=&#8221;BOJ\u00cbRA NATYRALE&#8221; font_container=&#8221;tag:h3|font_size:18|text_align:center|color:%23333333&#8243; google_fonts=&#8221;font_family:Roboto%3A100%2C100italic%2C300%2C300italic%2Cregular%2Citalic%2C500%2C500italic%2C700%2C700italic%2C900%2C900italic|font_style:500%20bold%20regular%3A500%3Anormal&#8221;][vc_column_text] Boj\u00ebrat natyrale jan\u00eb materiale t\u00eb vecanta me karakteristika unike [\/vc_column_text][vc_btn title=&#8221;Shiko me shume&#8221; style=&#8221;outline-custom&#8221; outline_custom_color=&#8221;#cf171f&#8221; outline_custom_hover_background=&#8221;#cf171f&#8221; outline_custom_hover_text=&#8221;#ffffff&#8221; size=&#8221;sm&#8221; align=&#8221;center&#8221; link=&#8221;url:https%3A%2F%2Faedcolor.com%2Findex.php%2Fbojera-natyrale%2F|||&#8221;][\/vc_column][vc_column&hellip;<\/p>\n","protected":false},"author":3,"featured_media":0,"parent":0,"menu_order":0,"comment_status":"closed","ping_status":"closed","template":"","meta":{"footnotes":""},"class_list":["post-243","page","type-page","status-publish","hentry","description-off"],"_links":{"self":[{"href":"https:\/\/aedcolor.com\/index.php\/wp-json\/wp\/v2\/pages\/243","targetHints":{"allow":["GET"]}}],"collection":[{"href":"https:\/\/aedcolor.com\/index.php\/wp-json\/wp\/v2\/pages"}],"about":[{"href":"https:\/\/aedcolor.com\/index.php\/wp-json\/wp\/v2\/types\/page"}],"author":[{"embeddable":true,"href":"https:\/\/aedcolor.com\/index.php\/wp-json\/wp\/v2\/users\/3"}],"replies":[{"embeddable":true,"href":"https:\/\/aedcolor.com\/index.php\/wp-json\/wp\/v2\/comments?post=243"}],"version-history":[{"count":5,"href":"https:\/\/aedcolor.com\/index.php\/wp-json\/wp\/v2\/pages\/243\/revisions"}],"predecessor-version":[{"id":3389,"href":"https:\/\/aedcolor.com\/index.php\/wp-json\/wp\/v2\/pages\/243\/revisions\/3389"}],"wp:attachment":[{"href":"https:\/\/aedcolor.com\/index.php\/wp-json\/wp\/v2\/media?parent=243"}],"curies":[{"name":"wp","href":"https:\/\/api.w.org\/{rel}","templated":true}]}}