{"id":2920,"date":"2023-05-18T07:08:25","date_gmt":"2023-05-18T07:08:25","guid":{"rendered":"https:\/\/aedcolor.com\/?page_id=2920"},"modified":"2023-10-04T08:18:34","modified_gmt":"2023-10-04T08:18:34","slug":"bevetol-spl","status":"publish","type":"page","link":"https:\/\/aedcolor.com\/index.php\/bevetol-spl\/","title":{"rendered":"BEVETOL-SPL"},"content":{"rendered":"<div class=\"wpb-content-wrapper\"><p>[vc_row css=&#8221;.vc_custom_1683099634441{padding-bottom: 30px !important;}&#8221;][vc_column width=&#8221;2\/3&#8243;][vc_custom_heading text=&#8221;BEVETOL-SPL<\/p>\n<p>&#8221; font_container=&#8221;tag:h2|font_size:50|text_align:left&#8221; use_theme_fonts=&#8221;yes&#8221; link=&#8221;|title:AQUAMAT%20-%20SUPERELASTIC||&#8221;][\/vc_column][\/vc_row][vc_row][vc_column width=&#8221;1\/2&#8243;][vc_single_image image=&#8221;2918&#8243; img_size=&#8221;full&#8221;][\/vc_column][vc_column width=&#8221;1\/2&#8243;][vc_column_text]<strong><span style=\"color: #000000;\">Aditiv i l\u00ebngsh\u00ebm super l\u00ebng\u00ebzues p\u00ebr p\u00ebrdorim t\u00eb gjer\u00eb. Ofron avantazhet e m\u00ebposhtme:<\/span><\/strong><\/p>\n<ul>\n<li><span style=\"color: #000000;\">Duke u shtuar gjat\u00eb prodhimit t\u00eb betonit zvog\u00eblon sasin\u00eb e ujit t\u00eb p\u00ebrzierjes deri edhe m\u00eb 15% dhe p\u00ebr pasoj\u00eb edhe raportin uj\u00eb cimento (U\/C), q\u00eb ka si rezultat rritjen e r\u00ebnd\u00ebsishme t\u00eb vetive mekanike fillestare dhe p\u00ebrfundimtare t\u00eb betonit.<\/span><\/li>\n<li><span style=\"color: #000000;\">Duke u shtuar n\u00eb betonin e gatsh\u00ebm rrit uljen (konsistenc\u00ebn) nga 1-4 cm n\u00eb 18-22 cm, pa patur nevoj\u00eb p\u00ebr shtres\u00eb uji.<\/span><\/li>\n<li><span style=\"color: #000000;\">Ndihmon n\u00eb hidratimin m\u00eb t\u00eb mir\u00eb t\u00eb cimentos, q\u00eb ka p\u00ebr rezultat shfrut\u00ebzimin maksimal t\u00eb tij (cimentos).<\/span><\/li>\n<li><span style=\"color: #000000;\">Ndihmon ngjeshjen e betonit, vepron kund\u00ebr mosndarjes (vecimit) s\u00eb p\u00ebrb\u00ebr\u00ebsve t\u00eb tij dhe p\u00ebrmir\u00ebson n\u00eb m\u00ebnyr\u00eb t\u00eb r\u00ebnd\u00ebsishme punueshm\u00ebrin\u00eb dhe hedhjen me pomp\u00eb t\u00eb tij.<\/span><\/li>\n<li><span style=\"color: #000000;\">Zvog\u00eblon n\u00eb m\u00ebnyr\u00eb t\u00eb r\u00ebnd\u00ebsishme tkurrjen gjat\u00eb ngurt\u00ebsimit (evitohen plasaritjet).<\/span><\/li>\n<li><span style=\"color: #000000;\">Duke kontribuar n\u00eb ngjeshjen shum\u00eb t\u00eb mir\u00eb t\u00eb betonit p\u00ebrmir\u00ebson pap\u00ebrshkueshm\u00ebrin\u00eb e tij nga uji.<\/span><\/li>\n<li><span style=\"color: #000000;\">Nuk vepron si gazformues.<\/span><\/li>\n<li><span style=\"color: #000000;\">Nuk p\u00ebrmban klorure ose komponent\u00eb t\u00eb tjer\u00eb g\u00ebrryes (korrozive).<\/span><\/li>\n<li><span style=\"color: #000000;\">\u00cbsht\u00eb i pajtuesh\u00ebm (p\u00ebrputhet) me t\u00eb gjitha cimentot e tipit Portland.<\/span><\/li>\n<\/ul>\n<p><span style=\"color: #000000;\">U certifikua si superl\u00ebng\u00ebzues &#8211; ngadal\u00ebsues i mpiksjes s\u00eb betonit sipas EN 93402:T11.1 dhe T11.2 me num\u00ebr certifikate 0906-CPR-02412007\/01. BEVETOL-SPL \u00ebsht\u00eb mjet i nevojsh\u00ebm p\u00ebr t\u00eb prodhuar beton me veti mekanike t\u00eb larta, beton q\u00eb nuk suvatohet (p\u00ebr q\u00ebllime dekorative), betoni t\u00eb p\u00ebrshtatsh\u00ebm p\u00ebr tju hedhur me pomp\u00eb etj.<\/span><\/p>\n<p><strong><span style=\"color: #000000;\">BEVETOL-SPL mund t\u00eb shtohet:<\/span><\/strong><\/p>\n<ul>\n<li><span style=\"color: #000000;\">N\u00eb ujin e p\u00ebrzierjes gjat\u00eb prodhimit t\u00eb betonit ose llacit.<\/span><\/li>\n<li><span style=\"color: #000000;\">N\u00eb betonin e gatsh\u00ebm pak koh\u00eb para p\u00ebrdorimit t\u00eb tij. N\u00eb k\u00ebt\u00eb rast duhet q\u00eb betoniera t\u00eb rrotullohet p\u00ebr 4-5 minuta q\u00eb t\u00eb kemi shp\u00ebrndarje uniforme t\u00eb BEVETOL-SPL n\u00eb mas\u00ebn e betonit.<\/span><\/li>\n<\/ul>\n<p>[\/vc_column_text][vc_row_inner][vc_column_inner width=&#8221;1\/2&#8243;]<div class=\"standard-arrow bullet-top\"><ul>\n<li>\n<div class=\"col-12 col-xs-6 col-sm-12 col-md-6 d-flex pb-2 pb-md-3 \"><span style=\"color: #000000;\">T\u00eb pakt\u00ebn 18 muaj nga data e prodhimit duhet t\u00eb mbahet n\u00eb vende t\u00eb mbrojtura nga ngrica.<\/span><\/div>\n<\/li>\n<\/ul>\n<\/div>[\/vc_column_inner][vc_column_inner width=&#8221;1\/2&#8243;]<div class=\"standard-arrow bullet-top\"><ul>\n<li><span style=\"color: #000000;\">Dozatura e lart\u00eb mund t\u00eb ngadal\u00ebsoj\u00eb koh\u00ebn e ngurt\u00ebsimit (t\u00eb betonit), pa inluencuar negativisht vetit\u00eb mekanike p\u00ebrfundimtare.<\/span><\/li>\n<\/ul>\n<\/div>[\/vc_column_inner][\/vc_row_inner][vc_row_inner css=&#8221;.vc_custom_1683100048912{padding-top: 20px !important;}&#8221;][vc_column_inner width=&#8221;1\/2&#8243;]<div class=\"aio-icon-component    style_1\"><div id=\"Info-box-wrap-2845\" class=\"aio-icon-box default-icon\" style=\"\"  ><div class=\"aio-icon-default\"><div class=\"ult-just-icon-wrapper  \"><div class=\"align-icon\" style=\"text-align:center;\">\n<div class=\"aio-icon-img \" style=\"font-size:65px;display:inline-block;\" >\n\t<img decoding=\"async\" class=\"img-icon\" alt=\"null\" src=\"https:\/\/aedcolor.com\/wp-content\/uploads\/2023\/05\/image-2.png\"\/>\n<\/div><\/div><\/div><\/div><div class=\"aio-icon-header\" ><h3 class=\"aio-icon-title ult-responsive\"  data-ultimate-target='#Info-box-wrap-2845 .aio-icon-title'  data-responsive-json-new='{\"font-size\":\"\",\"line-height\":\"\"}'  style=\"\">Sip\u00ebrfaqe: Betoni<\/h3><\/div> <!-- header --><\/div> <!-- aio-icon-box --><\/div> <!-- aio-icon-component -->[\/vc_column_inner][vc_column_inner width=&#8221;1\/2&#8243;]<div class=\"aio-icon-component    style_1\"><div id=\"Info-box-wrap-9167\" class=\"aio-icon-box default-icon\" style=\"\"  ><div class=\"aio-icon-default\"><div class=\"ult-just-icon-wrapper  \"><div class=\"align-icon\" style=\"text-align:center;\">\n<div class=\"aio-icon-img \" style=\"font-size:65px;display:inline-block;\" >\n\t<img decoding=\"async\" class=\"img-icon\" alt=\"null\" src=\"https:\/\/aedcolor.com\/wp-content\/uploads\/2023\/05\/image-1.png\"\/>\n<\/div><\/div><\/div><\/div><div class=\"aio-icon-header\" ><h3 class=\"aio-icon-title ult-responsive\"  data-ultimate-target='#Info-box-wrap-9167 .aio-icon-title'  data-responsive-json-new='{\"font-size\":\"\",\"line-height\":\"\"}'  style=\"\">Aplikimi: P\u00ebrgatitja<\/h3><\/div> <!-- header --><\/div> <!-- aio-icon-box --><\/div> <!-- aio-icon-component -->[\/vc_column_inner][\/vc_row_inner][\/vc_column][\/vc_row]<\/p>\n<\/div>","protected":false},"excerpt":{"rendered":"<p>[vc_row css=&#8221;.vc_custom_1683099634441{padding-bottom: 30px !important;}&#8221;][vc_column width=&#8221;2\/3&#8243;][vc_custom_heading text=&#8221;BEVETOL-SPL &#8221; font_container=&#8221;tag:h2|font_size:50|text_align:left&#8221; use_theme_fonts=&#8221;yes&#8221; link=&#8221;|title:AQUAMAT%20-%20SUPERELASTIC||&#8221;][\/vc_column][\/vc_row][vc_row][vc_column width=&#8221;1\/2&#8243;][vc_single_image image=&#8221;2918&#8243; img_size=&#8221;full&#8221;][\/vc_column][vc_column width=&#8221;1\/2&#8243;][vc_column_text]Aditiv i l\u00ebngsh\u00ebm super l\u00ebng\u00ebzues p\u00ebr p\u00ebrdorim t\u00eb gjer\u00eb. Ofron avantazhet e m\u00ebposhtme: Duke u shtuar gjat\u00eb prodhimit t\u00eb betonit zvog\u00eblon sasin\u00eb e ujit t\u00eb p\u00ebrzierjes deri edhe m\u00eb 15% dhe p\u00ebr pasoj\u00eb edhe raportin uj\u00eb cimento (U\/C), q\u00eb ka si rezultat&hellip;<\/p>\n","protected":false},"author":2,"featured_media":0,"parent":0,"menu_order":0,"comment_status":"closed","ping_status":"closed","template":"","meta":{"footnotes":""},"class_list":["post-2920","page","type-page","status-publish","hentry","description-off"],"_links":{"self":[{"href":"https:\/\/aedcolor.com\/index.php\/wp-json\/wp\/v2\/pages\/2920","targetHints":{"allow":["GET"]}}],"collection":[{"href":"https:\/\/aedcolor.com\/index.php\/wp-json\/wp\/v2\/pages"}],"about":[{"href":"https:\/\/aedcolor.com\/index.php\/wp-json\/wp\/v2\/types\/page"}],"author":[{"embeddable":true,"href":"https:\/\/aedcolor.com\/index.php\/wp-json\/wp\/v2\/users\/2"}],"replies":[{"embeddable":true,"href":"https:\/\/aedcolor.com\/index.php\/wp-json\/wp\/v2\/comments?post=2920"}],"version-history":[{"count":3,"href":"https:\/\/aedcolor.com\/index.php\/wp-json\/wp\/v2\/pages\/2920\/revisions"}],"predecessor-version":[{"id":9421,"href":"https:\/\/aedcolor.com\/index.php\/wp-json\/wp\/v2\/pages\/2920\/revisions\/9421"}],"wp:attachment":[{"href":"https:\/\/aedcolor.com\/index.php\/wp-json\/wp\/v2\/media?parent=2920"}],"curies":[{"name":"wp","href":"https:\/\/api.w.org\/{rel}","templated":true}]}}