{"id":2926,"date":"2023-05-18T07:15:32","date_gmt":"2023-05-18T07:15:32","guid":{"rendered":"https:\/\/aedcolor.com\/?page_id=2926"},"modified":"2023-10-04T08:45:03","modified_gmt":"2023-10-04T08:45:03","slug":"reotol-spl","status":"publish","type":"page","link":"https:\/\/aedcolor.com\/index.php\/reotol-spl\/","title":{"rendered":"REOTOL-SPL"},"content":{"rendered":"<div class=\"wpb-content-wrapper\"><p>[vc_row css=&#8221;.vc_custom_1683099634441{padding-bottom: 30px !important;}&#8221;][vc_column width=&#8221;2\/3&#8243;][vc_custom_heading text=&#8221;REOTOL-SPL<\/p>\n<p>&#8221; font_container=&#8221;tag:h2|font_size:50|text_align:left&#8221; use_theme_fonts=&#8221;yes&#8221; link=&#8221;|title:AQUAMAT%20-%20SUPERELASTIC||&#8221;][\/vc_column][\/vc_row][vc_row][vc_column width=&#8221;1\/2&#8243;][vc_single_image image=&#8221;2924&#8243; img_size=&#8221;full&#8221;][\/vc_column][vc_column width=&#8221;1\/2&#8243;][vc_column_text]<strong><span style=\"color: #000000;\">REOTOL-SPL \u00ebsht\u00eb nj\u00eb superplastifikues me shkall\u00eb t\u00eb gjer\u00eb (ASTM C-494: Tipi A dhe F), i cili ofron avantazhet e m\u00ebposhtme:<\/span><\/strong><\/p>\n<ul>\n<li><span style=\"color: #000000;\">Kur shtohet gjat\u00eb p\u00ebrgatitjes s\u00eb betonit, redukton ujin e nevojsh\u00ebm dhe si rrjedhoj\u00eb raportin uj\u00eb\/cimento q\u00eb rezulton nga kjo, si dhe rrit gjithashtu forc\u00ebn lidh\u00ebse fillestare dhe at\u00eb pvrfundimtare.<\/span><\/li>\n<li><span style=\"color: #000000;\">Kur shtohet n\u00eb betonin e parap\u00ebrzier, rrit aft\u00ebsin\u00eb e p\u00ebrhapjes nga 1-4 cm deri n\u00eb 18-22 cm pa shtuar uj\u00eb.<\/span><\/li>\n<li><span style=\"color: #000000;\">Kontribuon n\u00eb hidratimin m\u00eb t\u00eb mir\u00eb t\u00eb cimentos.<\/span><\/li>\n<li><span style=\"color: #000000;\">Leht\u00ebson ngjeshjen e betonit, redukton ndarjenn\u00eb shtresa dhe p\u00ebrmir\u00ebson ndjesh\u00ebm punueshm\u00ebrin\u00eb dhe pompueshm\u00ebrin\u00eb.<\/span><\/li>\n<li><span style=\"color: #000000;\">Redukton ndjesh\u00ebm tkurrjen nga mpiksja (parandalimi i plasaritjeve).<\/span><\/li>\n<li><span style=\"color: #000000;\">P\u00ebrmir\u00ebson pap\u00ebrshkueshm\u00ebrin\u00eb nga uji.<\/span><\/li>\n<li><span style=\"color: #000000;\">Nuk krijon flluska ajri n\u00eb mas\u00ebn ebetonit.<\/span><\/li>\n<li><span style=\"color: #000000;\">Nuk pvrmban klorure dhe p\u00ebrb\u00ebr\u00ebs t\u00eb tjer\u00eb g\u00ebrryes.<\/span><\/li>\n<li><span style=\"color: #000000;\">Nuk ka efekt vonues.<\/span><\/li>\n<li><span style=\"color: #000000;\">Mund t\u00eb p\u00ebrdoret n\u00eb t\u00eb gjitha llojet e cimentos Portland.<\/span><\/li>\n<\/ul>\n<p><span style=\"color: #000000;\">Certifikuar me markimin CE si aditiv superplastifikues betoni &#8211; reduktues n\u00eb nivel t\u00eb lart\u00eb uji, sipas standardit EN 934-2: T3.1 dhe T3.2, numri i certifikat\u00ebs: 0906-CPR-02412007-01. REOTOL-SPL \u00ebsht\u00eb nj\u00eb ndihm\u00ebs i nevojsh\u00ebm pvr pvrgatitjen e betonit me rezistenc\u00eb t\u00eb lart\u00eb, t\u00eb betonit t\u00eb ekspozuar, t\u00eb betonit t\u00eb pompuesh\u00ebm etj.<\/span><\/p>\n<p><strong><span style=\"color: #000000;\">REOTOL-SPL mund t\u00eb shtohet:<\/span><\/strong><\/p>\n<ul>\n<li><span style=\"color: #000000;\">N\u00eb ujin e p\u00ebrzierjes gjat\u00eb p\u00ebrgatitjes s\u00eb betonit.<\/span><\/li>\n<li><span style=\"color: #000000;\">N\u00eb betonin e gatsh\u00ebm t\u00eb p\u00ebrzier, para se ai t\u00eb p\u00ebrdoret. N\u00eb k\u00ebt\u00eb rast, betoniera duhet t\u00eb rrotullohet p\u00ebr 4-5 minuta shtes\u00eb p\u00ebr t\u00eb arritur p\u00ebrhapje uniforme n\u00eb mas\u00ebn e betonit.<\/span><\/li>\n<\/ul>\n<p>[\/vc_column_text][vc_row_inner][vc_column_inner width=&#8221;1\/2&#8243;]<div class=\"standard-arrow bullet-top\"><ul>\n<li>\n<div class=\"col-12 col-xs-6 col-sm-12 col-md-6 d-flex pb-2 pb-md-3 \"><span style=\"color: #000000;\">REOTOL-SPL ofrohet n\u00eb shishe plastike 20 kg, n\u00eb fuci 240 kg dhe n\u00eb depozita 1000 kg.<\/span><\/div>\n<\/li>\n<\/ul>\n<\/div>[\/vc_column_inner][vc_column_inner width=&#8221;1\/2&#8243;]<div class=\"standard-arrow bullet-top\"><ul>\n<li><span style=\"color: #000000;\">Afati i ruajtjes p\u00ebr p\u00ebrdorim n\u00eb shishe t\u00eb izoluar dhe n\u00eb ambiente pa ngrica \u00ebsht\u00eb minimumi 18 muaj.<\/span><\/li>\n<\/ul>\n<\/div>[\/vc_column_inner][\/vc_row_inner][vc_row_inner css=&#8221;.vc_custom_1683100048912{padding-top: 20px !important;}&#8221;][vc_column_inner width=&#8221;1\/2&#8243;]<div class=\"aio-icon-component    style_1\"><div id=\"Info-box-wrap-1018\" class=\"aio-icon-box default-icon\" style=\"\"  ><div class=\"aio-icon-default\"><div class=\"ult-just-icon-wrapper  \"><div class=\"align-icon\" style=\"text-align:center;\">\n<div class=\"aio-icon-img \" style=\"font-size:65px;display:inline-block;\" >\n\t<img decoding=\"async\" class=\"img-icon\" alt=\"null\" src=\"https:\/\/aedcolor.com\/wp-content\/uploads\/2023\/05\/image-2.png\"\/>\n<\/div><\/div><\/div><\/div><div class=\"aio-icon-header\" ><h3 class=\"aio-icon-title ult-responsive\"  data-ultimate-target='#Info-box-wrap-1018 .aio-icon-title'  data-responsive-json-new='{\"font-size\":\"\",\"line-height\":\"\"}'  style=\"\">Sip\u00ebrfaqe: Betoni<\/h3><\/div> <!-- header --><\/div> <!-- aio-icon-box --><\/div> <!-- aio-icon-component -->[\/vc_column_inner][vc_column_inner width=&#8221;1\/2&#8243;]<div class=\"aio-icon-component    style_1\"><div id=\"Info-box-wrap-5795\" class=\"aio-icon-box default-icon\" style=\"\"  ><div class=\"aio-icon-default\"><div class=\"ult-just-icon-wrapper  \"><div class=\"align-icon\" style=\"text-align:center;\">\n<div class=\"aio-icon-img \" style=\"font-size:65px;display:inline-block;\" >\n\t<img decoding=\"async\" class=\"img-icon\" alt=\"null\" src=\"https:\/\/aedcolor.com\/wp-content\/uploads\/2023\/05\/image-1.png\"\/>\n<\/div><\/div><\/div><\/div><div class=\"aio-icon-header\" ><h3 class=\"aio-icon-title ult-responsive\"  data-ultimate-target='#Info-box-wrap-5795 .aio-icon-title'  data-responsive-json-new='{\"font-size\":\"\",\"line-height\":\"\"}'  style=\"\">Aplikimi: P\u00ebrgatitja<\/h3><\/div> <!-- header --><\/div> <!-- aio-icon-box --><\/div> <!-- aio-icon-component -->[\/vc_column_inner][\/vc_row_inner][\/vc_column][\/vc_row]<\/p>\n<\/div>","protected":false},"excerpt":{"rendered":"<p>[vc_row css=&#8221;.vc_custom_1683099634441{padding-bottom: 30px !important;}&#8221;][vc_column width=&#8221;2\/3&#8243;][vc_custom_heading text=&#8221;REOTOL-SPL &#8221; font_container=&#8221;tag:h2|font_size:50|text_align:left&#8221; use_theme_fonts=&#8221;yes&#8221; link=&#8221;|title:AQUAMAT%20-%20SUPERELASTIC||&#8221;][\/vc_column][\/vc_row][vc_row][vc_column width=&#8221;1\/2&#8243;][vc_single_image image=&#8221;2924&#8243; img_size=&#8221;full&#8221;][\/vc_column][vc_column width=&#8221;1\/2&#8243;][vc_column_text]REOTOL-SPL \u00ebsht\u00eb nj\u00eb superplastifikues me shkall\u00eb t\u00eb gjer\u00eb (ASTM C-494: Tipi A dhe F), i cili ofron avantazhet e m\u00ebposhtme: Kur shtohet gjat\u00eb p\u00ebrgatitjes s\u00eb betonit, redukton ujin e nevojsh\u00ebm dhe si rrjedhoj\u00eb raportin uj\u00eb\/cimento q\u00eb rezulton nga kjo, si dhe rrit&hellip;<\/p>\n","protected":false},"author":2,"featured_media":0,"parent":0,"menu_order":0,"comment_status":"closed","ping_status":"closed","template":"","meta":{"footnotes":""},"class_list":["post-2926","page","type-page","status-publish","hentry","description-off"],"_links":{"self":[{"href":"https:\/\/aedcolor.com\/index.php\/wp-json\/wp\/v2\/pages\/2926","targetHints":{"allow":["GET"]}}],"collection":[{"href":"https:\/\/aedcolor.com\/index.php\/wp-json\/wp\/v2\/pages"}],"about":[{"href":"https:\/\/aedcolor.com\/index.php\/wp-json\/wp\/v2\/types\/page"}],"author":[{"embeddable":true,"href":"https:\/\/aedcolor.com\/index.php\/wp-json\/wp\/v2\/users\/2"}],"replies":[{"embeddable":true,"href":"https:\/\/aedcolor.com\/index.php\/wp-json\/wp\/v2\/comments?post=2926"}],"version-history":[{"count":3,"href":"https:\/\/aedcolor.com\/index.php\/wp-json\/wp\/v2\/pages\/2926\/revisions"}],"predecessor-version":[{"id":9423,"href":"https:\/\/aedcolor.com\/index.php\/wp-json\/wp\/v2\/pages\/2926\/revisions\/9423"}],"wp:attachment":[{"href":"https:\/\/aedcolor.com\/index.php\/wp-json\/wp\/v2\/media?parent=2926"}],"curies":[{"name":"wp","href":"https:\/\/api.w.org\/{rel}","templated":true}]}}