{"id":2938,"date":"2023-05-18T07:48:31","date_gmt":"2023-05-18T07:48:31","guid":{"rendered":"https:\/\/aedcolor.com\/?page_id=2938"},"modified":"2023-10-04T11:46:27","modified_gmt":"2023-10-04T11:46:27","slug":"adium-150","status":"publish","type":"page","link":"https:\/\/aedcolor.com\/index.php\/adium-150\/","title":{"rendered":"ADIUM 150"},"content":{"rendered":"<div class=\"wpb-content-wrapper\"><p>[vc_row css=&#8221;.vc_custom_1683099634441{padding-bottom: 30px !important;}&#8221;][vc_column width=&#8221;2\/3&#8243;][vc_custom_heading text=&#8221;ADIUM 150<\/p>\n<p>&#8221; font_container=&#8221;tag:h2|font_size:50|text_align:left&#8221; use_theme_fonts=&#8221;yes&#8221; link=&#8221;|title:AQUAMAT%20-%20SUPERELASTIC||&#8221;][\/vc_column][\/vc_row][vc_row][vc_column width=&#8221;1\/2&#8243;][vc_single_image image=&#8221;2939&#8243; img_size=&#8221;full&#8221;][\/vc_column][vc_column width=&#8221;1\/2&#8243;][vc_column_text]<span style=\"color: #000000;\"><strong>ADIUM-150 \u00ebsht\u00eb nj\u00eb superplastifikues i brezit t\u00eb ri me baz\u00eb polikarboksilati, i krijuar n\u00eb m\u00ebnyr\u00ebt\u00eb vecant\u00eb p\u00ebr prodhimin e betonit t\u00eb gatsh\u00ebm (q\u00eb transportohet), ku k\u00ebrkohet punueshm\u00ebri e lart\u00eb, ruajtje e sh\u00eblqyer e nivelit t\u00eb uljes, fort\u00ebsi dhe q\u00ebndrueshm\u00ebri e lart\u00eb.<\/strong> Ai ofron avantazhet e m\u00ebposhtme:<\/span><\/p>\n<ul>\n<li><span style=\"color: #000000;\">Kur shtrohet gjat\u00eb p\u00ebrgatitjes s\u00eb betonit, redukton k\u00ebrkes\u00ebn p\u00ebr uj\u00eb deri n\u00eb 30 % dhe raporti uj\u00eb-cimento q\u00eb rezulton nga kjo, rrit ndjesh\u00ebm fort\u00ebsin\u00eb fillestare dhe p\u00ebrfundimtare.<\/span><\/li>\n<li><span style=\"color: #000000;\">Kur shtohet n\u00eb betonin e gatsh\u00ebm p\u00ebrmir\u00ebson ndjesh\u00ebm punueshm\u00ebrin\u00eb me nj\u00eb rrjedhshm\u00ebri p\u00ebrhapjeje m\u00eb shum\u00eb se 63 cm (beton me vet\u00eb-ngjeshje) pa pasur nevoj\u00eb p\u00ebr uj\u00eb shtes\u00eb.<\/span><\/li>\n<li><span style=\"color: #000000;\">Kontribuon n\u00eb hidratimin m\u00eb t\u00eb mir\u00eb t\u00eb cimentos.<\/span><\/li>\n<li><span style=\"color: #000000;\">Leht\u00ebson ngjeshjen e betonit, redukton ndarjen n\u00eb shtresa dhe rrjedhjen dhe p\u00ebrmir\u00ebson ndjesh\u00ebm aft\u00ebsin\u00eb p\u00ebr pompimin e betonit.<\/span><\/li>\n<li><span style=\"color: #000000;\">Redukton ndjesh\u00ebm shkurtimin gjat\u00eb mpiksjes (parandalon plasaritjet) dhe shkarjen e betonit.<\/span><\/li>\n<li><span style=\"color: #000000;\">P\u00ebrmir\u00ebson pap\u00ebrshkueshm\u00ebrin\u00eb nga uji.<\/span><\/li>\n<li><span style=\"color: #000000;\">P\u00ebrmir\u00ebson rezistenc\u00ebn ndaj karbonizimit dhe sulmit t\u00eb joneve kloride.<\/span><\/li>\n<li><span style=\"color: #000000;\">Nuk krijon flluska ajri n\u00eb mas\u00ebn e betonit.<\/span><\/li>\n<li><span style=\"color: #000000;\">Nuk p\u00ebrmban klorure dhe p\u00ebrb\u00ebr\u00ebs t\u00eb tjer\u00eb g\u00ebrryes.<\/span><\/li>\n<li><span style=\"color: #000000;\">Mund t\u00eb p\u00ebrdoret n\u00eb t\u00eb gjitha llojet e cimentos portland.<\/span><\/li>\n<\/ul>\n<p><span style=\"color: #000000;\">Certifikuar si superplastifikues betoni sipas standardit EN 934-2: T3.1 dhe T3.2, Certifikata Nr. 0906-CPR-02412007\/01.<\/span><br \/>\n<span style=\"color: #000000;\">ADIUM-150 \u00ebsht\u00eb nj\u00eb superplastifikues novator i teknologjis\u00eb m\u00eb t\u00eb fundit q\u00eb bazohet n\u00eb polimerin e modifikuar t\u00eb eterit polikarboksilik. Krahasuar me superplastifikuesit e zakonsh\u00ebm ai predominon n\u00eb performanc\u00eb, sepse n\u00eb doz\u00eb t\u00eb ul\u00ebt ai ofron nj\u00eb reduktim t\u00eb madh t\u00eb ujit ose aft\u00ebsi rrjeshdhm\u00ebrie t\u00eb madhe me koh\u00ebzgjatje t\u00eb madhe. K\u00ebto veti i atribuohen struktur\u00ebs kimiket\u00eb dizajnuar n\u00eb m\u00ebnyr\u00eb specifike, si dhe mekanizmit unikt\u00eb funksionimit t\u00eb ADIUM 150, i cili ndryshon ndjesh\u00ebm nga mekanizmi i funksionimit i superplastifikuesve t\u00eb zakonsh\u00ebm q\u00ebbazohen n\u00eb zinxhir\u00ebt polimere t\u00eb linjosulfonateve t\u00eb modifikuara, polikondensatet e sulfonuar me baz\u00eb melanine dhe naftaline. Zinxhir\u00ebt polimer\u00eb t\u00eb superplastifikuesve t\u00eb zakonsh\u00ebm q\u00eb kujdesen p\u00ebr nj\u00eb ngarkes\u00eb shum\u00eb t\u00eb lart\u00eb anionike, thithenmenj\u00ebher\u00eb mbi sip\u00ebrfaqen e grimcave t\u00eb cimentos dhe i japin asaj nj\u00eb ngarkes\u00eb negative. P\u00ebr shkak t\u00eb forcave elektrostatike t\u00eb shtytjes grimcat e cimentos p\u00ebrhapen dhe rezultati \u00ebsht\u00eb se nevojitet m\u00eb pak uj\u00eb p\u00ebr pvrzierje p\u00ebr t\u00eb arritur punueshm\u00ebrin\u00eb e d\u00ebshiruar t\u00eb betonit. Megjithat\u00eb, zinxhir\u00ebt e absorbuar polimer\u00eb mbulohen me shpejt\u00ebsi nga kristalet e krijuara gjat\u00eb hidratimit t\u00eb cimentos dhe pasoja \u00ebsht\u00eb nj\u00eb humbje e parakohshme e veprimit superplstifikues. P\u00ebr k\u00ebt\u00eb arsye, superplastifikuesit e zakonsh\u00ebm shtohen n\u00eb beton direkt n\u00eb vendin e nd\u00ebrtimit ose n\u00eb impiantin e betonit n\u00eb rastin kur ai ndodhet ngjitur me vendin e nd\u00ebrtimit. Ndryshe nga kjo, sperplastifikuesit e brezit t\u00eb ri veprojn\u00eb me nj\u00eb mekaniz\u00ebm funksionimi shum\u00eb t\u00eb ndrysh\u00ebm. Ato jan\u00eb nj\u00eb kopolimer q\u00eb p\u00ebrb\u00ebhen nga nj\u00eb element baz\u00eb anionik me grupe karboksilike dhe zinxhir\u00eb t\u00eb gjat\u00eb an\u00ebsor\u00eb t\u00eb oksidit t\u00eb polietilenit. Pas shtimit t\u00eb superplastifikuesit n\u00eb beton, zinxhiri kryesor anionik thithet n\u00eb sip\u00ebrfaqen e ngarkuar pozitivisht t\u00eb grimcave t\u00eb cimentos, derisa zinxhir\u00ebt an\u00ebsor\u00eb krijojn\u00eb nj\u00eb efekt t\u00eb shtytjes hapsinore midis grimcave t\u00eb cimentos. P\u00ebr shkak t\u00eb k\u00ebsaj force shtyt\u00ebse arrihet p\u00ebrhapshm\u00ebri maksimale dhe mund t\u00eb evitohet ndarja n\u00eb shtresa. Gjithashtu, l\u00ebshohen vazhdimisht zinxhir\u00eb t\u00eb rinj polimer\u00eb dhe thithen nga kristalet q\u00eb formohen n\u00eb sip\u00ebrfaqen e grimcave t\u00eb cimentos gjat\u00eb hidratimit dhe parandalojn\u00eb mpiksjen e parakohshme t\u00eb betonit. N\u00eb k\u00ebt\u00eb m\u00ebnyr\u00eb arrihet punueshm\u00ebri e lart\u00eb e betonit dhe hidratimi maksimal i cimentos n\u00eb nj\u00eb raport t\u00eb ul\u00ebt uj\u00eb-cimento, duke rezultuar n\u00eb nj\u00eb struktur\u00eb shum\u00eb kompakte t\u00eb betonit t\u00eb forcuar me nj\u00eb fort\u00ebsi shume t\u00eb lart\u00eb.<\/span>[\/vc_column_text][vc_row_inner][vc_column_inner width=&#8221;1\/2&#8243;]<div class=\"standard-arrow bullet-top\"><ul>\n<li>\n<div class=\"col-12 col-xs-6 col-sm-12 col-md-6 d-flex pb-2 pb-md-3 \"><span style=\"color: #000000;\">ADIUM-150 duhet t\u00eb shtohet n\u00eb p\u00ebrzierjen e gatshme t\u00ebbetonit pik\u00ebrisht pas pvrgatitjes s\u00eb saj me q\u00ebllim q\u00eb t\u00eb arrihet efikasiteti maksimal. Ai mund t\u00eb shtohet gjithashtu n\u00eb betonin e gatsh\u00ebm (q\u00eb transportohet), pik\u00ebrisht p\u00ebrpara p\u00ebrdorimit t\u00eb tij.<\/span><\/div>\n<\/li>\n<\/ul>\n<\/div>[\/vc_column_inner][vc_column_inner width=&#8221;1\/2&#8243;]<div class=\"standard-arrow bullet-top\"><ul>\n<li><span style=\"color: #000000;\">Konsumi i ADIUM-150 varet nga aft\u00ebsia fillestare dhe e d\u00ebshiruar e p\u00ebrhapshm\u00ebris\u00eb n\u00eb vendin e nd\u00ebrtimit. P\u00ebrpara p\u00ebrdorimit rekomandohet kontrolli n\u00eb nj\u00eb laborator i veprimitt\u00eb ADIUM 150, pasi t\u00eb jet\u00eb p\u00ebrzier me betonin n\u00eb p\u00ebrputhje me k\u00ebrkesat dhe modeline vecant\u00eb t\u00eb p\u00ebrzierjes.<\/span><\/li>\n<\/ul>\n<\/div>[\/vc_column_inner][\/vc_row_inner][vc_row_inner css=&#8221;.vc_custom_1683100048912{padding-top: 20px !important;}&#8221;][vc_column_inner width=&#8221;1\/2&#8243;]<div class=\"aio-icon-component    style_1\"><div id=\"Info-box-wrap-3028\" class=\"aio-icon-box default-icon\" style=\"\"  ><div class=\"aio-icon-default\"><div class=\"ult-just-icon-wrapper  \"><div class=\"align-icon\" style=\"text-align:center;\">\n<div class=\"aio-icon-img \" style=\"font-size:65px;display:inline-block;\" >\n\t<img decoding=\"async\" class=\"img-icon\" alt=\"null\" src=\"https:\/\/aedcolor.com\/wp-content\/uploads\/2023\/05\/image-2.png\"\/>\n<\/div><\/div><\/div><\/div><div class=\"aio-icon-header\" ><h3 class=\"aio-icon-title ult-responsive\"  data-ultimate-target='#Info-box-wrap-3028 .aio-icon-title'  data-responsive-json-new='{\"font-size\":\"\",\"line-height\":\"\"}'  style=\"\">Sip\u00ebrfaqe: Betoni<\/h3><\/div> <!-- header --><\/div> <!-- aio-icon-box --><\/div> <!-- aio-icon-component -->[\/vc_column_inner][vc_column_inner width=&#8221;1\/2&#8243;]<div class=\"aio-icon-component    style_1\"><div id=\"Info-box-wrap-1050\" class=\"aio-icon-box default-icon\" style=\"\"  ><div class=\"aio-icon-default\"><div class=\"ult-just-icon-wrapper  \"><div class=\"align-icon\" style=\"text-align:center;\">\n<div class=\"aio-icon-img \" style=\"font-size:65px;display:inline-block;\" >\n\t<img decoding=\"async\" class=\"img-icon\" alt=\"null\" src=\"https:\/\/aedcolor.com\/wp-content\/uploads\/2023\/05\/image-1.png\"\/>\n<\/div><\/div><\/div><\/div><div class=\"aio-icon-header\" ><h3 class=\"aio-icon-title ult-responsive\"  data-ultimate-target='#Info-box-wrap-1050 .aio-icon-title'  data-responsive-json-new='{\"font-size\":\"\",\"line-height\":\"\"}'  style=\"\">Aplikimi: P\u00ebrgatitja<\/h3><\/div> <!-- header --><\/div> <!-- aio-icon-box --><\/div> <!-- aio-icon-component -->[\/vc_column_inner][\/vc_row_inner][\/vc_column][\/vc_row]<\/p>\n<\/div>","protected":false},"excerpt":{"rendered":"<p>[vc_row css=&#8221;.vc_custom_1683099634441{padding-bottom: 30px !important;}&#8221;][vc_column width=&#8221;2\/3&#8243;][vc_custom_heading text=&#8221;ADIUM 150 &#8221; font_container=&#8221;tag:h2|font_size:50|text_align:left&#8221; use_theme_fonts=&#8221;yes&#8221; link=&#8221;|title:AQUAMAT%20-%20SUPERELASTIC||&#8221;][\/vc_column][\/vc_row][vc_row][vc_column width=&#8221;1\/2&#8243;][vc_single_image image=&#8221;2939&#8243; img_size=&#8221;full&#8221;][\/vc_column][vc_column width=&#8221;1\/2&#8243;][vc_column_text]ADIUM-150 \u00ebsht\u00eb nj\u00eb superplastifikues i brezit t\u00eb ri me baz\u00eb polikarboksilati, i krijuar n\u00eb m\u00ebnyr\u00ebt\u00eb vecant\u00eb p\u00ebr prodhimin e betonit t\u00eb gatsh\u00ebm (q\u00eb transportohet), ku k\u00ebrkohet punueshm\u00ebri e lart\u00eb, ruajtje e sh\u00eblqyer e nivelit t\u00eb uljes, fort\u00ebsi dhe q\u00ebndrueshm\u00ebri e lart\u00eb.&hellip;<\/p>\n","protected":false},"author":2,"featured_media":0,"parent":0,"menu_order":0,"comment_status":"closed","ping_status":"closed","template":"","meta":{"footnotes":""},"class_list":["post-2938","page","type-page","status-publish","hentry","description-off"],"_links":{"self":[{"href":"https:\/\/aedcolor.com\/index.php\/wp-json\/wp\/v2\/pages\/2938","targetHints":{"allow":["GET"]}}],"collection":[{"href":"https:\/\/aedcolor.com\/index.php\/wp-json\/wp\/v2\/pages"}],"about":[{"href":"https:\/\/aedcolor.com\/index.php\/wp-json\/wp\/v2\/types\/page"}],"author":[{"embeddable":true,"href":"https:\/\/aedcolor.com\/index.php\/wp-json\/wp\/v2\/users\/2"}],"replies":[{"embeddable":true,"href":"https:\/\/aedcolor.com\/index.php\/wp-json\/wp\/v2\/comments?post=2938"}],"version-history":[{"count":3,"href":"https:\/\/aedcolor.com\/index.php\/wp-json\/wp\/v2\/pages\/2938\/revisions"}],"predecessor-version":[{"id":9426,"href":"https:\/\/aedcolor.com\/index.php\/wp-json\/wp\/v2\/pages\/2938\/revisions\/9426"}],"wp:attachment":[{"href":"https:\/\/aedcolor.com\/index.php\/wp-json\/wp\/v2\/media?parent=2938"}],"curies":[{"name":"wp","href":"https:\/\/api.w.org\/{rel}","templated":true}]}}