{"id":2953,"date":"2023-05-18T08:51:30","date_gmt":"2023-05-18T08:51:30","guid":{"rendered":"https:\/\/aedcolor.com\/?page_id=2953"},"modified":"2023-10-04T12:24:32","modified_gmt":"2023-10-04T12:24:32","slug":"adinol-rapid","status":"publish","type":"page","link":"https:\/\/aedcolor.com\/index.php\/adinol-rapid\/","title":{"rendered":"ADINOL-RAPID"},"content":{"rendered":"<div class=\"wpb-content-wrapper\"><p>[vc_row css=&#8221;.vc_custom_1683099634441{padding-bottom: 30px !important;}&#8221;][vc_column width=&#8221;2\/3&#8243;][vc_custom_heading text=&#8221;ADINOL-RAPID<\/p>\n<p>&#8221; font_container=&#8221;tag:h2|font_size:50|text_align:left&#8221; use_theme_fonts=&#8221;yes&#8221; link=&#8221;|title:AQUAMAT%20-%20SUPERELASTIC||&#8221;][\/vc_column][\/vc_row][vc_row][vc_column width=&#8221;1\/2&#8243;][vc_single_image image=&#8221;2954&#8243; img_size=&#8221;full&#8221;][\/vc_column][vc_column width=&#8221;1\/2&#8243;][vc_column_text]<span style=\"color: #000000;\"><strong>Aditiv i l\u00ebngsh\u00ebm q\u00eb p\u00ebrshpejton koh\u00ebn e caktuar\u00a0 t\u00eb mpiksjes s\u00eb betonit dhe lejon betonime n\u00eb temperatura t\u00eb ul\u00ebta deri n\u00eb -10 oC.<\/strong> Nuk p\u00ebrmban klorure dhe p\u00ebrb\u00ebr\u00ebs t\u00eb tjer\u00eb g\u00ebrryes. Nuk ka asnj\u00eb ndikim negativ n\u00eb fort\u00ebsin\u00eb\u00a0 e betonit. Certifikuar si p\u00ebrshpejtues i mpiksjes s\u00eb betonit sipas standardit EN 934-2: T6,Certifikata Nr. 0906-CPR-02412007\/01.<\/span><\/p>\n<ul>\n<li><span style=\"color: #000000;\">Betonime n\u00eb temperatura t\u00eb ul\u00ebta.<\/span><\/li>\n<li><span style=\"color: #000000;\">N\u00eb rastet ku k\u00ebrkohen punime t\u00eb shpejta (ankorime, riparime etj).<\/span><\/li>\n<\/ul>\n<p><strong><span style=\"color: #000000;\">ADINOL-RAPID shtohet:<\/span><\/strong><\/p>\n<ul>\n<li><span style=\"color: #000000;\">N\u00eb ujin e p\u00ebrzierjes gjat\u00eb p\u00ebrgatitjes s\u00eb betonit.<\/span><\/li>\n<li><span style=\"color: #000000;\">N\u00eb pvrzierjen e gatshme, pik\u00ebrisht para se ajo t\u00eb p\u00ebrdoret. N\u00eb k\u00ebt\u00eb rast, \u00ebsht\u00eb e nevojshme q\u00eb p\u00ebrzier\u00ebsja t\u00eb rrotullohet p\u00ebr 4-5 minuta p\u00ebr t\u00eb arritur shp\u00ebrndarjen uniforme t\u00eb ADINOL-RAPID n\u00eb p\u00ebrzierje.<\/span><\/li>\n<\/ul>\n<p>[\/vc_column_text][vc_row_inner][vc_column_inner width=&#8221;1\/2&#8243;]<div class=\"standard-arrow bullet-top\"><ul>\n<li>\n<div class=\"col-12 col-xs-6 col-sm-12 col-md-6 d-flex pb-2 pb-md-3 \"><span style=\"color: #000000;\">Evitoni hedhjen e betonit kur pritet q\u00eb temperaturat mund t\u00eb ulen m\u00eb shum\u00eb se -10oC n\u00eb 12 or\u00ebt e ardhshme.<\/span><\/div>\n<\/li>\n<li><span style=\"color: #000000;\">P\u00ebrb\u00ebr\u00ebsit e betonit (materiali inert, uji, cimentoja) duhet t\u00eb jen\u00eb n\u00eb temperatura m\u00eb t\u00eb larta se 0 oC.<\/span><\/li>\n<li><span style=\"color: #000000;\">Evitoni shtimin e ujit p\u00ebr punueshm\u00ebri m\u00eb t\u00eb mir\u00eb t\u00eb betonit, si dhe raporti uj\u00eb-cimento duhet t\u00eb jet\u00eb sa m\u00eb i ul\u00ebt t\u00eb jet\u00eb e mundur.<\/span><\/li>\n<\/ul>\n<\/div>[\/vc_column_inner][vc_column_inner width=&#8221;1\/2&#8243;]<div class=\"standard-arrow bullet-top\"><ul>\n<li><span style=\"color: #000000;\">Paralelisht mund t\u00eb p\u00ebrdoret edhe superplastifikuesi i betonit REOTOL-SPL.<\/span><\/li>\n<li><span style=\"color: #000000;\">Gjat\u00eb mpiksjes sip\u00ebrfaqja e betonit duhet t\u00eb mbrohet me flet\u00eb plastike ose materiale t\u00eb tjera t\u00eb mundshme, p\u00ebr t\u00eb reduktuar humbjet e nxeht\u00ebsis\u00eb s\u00eb hidratimit (reaksioni kimik i ujit me cimenton).<\/span><\/li>\n<\/ul>\n<\/div>[\/vc_column_inner][\/vc_row_inner][vc_row_inner css=&#8221;.vc_custom_1683100048912{padding-top: 20px !important;}&#8221;][vc_column_inner width=&#8221;1\/2&#8243;]<div class=\"aio-icon-component    style_1\"><div id=\"Info-box-wrap-6028\" class=\"aio-icon-box default-icon\" style=\"\"  ><div class=\"aio-icon-default\"><div class=\"ult-just-icon-wrapper  \"><div class=\"align-icon\" style=\"text-align:center;\">\n<div class=\"aio-icon-img \" style=\"font-size:65px;display:inline-block;\" >\n\t<img decoding=\"async\" class=\"img-icon\" alt=\"null\" src=\"https:\/\/aedcolor.com\/wp-content\/uploads\/2023\/05\/image-2.png\"\/>\n<\/div><\/div><\/div><\/div><div class=\"aio-icon-header\" ><h3 class=\"aio-icon-title ult-responsive\"  data-ultimate-target='#Info-box-wrap-6028 .aio-icon-title'  data-responsive-json-new='{\"font-size\":\"\",\"line-height\":\"\"}'  style=\"\">Sip\u00ebrfaqe: Betoni<\/h3><\/div> <!-- header --><\/div> <!-- aio-icon-box --><\/div> <!-- aio-icon-component -->[\/vc_column_inner][vc_column_inner width=&#8221;1\/2&#8243;]<div class=\"aio-icon-component    style_1\"><div id=\"Info-box-wrap-5224\" class=\"aio-icon-box default-icon\" style=\"\"  ><div class=\"aio-icon-default\"><div class=\"ult-just-icon-wrapper  \"><div class=\"align-icon\" style=\"text-align:center;\">\n<div class=\"aio-icon-img \" style=\"font-size:65px;display:inline-block;\" >\n\t<img decoding=\"async\" class=\"img-icon\" alt=\"null\" src=\"https:\/\/aedcolor.com\/wp-content\/uploads\/2023\/05\/image-1.png\"\/>\n<\/div><\/div><\/div><\/div><div class=\"aio-icon-header\" ><h3 class=\"aio-icon-title ult-responsive\"  data-ultimate-target='#Info-box-wrap-5224 .aio-icon-title'  data-responsive-json-new='{\"font-size\":\"\",\"line-height\":\"\"}'  style=\"\">Aplikimi: P\u00ebrgatitja<\/h3><\/div> <!-- header --><\/div> <!-- aio-icon-box --><\/div> <!-- aio-icon-component -->[\/vc_column_inner][\/vc_row_inner][\/vc_column][\/vc_row]<\/p>\n<\/div>","protected":false},"excerpt":{"rendered":"<p>[vc_row css=&#8221;.vc_custom_1683099634441{padding-bottom: 30px !important;}&#8221;][vc_column width=&#8221;2\/3&#8243;][vc_custom_heading text=&#8221;ADINOL-RAPID &#8221; font_container=&#8221;tag:h2|font_size:50|text_align:left&#8221; use_theme_fonts=&#8221;yes&#8221; link=&#8221;|title:AQUAMAT%20-%20SUPERELASTIC||&#8221;][\/vc_column][\/vc_row][vc_row][vc_column width=&#8221;1\/2&#8243;][vc_single_image image=&#8221;2954&#8243; img_size=&#8221;full&#8221;][\/vc_column][vc_column width=&#8221;1\/2&#8243;][vc_column_text]Aditiv i l\u00ebngsh\u00ebm q\u00eb p\u00ebrshpejton koh\u00ebn e caktuar\u00a0 t\u00eb mpiksjes s\u00eb betonit dhe lejon betonime n\u00eb temperatura t\u00eb ul\u00ebta deri n\u00eb -10 oC. Nuk p\u00ebrmban klorure dhe p\u00ebrb\u00ebr\u00ebs t\u00eb tjer\u00eb g\u00ebrryes. Nuk ka asnj\u00eb ndikim negativ n\u00eb fort\u00ebsin\u00eb\u00a0 e betonit. Certifikuar si&hellip;<\/p>\n","protected":false},"author":2,"featured_media":0,"parent":0,"menu_order":0,"comment_status":"closed","ping_status":"closed","template":"","meta":{"footnotes":""},"class_list":["post-2953","page","type-page","status-publish","hentry","description-off"],"_links":{"self":[{"href":"https:\/\/aedcolor.com\/index.php\/wp-json\/wp\/v2\/pages\/2953","targetHints":{"allow":["GET"]}}],"collection":[{"href":"https:\/\/aedcolor.com\/index.php\/wp-json\/wp\/v2\/pages"}],"about":[{"href":"https:\/\/aedcolor.com\/index.php\/wp-json\/wp\/v2\/types\/page"}],"author":[{"embeddable":true,"href":"https:\/\/aedcolor.com\/index.php\/wp-json\/wp\/v2\/users\/2"}],"replies":[{"embeddable":true,"href":"https:\/\/aedcolor.com\/index.php\/wp-json\/wp\/v2\/comments?post=2953"}],"version-history":[{"count":3,"href":"https:\/\/aedcolor.com\/index.php\/wp-json\/wp\/v2\/pages\/2953\/revisions"}],"predecessor-version":[{"id":9430,"href":"https:\/\/aedcolor.com\/index.php\/wp-json\/wp\/v2\/pages\/2953\/revisions\/9430"}],"wp:attachment":[{"href":"https:\/\/aedcolor.com\/index.php\/wp-json\/wp\/v2\/media?parent=2953"}],"curies":[{"name":"wp","href":"https:\/\/api.w.org\/{rel}","templated":true}]}}