{"id":3001,"date":"2023-05-18T11:22:01","date_gmt":"2023-05-18T11:22:01","guid":{"rendered":"https:\/\/aedcolor.com\/?page_id=3001"},"modified":"2023-10-04T12:57:13","modified_gmt":"2023-10-04T12:57:13","slug":"adinol-dm","status":"publish","type":"page","link":"https:\/\/aedcolor.com\/index.php\/adinol-dm\/","title":{"rendered":"ADINOL-DM"},"content":{"rendered":"<div class=\"wpb-content-wrapper\"><p>[vc_row css=&#8221;.vc_custom_1683099634441{padding-bottom: 30px !important;}&#8221;][vc_column width=&#8221;2\/3&#8243;][vc_custom_heading text=&#8221;ADINOL-DM<\/p>\n<p>&#8221; font_container=&#8221;tag:h2|font_size:50|text_align:left&#8221; use_theme_fonts=&#8221;yes&#8221; link=&#8221;|title:AQUAMAT%20-%20SUPERELASTIC||&#8221;][\/vc_column][\/vc_row][vc_row][vc_column width=&#8221;1\/2&#8243;][vc_single_image image=&#8221;3002&#8243; img_size=&#8221;full&#8221;][\/vc_column][vc_column width=&#8221;1\/2&#8243;][vc_column_text]<span style=\"color: #000000;\"><strong>ADINOL-DM \u00ebsht\u00eb nj\u00eb aditiv i l\u00ebngsh\u00ebm hidroizolues i formuluar specifikisht p\u00ebr t\u00eb prodhuar llac cimentoje dhe beton hidroizolues.<\/strong> I p\u00ebrshtatsh\u00ebm p\u00ebr reduktimin e p\u00ebrshkueshm\u00ebris\u00eb s\u00eb ujit n\u00eb llac cimentoje dhe beton hidroizolues dhe p\u00ebr rritjen e rezistenc\u00ebs s\u00eb tyre ndaj agjent\u00ebve g\u00ebrryes. P\u00ebrdoret gjithashtu p\u00ebr t\u00eb p\u00ebrmir\u00ebsuar punueshm\u00ebrin\u00eb pa ndikuar n\u00eb p\u00ebrmbajtjen e ujit. Pap\u00ebrshkueshm\u00ebria nga uji arrihet me an\u00eb t\u00eb p\u00ebrhapjes uniforme t\u00eb agjent\u00ebve aktiv\u00eb uj\u00eblargues n\u00eb p\u00ebrzierjen e betonit apo llacit. Shtimi i ADINOL-DM redukton p\u00ebrthithjen kapilare t\u00eb ujit, duke parandaluar d\u00ebmtimet q\u00eb shkaktohen nga lag\u00ebshtia dhe duke zgjatur nj\u00ebkoh\u00ebsisht ndjesh\u00ebm jet\u00ebgjat\u00ebsin\u00eb e nd\u00ebrtesave. Certifikuar sipas EN 934-2:T.0 dhe klasifikuar si aditiv betoni rezistent ndaj ujit. Mban markimin CE. Nr. i certifikat\u00ebs: 090-CPR-02412007\/01.<\/span><\/p>\n<p><strong><span style=\"color: #000000;\">ADINOL-DM p\u00ebrdoret p\u00ebr prodhimin e betonit n\u00eb konstruksione si:<\/span><\/strong><\/p>\n<ul>\n<li><span style=\"color: #000000;\">themele<\/span><\/li>\n<li><span style=\"color: #000000;\">punime t\u00eb n\u00ebndheshme<\/span><\/li>\n<li><span style=\"color: #000000;\">pishina<\/span><\/li>\n<li><span style=\"color: #000000;\">depozita<\/span><\/li>\n<li><span style=\"color: #000000;\">diga<\/span><\/li>\n<\/ul>\n<p><strong><span style=\"color: #000000;\">I p\u00ebrshtatsh\u00ebm edhe p\u00ebr prodhimin e llacit n\u00eb konstruksione si:<\/span><\/strong><\/p>\n<ul>\n<li><span style=\"color: #000000;\">shtresa llaci cimentoje t\u00eb ekspozuara ndaj agjent\u00ebve atmosferik\u00eb<\/span><\/li>\n<li><span style=\"color: #000000;\">llac q\u00eb kvrkon p\u00ebrshkueshm\u00ebri t\u00eb reduktuar uji<\/span><\/li>\n<li><span style=\"color: #000000;\">punime muraturash jo t\u00eb n\u00ebndheshme.<\/span><\/li>\n<\/ul>\n<p>[\/vc_column_text][vc_row_inner][vc_column_inner width=&#8221;1\/2&#8243;]<div class=\"standard-arrow bullet-top\"><ul>\n<li>\n<div class=\"col-12 col-xs-6 col-sm-12 col-md-6 d-flex pb-2 pb-md-3 \"><span style=\"color: #000000;\">ADINOL-DM duhet t\u00eb trazohet mir\u00eb p\u00ebrpara p\u00ebrdorimit.<\/span><\/div>\n<\/li>\n<\/ul>\n<\/div>[\/vc_column_inner][vc_column_inner width=&#8221;1\/2&#8243;]<div class=\"standard-arrow bullet-top\"><ul>\n<li><span style=\"color: #000000;\">Mbidozimi mund t\u00eb shkaktoj\u00eb ngadal\u00ebsimin e koh\u00ebs s\u00eb mpiksjes dhe t\u00eb ndikoj\u00eb negativisht n\u00eb fort\u00ebsin\u00eb p\u00ebrfundimtare.<\/span><\/li>\n<\/ul>\n<\/div>[\/vc_column_inner][\/vc_row_inner][vc_row_inner css=&#8221;.vc_custom_1683100048912{padding-top: 20px !important;}&#8221;][vc_column_inner width=&#8221;1\/2&#8243;]<div class=\"aio-icon-component    style_1\"><div id=\"Info-box-wrap-1420\" class=\"aio-icon-box default-icon\" style=\"\"  ><div class=\"aio-icon-default\"><div class=\"ult-just-icon-wrapper  \"><div class=\"align-icon\" style=\"text-align:center;\">\n<div class=\"aio-icon-img \" style=\"font-size:65px;display:inline-block;\" >\n\t<img decoding=\"async\" class=\"img-icon\" alt=\"null\" src=\"https:\/\/aedcolor.com\/wp-content\/uploads\/2023\/05\/image-2.png\"\/>\n<\/div><\/div><\/div><\/div><div class=\"aio-icon-header\" ><h3 class=\"aio-icon-title ult-responsive\"  data-ultimate-target='#Info-box-wrap-1420 .aio-icon-title'  data-responsive-json-new='{\"font-size\":\"\",\"line-height\":\"\"}'  style=\"\">Sip\u00ebrfaqe: Betoni<\/h3><\/div> <!-- header --><\/div> <!-- aio-icon-box --><\/div> <!-- aio-icon-component -->[\/vc_column_inner][vc_column_inner width=&#8221;1\/2&#8243;]<div class=\"aio-icon-component    style_1\"><div id=\"Info-box-wrap-3839\" class=\"aio-icon-box default-icon\" style=\"\"  ><div class=\"aio-icon-default\"><div class=\"ult-just-icon-wrapper  \"><div class=\"align-icon\" style=\"text-align:center;\">\n<div class=\"aio-icon-img \" style=\"font-size:65px;display:inline-block;\" >\n\t<img decoding=\"async\" class=\"img-icon\" alt=\"null\" src=\"https:\/\/aedcolor.com\/wp-content\/uploads\/2023\/05\/image-1.png\"\/>\n<\/div><\/div><\/div><\/div><div class=\"aio-icon-header\" ><h3 class=\"aio-icon-title ult-responsive\"  data-ultimate-target='#Info-box-wrap-3839 .aio-icon-title'  data-responsive-json-new='{\"font-size\":\"\",\"line-height\":\"\"}'  style=\"\">Aplikimi: P\u00ebrgatitja<\/h3><\/div> <!-- header --><\/div> <!-- aio-icon-box --><\/div> <!-- aio-icon-component -->[\/vc_column_inner][\/vc_row_inner][\/vc_column][\/vc_row]<\/p>\n<\/div>","protected":false},"excerpt":{"rendered":"<p>[vc_row css=&#8221;.vc_custom_1683099634441{padding-bottom: 30px !important;}&#8221;][vc_column width=&#8221;2\/3&#8243;][vc_custom_heading text=&#8221;ADINOL-DM &#8221; font_container=&#8221;tag:h2|font_size:50|text_align:left&#8221; use_theme_fonts=&#8221;yes&#8221; link=&#8221;|title:AQUAMAT%20-%20SUPERELASTIC||&#8221;][\/vc_column][\/vc_row][vc_row][vc_column width=&#8221;1\/2&#8243;][vc_single_image image=&#8221;3002&#8243; img_size=&#8221;full&#8221;][\/vc_column][vc_column width=&#8221;1\/2&#8243;][vc_column_text]ADINOL-DM \u00ebsht\u00eb nj\u00eb aditiv i l\u00ebngsh\u00ebm hidroizolues i formuluar specifikisht p\u00ebr t\u00eb prodhuar llac cimentoje dhe beton hidroizolues. I p\u00ebrshtatsh\u00ebm p\u00ebr reduktimin e p\u00ebrshkueshm\u00ebris\u00eb s\u00eb ujit n\u00eb llac cimentoje dhe beton hidroizolues dhe p\u00ebr rritjen e rezistenc\u00ebs s\u00eb tyre ndaj agjent\u00ebve g\u00ebrryes.&hellip;<\/p>\n","protected":false},"author":2,"featured_media":0,"parent":0,"menu_order":0,"comment_status":"closed","ping_status":"closed","template":"","meta":{"footnotes":""},"class_list":["post-3001","page","type-page","status-publish","hentry","description-off"],"_links":{"self":[{"href":"https:\/\/aedcolor.com\/index.php\/wp-json\/wp\/v2\/pages\/3001","targetHints":{"allow":["GET"]}}],"collection":[{"href":"https:\/\/aedcolor.com\/index.php\/wp-json\/wp\/v2\/pages"}],"about":[{"href":"https:\/\/aedcolor.com\/index.php\/wp-json\/wp\/v2\/types\/page"}],"author":[{"embeddable":true,"href":"https:\/\/aedcolor.com\/index.php\/wp-json\/wp\/v2\/users\/2"}],"replies":[{"embeddable":true,"href":"https:\/\/aedcolor.com\/index.php\/wp-json\/wp\/v2\/comments?post=3001"}],"version-history":[{"count":3,"href":"https:\/\/aedcolor.com\/index.php\/wp-json\/wp\/v2\/pages\/3001\/revisions"}],"predecessor-version":[{"id":9432,"href":"https:\/\/aedcolor.com\/index.php\/wp-json\/wp\/v2\/pages\/3001\/revisions\/9432"}],"wp:attachment":[{"href":"https:\/\/aedcolor.com\/index.php\/wp-json\/wp\/v2\/media?parent=3001"}],"curies":[{"name":"wp","href":"https:\/\/api.w.org\/{rel}","templated":true}]}}