{"id":3020,"date":"2023-05-18T12:17:42","date_gmt":"2023-05-18T12:17:42","guid":{"rendered":"https:\/\/aedcolor.com\/?page_id=3020"},"modified":"2023-10-05T10:04:38","modified_gmt":"2023-10-05T10:04:38","slug":"vs-w","status":"publish","type":"page","link":"https:\/\/aedcolor.com\/index.php\/vs-w\/","title":{"rendered":"VS-W"},"content":{"rendered":"<div class=\"wpb-content-wrapper\"><p>[vc_row css=&#8221;.vc_custom_1683099634441{padding-bottom: 30px !important;}&#8221;][vc_column width=&#8221;2\/3&#8243;][vc_custom_heading text=&#8221;VS-W<\/p>\n<p>&#8221; font_container=&#8221;tag:h2|font_size:50|text_align:left&#8221; use_theme_fonts=&#8221;yes&#8221; link=&#8221;|title:AQUAMAT%20-%20SUPERELASTIC||&#8221;][\/vc_column][\/vc_row][vc_row][vc_column width=&#8221;1\/2&#8243;][vc_single_image image=&#8221;3015&#8243; img_size=&#8221;full&#8221;][\/vc_column][vc_column width=&#8221;1\/2&#8243;][vc_column_text]<strong><span style=\"color: #000000;\">VS-W \u00ebsht\u00eb nj\u00eb lust\u00ebr prej akriliku me baz\u00eb uji, e gatshme p\u00ebr p\u00ebrdorim, me struktur\u00eb nanomolekulare, e cila p\u00ebrdoret p\u00ebr mborjtjen e n\u00ebnshtresave cimentoze (prej betoni, veshje dekorative t\u00eb mikrocimentoze, etj).<\/span><\/strong><\/p>\n<ul>\n<li><span style=\"color: #000000;\">Ajo p\u00ebrmir\u00ebson ngjyr\u00ebn natyrale t\u00eb materialit duke i siguruar atij nj\u00eb shtres\u00eb p\u00ebrfundimtare t\u00eb bukur dhe me shk\u00eblqim.<\/span><\/li>\n<li><span style=\"color: #000000;\">\u00cbsht\u00eb e q\u00ebndrueshme n\u00ebn rrezatimin UV; nuk zverdhet me kalimin e koh\u00ebs.\u00a0<\/span><\/li>\n<li><span style=\"color: #000000;\">Nuk p\u00ebrmban tret\u00ebs dhe \u00ebsht\u00eb pa er\u00eb, prandaj \u00ebsht\u00eb ideale p\u00ebr hap\u00ebsira jo t\u00eb ajrosura sa duhet.\u00a0<\/span><\/li>\n<li><span style=\"color: #000000;\">\u00cbsht\u00eb e p\u00ebrshtatshme si p\u00ebr p\u00ebrdorim t\u00eb brendsh\u00ebm ashtu dhe t\u00eb jasht\u00ebm.<\/span><\/li>\n<\/ul>\n<p><span style=\"color: #000000;\">VS-W nxjerr n\u00eb pah ngjyr\u00ebn natyrale t\u00eb materialit mbi t\u00eb cilin aplikohet, duke e mbrojtur at\u00eb n\u00eb t\u00eb nj\u00ebjt\u00ebn koh\u00eb nga ndotja atmosferike. Ajo \u00ebsht\u00eb e p\u00ebrshtatshme p\u00ebr aplikim n\u00eb n\u00ebnshtresa cimentoje, t\u00eb tlla si shtresa dekorative mikocementoze, si dhe p\u00ebrpara aplikimit t\u00eb lustrave prej poliuretani. Aplikohet n\u00eb mure dhe dysheme, n\u00eb ambiente t\u00eb brendshme ose t\u00eb jashtme.<\/span><\/p>\n<p><strong><span style=\"color: #000000;\">P\u00ebrgatitja e n\u00ebnshtres\u00ebs<\/span><\/strong><br \/>\n<span style=\"color: #000000;\">N\u00ebnshtresa duhet t\u00eb jet\u00eb e that\u00eb, e past\u00ebr, pa vajra, pluhura, grimca t\u00eb lirshme, pluhur, etj.<\/span><\/p>\n<p><strong><span style=\"color: #000000;\">Zbatimi<\/span><\/strong><br \/>\n<span style=\"color: #000000;\">VS-W rallohet me uj\u00eb n\u00eb raport 1:1 nga volumi dhe pastaj aplikohet me furc\u00eb ose rul n\u00eb dy duar. Dora e dyt\u00eb jepet pasi t\u00eb jet\u00eb thar\u00eb dora e par\u00eb, n\u00eb var\u00ebsi me kushtet e motit.<\/span>[\/vc_column_text][vc_row_inner][vc_column_inner width=&#8221;1\/2&#8243;]<div class=\"standard-arrow bullet-top\"><ul>\n<li>\n<div class=\"col-12 col-xs-6 col-sm-12 col-md-6 d-flex pb-2 pb-md-3 \"><span style=\"color: #000000;\">150-200 ml\/m2 p\u00ebr shtres\u00eb, n\u00eb var\u00ebsi t\u00eb aft\u00ebsis\u00eb thith\u00ebse t\u00eb sip\u00ebrfaqes.\u00a0<\/span><\/div>\n<\/li>\n<\/ul>\n<\/div>[\/vc_column_inner][vc_column_inner width=&#8221;1\/2&#8243;]<div class=\"standard-arrow bullet-top\"><ul>\n<li><span style=\"color: #000000;\">VS-W ofrohet n\u00eb kuti metalike 1,5 dhe 20 litra.<\/span><\/li>\n<\/ul>\n<\/div>[\/vc_column_inner][\/vc_row_inner][vc_row_inner css=&#8221;.vc_custom_1683100048912{padding-top: 20px !important;}&#8221;][vc_column_inner width=&#8221;1\/2&#8243;]<div class=\"aio-icon-component    style_1\"><div id=\"Info-box-wrap-1691\" class=\"aio-icon-box default-icon\" style=\"\"  ><div class=\"aio-icon-default\"><div class=\"ult-just-icon-wrapper  \"><div class=\"align-icon\" style=\"text-align:center;\">\n<div class=\"aio-icon-img \" style=\"font-size:65px;display:inline-block;\" >\n\t<img decoding=\"async\" class=\"img-icon\" alt=\"null\" src=\"https:\/\/aedcolor.com\/wp-content\/uploads\/2023\/05\/image-2.png\"\/>\n<\/div><\/div><\/div><\/div><div class=\"aio-icon-header\" ><h3 class=\"aio-icon-title ult-responsive\"  data-ultimate-target='#Info-box-wrap-1691 .aio-icon-title'  data-responsive-json-new='{\"font-size\":\"\",\"line-height\":\"\"}'  style=\"\">Sip\u00ebrfaqe: Cimento<\/h3><\/div> <!-- header --><\/div> <!-- aio-icon-box --><\/div> <!-- aio-icon-component -->[\/vc_column_inner][vc_column_inner width=&#8221;1\/2&#8243;]<div class=\"aio-icon-component    style_1\"><div id=\"Info-box-wrap-3709\" class=\"aio-icon-box default-icon\" style=\"\"  ><div class=\"aio-icon-default\"><div class=\"ult-just-icon-wrapper  \"><div class=\"align-icon\" style=\"text-align:center;\">\n<div class=\"aio-icon-img \" style=\"font-size:65px;display:inline-block;\" >\n\t<img decoding=\"async\" class=\"img-icon\" alt=\"null\" src=\"https:\/\/aedcolor.com\/wp-content\/uploads\/2023\/05\/image-1.png\"\/>\n<\/div><\/div><\/div><\/div><div class=\"aio-icon-header\" ><h3 class=\"aio-icon-title ult-responsive\"  data-ultimate-target='#Info-box-wrap-3709 .aio-icon-title'  data-responsive-json-new='{\"font-size\":\"\",\"line-height\":\"\"}'  style=\"\">Aplikimi: Fur\u00e7\u00eb ose rul<\/h3><\/div> <!-- header --><\/div> <!-- aio-icon-box --><\/div> <!-- aio-icon-component -->[\/vc_column_inner][\/vc_row_inner][\/vc_column][\/vc_row]<\/p>\n<\/div>","protected":false},"excerpt":{"rendered":"<p>[vc_row css=&#8221;.vc_custom_1683099634441{padding-bottom: 30px !important;}&#8221;][vc_column width=&#8221;2\/3&#8243;][vc_custom_heading text=&#8221;VS-W &#8221; font_container=&#8221;tag:h2|font_size:50|text_align:left&#8221; use_theme_fonts=&#8221;yes&#8221; link=&#8221;|title:AQUAMAT%20-%20SUPERELASTIC||&#8221;][\/vc_column][\/vc_row][vc_row][vc_column width=&#8221;1\/2&#8243;][vc_single_image image=&#8221;3015&#8243; img_size=&#8221;full&#8221;][\/vc_column][vc_column width=&#8221;1\/2&#8243;][vc_column_text]VS-W \u00ebsht\u00eb nj\u00eb lust\u00ebr prej akriliku me baz\u00eb uji, e gatshme p\u00ebr p\u00ebrdorim, me struktur\u00eb nanomolekulare, e cila p\u00ebrdoret p\u00ebr mborjtjen e n\u00ebnshtresave cimentoze (prej betoni, veshje dekorative t\u00eb mikrocimentoze, etj). Ajo p\u00ebrmir\u00ebson ngjyr\u00ebn natyrale t\u00eb materialit duke i siguruar atij nj\u00eb&hellip;<\/p>\n","protected":false},"author":2,"featured_media":0,"parent":0,"menu_order":0,"comment_status":"closed","ping_status":"closed","template":"","meta":{"footnotes":""},"class_list":["post-3020","page","type-page","status-publish","hentry","description-off"],"_links":{"self":[{"href":"https:\/\/aedcolor.com\/index.php\/wp-json\/wp\/v2\/pages\/3020","targetHints":{"allow":["GET"]}}],"collection":[{"href":"https:\/\/aedcolor.com\/index.php\/wp-json\/wp\/v2\/pages"}],"about":[{"href":"https:\/\/aedcolor.com\/index.php\/wp-json\/wp\/v2\/types\/page"}],"author":[{"embeddable":true,"href":"https:\/\/aedcolor.com\/index.php\/wp-json\/wp\/v2\/users\/2"}],"replies":[{"embeddable":true,"href":"https:\/\/aedcolor.com\/index.php\/wp-json\/wp\/v2\/comments?post=3020"}],"version-history":[{"count":3,"href":"https:\/\/aedcolor.com\/index.php\/wp-json\/wp\/v2\/pages\/3020\/revisions"}],"predecessor-version":[{"id":9446,"href":"https:\/\/aedcolor.com\/index.php\/wp-json\/wp\/v2\/pages\/3020\/revisions\/9446"}],"wp:attachment":[{"href":"https:\/\/aedcolor.com\/index.php\/wp-json\/wp\/v2\/media?parent=3020"}],"curies":[{"name":"wp","href":"https:\/\/api.w.org\/{rel}","templated":true}]}}