{"id":306,"date":"2019-04-19T08:57:09","date_gmt":"2019-04-19T08:57:09","guid":{"rendered":"https:\/\/aedcolor.com\/?page_id=306"},"modified":"2024-02-23T11:58:37","modified_gmt":"2024-02-23T11:58:37","slug":"astare-bitumionz","status":"publish","type":"page","link":"https:\/\/aedcolor.com\/index.php\/astare-bitumionz\/","title":{"rendered":"ASTARE BITUMIONZ"},"content":{"rendered":"<div class=\"wpb-content-wrapper\"><p>[vc_row gap=&#8221;30&#8243;][vc_column width=&#8221;1\/4&#8243; css=&#8221;.vc_custom_1685603667297{border-top-width: 5px !important;border-right-width: 5px !important;border-bottom-width: 5px !important;border-left-width: 5px !important;border-left-color: rgba(62,66,77,0.14) !important;border-left-style: solid !important;border-right-color: rgba(62,66,77,0.14) !important;border-right-style: solid !important;border-top-color: rgba(62,66,77,0.14) !important;border-top-style: solid !important;border-bottom-color: rgba(62,66,77,0.14) !important;border-bottom-style: solid !important;}&#8221;][vc_single_image image=&#8221;3767&#8243; img_size=&#8221;full&#8221;][vc_custom_heading text=&#8221;ESHA-IZOTON PRIMER&#8221; font_container=&#8221;tag:h3|font_size:18|text_align:center|color:%23000000&#8243; google_fonts=&#8221;font_family:Roboto%3A100%2C100italic%2C300%2C300italic%2Cregular%2Citalic%2C500%2C500italic%2C700%2C700italic%2C900%2C900italic|font_style:500%20bold%20regular%3A500%3Anormal&#8221;][vc_column_text]<\/p>\n<p style=\"text-align: center;\">I p\u00ebrshtatsh\u00ebm p\u00ebr shtres\u00ebn ngjit\u00ebse t\u00eb sistemit t\u00eb hidroizolimit t\u00eb kuvert\u00ebs s\u00eb ur\u00ebs<\/p>\n<p>[\/vc_column_text][vc_btn title=&#8221;Shiko me shume&#8221; style=&#8221;outline-custom&#8221; outline_custom_color=&#8221;#cf171f&#8221; outline_custom_hover_background=&#8221;#cf171f&#8221; outline_custom_hover_text=&#8221;#ffffff&#8221; size=&#8221;sm&#8221; align=&#8221;center&#8221; link=&#8221;url:https%3A%2F%2Faedcolor.com%2Findex.php%2Fesha-izoton-primer%2F|||&#8221;][\/vc_column][vc_column width=&#8221;1\/4&#8243; css=&#8221;.vc_custom_1685603681870{border-top-width: 5px !important;border-right-width: 5px !important;border-bottom-width: 5px !important;border-left-width: 5px !important;border-left-color: rgba(62,66,77,0.14) !important;border-left-style: solid !important;border-right-color: rgba(62,66,77,0.14) !important;border-right-style: solid !important;border-top-color: rgba(62,66,77,0.14) !important;border-top-style: solid !important;border-bottom-color: rgba(62,66,77,0.14) !important;border-bottom-style: solid !important;}&#8221;][vc_single_image image=&#8221;3856&#8243; img_size=&#8221;full&#8221;][vc_custom_heading text=&#8221;ESHATOPRIMER&#8221; font_container=&#8221;tag:h3|font_size:18|text_align:center|color:%23000000&#8243; google_fonts=&#8221;font_family:Roboto%3A100%2C100italic%2C300%2C300italic%2Cregular%2Citalic%2C500%2C500italic%2C700%2C700italic%2C900%2C900italic|font_style:500%20bold%20regular%3A500%3Anormal&#8221;][vc_column_text]<\/p>\n<p style=\"text-align: center;\">Primer bituminoz hidroizolues elastomerik i klasit t\u00eb lart\u00eb miq\u00ebsor ndaj mjedisit<\/p>\n<p>[\/vc_column_text][vc_btn title=&#8221;Shiko me shume&#8221; style=&#8221;outline-custom&#8221; outline_custom_color=&#8221;#cf171f&#8221; outline_custom_hover_background=&#8221;#cf171f&#8221; outline_custom_hover_text=&#8221;#ffffff&#8221; size=&#8221;sm&#8221; align=&#8221;center&#8221; link=&#8221;url:https%3A%2F%2Faedcolor.com%2Findex.php%2Feshatoprimer%2F|||&#8221;][\/vc_column][vc_column width=&#8221;1\/4&#8243; css=&#8221;.vc_custom_1685603697238{border-top-width: 5px !important;border-right-width: 5px !important;border-bottom-width: 5px !important;border-left-width: 5px !important;border-left-color: rgba(62,66,77,0.14) !important;border-left-style: solid !important;border-right-color: rgba(62,66,77,0.14) !important;border-right-style: solid !important;border-top-color: rgba(62,66,77,0.14) !important;border-top-style: solid !important;border-bottom-color: rgba(62,66,77,0.14) !important;border-bottom-style: solid !important;}&#8221;][vc_single_image image=&#8221;3858&#8243; img_size=&#8221;full&#8221;][vc_custom_heading text=&#8221;PRIMER ESHAFX&#8221; font_container=&#8221;tag:h3|font_size:18|text_align:center|color:%23000000&#8243; google_fonts=&#8221;font_family:Roboto%3A100%2C100italic%2C300%2C300italic%2Cregular%2Citalic%2C500%2C500italic%2C700%2C700italic%2C900%2C900italic|font_style:500%20bold%20regular%3A500%3Anormal&#8221;][vc_column_text]<\/p>\n<p style=\"text-align: center;\">Primer impregnues, me baz\u00eb akrilike<\/p>\n<p>[\/vc_column_text][vc_btn title=&#8221;Shiko me shume&#8221; style=&#8221;outline-custom&#8221; outline_custom_color=&#8221;#cf171f&#8221; outline_custom_hover_background=&#8221;#cf171f&#8221; outline_custom_hover_text=&#8221;#ffffff&#8221; size=&#8221;sm&#8221; align=&#8221;center&#8221; link=&#8221;url:https%3A%2F%2Faedcolor.com%2Findex.php%2Feshafx-primer%2F|||&#8221;][\/vc_column][vc_column width=&#8221;1\/4&#8243; css=&#8221;.vc_custom_1685603743937{border-top-width: 5px !important;border-right-width: 5px !important;border-bottom-width: 5px !important;border-left-width: 5px !important;border-left-color: rgba(62,66,77,0.14) !important;border-left-style: solid !important;border-right-color: rgba(62,66,77,0.14) !important;border-right-style: solid !important;border-top-color: rgba(62,66,77,0.14) !important;border-top-style: solid !important;border-bottom-color: rgba(62,66,77,0.14) !important;border-bottom-style: solid !important;}&#8221;][vc_single_image image=&#8221;3860&#8243; img_size=&#8221;full&#8221;][vc_custom_heading text=&#8221;ESHADESMOLAST PRIMER PUB 2K&#8221; font_container=&#8221;tag:h3|font_size:18|text_align:center|color:%23000000&#8243; google_fonts=&#8221;font_family:Roboto%3A100%2C100italic%2C300%2C300italic%2Cregular%2Citalic%2C500%2C500italic%2C700%2C700italic%2C900%2C900italic|font_style:500%20bold%20regular%3A500%3Anormal&#8221;][vc_column_text]<\/p>\n<p style=\"text-align: center;\">ESHADESMOLAST PRIMER PUB 2K\u00a0\u00ebsht\u00eb nj\u00eb primer i l\u00ebngsh\u00ebm<\/p>\n<p>[\/vc_column_text][vc_btn title=&#8221;Shiko me shume&#8221; style=&#8221;outline-custom&#8221; outline_custom_color=&#8221;#cf171f&#8221; outline_custom_hover_background=&#8221;#cf171f&#8221; outline_custom_hover_text=&#8221;#ffffff&#8221; size=&#8221;sm&#8221; align=&#8221;center&#8221; link=&#8221;url:https%3A%2F%2Faedcolor.com%2Findex.php%2Feshadesmolast-primer-pub-2k%2F|||&#8221;][\/vc_column][\/vc_row][vc_row gap=&#8221;30&#8243;][vc_column width=&#8221;1\/4&#8243; css=&#8221;.vc_custom_1685603750319{border-top-width: 5px !important;border-right-width: 5px !important;border-bottom-width: 5px !important;border-left-width: 5px !important;border-left-color: rgba(62,66,77,0.14) !important;border-left-style: solid !important;border-right-color: rgba(62,66,77,0.14) !important;border-right-style: solid !important;border-top-color: rgba(62,66,77,0.14) !important;border-top-style: solid !important;border-bottom-color: rgba(62,66,77,0.14) !important;border-bottom-style: solid !important;}&#8221;][vc_single_image image=&#8221;3862&#8243; img_size=&#8221;full&#8221;][vc_custom_heading text=&#8221;ESHAPRIMER DM&#8221; font_container=&#8221;tag:h3|font_size:18|text_align:center|color:%23000000&#8243; google_fonts=&#8221;font_family:Roboto%3A100%2C100italic%2C300%2C300italic%2Cregular%2Citalic%2C500%2C500italic%2C700%2C700italic%2C900%2C900italic|font_style:500%20bold%20regular%3A500%3Anormal&#8221;][vc_column_text]<\/p>\n<p style=\"text-align: center;\">ESHAPRIMER DM\u00a0\u00ebsht\u00eb nj\u00eb primer i l\u00ebngsh\u00ebm p\u00ebr p\u00ebrmir\u00ebsimin e ngjitjes<\/p>\n<p>[\/vc_column_text][vc_btn title=&#8221;Shiko me shume&#8221; style=&#8221;outline-custom&#8221; outline_custom_color=&#8221;#cf171f&#8221; outline_custom_hover_background=&#8221;#cf171f&#8221; outline_custom_hover_text=&#8221;#ffffff&#8221; size=&#8221;sm&#8221; align=&#8221;center&#8221; link=&#8221;url:https%3A%2F%2Faedcolor.com%2Findex.php%2Feshaprimer-dm%2F|||&#8221;][\/vc_column][vc_column width=&#8221;1\/4&#8243; css=&#8221;.vc_custom_1685603765135{border-top-width: 5px !important;border-right-width: 5px !important;border-bottom-width: 5px !important;border-left-width: 5px !important;border-left-color: rgba(62,66,77,0.14) !important;border-left-style: solid !important;border-right-color: rgba(62,66,77,0.14) !important;border-right-style: solid !important;border-top-color: rgba(62,66,77,0.14) !important;border-top-style: solid !important;border-bottom-color: rgba(62,66,77,0.14) !important;border-bottom-style: solid !important;}&#8221;][vc_single_image image=&#8221;3864&#8243; img_size=&#8221;full&#8221;][vc_custom_heading text=&#8221;ESHADESMOLAST PRIMER AQUA 2K&#8221; font_container=&#8221;tag:h3|font_size:18|text_align:center|color:%23000000&#8243; google_fonts=&#8221;font_family:Roboto%3A100%2C100italic%2C300%2C300italic%2Cregular%2Citalic%2C500%2C500italic%2C700%2C700italic%2C900%2C900italic|font_style:500%20bold%20regular%3A500%3Anormal&#8221;][vc_column_text]<\/p>\n<p style=\"text-align: center;\">Shtres\u00eb epokside me baz\u00eb uji me dy p\u00ebrb\u00ebr\u00ebs<\/p>\n<p>[\/vc_column_text][vc_btn title=&#8221;Shiko me shume&#8221; style=&#8221;outline-custom&#8221; outline_custom_color=&#8221;#cf171f&#8221; outline_custom_hover_background=&#8221;#cf171f&#8221; outline_custom_hover_text=&#8221;#ffffff&#8221; size=&#8221;sm&#8221; align=&#8221;center&#8221; link=&#8221;url:https%3A%2F%2Faedcolor.com%2Findex.php%2Feshadesmolast-primer-aqua-2k%2F|||&#8221;][\/vc_column][vc_column width=&#8221;1\/4&#8243; css=&#8221;.vc_custom_1685603779138{border-top-width: 5px !important;border-right-width: 5px !important;border-bottom-width: 5px !important;border-left-width: 5px !important;border-left-color: rgba(62,66,77,0.14) !important;border-left-style: solid !important;border-right-color: rgba(62,66,77,0.14) !important;border-right-style: solid !important;border-top-color: rgba(62,66,77,0.14) !important;border-top-style: solid !important;border-bottom-color: rgba(62,66,77,0.14) !important;border-bottom-style: solid !important;}&#8221;][vc_single_image image=&#8221;3866&#8243; img_size=&#8221;full&#8221;][vc_custom_heading text=&#8221;ESHADESMOLAST PRIMER PU&#8221; font_container=&#8221;tag:h3|font_size:18|text_align:center|color:%23000000&#8243; google_fonts=&#8221;font_family:Roboto%3A100%2C100italic%2C300%2C300italic%2Cregular%2Citalic%2C500%2C500italic%2C700%2C700italic%2C900%2C900italic|font_style:500%20bold%20regular%3A500%3Anormal&#8221;][vc_column_text]<\/p>\n<p style=\"text-align: center;\">L\u00ebng me baz\u00eb poliuretani t\u00eb cil\u00ebsis\u00eb s\u00eb lart\u00eb me nj\u00eb p\u00ebrb\u00ebr\u00ebs q\u00eb sh\u00ebrohet me lag\u00ebshtin\u00eb atmosferike<\/p>\n<p>[\/vc_column_text][vc_btn title=&#8221;Shiko me shume&#8221; style=&#8221;outline-custom&#8221; outline_custom_color=&#8221;#cf171f&#8221; outline_custom_hover_background=&#8221;#cf171f&#8221; outline_custom_hover_text=&#8221;#ffffff&#8221; size=&#8221;sm&#8221; align=&#8221;center&#8221; link=&#8221;url:https%3A%2F%2Faedcolor.com%2Findex.php%2Feshadesmolast-primer-pu%2F|||&#8221;][\/vc_column][vc_column width=&#8221;1\/4&#8243; css=&#8221;.vc_custom_1685603798769{border-top-width: 5px !important;border-right-width: 5px !important;border-bottom-width: 5px !important;border-left-width: 5px !important;border-left-color: rgba(62,66,77,0.14) !important;border-left-style: solid !important;border-right-color: rgba(62,66,77,0.14) !important;border-right-style: solid !important;border-top-color: rgba(62,66,77,0.14) !important;border-top-style: solid !important;border-bottom-color: rgba(62,66,77,0.14) !important;border-bottom-style: solid !important;}&#8221;][vc_single_image image=&#8221;3868&#8243; img_size=&#8221;full&#8221;][vc_custom_heading text=&#8221;ESHAPRIMER 21&#8243; font_container=&#8221;tag:h3|font_size:18|text_align:center|color:%23000000&#8243; google_fonts=&#8221;font_family:Roboto%3A100%2C100italic%2C300%2C300italic%2Cregular%2Citalic%2C500%2C500italic%2C700%2C700italic%2C900%2C900italic|font_style:500%20bold%20regular%3A500%3Anormal&#8221;][vc_column_text]<\/p>\n<p style=\"text-align: center;\">Llak mbrojt\u00ebs me baz\u00eb poliuretani t\u00eb cil\u00ebsis\u00eb s\u00eb lart\u00eb me nj\u00eb p\u00ebrb\u00ebr\u00ebs<\/p>\n<p>[\/vc_column_text][vc_btn title=&#8221;Shiko me shume&#8221; style=&#8221;outline-custom&#8221; outline_custom_color=&#8221;#cf171f&#8221; outline_custom_hover_background=&#8221;#cf171f&#8221; outline_custom_hover_text=&#8221;#ffffff&#8221; size=&#8221;sm&#8221; align=&#8221;center&#8221; link=&#8221;url:https%3A%2F%2Faedcolor.com%2Findex.php%2Feshaprimer-21%2F|||&#8221;][\/vc_column][\/vc_row][vc_row gap=&#8221;30&#8243;][vc_column width=&#8221;1\/4&#8243; css=&#8221;.vc_custom_1685603750319{border-top-width: 5px !important;border-right-width: 5px !important;border-bottom-width: 5px !important;border-left-width: 5px !important;border-left-color: rgba(62,66,77,0.14) !important;border-left-style: solid !important;border-right-color: rgba(62,66,77,0.14) !important;border-right-style: solid !important;border-top-color: rgba(62,66,77,0.14) !important;border-top-style: solid !important;border-bottom-color: rgba(62,66,77,0.14) !important;border-bottom-style: solid !important;}&#8221;][vc_single_image image=&#8221;10584&#8243; img_size=&#8221;full&#8221;][vc_custom_heading text=&#8221;ESHASEALER No1&#8243; font_container=&#8221;tag:h3|font_size:18|text_align:center|color:%23000000&#8243; google_fonts=&#8221;font_family:Roboto%3A100%2C100italic%2C300%2C300italic%2Cregular%2Citalic%2C500%2C500italic%2C700%2C700italic%2C900%2C900italic|font_style:500%20bold%20regular%3A500%3Anormal&#8221;][vc_column_text]<\/p>\n<p style=\"text-align: center;\">ESHASEALER\u00a0\u00a0<strong>Nr. 1<\/strong> \u00a0\u00ebsht\u00eb nj\u00eb primer vulos\u00ebse fugash bituminoze plastomeri<\/p>\n<p>[\/vc_column_text][vc_btn title=&#8221;Shiko me shume&#8221; style=&#8221;outline-custom&#8221; outline_custom_color=&#8221;#cf171f&#8221; outline_custom_hover_background=&#8221;#cf171f&#8221; outline_custom_hover_text=&#8221;#ffffff&#8221; size=&#8221;sm&#8221; align=&#8221;center&#8221; link=&#8221;url:https%3A%2F%2Faedcolor.com%2Findex.php%2Feshasealer-no1%2F|||&#8221;][\/vc_column][vc_column width=&#8221;1\/4&#8243; css=&#8221;.vc_custom_1685603765135{border-top-width: 5px !important;border-right-width: 5px !important;border-bottom-width: 5px !important;border-left-width: 5px !important;border-left-color: rgba(62,66,77,0.14) !important;border-left-style: solid !important;border-right-color: rgba(62,66,77,0.14) !important;border-right-style: solid !important;border-top-color: rgba(62,66,77,0.14) !important;border-top-style: solid !important;border-bottom-color: rgba(62,66,77,0.14) !important;border-bottom-style: solid !important;}&#8221;][vc_single_image image=&#8221;10589&#8243; img_size=&#8221;full&#8221;][vc_custom_heading text=&#8221;ESHASEALER No2&#8243; font_container=&#8221;tag:h3|font_size:18|text_align:center|color:%23000000&#8243; google_fonts=&#8221;font_family:Roboto%3A100%2C100italic%2C300%2C300italic%2Cregular%2Citalic%2C500%2C500italic%2C700%2C700italic%2C900%2C900italic|font_style:500%20bold%20regular%3A500%3Anormal&#8221;][vc_column_text]<\/p>\n<p style=\"text-align: center;\">ESHASEALER\u00a0\u00a0<strong>Nr.2<\/strong> \u00a0\u00ebsht\u00eb nj\u00eb astar bituminoze elastoplastike, e aplikuar \u201ce ftoht\u00eb\u201d, e p\u00ebrshtatshme p\u00ebr riparime-korrigjime lokale t\u00eb membranave bituminoze t\u00eb pap\u00ebrsosura.<\/p>\n<p>[\/vc_column_text][vc_btn title=&#8221;Shiko me shume&#8221; style=&#8221;outline-custom&#8221; outline_custom_color=&#8221;#cf171f&#8221; outline_custom_hover_background=&#8221;#cf171f&#8221; outline_custom_hover_text=&#8221;#ffffff&#8221; size=&#8221;sm&#8221; align=&#8221;center&#8221; link=&#8221;url:https%3A%2F%2Faedcolor.com%2Findex.php%2Feshasealer-no2%2F|||&#8221;][\/vc_column][vc_column width=&#8221;1\/4&#8243; css=&#8221;.vc_custom_1685603779138{border-top-width: 5px !important;border-right-width: 5px !important;border-bottom-width: 5px !important;border-left-width: 5px !important;border-left-color: rgba(62,66,77,0.14) !important;border-left-style: solid !important;border-right-color: rgba(62,66,77,0.14) !important;border-right-style: solid !important;border-top-color: rgba(62,66,77,0.14) !important;border-top-style: solid !important;border-bottom-color: rgba(62,66,77,0.14) !important;border-bottom-style: solid !important;}&#8221;][vc_single_image image=&#8221;10594&#8243; img_size=&#8221;full&#8221;][vc_custom_heading text=&#8221;ESHAPOLYPHALT A+B&#8221; font_container=&#8221;tag:h3|font_size:18|text_align:center|color:%23000000&#8243; google_fonts=&#8221;font_family:Roboto%3A100%2C100italic%2C300%2C300italic%2Cregular%2Citalic%2C500%2C500italic%2C700%2C700italic%2C900%2C900italic|font_style:500%20bold%20regular%3A500%3Anormal&#8221;][vc_column_text]<\/p>\n<p style=\"text-align: center;\">ESHAPOLYPHALT\u00a0\u00a0<strong>A+B<\/strong>\u00a0\u00a0\u00ebsht\u00eb nj\u00eb material mbyll\u00ebs fugash elastomerik poliuretani-bituminoz, me performanc\u00eb t\u00eb lart\u00eb, vet\u00ebnivelues, me dy komponent\u00eb (A+B)<\/p>\n<p>[\/vc_column_text][vc_btn title=&#8221;Shiko me shume&#8221; style=&#8221;outline-custom&#8221; outline_custom_color=&#8221;#cf171f&#8221; outline_custom_hover_background=&#8221;#cf171f&#8221; outline_custom_hover_text=&#8221;#ffffff&#8221; size=&#8221;sm&#8221; align=&#8221;center&#8221; link=&#8221;url:https%3A%2F%2Faedcolor.com%2Findex.php%2Feshapolyphalt-ab%2F|||&#8221;][\/vc_column][vc_column width=&#8221;1\/4&#8243; css=&#8221;.vc_custom_1685603798769{border-top-width: 5px !important;border-right-width: 5px !important;border-bottom-width: 5px !important;border-left-width: 5px !important;border-left-color: rgba(62,66,77,0.14) !important;border-left-style: solid !important;border-right-color: rgba(62,66,77,0.14) !important;border-right-style: solid !important;border-top-color: rgba(62,66,77,0.14) !important;border-top-style: solid !important;border-bottom-color: rgba(62,66,77,0.14) !important;border-bottom-style: solid !important;}&#8221;][vc_single_image image=&#8221;10599&#8243; img_size=&#8221;full&#8221;][vc_custom_heading text=&#8221;ESHAPOLYSEAL A+B&#8221; font_container=&#8221;tag:h3|font_size:18|text_align:center|color:%23000000&#8243; google_fonts=&#8221;font_family:Roboto%3A100%2C100italic%2C300%2C300italic%2Cregular%2Citalic%2C500%2C500italic%2C700%2C700italic%2C900%2C900italic|font_style:500%20bold%20regular%3A500%3Anormal&#8221;][vc_column_text]<\/p>\n<p style=\"text-align: center;\">ESHAPOLYSEAL\u00a0\u00a0<strong>A+B<\/strong>\u00a0\u00a0\u00ebsht\u00eb nj\u00eb mastik\u00eb mbyll\u00ebse e fugave elastomerike poliuretani me performanc\u00eb t\u00eb lart\u00eb, vet\u00eb-p\u00ebrhap\u00ebse, me dy p\u00ebrb\u00ebr\u00ebs (A+B)<\/p>\n<p>[\/vc_column_text][vc_btn title=&#8221;Shiko me shume&#8221; style=&#8221;outline-custom&#8221; outline_custom_color=&#8221;#cf171f&#8221; outline_custom_hover_background=&#8221;#cf171f&#8221; outline_custom_hover_text=&#8221;#ffffff&#8221; size=&#8221;sm&#8221; align=&#8221;center&#8221; link=&#8221;url:https%3A%2F%2Faedcolor.com%2Findex.php%2Feshapolyseal-ab%2F|||&#8221;][\/vc_column][\/vc_row][vc_row gap=&#8221;30&#8243;][vc_column width=&#8221;1\/4&#8243; css=&#8221;.vc_custom_1685603750319{border-top-width: 5px !important;border-right-width: 5px !important;border-bottom-width: 5px !important;border-left-width: 5px !important;border-left-color: rgba(62,66,77,0.14) !important;border-left-style: solid !important;border-right-color: rgba(62,66,77,0.14) !important;border-right-style: solid !important;border-top-color: rgba(62,66,77,0.14) !important;border-top-style: solid !important;border-bottom-color: rgba(62,66,77,0.14) !important;border-bottom-style: solid !important;}&#8221;][vc_single_image image=&#8221;10542&#8243; img_size=&#8221;full&#8221;][vc_custom_heading text=&#8221;ESHAHYDROPRIMER&#8221; font_container=&#8221;tag:h3|font_size:18|text_align:center|color:%23000000&#8243; google_fonts=&#8221;font_family:Roboto%3A100%2C100italic%2C300%2C300italic%2Cregular%2Citalic%2C500%2C500italic%2C700%2C700italic%2C900%2C900italic|font_style:500%20bold%20regular%3A500%3Anormal&#8221;][vc_column_text]<\/p>\n<p style=\"text-align: center;\">\u00a0Emulsion bituminoz hidroizolues ekologjik me cil\u00ebsi t\u00eb lart\u00eb<\/p>\n<p>[\/vc_column_text][vc_btn title=&#8221;Shiko me shume&#8221; style=&#8221;outline-custom&#8221; outline_custom_color=&#8221;#cf171f&#8221; outline_custom_hover_background=&#8221;#cf171f&#8221; outline_custom_hover_text=&#8221;#ffffff&#8221; size=&#8221;sm&#8221; align=&#8221;center&#8221; link=&#8221;url:https%3A%2F%2Faedcolor.com%2Findex.php%2Feshahydroprimer%2F|||&#8221;][\/vc_column][vc_column width=&#8221;1\/4&#8243; css=&#8221;.vc_custom_1685603765135{border-top-width: 5px !important;border-right-width: 5px !important;border-bottom-width: 5px !important;border-left-width: 5px !important;border-left-color: rgba(62,66,77,0.14) !important;border-left-style: solid !important;border-right-color: rgba(62,66,77,0.14) !important;border-right-style: solid !important;border-top-color: rgba(62,66,77,0.14) !important;border-top-style: solid !important;border-bottom-color: rgba(62,66,77,0.14) !important;border-bottom-style: solid !important;}&#8221;][vc_single_image image=&#8221;10550&#8243; img_size=&#8221;full&#8221;][vc_custom_heading text=&#8221;ESHALAC 50S&#8221; font_container=&#8221;tag:h3|font_size:18|text_align:center|color:%23000000&#8243; google_fonts=&#8221;font_family:Roboto%3A100%2C100italic%2C300%2C300italic%2Cregular%2Citalic%2C500%2C500italic%2C700%2C700italic%2C900%2C900italic|font_style:500%20bold%20regular%3A500%3Anormal&#8221;][vc_column_text]<\/p>\n<p style=\"text-align: center;\">ESHASEALER\u00a0\u00a0<strong>Nr.2<\/strong> \u00a0\u00ebsht\u00eb nj\u00eb astar bituminoze elastoplastike, e aplikuar \u201ce ftoht\u00eb\u201d, e p\u00ebrshtatshme p\u00ebr riparime-korrigjime lokale t\u00eb membranave bituminoze t\u00eb pap\u00ebrsosura.<\/p>\n<p>[\/vc_column_text][vc_btn title=&#8221;Shiko me shume&#8221; style=&#8221;outline-custom&#8221; outline_custom_color=&#8221;#cf171f&#8221; outline_custom_hover_background=&#8221;#cf171f&#8221; outline_custom_hover_text=&#8221;#ffffff&#8221; size=&#8221;sm&#8221; align=&#8221;center&#8221; link=&#8221;url:https%3A%2F%2Faedcolor.com%2Findex.php%2Feshalac-50s%2F|||&#8221;][\/vc_column][\/vc_row]<\/p>\n<\/div>","protected":false},"excerpt":{"rendered":"<p>[vc_row gap=&#8221;30&#8243;][vc_column width=&#8221;1\/4&#8243; css=&#8221;.vc_custom_1685603667297{border-top-width: 5px !important;border-right-width: 5px !important;border-bottom-width: 5px !important;border-left-width: 5px !important;border-left-color: rgba(62,66,77,0.14) !important;border-left-style: solid !important;border-right-color: rgba(62,66,77,0.14) !important;border-right-style: solid !important;border-top-color: rgba(62,66,77,0.14) !important;border-top-style: solid !important;border-bottom-color: rgba(62,66,77,0.14) !important;border-bottom-style: solid !important;}&#8221;][vc_single_image image=&#8221;3767&#8243; img_size=&#8221;full&#8221;][vc_custom_heading text=&#8221;ESHA-IZOTON PRIMER&#8221; font_container=&#8221;tag:h3|font_size:18|text_align:center|color:%23000000&#8243; google_fonts=&#8221;font_family:Roboto%3A100%2C100italic%2C300%2C300italic%2Cregular%2Citalic%2C500%2C500italic%2C700%2C700italic%2C900%2C900italic|font_style:500%20bold%20regular%3A500%3Anormal&#8221;][vc_column_text] I p\u00ebrshtatsh\u00ebm p\u00ebr shtres\u00ebn ngjit\u00ebse t\u00eb sistemit t\u00eb hidroizolimit t\u00eb kuvert\u00ebs s\u00eb ur\u00ebs [\/vc_column_text][vc_btn title=&#8221;Shiko me shume&#8221; style=&#8221;outline-custom&#8221; outline_custom_color=&#8221;#cf171f&#8221; outline_custom_hover_background=&#8221;#cf171f&#8221; outline_custom_hover_text=&#8221;#ffffff&#8221;&hellip;<\/p>\n","protected":false},"author":3,"featured_media":0,"parent":0,"menu_order":0,"comment_status":"closed","ping_status":"closed","template":"","meta":{"footnotes":""},"class_list":["post-306","page","type-page","status-publish","hentry","description-off"],"_links":{"self":[{"href":"https:\/\/aedcolor.com\/index.php\/wp-json\/wp\/v2\/pages\/306","targetHints":{"allow":["GET"]}}],"collection":[{"href":"https:\/\/aedcolor.com\/index.php\/wp-json\/wp\/v2\/pages"}],"about":[{"href":"https:\/\/aedcolor.com\/index.php\/wp-json\/wp\/v2\/types\/page"}],"author":[{"embeddable":true,"href":"https:\/\/aedcolor.com\/index.php\/wp-json\/wp\/v2\/users\/3"}],"replies":[{"embeddable":true,"href":"https:\/\/aedcolor.com\/index.php\/wp-json\/wp\/v2\/comments?post=306"}],"version-history":[{"count":8,"href":"https:\/\/aedcolor.com\/index.php\/wp-json\/wp\/v2\/pages\/306\/revisions"}],"predecessor-version":[{"id":10616,"href":"https:\/\/aedcolor.com\/index.php\/wp-json\/wp\/v2\/pages\/306\/revisions\/10616"}],"wp:attachment":[{"href":"https:\/\/aedcolor.com\/index.php\/wp-json\/wp\/v2\/media?parent=306"}],"curies":[{"name":"wp","href":"https:\/\/api.w.org\/{rel}","templated":true}]}}