{"id":310,"date":"2019-04-19T09:04:44","date_gmt":"2019-04-19T09:04:44","guid":{"rendered":"https:\/\/aedcolor.com\/?page_id=310"},"modified":"2024-02-22T08:26:16","modified_gmt":"2024-02-22T08:26:16","slug":"membrana-drenazhimi","status":"publish","type":"page","link":"https:\/\/aedcolor.com\/index.php\/membrana-drenazhimi\/","title":{"rendered":"MEMBRANA DRENAZHIMI"},"content":{"rendered":"<div class=\"wpb-content-wrapper\"><p>[vc_row gap=&#8221;30&#8243;][vc_column width=&#8221;1\/4&#8243; css=&#8221;.vc_custom_1685605322695{border-top-width: 5px !important;border-right-width: 5px !important;border-bottom-width: 5px !important;border-left-width: 5px !important;border-left-color: rgba(62,66,77,0.14) !important;border-left-style: solid !important;border-right-color: rgba(62,66,77,0.14) !important;border-right-style: solid !important;border-top-color: rgba(62,66,77,0.14) !important;border-top-style: solid !important;border-bottom-color: rgba(62,66,77,0.14) !important;border-bottom-style: solid !important;}&#8221;][vc_single_image image=&#8221;3771&#8243; img_size=&#8221;full&#8221; alignment=&#8221;center&#8221;][vc_custom_heading text=&#8221;ESHADRAIN 400&#8243; font_container=&#8221;tag:h3|font_size:18|text_align:center|color:%23000000&#8243; google_fonts=&#8221;font_family:Roboto%3A100%2C100italic%2C300%2C300italic%2Cregular%2Citalic%2C500%2C500italic%2C700%2C700italic%2C900%2C900italic|font_style:500%20bold%20regular%3A500%3Anormal&#8221;][vc_column_text]<\/p>\n<p style=\"text-align: center;\">Membran\u00eb kulluese<\/p>\n<p>[\/vc_column_text][vc_btn title=&#8221;Shiko me shume&#8221; style=&#8221;outline-custom&#8221; outline_custom_color=&#8221;#cf171f&#8221; outline_custom_hover_background=&#8221;#cf171f&#8221; outline_custom_hover_text=&#8221;#ffffff&#8221; size=&#8221;sm&#8221; align=&#8221;center&#8221; link=&#8221;url:https%3A%2F%2Faedcolor.com%2Findex.php%2Feshadrin-400%2F|||&#8221;][\/vc_column][vc_column width=&#8221;1\/4&#8243; css=&#8221;.vc_custom_1685605468027{border-top-width: 5px !important;border-right-width: 5px !important;border-bottom-width: 5px !important;border-left-width: 5px !important;border-left-color: rgba(62,66,77,0.14) !important;border-left-style: solid !important;border-right-color: rgba(62,66,77,0.14) !important;border-right-style: solid !important;border-top-color: rgba(62,66,77,0.14) !important;border-top-style: solid !important;border-bottom-color: rgba(62,66,77,0.14) !important;border-bottom-style: solid !important;}&#8221;][vc_single_image image=&#8221;3898&#8243; img_size=&#8221;full&#8221; alignment=&#8221;center&#8221;][vc_custom_heading text=&#8221;ESHADRAIN R20 GARDEN&#8221; font_container=&#8221;tag:h3|font_size:18|text_align:center|color:%23000000&#8243; google_fonts=&#8221;font_family:Roboto%3A100%2C100italic%2C300%2C300italic%2Cregular%2Citalic%2C500%2C500italic%2C700%2C700italic%2C900%2C900italic|font_style:500%20bold%20regular%3A500%3Anormal&#8221;][vc_column_text]<\/p>\n<p style=\"text-align: center;\">Membranat kulluese\u00a0ESHADRAIN R-20\u00a0p\u00ebrb\u00ebhet nga\u00a0\u00a0flet\u00eb nodulare me polietileni<\/p>\n<p>[\/vc_column_text][vc_btn title=&#8221;Shiko me shume&#8221; style=&#8221;outline-custom&#8221; outline_custom_color=&#8221;#cf171f&#8221; outline_custom_hover_background=&#8221;#cf171f&#8221; outline_custom_hover_text=&#8221;#ffffff&#8221; size=&#8221;sm&#8221; align=&#8221;center&#8221; link=&#8221;url:https%3A%2F%2Faedcolor.com%2Findex.php%2Feshadrain-r20-garden%2F|||&#8221;][\/vc_column][vc_column width=&#8221;1\/4&#8243; css=&#8221;.vc_custom_1685605680342{border-top-width: 5px !important;border-right-width: 5px !important;border-bottom-width: 5px !important;border-left-width: 5px !important;border-left-color: rgba(62,66,77,0.14) !important;border-left-style: solid !important;border-right-color: rgba(62,66,77,0.14) !important;border-right-style: solid !important;border-top-color: rgba(62,66,77,0.14) !important;border-top-style: solid !important;border-bottom-color: rgba(62,66,77,0.14) !important;border-bottom-style: solid !important;}&#8221;][vc_single_image image=&#8221;3900&#8243; img_size=&#8221;full&#8221; alignment=&#8221;center&#8221;][vc_custom_heading text=&#8221;DRAIN E 400&#8243; font_container=&#8221;tag:h3|font_size:18|text_align:center|color:%23000000&#8243; google_fonts=&#8221;font_family:Roboto%3A100%2C100italic%2C300%2C300italic%2Cregular%2Citalic%2C500%2C500italic%2C700%2C700italic%2C900%2C900italic|font_style:500%20bold%20regular%3A500%3Anormal&#8221;][vc_column_text]<\/p>\n<p style=\"text-align: center;\">Membran\u00eb kulluese<\/p>\n<p>[\/vc_column_text][vc_btn title=&#8221;Shiko me shume&#8221; style=&#8221;outline-custom&#8221; outline_custom_color=&#8221;#cf171f&#8221; outline_custom_hover_background=&#8221;#cf171f&#8221; outline_custom_hover_text=&#8221;#ffffff&#8221; size=&#8221;sm&#8221; align=&#8221;center&#8221; link=&#8221;url:https%3A%2F%2Faedcolor.com%2Findex.php%2Fdrain-e-400%2F|||&#8221;][\/vc_column][vc_column width=&#8221;1\/4&#8243; css=&#8221;.vc_custom_1685605820331{border-top-width: 5px !important;border-right-width: 5px !important;border-bottom-width: 5px !important;border-left-width: 5px !important;border-left-color: rgba(62,66,77,0.14) !important;border-left-style: solid !important;border-right-color: rgba(62,66,77,0.14) !important;border-right-style: solid !important;border-top-color: rgba(62,66,77,0.14) !important;border-top-style: solid !important;border-bottom-color: rgba(62,66,77,0.14) !important;border-bottom-style: solid !important;}&#8221;][vc_single_image image=&#8221;3902&#8243; img_size=&#8221;full&#8221; alignment=&#8221;center&#8221;][vc_custom_heading text=&#8221;GEOTEXTILES DRENOTEX&#8221; font_container=&#8221;tag:h3|font_size:18|text_align:center|color:%23000000&#8243; google_fonts=&#8221;font_family:Roboto%3A100%2C100italic%2C300%2C300italic%2Cregular%2Citalic%2C500%2C500italic%2C700%2C700italic%2C900%2C900italic|font_style:500%20bold%20regular%3A500%3Anormal&#8221;][vc_column_text]<\/p>\n<p style=\"text-align: center;\">\u00a0Gjeotekstile jo t\u00eb endura me gjilp\u00ebra poliest\u00ebr<\/p>\n<p>[\/vc_column_text][vc_btn title=&#8221;Shiko me shume&#8221; style=&#8221;outline-custom&#8221; outline_custom_color=&#8221;#cf171f&#8221; outline_custom_hover_background=&#8221;#cf171f&#8221; outline_custom_hover_text=&#8221;#ffffff&#8221; size=&#8221;sm&#8221; align=&#8221;center&#8221; link=&#8221;url:https%3A%2F%2Faedcolor.com%2Findex.php%2Fgeotextiles-drenotex%2F|||&#8221;][\/vc_column][\/vc_row][vc_row gap=&#8221;30&#8243;][vc_column width=&#8221;1\/4&#8243; css=&#8221;.vc_custom_1685605322695{border-top-width: 5px !important;border-right-width: 5px !important;border-bottom-width: 5px !important;border-left-width: 5px !important;border-left-color: rgba(62,66,77,0.14) !important;border-left-style: solid !important;border-right-color: rgba(62,66,77,0.14) !important;border-right-style: solid !important;border-top-color: rgba(62,66,77,0.14) !important;border-top-style: solid !important;border-bottom-color: rgba(62,66,77,0.14) !important;border-bottom-style: solid !important;}&#8221;][vc_single_image image=&#8221;3853&#8243; img_size=&#8221;full&#8221; alignment=&#8221;center&#8221;][vc_custom_heading text=&#8221;ESHADRAIN 500&#8243; font_container=&#8221;tag:h3|font_size:18|text_align:center|color:%23000000&#8243; google_fonts=&#8221;font_family:Roboto%3A100%2C100italic%2C300%2C300italic%2Cregular%2Citalic%2C500%2C500italic%2C700%2C700italic%2C900%2C900italic|font_style:500%20bold%20regular%3A500%3Anormal&#8221;][vc_column_text]<\/p>\n<p style=\"text-align: center;\">Membran\u00eb kulluese<\/p>\n<p>[\/vc_column_text][vc_btn title=&#8221;Shiko me shume&#8221; style=&#8221;outline-custom&#8221; outline_custom_color=&#8221;#cf171f&#8221; outline_custom_hover_background=&#8221;#cf171f&#8221; outline_custom_hover_text=&#8221;#ffffff&#8221; size=&#8221;sm&#8221; align=&#8221;center&#8221; link=&#8221;url:https%3A%2F%2Faedcolor.com%2Findex.php%2Feshadrain-500%2F|||&#8221;][\/vc_column][vc_column width=&#8221;1\/4&#8243; css=&#8221;.vc_custom_1685605468027{border-top-width: 5px !important;border-right-width: 5px !important;border-bottom-width: 5px !important;border-left-width: 5px !important;border-left-color: rgba(62,66,77,0.14) !important;border-left-style: solid !important;border-right-color: rgba(62,66,77,0.14) !important;border-right-style: solid !important;border-top-color: rgba(62,66,77,0.14) !important;border-top-style: solid !important;border-bottom-color: rgba(62,66,77,0.14) !important;border-bottom-style: solid !important;}&#8221;][vc_single_image image=&#8221;3904&#8243; img_size=&#8221;full&#8221; alignment=&#8221;center&#8221;][vc_custom_heading text=&#8221;DANODREN H15 PLUS&#8221; font_container=&#8221;tag:h3|font_size:18|text_align:center|color:%23000000&#8243; google_fonts=&#8221;font_family:Roboto%3A100%2C100italic%2C300%2C300italic%2Cregular%2Citalic%2C500%2C500italic%2C700%2C700italic%2C900%2C900italic|font_style:500%20bold%20regular%3A500%3Anormal&#8221;][vc_column_text]<\/p>\n<p style=\"text-align: center;\">Membrana kulluese HDPE<\/p>\n<p>[\/vc_column_text][vc_btn title=&#8221;Shiko me shume&#8221; style=&#8221;outline-custom&#8221; outline_custom_color=&#8221;#cf171f&#8221; outline_custom_hover_background=&#8221;#cf171f&#8221; outline_custom_hover_text=&#8221;#ffffff&#8221; size=&#8221;sm&#8221; align=&#8221;center&#8221; link=&#8221;url:https%3A%2F%2Faedcolor.com%2Findex.php%2Fdanodren-h15-plus%2F|||&#8221;][\/vc_column][vc_column width=&#8221;1\/4&#8243; css=&#8221;.vc_custom_1685605680342{border-top-width: 5px !important;border-right-width: 5px !important;border-bottom-width: 5px !important;border-left-width: 5px !important;border-left-color: rgba(62,66,77,0.14) !important;border-left-style: solid !important;border-right-color: rgba(62,66,77,0.14) !important;border-right-style: solid !important;border-top-color: rgba(62,66,77,0.14) !important;border-top-style: solid !important;border-bottom-color: rgba(62,66,77,0.14) !important;border-bottom-style: solid !important;}&#8221;][vc_single_image image=&#8221;3906&#8243; img_size=&#8221;full&#8221; alignment=&#8221;center&#8221;][vc_custom_heading text=&#8221;PERFORATED DRAINAGE PIPE WITH GEOTEXTILE&#8221; font_container=&#8221;tag:h3|font_size:18|text_align:center|color:%23000000&#8243; google_fonts=&#8221;font_family:Roboto%3A100%2C100italic%2C300%2C300italic%2Cregular%2Citalic%2C500%2C500italic%2C700%2C700italic%2C900%2C900italic|font_style:500%20bold%20regular%3A500%3Anormal&#8221;][vc_column_text]<\/p>\n<p style=\"text-align: center;\">Tub kullimi me gjeotekstile<\/p>\n<p>[\/vc_column_text][vc_btn title=&#8221;Shiko me shume&#8221; style=&#8221;outline-custom&#8221; outline_custom_color=&#8221;#cf171f&#8221; outline_custom_hover_background=&#8221;#cf171f&#8221; outline_custom_hover_text=&#8221;#ffffff&#8221; size=&#8221;sm&#8221; align=&#8221;center&#8221; link=&#8221;url:https%3A%2F%2Faedcolor.com%2Findex.php%2Fperforated-drainage-pipe-with-geotextile%2F|||&#8221;][\/vc_column][vc_column width=&#8221;1\/4&#8243; css=&#8221;.vc_custom_1685605820331{border-top-width: 5px !important;border-right-width: 5px !important;border-bottom-width: 5px !important;border-left-width: 5px !important;border-left-color: rgba(62,66,77,0.14) !important;border-left-style: solid !important;border-right-color: rgba(62,66,77,0.14) !important;border-right-style: solid !important;border-top-color: rgba(62,66,77,0.14) !important;border-top-style: solid !important;border-bottom-color: rgba(62,66,77,0.14) !important;border-bottom-style: solid !important;}&#8221;][vc_single_image image=&#8221;3908&#8243; img_size=&#8221;full&#8221; alignment=&#8221;center&#8221;][vc_custom_heading text=&#8221;NOPHADRAIN 100&#8243; font_container=&#8221;tag:h3|font_size:18|text_align:center|color:%23000000&#8243; google_fonts=&#8221;font_family:Roboto%3A100%2C100italic%2C300%2C300italic%2Cregular%2Citalic%2C500%2C500italic%2C700%2C700italic%2C900%2C900italic|font_style:500%20bold%20regular%3A500%3Anormal&#8221;][vc_column_text]<\/p>\n<p style=\"text-align: center;\">Sistem kullimi me sh\u00ebnjimin CE me performanc\u00eb t\u00eb lart\u00eb<\/p>\n<p>[\/vc_column_text][vc_btn title=&#8221;Shiko me shume&#8221; style=&#8221;outline-custom&#8221; outline_custom_color=&#8221;#cf171f&#8221; outline_custom_hover_background=&#8221;#cf171f&#8221; outline_custom_hover_text=&#8221;#ffffff&#8221; size=&#8221;sm&#8221; align=&#8221;center&#8221; link=&#8221;url:https%3A%2F%2Faedcolor.com%2Findex.php%2Fnophadrain-100-2%2F|||&#8221;][\/vc_column][\/vc_row][vc_row gap=&#8221;30&#8243;][vc_column width=&#8221;1\/4&#8243; css=&#8221;.vc_custom_1685607882319{border-top-width: 5px !important;border-right-width: 5px !important;border-bottom-width: 5px !important;border-left-width: 5px !important;border-left-color: rgba(62,66,77,0.14) !important;border-left-style: solid !important;border-right-color: rgba(62,66,77,0.14) !important;border-right-style: solid !important;border-top-color: rgba(62,66,77,0.14) !important;border-top-style: solid !important;border-bottom-color: rgba(62,66,77,0.14) !important;border-bottom-style: solid !important;}&#8221;][vc_single_image image=&#8221;3943&#8243; img_size=&#8221;full&#8221; alignment=&#8221;center&#8221;][vc_custom_heading text=&#8221;NOPHADRAIN 200&#8243; font_container=&#8221;tag:h3|font_size:18|text_align:center|color:%23000000&#8243; google_fonts=&#8221;font_family:Roboto%3A100%2C100italic%2C300%2C300italic%2Cregular%2Citalic%2C500%2C500italic%2C700%2C700italic%2C900%2C900italic|font_style:500%20bold%20regular%3A500%3Anormal&#8221;][vc_column_text]<\/p>\n<p style=\"text-align: center;\">Sistem kullimi me sh\u00ebnjimin CE me performanc\u00eb t\u00eb lart\u00eb<\/p>\n<p>[\/vc_column_text][vc_btn title=&#8221;Shiko me shume&#8221; style=&#8221;outline-custom&#8221; outline_custom_color=&#8221;#cf171f&#8221; outline_custom_hover_background=&#8221;#cf171f&#8221; outline_custom_hover_text=&#8221;#ffffff&#8221; size=&#8221;sm&#8221; align=&#8221;center&#8221; link=&#8221;url:https%3A%2F%2Faedcolor.com%2Findex.php%2Fnophadrain-200%2F|||&#8221;][\/vc_column][vc_column width=&#8221;1\/4&#8243; css=&#8221;.vc_custom_1685605322695{border-top-width: 5px !important;border-right-width: 5px !important;border-bottom-width: 5px !important;border-left-width: 5px !important;border-left-color: rgba(62,66,77,0.14) !important;border-left-style: solid !important;border-right-color: rgba(62,66,77,0.14) !important;border-right-style: solid !important;border-top-color: rgba(62,66,77,0.14) !important;border-top-style: solid !important;border-bottom-color: rgba(62,66,77,0.14) !important;border-bottom-style: solid !important;}&#8221;][vc_single_image image=&#8221;3914&#8243; img_size=&#8221;full&#8221; alignment=&#8221;center&#8221;][vc_custom_heading text=&#8221;NOPHADRAIN 600&#8243; font_container=&#8221;tag:h3|font_size:18|text_align:center|color:%23000000&#8243; google_fonts=&#8221;font_family:Roboto%3A100%2C100italic%2C300%2C300italic%2Cregular%2Citalic%2C500%2C500italic%2C700%2C700italic%2C900%2C900italic|font_style:500%20bold%20regular%3A500%3Anormal&#8221;][vc_column_text]<\/p>\n<p style=\"text-align: center;\">Sistem kullimi me sh\u00ebnjimin CE me performanc\u00eb t\u00eb lart\u00eb<\/p>\n<p>[\/vc_column_text][vc_btn title=&#8221;Shiko me shume&#8221; style=&#8221;outline-custom&#8221; outline_custom_color=&#8221;#cf171f&#8221; outline_custom_hover_background=&#8221;#cf171f&#8221; outline_custom_hover_text=&#8221;#ffffff&#8221; size=&#8221;sm&#8221; align=&#8221;center&#8221; link=&#8221;url:https%3A%2F%2Faedcolor.com%2Findex.php%2Fnophadrain-600%2F|||&#8221;][\/vc_column][vc_column width=&#8221;1\/4&#8243; css=&#8221;.vc_custom_1685605468027{border-top-width: 5px !important;border-right-width: 5px !important;border-bottom-width: 5px !important;border-left-width: 5px !important;border-left-color: rgba(62,66,77,0.14) !important;border-left-style: solid !important;border-right-color: rgba(62,66,77,0.14) !important;border-right-style: solid !important;border-top-color: rgba(62,66,77,0.14) !important;border-top-style: solid !important;border-bottom-color: rgba(62,66,77,0.14) !important;border-bottom-style: solid !important;}&#8221;][vc_single_image image=&#8221;10569&#8243; img_size=&#8221;full&#8221; alignment=&#8221;center&#8221;][vc_custom_heading text=&#8221;GEOTEXTILES DRENOTEX&#8221; font_container=&#8221;tag:h3|font_size:18|text_align:center|color:%23000000&#8243; google_fonts=&#8221;font_family:Roboto%3A100%2C100italic%2C300%2C300italic%2Cregular%2Citalic%2C500%2C500italic%2C700%2C700italic%2C900%2C900italic|font_style:500%20bold%20regular%3A500%3Anormal&#8221;][vc_column_text]<\/p>\n<p style=\"text-align: center;\">Gjeotekstilet\u00a0DRENOTEXjan\u00eb\u00a0gjeotekstile jo t\u00eb endura me gjilp\u00ebra poliest\u00ebr, pa lidh\u00ebs kimik, me forc\u00eb t\u00eb madhe mekanike<\/p>\n<p>[\/vc_column_text][vc_btn title=&#8221;Shiko me shume&#8221; style=&#8221;outline-custom&#8221; outline_custom_color=&#8221;#cf171f&#8221; outline_custom_hover_background=&#8221;#cf171f&#8221; outline_custom_hover_text=&#8221;#ffffff&#8221; size=&#8221;sm&#8221; align=&#8221;center&#8221; link=&#8221;url:https%3A%2F%2Faedcolor.com%2Findex.php%2Fgeotextiles-drenotex-2%2F|||&#8221;][\/vc_column][\/vc_row]<\/p>\n<\/div>","protected":false},"excerpt":{"rendered":"<p>[vc_row gap=&#8221;30&#8243;][vc_column width=&#8221;1\/4&#8243; css=&#8221;.vc_custom_1685605322695{border-top-width: 5px !important;border-right-width: 5px !important;border-bottom-width: 5px !important;border-left-width: 5px !important;border-left-color: rgba(62,66,77,0.14) !important;border-left-style: solid !important;border-right-color: rgba(62,66,77,0.14) !important;border-right-style: solid !important;border-top-color: rgba(62,66,77,0.14) !important;border-top-style: solid !important;border-bottom-color: rgba(62,66,77,0.14) !important;border-bottom-style: solid !important;}&#8221;][vc_single_image image=&#8221;3771&#8243; img_size=&#8221;full&#8221; alignment=&#8221;center&#8221;][vc_custom_heading text=&#8221;ESHADRAIN 400&#8243; font_container=&#8221;tag:h3|font_size:18|text_align:center|color:%23000000&#8243; google_fonts=&#8221;font_family:Roboto%3A100%2C100italic%2C300%2C300italic%2Cregular%2Citalic%2C500%2C500italic%2C700%2C700italic%2C900%2C900italic|font_style:500%20bold%20regular%3A500%3Anormal&#8221;][vc_column_text] Membran\u00eb kulluese [\/vc_column_text][vc_btn title=&#8221;Shiko me shume&#8221; style=&#8221;outline-custom&#8221; outline_custom_color=&#8221;#cf171f&#8221; outline_custom_hover_background=&#8221;#cf171f&#8221; outline_custom_hover_text=&#8221;#ffffff&#8221; size=&#8221;sm&#8221; align=&#8221;center&#8221; link=&#8221;url:https%3A%2F%2Faedcolor.com%2Findex.php%2Feshadrin-400%2F|||&#8221;][\/vc_column][vc_column width=&#8221;1\/4&#8243; css=&#8221;.vc_custom_1685605468027{border-top-width: 5px !important;border-right-width: 5px !important;border-bottom-width: 5px&hellip;<\/p>\n","protected":false},"author":3,"featured_media":0,"parent":0,"menu_order":0,"comment_status":"closed","ping_status":"closed","template":"","meta":{"footnotes":""},"class_list":["post-310","page","type-page","status-publish","hentry","description-off"],"_links":{"self":[{"href":"https:\/\/aedcolor.com\/index.php\/wp-json\/wp\/v2\/pages\/310","targetHints":{"allow":["GET"]}}],"collection":[{"href":"https:\/\/aedcolor.com\/index.php\/wp-json\/wp\/v2\/pages"}],"about":[{"href":"https:\/\/aedcolor.com\/index.php\/wp-json\/wp\/v2\/types\/page"}],"author":[{"embeddable":true,"href":"https:\/\/aedcolor.com\/index.php\/wp-json\/wp\/v2\/users\/3"}],"replies":[{"embeddable":true,"href":"https:\/\/aedcolor.com\/index.php\/wp-json\/wp\/v2\/comments?post=310"}],"version-history":[{"count":8,"href":"https:\/\/aedcolor.com\/index.php\/wp-json\/wp\/v2\/pages\/310\/revisions"}],"predecessor-version":[{"id":10571,"href":"https:\/\/aedcolor.com\/index.php\/wp-json\/wp\/v2\/pages\/310\/revisions\/10571"}],"wp:attachment":[{"href":"https:\/\/aedcolor.com\/index.php\/wp-json\/wp\/v2\/media?parent=310"}],"curies":[{"name":"wp","href":"https:\/\/api.w.org\/{rel}","templated":true}]}}