{"id":3170,"date":"2023-05-20T08:42:18","date_gmt":"2023-05-20T08:42:18","guid":{"rendered":"https:\/\/aedcolor.com\/?page_id=3170"},"modified":"2024-02-08T09:27:29","modified_gmt":"2024-02-08T09:27:29","slug":"fibran-geo-b-570-ym","status":"publish","type":"page","link":"https:\/\/aedcolor.com\/index.php\/fibran-geo-b-570-ym\/","title":{"rendered":"FIBRAN geo B-570-YM"},"content":{"rendered":"<div class=\"wpb-content-wrapper\"><p>[vc_row css=&#8221;.vc_custom_1683099634441{padding-bottom: 30px !important;}&#8221;][vc_column width=&#8221;2\/3&#8243;][vc_custom_heading text=&#8221;FIBRAN geo B-570-YM<\/p>\n<p>&#8221; font_container=&#8221;tag:h2|font_size:50|text_align:left&#8221; use_theme_fonts=&#8221;yes&#8221; link=&#8221;|title:AQUAMAT%20-%20SUPERELASTIC||&#8221;][\/vc_column][\/vc_row][vc_row][vc_column width=&#8221;1\/2&#8243;][vc_single_image image=&#8221;3168&#8243; img_size=&#8221;full&#8221;][\/vc_column][vc_column width=&#8221;1\/2&#8243;][vc_column_text]<span style=\"color: #000000;\"><strong>Pllaka izoluese prej leshi guri gjysm\u00eb t\u00eb ngurt\u00eb FIBRANgeo B-570-YM<\/strong> \u00ebsht\u00eb nj\u00eb produkt fibroz inorganik natyral q\u00eb prodhohet industrialisht nga shk\u00ebmbi i shkrir\u00eb i tjerrur n\u00eb fibra, n\u00eb p\u00ebrputhje me standardin europian EN 13162 (Produkte termoizoluese p\u00ebr nd\u00ebrtesa &#8211; Lesh mineral i prodhuar nga fabrika (MW) produkte).<\/span><\/p>\n<p><strong><span style=\"color: #000000;\">Aplikimi<\/span><\/strong><br \/>\n<em><span style=\"text-decoration: underline;\"><span style=\"color: #000000; text-decoration: underline;\">Pllakat e projektuara p\u00ebr aplikime p\u00ebr izolim termik, rezistenc\u00eb ndaj zjarrit dhe izolim t\u00eb z\u00ebrit:<\/span><\/span><\/em><\/p>\n<ul>\n<li><span style=\"color: #000000;\">Izolimi i b\u00ebrthamave p\u00ebr mure (konstruksion i that\u00eb me cdo lloj d\u00ebrrase, konstruksion druri, panele metalike ose gipsietj.)<\/span><\/li>\n<li><span style=\"color: #000000;\">Fasada e ajrosur (me cdo lloj veshjeje, si p.sh. guri, mermeri, metali, panele qeramike etj.)<\/span><\/li>\n<\/ul>\n<p><em><span style=\"text-decoration: underline;\"><span style=\"color: #000000; text-decoration: underline;\">Izolimi i zgavr\u00ebs s\u00eb elementeve horizontale, si\u00a0 p.sh.<\/span><\/span><\/em><\/p>\n<ul>\n<li><span style=\"color: #000000;\">Tavan\u00eb me konstruksion t\u00eb that\u00eb, tavan i varur pa vrima<\/span><\/li>\n<\/ul>\n<p><span style=\"color: #000000;\">Produktet FIBRANgeo duhet t\u00eb mbrohen para dhe gjat\u00eb aplikimit t\u00eb tyre. N\u00ebse nj\u00eb pjes\u00eb e produktit laget, duhet t\u00eb thahet para instalimit. Leshi i gurit thahet shpejt dhe vetit\u00eb e tij izoluese mbeten t\u00eb pakarikuara par tharjes. Paketimi duhet t\u00eb hiqet me kujdes pak para instalimit. Zonat e pun\u00ebs duhet t\u00eb mbahen t\u00eb pastra. Duhet t\u00eb shmanget kontakti i panevojsh\u00ebm ose i gjer\u00eb i l\u00ebkur\u00ebs, fibrat dhe pluhurat e produktit dhe duhet p\u00ebrdorur veshje mbrojt\u00ebse (doreza, syze, kapele).\u00a0<\/span><br \/>\n<span style=\"color: #000000;\">Produktet AL, AX, YM dhe YA nuk sugjerohen p\u00ebr aplikim me temperatur\u00eb sh\u00ebrbimi n\u00eb sip\u00ebrfaqe m\u00eb shum\u00eb se 90 oC nd\u00ebrsa ato me sip\u00ebrfaqe XA nuk sugjerohen p\u00ebr m\u00eb shum\u00eb se 66 oC. Duhet t\u00eb sigurohet ajrimi i mjaftuesh\u00ebm i zonave t\u00eb pun\u00ebs, nd\u00ebrsa mjetet prer\u00ebse elektrike duhet t\u00eb pajisen gjithmon\u00eb ose t\u00eb plot\u00ebsohen me nj\u00eb sistem mekanik t\u00eb marrjes s\u00eb pluhurit.<\/span><\/p>\n<p><strong><span style=\"color: #000000;\">Certifikimi<\/span><\/strong><br \/>\n<span style=\"color: #000000;\">Produktet izoluese t\u00eb leshit t\u00eb gurit FIBRANgeo B-570-YM jan\u00eb certifikuar sipas Normave Evropiane EN 13162 dhe EN 13172 dhe mbajn\u00eb mark\u00ebn CE q\u00eb rrjedh nga Deklarata e Performanc\u00ebs.<\/span><\/p>\n<p>[\/vc_column_text][\/vc_column][\/vc_row]<\/p>\n<\/div>","protected":false},"excerpt":{"rendered":"<p>[vc_row css=&#8221;.vc_custom_1683099634441{padding-bottom: 30px !important;}&#8221;][vc_column width=&#8221;2\/3&#8243;][vc_custom_heading text=&#8221;FIBRAN geo B-570-YM &#8221; font_container=&#8221;tag:h2|font_size:50|text_align:left&#8221; use_theme_fonts=&#8221;yes&#8221; link=&#8221;|title:AQUAMAT%20-%20SUPERELASTIC||&#8221;][\/vc_column][\/vc_row][vc_row][vc_column width=&#8221;1\/2&#8243;][vc_single_image image=&#8221;3168&#8243; img_size=&#8221;full&#8221;][\/vc_column][vc_column width=&#8221;1\/2&#8243;][vc_column_text]Pllaka izoluese prej leshi guri gjysm\u00eb t\u00eb ngurt\u00eb FIBRANgeo B-570-YM \u00ebsht\u00eb nj\u00eb produkt fibroz inorganik natyral q\u00eb prodhohet industrialisht nga shk\u00ebmbi i shkrir\u00eb i tjerrur n\u00eb fibra, n\u00eb p\u00ebrputhje me standardin europian EN 13162 (Produkte termoizoluese p\u00ebr nd\u00ebrtesa &#8211; Lesh&hellip;<\/p>\n","protected":false},"author":2,"featured_media":0,"parent":0,"menu_order":0,"comment_status":"closed","ping_status":"closed","template":"","meta":{"footnotes":""},"class_list":["post-3170","page","type-page","status-publish","hentry","description-off"],"_links":{"self":[{"href":"https:\/\/aedcolor.com\/index.php\/wp-json\/wp\/v2\/pages\/3170","targetHints":{"allow":["GET"]}}],"collection":[{"href":"https:\/\/aedcolor.com\/index.php\/wp-json\/wp\/v2\/pages"}],"about":[{"href":"https:\/\/aedcolor.com\/index.php\/wp-json\/wp\/v2\/types\/page"}],"author":[{"embeddable":true,"href":"https:\/\/aedcolor.com\/index.php\/wp-json\/wp\/v2\/users\/2"}],"replies":[{"embeddable":true,"href":"https:\/\/aedcolor.com\/index.php\/wp-json\/wp\/v2\/comments?post=3170"}],"version-history":[{"count":2,"href":"https:\/\/aedcolor.com\/index.php\/wp-json\/wp\/v2\/pages\/3170\/revisions"}],"predecessor-version":[{"id":10373,"href":"https:\/\/aedcolor.com\/index.php\/wp-json\/wp\/v2\/pages\/3170\/revisions\/10373"}],"wp:attachment":[{"href":"https:\/\/aedcolor.com\/index.php\/wp-json\/wp\/v2\/media?parent=3170"}],"curies":[{"name":"wp","href":"https:\/\/api.w.org\/{rel}","templated":true}]}}