{"id":320,"date":"2019-04-19T10:04:38","date_gmt":"2019-04-19T10:04:38","guid":{"rendered":"https:\/\/aedcolor.com\/?page_id=320"},"modified":"2023-07-08T09:47:23","modified_gmt":"2023-07-08T09:47:23","slug":"siperfaqe-te-jashtme","status":"publish","type":"page","link":"https:\/\/aedcolor.com\/index.php\/siperfaqe-te-jashtme\/","title":{"rendered":"SIP\u00cbRFAQE T\u00cb JASHTME"},"content":{"rendered":"<div class=\"wpb-content-wrapper\"><p>[vc_row gap=&#8221;30&#8243;][vc_column width=&#8221;1\/4&#8243; css=&#8221;.vc_custom_1556182180561{border-top-width: 5px !important;border-right-width: 5px !important;border-bottom-width: 5px !important;border-left-width: 5px !important;border-left-color: rgba(62,66,77,0.14) !important;border-left-style: solid !important;border-right-color: rgba(62,66,77,0.14) !important;border-right-style: solid !important;border-top-color: rgba(62,66,77,0.14) !important;border-top-style: solid !important;border-bottom-color: rgba(62,66,77,0.14) !important;border-bottom-style: solid !important;}&#8221;][vc_single_image image=&#8221;2087&#8243; img_size=&#8221;full&#8221; alignment=&#8221;center&#8221; image_hovers=&#8221;false&#8221;][vc_custom_heading text=&#8221;SMALTOPLAST ACRYLIC<br \/>\n&#8221; font_container=&#8221;tag:h3|font_size:18|text_align:center|color:%23333333&#8243; google_fonts=&#8221;font_family:Roboto%3A100%2C100italic%2C300%2C300italic%2Cregular%2Citalic%2C500%2C500italic%2C700%2C700italic%2C900%2C900italic|font_style:500%20bold%20regular%3A500%3Anormal&#8221;][vc_column_text]<\/p>\n<div class=\"h-100 bg-white vechro_prod_grid_main d-flex flex-column\" data-prod=\"5799\">\n<div class=\"prod-subtitle px-3\" style=\"text-align: center;\">Boj\u00eb 100% akrilike eko-miq\u00ebsore p\u00ebr p\u00ebrdorim t\u00eb jasht\u00ebm<\/div>\n<\/div>\n<p>[\/vc_column_text][vc_btn title=&#8221;Shiko me shume&#8221; style=&#8221;outline-custom&#8221; outline_custom_color=&#8221;#cf171f&#8221; outline_custom_hover_background=&#8221;#cf171f&#8221; outline_custom_hover_text=&#8221;#ffffff&#8221; size=&#8221;sm&#8221; align=&#8221;center&#8221; link=&#8221;url:https%3A%2F%2Faedcolor.com%2Findex.php%2Fsmaltoplast-acrylic%2F|||&#8221;][\/vc_column][vc_column width=&#8221;1\/4&#8243; css=&#8221;.vc_custom_1556182735124{border-top-width: 5px !important;border-right-width: 5px !important;border-bottom-width: 5px !important;border-left-width: 5px !important;border-left-color: rgba(62,66,77,0.14) !important;border-left-style: solid !important;border-right-color: rgba(62,66,77,0.14) !important;border-right-style: solid !important;border-top-color: rgba(62,66,77,0.14) !important;border-top-style: solid !important;border-bottom-color: rgba(62,66,77,0.14) !important;border-bottom-style: solid !important;}&#8221;][vc_single_image image=&#8221;2096&#8243; img_size=&#8221;full&#8221; alignment=&#8221;center&#8221; image_hovers=&#8221;false&#8221;][vc_custom_heading text=&#8221;SMALTOPLAST SILICONE<br \/>\n&#8221; font_container=&#8221;tag:h3|font_size:18|text_align:center|color:%23333333&#8243; google_fonts=&#8221;font_family:Roboto%3A100%2C100italic%2C300%2C300italic%2Cregular%2Citalic%2C500%2C500italic%2C700%2C700italic%2C900%2C900italic|font_style:500%20bold%20regular%3A500%3Anormal&#8221;][vc_column_text]<\/p>\n<div class=\"h-100 bg-white vechro_prod_grid_main d-flex flex-column\" data-prod=\"5799\">\n<div class=\"prod-subtitle px-3\" style=\"text-align: center;\">\n<div class=\"h-100 bg-white vechro_prod_grid_main d-flex flex-column\" data-prod=\"5801\">\n<div class=\"prod-subtitle px-3\">\n<div class=\"h-100 bg-white vechro_prod_grid_main d-flex flex-column\" data-prod=\"5802\">\n<div class=\"prod-subtitle px-3\">Boj\u00eb ekologjike 100% akrilike me baz\u00eb silikoni p\u00ebr sip\u00ebrfaqet e jashtme<\/div>\n<\/div>\n<\/div>\n<\/div>\n<\/div>\n<\/div>\n<p>[\/vc_column_text][vc_btn title=&#8221;Shiko me shume&#8221; style=&#8221;outline-custom&#8221; outline_custom_color=&#8221;#cf171f&#8221; outline_custom_hover_background=&#8221;#cf171f&#8221; outline_custom_hover_text=&#8221;#ffffff&#8221; size=&#8221;sm&#8221; align=&#8221;center&#8221; link=&#8221;url:https%3A%2F%2Faedcolor.com%2Findex.php%2Fsmaltoplast-silicone%2F|||&#8221;][\/vc_column][vc_column width=&#8221;1\/4&#8243; css=&#8221;.vc_custom_1683543300415{border-top-width: 5px !important;border-right-width: 5px !important;border-bottom-width: 5px !important;border-left-width: 5px !important;border-left-color: rgba(62,66,77,0.14) !important;border-left-style: solid !important;border-right-color: rgba(62,66,77,0.14) !important;border-right-style: solid !important;border-top-color: rgba(62,66,77,0.14) !important;border-top-style: solid !important;border-bottom-color: rgba(62,66,77,0.14) !important;border-bottom-style: solid !important;}&#8221;][vc_single_image image=&#8221;2102&#8243; img_size=&#8221;full&#8221; alignment=&#8221;center&#8221; image_hovers=&#8221;false&#8221;][vc_custom_heading text=&#8221;SMALTOPLAST ELASTIC&#8221; font_container=&#8221;tag:h3|font_size:18|text_align:center|color:%23333333&#8243; google_fonts=&#8221;font_family:Roboto%3A100%2C100italic%2C300%2C300italic%2Cregular%2Citalic%2C500%2C500italic%2C700%2C700italic%2C900%2C900italic|font_style:500%20bold%20regular%3A500%3Anormal&#8221;][vc_column_text]<\/p>\n<div class=\"h-100 bg-white vechro_prod_grid_main d-flex flex-column\" data-prod=\"5799\">\n<div class=\"prod-subtitle px-3\" style=\"text-align: center;\">\n<div class=\"h-100 bg-white vechro_prod_grid_main d-flex flex-column\" data-prod=\"5801\">\n<div class=\"prod-subtitle px-3\">\n<div class=\"h-100 bg-white vechro_prod_grid_main d-flex flex-column\" data-prod=\"5802\">\n<div class=\"prod-subtitle px-3\">\n<div class=\"h-100 bg-white vechro_prod_grid_main d-flex flex-column\" data-prod=\"5814\">\n<div class=\"prod-subtitle px-3\">Boj\u00eb ekologjike 100% akrilike elastomerike p\u00ebr sip\u00ebrfaqet e jashtme<\/div>\n<\/div>\n<\/div>\n<\/div>\n<\/div>\n<\/div>\n<\/div>\n<\/div>\n<p>[\/vc_column_text][vc_btn title=&#8221;Shiko me shume&#8221; style=&#8221;outline-custom&#8221; outline_custom_color=&#8221;#cf171f&#8221; outline_custom_hover_background=&#8221;#cf171f&#8221; outline_custom_hover_text=&#8221;#ffffff&#8221; size=&#8221;sm&#8221; align=&#8221;center&#8221; link=&#8221;url:https%3A%2F%2Faedcolor.com%2Findex.php%2Fsmaltoplast-elastic%2F|||&#8221;][\/vc_column][vc_column width=&#8221;1\/4&#8243; css=&#8221;.vc_custom_1556182293879{border-top-width: 5px !important;border-right-width: 5px !important;border-bottom-width: 5px !important;border-left-width: 5px !important;border-left-color: rgba(62,66,77,0.14) !important;border-left-style: solid !important;border-right-color: rgba(62,66,77,0.14) !important;border-right-style: solid !important;border-top-color: rgba(62,66,77,0.14) !important;border-top-style: solid !important;border-bottom-color: rgba(62,66,77,0.14) !important;border-bottom-style: solid !important;}&#8221;][vc_single_image image=&#8221;2091&#8243; img_size=&#8221;full&#8221; alignment=&#8221;center&#8221; image_hovers=&#8221;false&#8221;][vc_custom_heading text=&#8221;SMALTOPLAST CEMENT&#8221; font_container=&#8221;tag:h3|font_size:16|text_align:center|color:%23333333&#8243; google_fonts=&#8221;font_family:Roboto%3A100%2C100italic%2C300%2C300italic%2Cregular%2Citalic%2C500%2C500italic%2C700%2C700italic%2C900%2C900italic|font_style:500%20bold%20regular%3A500%3Anormal&#8221;][vc_column_text]<\/p>\n<div class=\"h-100 bg-white vechro_prod_grid_main d-flex flex-column\" data-prod=\"5799\">\n<div class=\"prod-subtitle px-3\" style=\"text-align: center;\">\n<div class=\"h-100 bg-white vechro_prod_grid_main d-flex flex-column\" data-prod=\"5801\">\n<div class=\"prod-subtitle px-3\">Boj\u00eb ekologjike 100% akrilike \u00e7imentoje p\u00ebr sip\u00ebrfaqet e jashtme<\/div>\n<\/div>\n<\/div>\n<\/div>\n<p>[\/vc_column_text][vc_btn title=&#8221;Shiko me shume&#8221; style=&#8221;outline-custom&#8221; outline_custom_color=&#8221;#cf171f&#8221; outline_custom_hover_background=&#8221;#cf171f&#8221; outline_custom_hover_text=&#8221;#ffffff&#8221; size=&#8221;sm&#8221; align=&#8221;center&#8221; link=&#8221;url:https%3A%2F%2Faedcolor.com%2Findex.php%2Fsmaltoplast-cement%2F|||&#8221;][\/vc_column][\/vc_row][vc_row][vc_column][vc_empty_space][\/vc_column][\/vc_row][vc_row gap=&#8221;30&#8243;][vc_column width=&#8221;1\/4&#8243; css=&#8221;.vc_custom_1683549979145{border-top-width: 5px !important;border-right-width: 5px !important;border-bottom-width: 5px !important;border-left-width: 5px !important;border-left-color: rgba(62,66,77,0.14) !important;border-left-style: solid !important;border-right-color: rgba(62,66,77,0.14) !important;border-right-style: solid !important;border-top-color: rgba(62,66,77,0.14) !important;border-top-style: solid !important;border-bottom-color: rgba(62,66,77,0.14) !important;border-bottom-style: solid !important;}&#8221;][vc_single_image image=&#8221;2132&#8243; img_size=&#8221;full&#8221; alignment=&#8221;center&#8221; image_hovers=&#8221;false&#8221;][vc_custom_heading text=&#8221;VINYFLEX ACRYLIC<br \/>\n&#8221; font_container=&#8221;tag:h3|font_size:18|text_align:center|color:%23333333&#8243; google_fonts=&#8221;font_family:Roboto%3A100%2C100italic%2C300%2C300italic%2Cregular%2Citalic%2C500%2C500italic%2C700%2C700italic%2C900%2C900italic|font_style:500%20bold%20regular%3A500%3Anormal&#8221;][vc_column_text]<\/p>\n<div class=\"h-100 bg-white vechro_prod_grid_main d-flex flex-column\" data-prod=\"5784\">\n<div class=\"prod-subtitle px-3\" style=\"text-align: center;\">Boj\u00eb \u00e7imentoje akrilike p\u00ebr p\u00ebrdorim t\u00eb brendsh\u00ebm dhe t\u00eb jasht\u00ebm<\/div>\n<\/div>\n<p>[\/vc_column_text][vc_btn title=&#8221;Shiko me shume&#8221; style=&#8221;outline-custom&#8221; outline_custom_color=&#8221;#cf171f&#8221; outline_custom_hover_background=&#8221;#cf171f&#8221; outline_custom_hover_text=&#8221;#ffffff&#8221; size=&#8221;sm&#8221; align=&#8221;center&#8221; link=&#8221;url:https%3A%2F%2Faedcolor.com%2Findex.php%2Fvinyflex-acrylic%2F|||&#8221;][\/vc_column][vc_column width=&#8221;1\/4&#8243; css=&#8221;.vc_custom_1684132275815{border-top-width: 5px !important;border-right-width: 5px !important;border-bottom-width: 5px !important;border-left-width: 5px !important;border-left-color: rgba(62,66,77,0.14) !important;border-left-style: solid !important;border-right-color: rgba(62,66,77,0.14) !important;border-right-style: solid !important;border-top-color: rgba(62,66,77,0.14) !important;border-top-style: solid !important;border-bottom-color: rgba(62,66,77,0.14) !important;border-bottom-style: solid !important;}&#8221;][vc_single_image image=&#8221;2872&#8243; img_size=&#8221;full&#8221; alignment=&#8221;center&#8221; image_hovers=&#8221;false&#8221;][vc_custom_heading text=&#8221;ISOLOR PU HYBRID AQUA PLUS<br \/>\n&#8221; font_container=&#8221;tag:h3|font_size:18|text_align:center|color:%23333333&#8243; google_fonts=&#8221;font_family:Roboto%3A100%2C100italic%2C300%2C300italic%2Cregular%2Citalic%2C500%2C500italic%2C700%2C700italic%2C900%2C900italic|font_style:500%20bold%20regular%3A500%3Anormal&#8221;][vc_column_text]<\/p>\n<div class=\"h-100 bg-white vechro_prod_grid_main d-flex flex-column\" data-prod=\"5812\">\n<div class=\"prod-subtitle px-3\" style=\"text-align: center;\">Veshje hibride, elastomerike, rezistente ndaj ujit, me teknologji t\u00eb lart\u00eb akrilike dhe rr\u00ebshira poliuretani.<\/div>\n<\/div>\n<p>[\/vc_column_text][vc_btn title=&#8221;Shiko me shume&#8221; style=&#8221;outline-custom&#8221; outline_custom_color=&#8221;#cf171f&#8221; outline_custom_hover_background=&#8221;#cf171f&#8221; outline_custom_hover_text=&#8221;#ffffff&#8221; size=&#8221;sm&#8221; align=&#8221;center&#8221; link=&#8221;url:https%3A%2F%2Faedcolor.com%2Findex.php%2Fisolor-pu-hybrid-aqua-plus%2F|||&#8221;][\/vc_column][vc_column width=&#8221;1\/4&#8243; css=&#8221;.vc_custom_1684133353357{border-top-width: 5px !important;border-right-width: 5px !important;border-bottom-width: 5px !important;border-left-width: 5px !important;border-left-color: rgba(62,66,77,0.14) !important;border-left-style: solid !important;border-right-color: rgba(62,66,77,0.14) !important;border-right-style: solid !important;border-top-color: rgba(62,66,77,0.14) !important;border-top-style: solid !important;border-bottom-color: rgba(62,66,77,0.14) !important;border-bottom-style: solid !important;}&#8221;][vc_single_image image=&#8221;2880&#8243; img_size=&#8221;full&#8221; alignment=&#8221;center&#8221; image_hovers=&#8221;false&#8221;][vc_custom_heading text=&#8221;ISOLOR DURAFLEX<br \/>\n&#8221; font_container=&#8221;tag:h3|font_size:18|text_align:center|color:%23333333&#8243; google_fonts=&#8221;font_family:Roboto%3A100%2C100italic%2C300%2C300italic%2Cregular%2Citalic%2C500%2C500italic%2C700%2C700italic%2C900%2C900italic|font_style:500%20bold%20regular%3A500%3Anormal&#8221;][vc_column_text]<\/p>\n<div class=\"h-100 bg-white vechro_prod_grid_main d-flex flex-column\" data-prod=\"5812\">\n<div class=\"prod-subtitle px-3\" style=\"text-align: center;\">\n<div class=\"h-100 bg-white vechro_prod_grid_main d-flex flex-column\" data-prod=\"5811\">\n<div class=\"prod-subtitle px-3\">Veshje elastomerike poliuretani p\u00ebr \u00e7ati<\/div>\n<\/div>\n<\/div>\n<\/div>\n<p>[\/vc_column_text][vc_btn title=&#8221;Shiko me shume&#8221; style=&#8221;outline-custom&#8221; outline_custom_color=&#8221;#cf171f&#8221; outline_custom_hover_background=&#8221;#cf171f&#8221; outline_custom_hover_text=&#8221;#ffffff&#8221; size=&#8221;sm&#8221; align=&#8221;center&#8221; link=&#8221;url:https%3A%2F%2Faedcolor.com%2Findex.php%2Fisolor-duraflex%2F|||&#8221;][\/vc_column][vc_column width=&#8221;1\/4&#8243; css=&#8221;.vc_custom_1684134771088{border-top-width: 5px !important;border-right-width: 5px !important;border-bottom-width: 5px !important;border-left-width: 5px !important;border-left-color: rgba(62,66,77,0.14) !important;border-left-style: solid !important;border-right-color: rgba(62,66,77,0.14) !important;border-right-style: solid !important;border-top-color: rgba(62,66,77,0.14) !important;border-top-style: solid !important;border-bottom-color: rgba(62,66,77,0.14) !important;border-bottom-style: solid !important;}&#8221;][vc_single_image image=&#8221;2885&#8243; img_size=&#8221;full&#8221; alignment=&#8221;center&#8221; image_hovers=&#8221;false&#8221;][vc_custom_heading text=&#8221;ISOLOR PU HYBRID PRIMER<br \/>\n&#8221; font_container=&#8221;tag:h3|font_size:18|text_align:center|color:%23333333&#8243; google_fonts=&#8221;font_family:Roboto%3A100%2C100italic%2C300%2C300italic%2Cregular%2Citalic%2C500%2C500italic%2C700%2C700italic%2C900%2C900italic|font_style:500%20bold%20regular%3A500%3Anormal&#8221;][vc_column_text]<\/p>\n<div class=\"h-100 bg-white vechro_prod_grid_main d-flex flex-column\" data-prod=\"5812\">\n<div class=\"prod-subtitle px-3\" style=\"text-align: center;\">\n<div class=\"h-100 bg-white vechro_prod_grid_main d-flex flex-column\" data-prod=\"5811\">\n<div class=\"prod-subtitle px-3\">\n<div class=\"h-100 bg-white vechro_prod_grid_main d-flex flex-column\" data-prod=\"5813\">\n<div class=\"prod-subtitle px-3\">Astar uji hibrid p\u00ebr rezistenc\u00eb ndaj ujit<\/div>\n<\/div>\n<\/div>\n<\/div>\n<\/div>\n<\/div>\n<p>[\/vc_column_text][vc_btn title=&#8221;Shiko me shume&#8221; style=&#8221;outline-custom&#8221; outline_custom_color=&#8221;#cf171f&#8221; outline_custom_hover_background=&#8221;#cf171f&#8221; outline_custom_hover_text=&#8221;#ffffff&#8221; size=&#8221;sm&#8221; align=&#8221;center&#8221; link=&#8221;url:https%3A%2F%2Faedcolor.com%2Findex.php%2Fisolor-pu-hybrid-primer%2F|||&#8221;][\/vc_column][\/vc_row][vc_row gap=&#8221;30&#8243;][vc_column width=&#8221;1\/4&#8243; css=&#8221;.vc_custom_1683549979145{border-top-width: 5px !important;border-right-width: 5px !important;border-bottom-width: 5px !important;border-left-width: 5px !important;border-left-color: rgba(62,66,77,0.14) !important;border-left-style: solid !important;border-right-color: rgba(62,66,77,0.14) !important;border-right-style: solid !important;border-top-color: rgba(62,66,77,0.14) !important;border-top-style: solid !important;border-bottom-color: rgba(62,66,77,0.14) !important;border-bottom-style: solid !important;}&#8221;][vc_single_image image=&#8221;6109&#8243; img_size=&#8221;full&#8221; alignment=&#8221;center&#8221; image_hovers=&#8221;false&#8221;][vc_custom_heading text=&#8221;ISOLOR ROOF<br \/>\n&#8221; font_container=&#8221;tag:h3|font_size:18|text_align:center|color:%23333333&#8243; google_fonts=&#8221;font_family:Roboto%3A100%2C100italic%2C300%2C300italic%2Cregular%2Citalic%2C500%2C500italic%2C700%2C700italic%2C900%2C900italic|font_style:500%20bold%20regular%3A500%3Anormal&#8221;][vc_column_text]<\/p>\n<div class=\"h-100 bg-white vechro_prod_grid_main d-flex flex-column\" data-prod=\"5784\">\n<div class=\"prod-subtitle px-3\" style=\"text-align: center;\">\n<div class=\"h-100 bg-white vechro_prod_grid_main d-flex flex-column\" data-prod=\"5775\">\n<div class=\"prod-subtitle px-3\">Mbyt\u00ebs elastik akrilik i \u00e7atis\u00eb<\/div>\n<\/div>\n<\/div>\n<\/div>\n<p>[\/vc_column_text][vc_btn title=&#8221;Shiko me shume&#8221; style=&#8221;outline-custom&#8221; outline_custom_color=&#8221;#cf171f&#8221; outline_custom_hover_background=&#8221;#cf171f&#8221; outline_custom_hover_text=&#8221;#ffffff&#8221; size=&#8221;sm&#8221; align=&#8221;center&#8221; link=&#8221;url:https%3A%2F%2Faedcolor.com%2Findex.php%2Fisolor-roof%2F|||&#8221;][\/vc_column][vc_column width=&#8221;1\/4&#8243; css=&#8221;.vc_custom_1684132275815{border-top-width: 5px !important;border-right-width: 5px !important;border-bottom-width: 5px !important;border-left-width: 5px !important;border-left-color: rgba(62,66,77,0.14) !important;border-left-style: solid !important;border-right-color: rgba(62,66,77,0.14) !important;border-right-style: solid !important;border-top-color: rgba(62,66,77,0.14) !important;border-top-style: solid !important;border-bottom-color: rgba(62,66,77,0.14) !important;border-bottom-style: solid !important;}&#8221;][vc_single_image image=&#8221;6115&#8243; img_size=&#8221;full&#8221; alignment=&#8221;center&#8221; image_hovers=&#8221;false&#8221;][vc_custom_heading text=&#8221;SMALTOLUX HYDRO MASTER PRIMER<br \/>\n&#8221; font_container=&#8221;tag:h3|font_size:18|text_align:center|color:%23333333&#8243; google_fonts=&#8221;font_family:Roboto%3A100%2C100italic%2C300%2C300italic%2Cregular%2Citalic%2C500%2C500italic%2C700%2C700italic%2C900%2C900italic|font_style:500%20bold%20regular%3A500%3Anormal&#8221;][vc_column_text]<\/p>\n<div class=\"h-100 bg-white vechro_prod_grid_main d-flex flex-column\" data-prod=\"5812\">\n<div class=\"prod-subtitle px-3\" style=\"text-align: center;\">\n<div class=\"h-100 bg-white vechro_prod_grid_main d-flex flex-column\" data-prod=\"5822\">\n<div class=\"prod-subtitle px-3\">Primer uji akrilik ekologjik<\/div>\n<\/div>\n<\/div>\n<\/div>\n<p>[\/vc_column_text][vc_btn title=&#8221;Shiko me shume&#8221; style=&#8221;outline-custom&#8221; outline_custom_color=&#8221;#cf171f&#8221; outline_custom_hover_background=&#8221;#cf171f&#8221; outline_custom_hover_text=&#8221;#ffffff&#8221; size=&#8221;sm&#8221; align=&#8221;center&#8221; link=&#8221;url:https%3A%2F%2Faedcolor.com%2Findex.php%2Fprimer-smaltolux-hydro-master%2F|||&#8221;][\/vc_column][vc_column width=&#8221;1\/4&#8243; css=&#8221;.vc_custom_1684133353357{border-top-width: 5px !important;border-right-width: 5px !important;border-bottom-width: 5px !important;border-left-width: 5px !important;border-left-color: rgba(62,66,77,0.14) !important;border-left-style: solid !important;border-right-color: rgba(62,66,77,0.14) !important;border-right-style: solid !important;border-top-color: rgba(62,66,77,0.14) !important;border-top-style: solid !important;border-bottom-color: rgba(62,66,77,0.14) !important;border-bottom-style: solid !important;}&#8221;][vc_single_image image=&#8221;6120&#8243; img_size=&#8221;full&#8221; alignment=&#8221;center&#8221; image_hovers=&#8221;false&#8221;][vc_custom_heading text=&#8221;SMALTOLUX HYDRO<br \/>\n&#8221; font_container=&#8221;tag:h3|font_size:18|text_align:center|color:%23333333&#8243; google_fonts=&#8221;font_family:Roboto%3A100%2C100italic%2C300%2C300italic%2Cregular%2Citalic%2C500%2C500italic%2C700%2C700italic%2C900%2C900italic|font_style:500%20bold%20regular%3A500%3Anormal&#8221;][vc_column_text]<\/p>\n<div class=\"h-100 bg-white vechro_prod_grid_main d-flex flex-column\" data-prod=\"5812\">\n<div class=\"prod-subtitle px-3\" style=\"text-align: center;\">\n<div class=\"h-100 bg-white vechro_prod_grid_main d-flex flex-column\" data-prod=\"5811\">\n<div class=\"prod-subtitle px-3\">\n<div class=\"h-100 bg-white vechro_prod_grid_main d-flex flex-column\" data-prod=\"5821\">\n<div class=\"prod-subtitle px-3\">Ripolin\u00eb me uj\u00eb akrilik poliuretani hipoallergjik ekologjik<\/div>\n<\/div>\n<\/div>\n<\/div>\n<\/div>\n<\/div>\n<p>[\/vc_column_text][vc_btn title=&#8221;Shiko me shume&#8221; style=&#8221;outline-custom&#8221; outline_custom_color=&#8221;#cf171f&#8221; outline_custom_hover_background=&#8221;#cf171f&#8221; outline_custom_hover_text=&#8221;#ffffff&#8221; size=&#8221;sm&#8221; align=&#8221;center&#8221; link=&#8221;url:https%3A%2F%2Faedcolor.com%2F%3Fpage_id%3D6122%26preview%3Dtrue|||&#8221;][\/vc_column][vc_column width=&#8221;1\/4&#8243; css=&#8221;.vc_custom_1684134771088{border-top-width: 5px !important;border-right-width: 5px !important;border-bottom-width: 5px !important;border-left-width: 5px !important;border-left-color: rgba(62,66,77,0.14) !important;border-left-style: solid !important;border-right-color: rgba(62,66,77,0.14) !important;border-right-style: solid !important;border-top-color: rgba(62,66,77,0.14) !important;border-top-style: solid !important;border-bottom-color: rgba(62,66,77,0.14) !important;border-bottom-style: solid !important;}&#8221;][vc_single_image image=&#8221;6123&#8243; img_size=&#8221;full&#8221; alignment=&#8221;center&#8221; image_hovers=&#8221;false&#8221;][vc_custom_heading text=&#8221;SMALTOX WATER STOP<br \/>\n&#8221; font_container=&#8221;tag:h3|font_size:18|text_align:center|color:%23333333&#8243; google_fonts=&#8221;font_family:Roboto%3A100%2C100italic%2C300%2C300italic%2Cregular%2Citalic%2C500%2C500italic%2C700%2C700italic%2C900%2C900italic|font_style:500%20bold%20regular%3A500%3Anormal&#8221;][vc_column_text]<\/p>\n<div class=\"h-100 bg-white vechro_prod_grid_main d-flex flex-column\" data-prod=\"5812\">\n<div class=\"prod-subtitle px-3\" style=\"text-align: center;\">\n<div class=\"h-100 bg-white vechro_prod_grid_main d-flex flex-column\" data-prod=\"5811\">\n<div class=\"prod-subtitle px-3\">\n<div class=\"h-100 bg-white vechro_prod_grid_main d-flex flex-column\" data-prod=\"5813\">\n<div class=\"prod-subtitle px-3\">\n<div class=\"h-100 bg-white vechro_prod_grid_main d-flex flex-column\" data-prod=\"5787\">\n<div class=\"prod-subtitle px-3\">Primer hidroizolues me baz\u00eb uji<\/div>\n<\/div>\n<\/div>\n<\/div>\n<\/div>\n<\/div>\n<\/div>\n<\/div>\n<p>[\/vc_column_text][vc_btn title=&#8221;Shiko me shume&#8221; style=&#8221;outline-custom&#8221; outline_custom_color=&#8221;#cf171f&#8221; outline_custom_hover_background=&#8221;#cf171f&#8221; outline_custom_hover_text=&#8221;#ffffff&#8221; size=&#8221;sm&#8221; align=&#8221;center&#8221; link=&#8221;url:https%3A%2F%2Faedcolor.com%2Findex.php%2Fsmaltox-water-stop-2%2F|||&#8221;][\/vc_column][\/vc_row]<\/p>\n<\/div>","protected":false},"excerpt":{"rendered":"<p>[vc_row gap=&#8221;30&#8243;][vc_column width=&#8221;1\/4&#8243; css=&#8221;.vc_custom_1556182180561{border-top-width: 5px !important;border-right-width: 5px !important;border-bottom-width: 5px !important;border-left-width: 5px !important;border-left-color: rgba(62,66,77,0.14) !important;border-left-style: solid !important;border-right-color: rgba(62,66,77,0.14) !important;border-right-style: solid !important;border-top-color: rgba(62,66,77,0.14) !important;border-top-style: solid !important;border-bottom-color: rgba(62,66,77,0.14) !important;border-bottom-style: solid !important;}&#8221;][vc_single_image image=&#8221;2087&#8243; img_size=&#8221;full&#8221; alignment=&#8221;center&#8221; image_hovers=&#8221;false&#8221;][vc_custom_heading text=&#8221;SMALTOPLAST ACRYLIC &#8221; font_container=&#8221;tag:h3|font_size:18|text_align:center|color:%23333333&#8243; google_fonts=&#8221;font_family:Roboto%3A100%2C100italic%2C300%2C300italic%2Cregular%2Citalic%2C500%2C500italic%2C700%2C700italic%2C900%2C900italic|font_style:500%20bold%20regular%3A500%3Anormal&#8221;][vc_column_text] Boj\u00eb 100% akrilike eko-miq\u00ebsore p\u00ebr p\u00ebrdorim t\u00eb jasht\u00ebm [\/vc_column_text][vc_btn title=&#8221;Shiko me shume&#8221; style=&#8221;outline-custom&#8221; outline_custom_color=&#8221;#cf171f&#8221; outline_custom_hover_background=&#8221;#cf171f&#8221; outline_custom_hover_text=&#8221;#ffffff&#8221; size=&#8221;sm&#8221; align=&#8221;center&#8221;&hellip;<\/p>\n","protected":false},"author":3,"featured_media":0,"parent":0,"menu_order":0,"comment_status":"closed","ping_status":"closed","template":"","meta":{"footnotes":""},"class_list":["post-320","page","type-page","status-publish","hentry","description-off"],"_links":{"self":[{"href":"https:\/\/aedcolor.com\/index.php\/wp-json\/wp\/v2\/pages\/320","targetHints":{"allow":["GET"]}}],"collection":[{"href":"https:\/\/aedcolor.com\/index.php\/wp-json\/wp\/v2\/pages"}],"about":[{"href":"https:\/\/aedcolor.com\/index.php\/wp-json\/wp\/v2\/types\/page"}],"author":[{"embeddable":true,"href":"https:\/\/aedcolor.com\/index.php\/wp-json\/wp\/v2\/users\/3"}],"replies":[{"embeddable":true,"href":"https:\/\/aedcolor.com\/index.php\/wp-json\/wp\/v2\/comments?post=320"}],"version-history":[{"count":33,"href":"https:\/\/aedcolor.com\/index.php\/wp-json\/wp\/v2\/pages\/320\/revisions"}],"predecessor-version":[{"id":6130,"href":"https:\/\/aedcolor.com\/index.php\/wp-json\/wp\/v2\/pages\/320\/revisions\/6130"}],"wp:attachment":[{"href":"https:\/\/aedcolor.com\/index.php\/wp-json\/wp\/v2\/media?parent=320"}],"curies":[{"name":"wp","href":"https:\/\/api.w.org\/{rel}","templated":true}]}}