{"id":3201,"date":"2023-05-20T09:36:31","date_gmt":"2023-05-20T09:36:31","guid":{"rendered":"https:\/\/aedcolor.com\/?page_id=3201"},"modified":"2024-02-09T09:56:55","modified_gmt":"2024-02-09T09:56:55","slug":"fibran-geo-bp-50-bit","status":"publish","type":"page","link":"https:\/\/aedcolor.com\/index.php\/fibran-geo-bp-50-bit\/","title":{"rendered":"FIBRAN geo BP-50-BIT"},"content":{"rendered":"<div class=\"wpb-content-wrapper\"><p>[vc_row css=&#8221;.vc_custom_1683099634441{padding-bottom: 30px !important;}&#8221;][vc_column width=&#8221;2\/3&#8243;][vc_custom_heading text=&#8221;FIBRAN geo BP-50-BIT<\/p>\n<p>&#8221; font_container=&#8221;tag:h2|font_size:50|text_align:left&#8221; use_theme_fonts=&#8221;yes&#8221; link=&#8221;|title:AQUAMAT%20-%20SUPERELASTIC||&#8221;][\/vc_column][\/vc_row][vc_row][vc_column width=&#8221;1\/2&#8243;][vc_single_image image=&#8221;3199&#8243; img_size=&#8221;full&#8221;][\/vc_column][vc_column width=&#8221;1\/2&#8243;][vc_column_text]<span style=\"color: #000000;\"><strong>Pllaka e ngurt\u00eb prej leshi guri FIBRANgeo BP-50-BIT<\/strong> me shtres\u00eb bituminoze \u00ebsht\u00eb nj\u00eb produkt natyral fijor inorganik q\u00eb prodhohet industrialisht nga shk\u00ebmbi i shkrir\u00eb i tjerrur n\u00eb fibra, n\u00eb p\u00ebrputhje me standardin europian EN 13162 (Produkt termoizolues p\u00ebr nd\u00ebrtesa &#8211; Lesh mineral i prodhuar nga fabrika (MW) produkte).<\/span><\/p>\n<p><strong><span style=\"color: #000000;\">Aplikimi<\/span><\/strong><br \/>\n<span style=\"color: #000000;\">Pllakat e projektuara p\u00ebr aplikime p\u00ebr izolim termik, rezistenc\u00eb ndaj zjarrit dhe izolim t\u00eb z\u00ebrit me instalim t\u00eb leht\u00eb t\u00eb membran\u00ebs bituminoze ku k\u00ebrkohet rritje e vetive mekanike dhe rezistenc\u00ebs ndaj stresit n\u00eb shtypje.<\/span><\/p>\n<p><em><span style=\"text-decoration: underline;\"><strong><span style=\"color: #000000; text-decoration: underline;\">N\u00eb cati t\u00eb tilla si:<\/span><\/strong><\/span><\/em><\/p>\n<ul>\n<li><span style=\"color: #000000;\">Cati prej betoni me membran\u00eb hidroizoluese bituminoze p\u00ebr hidroizolim.<\/span><\/li>\n<li><span style=\"color: #000000;\">Cati celiku me membran\u00eb hidroizoluese bituminoze p\u00ebr hidroizolim.<\/span><\/li>\n<\/ul>\n<p><strong><span style=\"color: #000000;\">Avantazhet<\/span><\/strong><\/p>\n<ul>\n<li><span style=\"color: #000000;\">Termoizolim i shk\u00eblqyer<\/span><\/li>\n<li><span style=\"color: #000000;\">Thithje e shk\u00eblqyer e z\u00ebrit dhe reduktim t\u00eb z\u00ebrit<\/span><\/li>\n<li><span style=\"color: #000000;\">Materiali i struktur\u00ebs s\u00eb\u00a0 hapur me rezistenc\u00eb shum\u00eb t\u00eb ul\u00ebt ndaj difuzionit t\u00eb avullit t\u00eb ujit q\u00eb p\u00ebrmir\u00ebson frym\u00ebmarrjen e elementit t\u00eb nd\u00ebrtimit<\/span><\/li>\n<li><span style=\"color: #000000;\">Stabilitet dhe q\u00ebndrueshm\u00ebri e shk\u00eblqyer dimensionale<\/span><\/li>\n<li><span style=\"color: #000000;\">Uj\u00eb largues dhe jo higroskopik<\/span><\/li>\n<li><span style=\"color: #000000;\">Leht\u00eb p\u00ebr tu trajtuar, prer\u00eb dhe instaluar<\/span><\/li>\n<li><span style=\"color: #000000;\">Natyral, inorganik, pa er\u00eb, kimisht inert (PH praktikisht neutral)<\/span><\/li>\n<li><span style=\"color: #000000;\">E riciklueshme, miq\u00ebsore me mjedisin<\/span><\/li>\n<li><span style=\"color: #000000;\">Apikim i leht\u00eb i membran\u00ebs bituminoze.<\/span><\/li>\n<\/ul>\n<p><span style=\"color: #000000;\">Produktet FIBRANgeo duhet t\u00eb mbrohen nga lagia para dhe gjat\u00eb aplikimit t\u00eb tyre. N\u00ebse nj\u00eb pjes\u00eb e produktit laget, duhet t\u00eb thahet para instalimit. Leshi i gurit thahet shpejt dhe vetit\u00eb e tij izoluese mbeten t\u00eb pandryshuara pas tharjes. Paketimi duhet t\u00eb hiqet me kujdes pak para instalimit. Zonat e punes duhet t\u00eb mbahen t\u00eb pastra. Duhet t\u00eb shmanget kontakti i panevojsh\u00ebm ose i gjer\u00eb i l\u00ebkur\u00ebs dhe syve me prerjet, fibrat dhe pluhurin e produktit dhe duhet p\u00ebrdorur veshje mbrojt\u00ebse (doresa, syze, kapele). Produktet me AL, AX, YM dhe YA nuk sugjerohen m\u00eb shum\u00eb se 90 oC nd\u00ebrsa ato me sip\u00ebrfaqe XA nuk sugjerohen p\u00ebr m\u00eb shum\u00eb se 66 oC. Duhet t\u00eb sigurohet ajrim i mjaftuesh\u00ebm i zonave t\u00eb pun\u00ebs, nd\u00ebrsa mjetet prer\u00ebse elektrike duhet t\u00eb pajisen gjithmon\u00eb ose t\u00eb plot\u00ebsohen me nj\u00eb sistem mekanik t\u00eb marrjes s\u00eb pluhurit.<\/span>[\/vc_column_text][vc_row_inner][vc_column_inner width=&#8221;1\/2&#8243;]<div class=\"standard-arrow bullet-top\"><ul>\n<li>\n<div class=\"col-12 col-xs-6 col-sm-12 col-md-6 d-flex pb-2 pb-md-3 \">Aplikime p\u00ebr izolim termik<\/div>\n<\/li>\n<\/ul>\n<\/div>[\/vc_column_inner][vc_column_inner width=&#8221;1\/2&#8243;]<div class=\"standard-arrow bullet-top\"><ul>\n<li>Rezistenc\u00eb ndaj zjarrit dhe izolim t\u00eb z\u00ebrit<\/li>\n<\/ul>\n<\/div>[\/vc_column_inner][\/vc_row_inner][\/vc_column][\/vc_row]<\/p>\n<\/div>","protected":false},"excerpt":{"rendered":"<p>[vc_row css=&#8221;.vc_custom_1683099634441{padding-bottom: 30px !important;}&#8221;][vc_column width=&#8221;2\/3&#8243;][vc_custom_heading text=&#8221;FIBRAN geo BP-50-BIT &#8221; font_container=&#8221;tag:h2|font_size:50|text_align:left&#8221; use_theme_fonts=&#8221;yes&#8221; link=&#8221;|title:AQUAMAT%20-%20SUPERELASTIC||&#8221;][\/vc_column][\/vc_row][vc_row][vc_column width=&#8221;1\/2&#8243;][vc_single_image image=&#8221;3199&#8243; img_size=&#8221;full&#8221;][\/vc_column][vc_column width=&#8221;1\/2&#8243;][vc_column_text]Pllaka e ngurt\u00eb prej leshi guri FIBRANgeo BP-50-BIT me shtres\u00eb bituminoze \u00ebsht\u00eb nj\u00eb produkt natyral fijor inorganik q\u00eb prodhohet industrialisht nga shk\u00ebmbi i shkrir\u00eb i tjerrur n\u00eb fibra, n\u00eb p\u00ebrputhje me standardin europian EN 13162 (Produkt termoizolues p\u00ebr nd\u00ebrtesa &#8211;&hellip;<\/p>\n","protected":false},"author":2,"featured_media":0,"parent":0,"menu_order":0,"comment_status":"closed","ping_status":"closed","template":"","meta":{"footnotes":""},"class_list":["post-3201","page","type-page","status-publish","hentry","description-off"],"_links":{"self":[{"href":"https:\/\/aedcolor.com\/index.php\/wp-json\/wp\/v2\/pages\/3201","targetHints":{"allow":["GET"]}}],"collection":[{"href":"https:\/\/aedcolor.com\/index.php\/wp-json\/wp\/v2\/pages"}],"about":[{"href":"https:\/\/aedcolor.com\/index.php\/wp-json\/wp\/v2\/types\/page"}],"author":[{"embeddable":true,"href":"https:\/\/aedcolor.com\/index.php\/wp-json\/wp\/v2\/users\/2"}],"replies":[{"embeddable":true,"href":"https:\/\/aedcolor.com\/index.php\/wp-json\/wp\/v2\/comments?post=3201"}],"version-history":[{"count":3,"href":"https:\/\/aedcolor.com\/index.php\/wp-json\/wp\/v2\/pages\/3201\/revisions"}],"predecessor-version":[{"id":10396,"href":"https:\/\/aedcolor.com\/index.php\/wp-json\/wp\/v2\/pages\/3201\/revisions\/10396"}],"wp:attachment":[{"href":"https:\/\/aedcolor.com\/index.php\/wp-json\/wp\/v2\/media?parent=3201"}],"curies":[{"name":"wp","href":"https:\/\/api.w.org\/{rel}","templated":true}]}}