{"id":3212,"date":"2023-05-20T09:47:54","date_gmt":"2023-05-20T09:47:54","guid":{"rendered":"https:\/\/aedcolor.com\/?page_id=3212"},"modified":"2024-02-09T13:50:57","modified_gmt":"2024-02-09T13:50:57","slug":"fibrangeo-bp-80","status":"publish","type":"page","link":"https:\/\/aedcolor.com\/index.php\/fibrangeo-bp-80\/","title":{"rendered":"FIBRANgeo BP-80"},"content":{"rendered":"<div class=\"wpb-content-wrapper\"><p>[vc_row css=&#8221;.vc_custom_1683099634441{padding-bottom: 30px !important;}&#8221;][vc_column width=&#8221;2\/3&#8243;][vc_custom_heading text=&#8221;FIBRANgeo BP-80<\/p>\n<p>&#8221; font_container=&#8221;tag:h2|font_size:50|text_align:left&#8221; use_theme_fonts=&#8221;yes&#8221; link=&#8221;|title:AQUAMAT%20-%20SUPERELASTIC||&#8221;][\/vc_column][\/vc_row][vc_row][vc_column width=&#8221;1\/2&#8243;][vc_single_image image=&#8221;3205&#8243; img_size=&#8221;full&#8221;][\/vc_column][vc_column width=&#8221;1\/2&#8243;][vc_column_text]<span style=\"color: #000000;\"><strong>Pllak\u00eb e ngurt\u00eb prej lesh guri FIBRANgeo BP-80<\/strong> jan\u00eb nj\u00eb produkt natyral fibroz inorganik q\u00eb prodhohet industrialisht nga shk\u00ebmbi i shkrir\u00eb i tjerrur n\u00eb fibra, n\u00eb p\u00ebrputhje me Standardin Europian EN 13162 (Produkte termoizoluese p\u00ebr nd\u00ebrtesa -Produkte fabrikash t\u00eb leshit mineral (MW)).<\/span><\/p>\n<p><strong><span style=\"color: #000000;\">Aplikimi<\/span><\/strong><br \/>\n<span style=\"color: #000000;\">Pllakat e projektuara p\u00ebr aplikime p\u00ebr izolim termik, rezistenc\u00eb ndaj zjarrit dhe izolim t\u00eb z\u00ebrit ku nevojiten vetit\u00eb mekanike t\u00eb rritura dhe rezistenc\u00eb ndaj stresit n\u00eb shtypje.<\/span><\/p>\n<p><em><span style=\"text-decoration: underline;\"><span style=\"color: #000000; text-decoration: underline;\">N\u00eb dysheme t\u00eb tilla si:<\/span><\/span><\/em><\/p>\n<ul>\n<li><span style=\"color: #000000;\">Dyshemeja lundruese me mall\u00eb betoni dhe sip\u00ebrfaqe p\u00ebrfundimtare, p.sh. pllaka mermeri\/qeramike, parket industrial.<\/span><\/li>\n<li><span style=\"color: #000000;\">Dyshemeja lundruese e konstruksionit t\u00eb that\u00eb dhe sip\u00ebrfaqja p\u00ebrfundimtare, p.sh. druri, pllaka qeramike.<\/span><\/li>\n<\/ul>\n<p><em><span style=\"text-decoration: underline;\"><span style=\"color: #000000; text-decoration: underline;\">N\u00eb catit\u00eb e sheshta si:<\/span><\/span><\/em><\/p>\n<ul>\n<li><span style=\"color: #000000;\">Termoizolim i jasht\u00ebm dhe tingull i catis\u00eb s\u00eb shesht\u00eb, me lesh guri t\u00eb mbuluar me mall\u00eb dhe shtres\u00eb izoluese uji.<\/span><\/li>\n<li><span style=\"color: #000000;\">Termoizolim i jasht\u00ebm dhe tingull i catis\u00eb s\u00eb shesht\u00eb prej betoni ose metali, me lesh guri q\u00eb mbulohet me shtres\u00eb membran\u00eb izoluese uji.<\/span><\/li>\n<\/ul>\n<p><strong><span style=\"color: #000000;\">Avantazhet<\/span><\/strong><\/p>\n<ul>\n<li><span style=\"color: #000000;\">Termoizolim i shk\u00eblqyer<\/span><\/li>\n<li><span style=\"color: #000000;\">Material jo i djegsh\u00ebm me rezistenc\u00eb t\u00eb shk\u00eblqyer ndaj zjarrit.<\/span><\/li>\n<li><span style=\"color: #000000;\">Thithje e shk\u00eblqyer e z\u00ebrit dhe reduktim t\u00eb z\u00ebrit<\/span><\/li>\n<li><span style=\"color: #000000;\">Materiali i struktur\u00ebs s\u00eb hapur me rezistenc\u00eb shum\u00eb t\u00eb ul\u00ebt ndaj difuzionit t\u00eb avullit t\u00eb ujit q\u00eb p\u00ebrmir\u00ebson frym\u00ebmarrjen e elementit t\u00eb nd\u00ebrtimit<\/span><\/li>\n<li><span style=\"color: #000000;\">Stabilitet dhe q\u00ebndrueshm\u00ebri e shk\u00eblqyer dimensionale<\/span><\/li>\n<li><span style=\"color: #000000;\">Uj\u00eblargues dhe jo higroskopik<\/span><\/li>\n<li><span style=\"color: #000000;\">Leht\u00eb p\u00ebr tu trajtuar, prer\u00eb dhe instaluar<\/span><\/li>\n<li><span style=\"color: #000000;\">Natyral, inorganik, pa er\u00eb, kimisht inert (PH praktikisht neutral)<\/span><\/li>\n<li><span style=\"color: #000000;\">E riciklueshme, miq\u00ebsore me mjedisin dhe p\u00ebr p\u00ebrdoruesin p\u00ebrfundimtar.<\/span><\/li>\n<\/ul>\n<p>[\/vc_column_text][vc_row_inner][vc_column_inner width=&#8221;1\/2&#8243;]<div class=\"standard-arrow bullet-top\"><ul>\n<li>\n<div class=\"col-12 col-xs-6 col-sm-12 col-md-6 d-flex pb-2 pb-md-3 \">Aplikime p\u00ebr izolim termik<\/div>\n<\/li>\n<\/ul>\n<\/div>[\/vc_column_inner][vc_column_inner width=&#8221;1\/2&#8243;]<div class=\"standard-arrow bullet-top\"><ul>\n<li>Rezistenc\u00eb ndaj zjarrit dhe izolim t\u00eb z\u00ebrit<\/li>\n<\/ul>\n<\/div>[\/vc_column_inner][\/vc_row_inner][\/vc_column][\/vc_row]<\/p>\n<\/div>","protected":false},"excerpt":{"rendered":"<p>[vc_row css=&#8221;.vc_custom_1683099634441{padding-bottom: 30px !important;}&#8221;][vc_column width=&#8221;2\/3&#8243;][vc_custom_heading text=&#8221;FIBRANgeo BP-80 &#8221; font_container=&#8221;tag:h2|font_size:50|text_align:left&#8221; use_theme_fonts=&#8221;yes&#8221; link=&#8221;|title:AQUAMAT%20-%20SUPERELASTIC||&#8221;][\/vc_column][\/vc_row][vc_row][vc_column width=&#8221;1\/2&#8243;][vc_single_image image=&#8221;3205&#8243; img_size=&#8221;full&#8221;][\/vc_column][vc_column width=&#8221;1\/2&#8243;][vc_column_text]Pllak\u00eb e ngurt\u00eb prej lesh guri FIBRANgeo BP-80 jan\u00eb nj\u00eb produkt natyral fibroz inorganik q\u00eb prodhohet industrialisht nga shk\u00ebmbi i shkrir\u00eb i tjerrur n\u00eb fibra, n\u00eb p\u00ebrputhje me Standardin Europian EN 13162 (Produkte termoizoluese p\u00ebr nd\u00ebrtesa -Produkte fabrikash t\u00eb leshit mineral&hellip;<\/p>\n","protected":false},"author":2,"featured_media":0,"parent":0,"menu_order":0,"comment_status":"closed","ping_status":"closed","template":"","meta":{"footnotes":""},"class_list":["post-3212","page","type-page","status-publish","hentry","description-off"],"_links":{"self":[{"href":"https:\/\/aedcolor.com\/index.php\/wp-json\/wp\/v2\/pages\/3212","targetHints":{"allow":["GET"]}}],"collection":[{"href":"https:\/\/aedcolor.com\/index.php\/wp-json\/wp\/v2\/pages"}],"about":[{"href":"https:\/\/aedcolor.com\/index.php\/wp-json\/wp\/v2\/types\/page"}],"author":[{"embeddable":true,"href":"https:\/\/aedcolor.com\/index.php\/wp-json\/wp\/v2\/users\/2"}],"replies":[{"embeddable":true,"href":"https:\/\/aedcolor.com\/index.php\/wp-json\/wp\/v2\/comments?post=3212"}],"version-history":[{"count":3,"href":"https:\/\/aedcolor.com\/index.php\/wp-json\/wp\/v2\/pages\/3212\/revisions"}],"predecessor-version":[{"id":10402,"href":"https:\/\/aedcolor.com\/index.php\/wp-json\/wp\/v2\/pages\/3212\/revisions\/10402"}],"wp:attachment":[{"href":"https:\/\/aedcolor.com\/index.php\/wp-json\/wp\/v2\/media?parent=3212"}],"curies":[{"name":"wp","href":"https:\/\/api.w.org\/{rel}","templated":true}]}}