{"id":3234,"date":"2023-05-20T11:50:13","date_gmt":"2023-05-20T11:50:13","guid":{"rendered":"https:\/\/aedcolor.com\/?page_id=3234"},"modified":"2024-01-20T08:34:57","modified_gmt":"2024-01-20T08:34:57","slug":"fibranxps-300-l","status":"publish","type":"page","link":"https:\/\/aedcolor.com\/index.php\/fibranxps-300-l\/","title":{"rendered":"FIBRANxps 300-L"},"content":{"rendered":"<div class=\"wpb-content-wrapper\"><p>[vc_row css=&#8221;.vc_custom_1683099634441{padding-bottom: 30px !important;}&#8221;][vc_column width=&#8221;2\/3&#8243;][vc_custom_heading text=&#8221;FIBRANxps 300-L<\/p>\n<p>&#8221; font_container=&#8221;tag:h2|font_size:50|text_align:left&#8221; use_theme_fonts=&#8221;yes&#8221; link=&#8221;|title:AQUAMAT%20-%20SUPERELASTIC||&#8221;][\/vc_column][\/vc_row][vc_row][vc_column width=&#8221;1\/2&#8243;][vc_single_image image=&#8221;3235&#8243; img_size=&#8221;full&#8221;][\/vc_column][vc_column width=&#8221;1\/2&#8243;][vc_column_text]<strong><span style=\"color: #000000;\">FIBRANxps 300-L \u00ebsht\u00eb nj\u00eb pllak\u00eb termoizoluese e b\u00ebr\u00eb nga polistiren i ekstruduar, me sip\u00ebrfaqe t\u00eb l\u00ebmuar me buz\u00eb n\u00eb form\u00ebn e shkronj\u00ebs &#8220;L&#8221; p\u00ebr t\u00eb parandaluar formimin e urave termike.<\/span><\/strong><\/p>\n<p><strong><span style=\"color: #000000;\">Aplikimi<\/span><\/strong><br \/>\n<span style=\"color: #000000;\">Izolimi termik jep mbrojtje t\u00eb pakusht\u00ebzuar n\u00eb nj\u00eb mjedis t\u00eb\u00a0 lag\u00ebshta ose n\u00ebn ngarkes\u00eb jasht\u00ebzakonisht t\u00eb r\u00ebnd\u00eb mekanike:<\/span><\/p>\n<ul>\n<li><span style=\"color: #000000;\">Mbrojtja termike e kulmeve t\u00eb sheshta klasike<\/span><\/li>\n<li><span style=\"color: #000000;\">Mbrojtja termike n\u00eb sistemet e kulmeve t\u00eb sheshta t\u00eb p\u00ebrmbysura<\/span><\/li>\n<li><span style=\"color: #000000;\">Mbrojtja termike n\u00eb sistemet e kulmeve t\u00eb gjelbra<\/span><\/li>\n<li><span style=\"color: #000000;\">Transformimi i kulmeve ekzistuese t\u00eb sheshta n\u00ebn sistemin e catis\u00eb s\u00eb p\u00ebrmbysur.<\/span><\/li>\n<li><span style=\"color: #000000;\">Izolimi termik dhe mbrojtja hidro-membranore e mureve t\u00eb bodrumeve\u00a0<\/span><\/li>\n<li><span style=\"color: #000000;\">Mbrojtja termike e dyshemeve t\u00eb dyqaneve, magazin\u00ebs dhe insudtriale<\/span><\/li>\n<li><span style=\"color: #000000;\">Mbrojtja termike e pllakave baz\u00eb<\/span><\/li>\n<li><span style=\"color: #000000;\">Mbrojtja termike e pishinave<\/span><\/li>\n<\/ul>\n<p><strong><span style=\"color: #000000;\">Trajtimi dhe Ruajtja<\/span><\/strong><br \/>\n<span style=\"color: #000000;\">Pllakat termoizoluese FIBRANxps jan\u00eb rezistente ndaj t\u00eb ftohtit, shiut dhe bor\u00ebs, por jo ndaj ekspozimit afatgjat\u00eb ndaj rrezatimit ultravjollc\u00eb. Prandaj, paketimi i produkteve duhet t\u00eb hiqet vet\u00ebm pak para instalimit. Pllakat FIBRANxps jan\u00eb nd\u00ebr materialet m\u00eb t\u00eb forta n\u00eb treg, kontakti me objekte t\u00eb mbrehta mund ti d\u00ebmtoj\u00eb ose deformoj\u00eb ato.<\/span><br \/>\n<span style=\"color: #000000;\">Pllakat FIBRANxps mund t\u00eb p\u00ebrdoren n\u00eb temperatur\u00eb maksimale 75 oC. Megjithat\u00eb, n\u00ebse ato ruhen jasht\u00eb dhe ekspozohen ndaj rrezeve t\u00eb diellit direkte ose mb\u00ebshtillen me material amballazhi t\u00eb err\u00ebt, mund t\u00eb ndodh\u00eb deformim i pllakave pvr shkak t\u00eb temperaturave t\u00eb larta. Pllakat FIBRANxps nuk duhet t\u00eb vijn\u00eb n\u00eb kontakt me tret\u00ebs si benzina, katrani dhe acidi formik, ose me gazra si metani, etani, propani dhe butani. Para se t\u00eb aplikoni nj\u00eb produkt pastrimi n\u00eb d\u00ebrrasa sip\u00ebrfaqe, rekomandohet q\u00eb fillimisht t\u00eb testohet rezistenca e materialit ndaj agjentit t\u00eb vecant\u00eb t\u00eb pastrimit. Pllakat FIBRANxps jan\u00eb mesatarisht rezistente ndaj substancave t\u00eb tilla si vajrat minerale dhe ushqimore, parafina, fenoli dhe yndyra; kjo do t\u00eb thot\u00eb se ekspozimi afatgjat\u00eb ndaj k\u00ebtyre substancave mund t\u00eb ndikoj\u00eb n\u00eb pamjen e tyre sip\u00ebrfaq\u00ebsore ose struktur\u00ebn. Pllakat FIBRANxps jan\u00eb shum\u00eb rezistente ndaj produkteve t\u00eb bitumit t\u00eb tretsh\u00ebm n\u00eb uj\u00eb, g\u00eblqere, cimento, suva g\u00eblqerore, uj\u00eb deti, klri, shumic\u00ebs s\u00eb acideve, gazeve inorganike, alkoolit dhe silikonit.\u00a0<\/span><\/p>\n<p><strong><span style=\"color: #000000;\">Aplikimi dhe Mbrojtja<\/span><\/strong><br \/>\n<span style=\"color: #000000;\">Gjat\u00eb instalimit t\u00eb pllakave FIBRANxps, t\u00eb gjitha k\u00ebrkesat e nd\u00ebrtimit p\u00ebr aplikimin korrekt t\u00eb izolimit duhet t\u00eb merren parasysh. Pllakat FIBRANxps duhet t\u00eb aplikohen n\u00eb sip\u00ebrfaqe t\u00eb sheshta dhe t\u00eb pastra. Skajet e pllakave FIBRANxps jan\u00eb formuar me profile &#8220;I&#8221; t\u00eb drejt\u00eb, &#8220;L&#8221; ose &#8220;D&#8221;. Gjat\u00eb aplikimit t\u00eb pllakave n\u00eb nj\u00eb shtres\u00eb, rekomandohen d\u00ebrrasat me profile buz\u00ebsh &#8220;L&#8221; ose &#8220;D&#8221; p\u00ebr t\u00eb shmangur urat termike q\u00eb mund t\u00eb ndodhin n\u00eb kyce.<\/span>[\/vc_column_text][vc_row_inner][vc_column_inner width=&#8221;1\/2&#8243;]<div class=\"standard-arrow bullet-top\"><ul>\n<li>\n<div class=\"col-12 col-xs-6 col-sm-12 col-md-6 d-flex pb-2 pb-md-3 \"><span style=\"color: #000000;\">Mbrojtje t\u00eb pakusht\u00ebzuar n\u00eb mjedise t\u00eb lag\u00ebshta<\/span><\/div>\n<\/li>\n<\/ul>\n<\/div>[\/vc_column_inner][vc_column_inner width=&#8221;1\/2&#8243;]<div class=\"standard-arrow bullet-top\"><ul>\n<li><span style=\"color: #000000;\">Mbrojtja termike e kulmeve t\u00eb sheshta klasike<\/span><\/li>\n<\/ul>\n<\/div>[\/vc_column_inner][\/vc_row_inner][\/vc_column][\/vc_row]<\/p>\n<\/div>","protected":false},"excerpt":{"rendered":"<p>[vc_row css=&#8221;.vc_custom_1683099634441{padding-bottom: 30px !important;}&#8221;][vc_column width=&#8221;2\/3&#8243;][vc_custom_heading text=&#8221;FIBRANxps 300-L &#8221; font_container=&#8221;tag:h2|font_size:50|text_align:left&#8221; use_theme_fonts=&#8221;yes&#8221; link=&#8221;|title:AQUAMAT%20-%20SUPERELASTIC||&#8221;][\/vc_column][\/vc_row][vc_row][vc_column width=&#8221;1\/2&#8243;][vc_single_image image=&#8221;3235&#8243; img_size=&#8221;full&#8221;][\/vc_column][vc_column width=&#8221;1\/2&#8243;][vc_column_text]FIBRANxps 300-L \u00ebsht\u00eb nj\u00eb pllak\u00eb termoizoluese e b\u00ebr\u00eb nga polistiren i ekstruduar, me sip\u00ebrfaqe t\u00eb l\u00ebmuar me buz\u00eb n\u00eb form\u00ebn e shkronj\u00ebs &#8220;L&#8221; p\u00ebr t\u00eb parandaluar formimin e urave termike. Aplikimi Izolimi termik jep mbrojtje t\u00eb pakusht\u00ebzuar n\u00eb nj\u00eb mjedis t\u00eb\u00a0&hellip;<\/p>\n","protected":false},"author":2,"featured_media":0,"parent":0,"menu_order":0,"comment_status":"closed","ping_status":"closed","template":"","meta":{"footnotes":""},"class_list":["post-3234","page","type-page","status-publish","hentry","description-off"],"_links":{"self":[{"href":"https:\/\/aedcolor.com\/index.php\/wp-json\/wp\/v2\/pages\/3234","targetHints":{"allow":["GET"]}}],"collection":[{"href":"https:\/\/aedcolor.com\/index.php\/wp-json\/wp\/v2\/pages"}],"about":[{"href":"https:\/\/aedcolor.com\/index.php\/wp-json\/wp\/v2\/types\/page"}],"author":[{"embeddable":true,"href":"https:\/\/aedcolor.com\/index.php\/wp-json\/wp\/v2\/users\/2"}],"replies":[{"embeddable":true,"href":"https:\/\/aedcolor.com\/index.php\/wp-json\/wp\/v2\/comments?post=3234"}],"version-history":[{"count":3,"href":"https:\/\/aedcolor.com\/index.php\/wp-json\/wp\/v2\/pages\/3234\/revisions"}],"predecessor-version":[{"id":10318,"href":"https:\/\/aedcolor.com\/index.php\/wp-json\/wp\/v2\/pages\/3234\/revisions\/10318"}],"wp:attachment":[{"href":"https:\/\/aedcolor.com\/index.php\/wp-json\/wp\/v2\/media?parent=3234"}],"curies":[{"name":"wp","href":"https:\/\/api.w.org\/{rel}","templated":true}]}}