{"id":3341,"date":"2023-05-22T12:02:02","date_gmt":"2023-05-22T12:02:02","guid":{"rendered":"https:\/\/aedcolor.com\/?page_id=3341"},"modified":"2023-06-15T07:22:37","modified_gmt":"2023-06-15T07:22:37","slug":"llac-tradicional-i-lemuar","status":"publish","type":"page","link":"https:\/\/aedcolor.com\/index.php\/llac-tradicional-i-lemuar\/","title":{"rendered":"LLA\u00c7 TRADICIONAL I L\u00cbMUAR"},"content":{"rendered":"<div class=\"wpb-content-wrapper\"><p>[vc_row css=&#8221;.vc_custom_1683099634441{padding-bottom: 30px !important;}&#8221;][vc_column width=&#8221;2\/3&#8243;][vc_custom_heading text=&#8221;LLA\u00c7 TRADICIONAL I L\u00cbMUAR<br \/>\n&#8221; font_container=&#8221;tag:h2|font_size:50|text_align:left&#8221; use_theme_fonts=&#8221;yes&#8221; link=&#8221;|title:AQUAMAT%20-%20SUPERELASTIC||&#8221;][\/vc_column][\/vc_row][vc_row][vc_column width=&#8221;1\/2&#8243;][vc_single_image image=&#8221;3339&#8243; img_size=&#8221;full&#8221;][\/vc_column][vc_column width=&#8221;1\/2&#8243;][vc_column_text]Llaci i l\u00ebmuar tradicional \u00ebsht\u00eb produkti m\u00eb i vjet\u00ebr i KOURASANIT. \u00cbsht\u00eb p\u00ebrfundimi i shk\u00eblqyesh\u00ebm q\u00eb jep brenda dhe jasht\u00eb, q\u00ebndrueshm\u00ebria e tij dhe leht\u00ebsia me t\u00eb cil\u00ebn mund t\u00eb aplikohet jan\u00eb ato q\u00eb e b\u00ebjn\u00eb at\u00eb zgjedhjen nr.1 cdo her\u00eb. Mund t\u00eb aplikohet n\u00eb dysheme dhe mure dhe funksionon nj\u00ebsoj si n\u00eb sip\u00ebrfaqet e sapond\u00ebrtuara ashtu dhe n\u00eb ato m\u00eb t\u00eb vjetra, pa pasur nevoj\u00eb t\u00eb hiqen m\u00eb par\u00eb materialet ekzistuese si pllaka, terrazo, etj. P\u00ebrzierja ( kryesisht e p\u00ebrb\u00ebr\u00eb nga pozolana (llav\u00eb), r\u00ebr\u00eb lumi dhe g\u00eblqere e hidratuar) e b\u00ebjn\u00eb at\u00eb nj\u00eb nga llac\u00ebt hidraulik\u00eb m\u00eb t\u00eb fuqish\u00ebm. Aplikohet leht\u00eb dhe shpejt, k\u00ebrkon vet\u00ebm dy shtresa dhe nuk ka nevoj\u00eb m\u00eb p\u00ebr tjet\u00ebr. \u00cbsht\u00eb zgjidhja m\u00eb e mir\u00eb, deri tani, p\u00ebr dyshemet\u00eb me l\u00ebvizje t\u00eb r\u00ebnda si ato n\u00eb dyqane, zyra, palestra, restorante, bar-kafe, si dhe dysheme n\u00eb sht\u00ebpi apo hotele. Rezultati p\u00ebrfundimtar \u00ebsht\u00eb mjaft unik fal\u00eb konsistenc\u00ebs s\u00eb produktit dhe teknik\u00ebs s\u00eb aplikimit., e cila b\u00ebhet t\u00ebr\u00ebsisht me dor\u00eb.[\/vc_column_text][vc_row_inner][vc_column_inner width=&#8221;1\/2&#8243;]<div class=\"standard-arrow bullet-top\"><ul>\n<li>\n<div class=\"col-12 col-xs-6 col-sm-12 col-md-6 d-flex pb-2 pb-md-3 \">Modern, i sofistikuar, unik<\/div>\n<\/li>\n<li>Shum\u00eb i q\u00ebndruesh\u00ebm<\/li>\n<li>Ideale p\u00ebr rinovime<\/li>\n<\/ul>\n<\/div>[\/vc_column_inner][vc_column_inner width=&#8221;1\/2&#8243;]<div class=\"standard-arrow bullet-top\"><ul>\n<li>I leht\u00eb p\u00ebr tu aplikuar<\/li>\n<li>I disponuesh\u00ebm n\u00eb disa ngjyra<\/li>\n<\/ul>\n<\/div>[\/vc_column_inner][\/vc_row_inner][vc_row_inner][vc_column_inner width=&#8221;1\/2&#8243;]<div class=\"aio-icon-component    style_1\"><div id=\"Info-box-wrap-5476\" class=\"aio-icon-box default-icon\" style=\"\"  ><div class=\"aio-icon-default\"><div class=\"ult-just-icon-wrapper  \"><div class=\"align-icon\" style=\"text-align:center;\">\n<div class=\"aio-icon-img \" style=\"font-size:65px;display:inline-block;\" >\n\t<img decoding=\"async\" class=\"img-icon\" alt=\"null\" src=\"https:\/\/aedcolor.com\/wp-content\/uploads\/2023\/05\/image-2.png\"\/>\n<\/div><\/div><\/div><\/div><div class=\"aio-icon-header\" ><h3 class=\"aio-icon-title ult-responsive\"  data-ultimate-target='#Info-box-wrap-5476 .aio-icon-title'  data-responsive-json-new='{\"font-size\":\"\",\"line-height\":\"\"}'  style=\"\">Sip\u00ebrfaqe: Betoni<\/h3><\/div> <!-- header --><\/div> <!-- aio-icon-box --><\/div> <!-- aio-icon-component -->[\/vc_column_inner][vc_column_inner width=&#8221;1\/2&#8243;]<div class=\"aio-icon-component    style_1\"><div id=\"Info-box-wrap-5226\" class=\"aio-icon-box default-icon\" style=\"\"  ><div class=\"aio-icon-default\"><div class=\"ult-just-icon-wrapper  \"><div class=\"align-icon\" style=\"text-align:center;\">\n<div class=\"aio-icon-img \" style=\"font-size:65px;display:inline-block;\" >\n\t<img decoding=\"async\" class=\"img-icon\" alt=\"null\" src=\"https:\/\/aedcolor.com\/wp-content\/uploads\/2023\/05\/image-1.png\"\/>\n<\/div><\/div><\/div><\/div><div class=\"aio-icon-header\" ><h3 class=\"aio-icon-title ult-responsive\"  data-ultimate-target='#Info-box-wrap-5226 .aio-icon-title'  data-responsive-json-new='{\"font-size\":\"\",\"line-height\":\"\"}'  style=\"\">Aplikimi: Mistri<\/h3><\/div> <!-- header --><\/div> <!-- aio-icon-box --><\/div> <!-- aio-icon-component -->[\/vc_column_inner][\/vc_row_inner][\/vc_column][\/vc_row][vc_row][vc_column][vc_column_text]<\/p>\n<p>[\/vc_column_text][\/vc_column][\/vc_row][vc_row bg_type=&#8221;bg_color&#8221; bg_override=&#8221;ex-full&#8221; bg_color_value=&#8221;#000000&#8243; css=&#8221;.vc_custom_1686220278017{padding-top: 40px !important;padding-bottom: 50px !important;}&#8221;][vc_column][vc_custom_heading text=&#8221;PALETA E NGJYRAVE&#8221; font_container=&#8221;tag:h2|text_align:center|color:%23ffffff&#8221; use_theme_fonts=&#8221;yes&#8221;][vc_column_text]<\/p>\n<p style=\"text-align: center;\"><span style=\"color: #ffffff;\">SHIKO GAM\u00cbN E PLOT\u00cb T\u00cb NGJYRAVE T\u00cb &#8220;LLAC TRADICIONAL I L\u00cbMUAR&#8221;<\/span><\/p>\n<p>[\/vc_column_text][vc_column_text]<\/p>\n<p style=\"text-align: center;\"><span style=\"color: #ffffff;\">COARSE<\/span><\/p>\n<p>[\/vc_column_text][vc_row_inner][vc_column_inner width=&#8221;1\/6&#8243;]<div class=\"ult-content-box-container \" >\t\t<div class=\"ult-content-box\" style=\"box-shadow: px px px px none;-webkit-transition: all 700ms ease;-moz-transition: all 700ms ease;-ms-transition: all 700ms ease;-o-transition: all 700ms ease;transition: all 700ms ease;\"  data-hover_box_shadow=\"none\"    >[vc_single_image image=&#8221;5251&#8243; img_size=&#8221;150X150&#8243; alignment=&#8221;center&#8221;][vc_custom_heading text=&#8221;T1.007&#8243; font_container=&#8221;tag:h4|font_size:18|text_align:center|color:%23ffffff&#8221; use_theme_fonts=&#8221;yes&#8221; css=&#8221;.vc_custom_1686656827139{margin-top: -20px !important;}&#8221;]\t\t<\/div><\/div>[\/vc_column_inner][vc_column_inner width=&#8221;1\/6&#8243;]<div class=\"ult-content-box-container \" >\t\t<div class=\"ult-content-box\" style=\"box-shadow: px px px px none;-webkit-transition: all 700ms ease;-moz-transition: all 700ms ease;-ms-transition: all 700ms ease;-o-transition: all 700ms ease;transition: all 700ms ease;\"  data-hover_box_shadow=\"none\"    >[vc_single_image image=&#8221;5254&#8243; img_size=&#8221;150X150&#8243; alignment=&#8221;center&#8221;][vc_custom_heading text=&#8221;T1.008&#8243; font_container=&#8221;tag:h4|font_size:18|text_align:center|color:%23ffffff&#8221; use_theme_fonts=&#8221;yes&#8221; css=&#8221;.vc_custom_1686656858474{margin-top: -20px !important;}&#8221;]\t\t<\/div><\/div>[\/vc_column_inner][vc_column_inner width=&#8221;1\/6&#8243;]<div class=\"ult-content-box-container \" >\t\t<div class=\"ult-content-box\" style=\"box-shadow: px px px px none;-webkit-transition: all 700ms ease;-moz-transition: all 700ms ease;-ms-transition: all 700ms ease;-o-transition: all 700ms ease;transition: all 700ms ease;\"  data-hover_box_shadow=\"none\"    >[vc_single_image image=&#8221;5256&#8243; img_size=&#8221;150X150&#8243; alignment=&#8221;center&#8221;][vc_custom_heading text=&#8221;T1.004&#8243; font_container=&#8221;tag:h4|font_size:18|text_align:center|color:%23ffffff&#8221; use_theme_fonts=&#8221;yes&#8221; css=&#8221;.vc_custom_1686657623314{margin-top: -20px !important;}&#8221;]\t\t<\/div><\/div>[\/vc_column_inner][vc_column_inner width=&#8221;1\/6&#8243;]<div class=\"ult-content-box-container \" >\t\t<div class=\"ult-content-box\" style=\"box-shadow: px px px px none;-webkit-transition: all 700ms ease;-moz-transition: all 700ms ease;-ms-transition: all 700ms ease;-o-transition: all 700ms ease;transition: all 700ms ease;\"  data-hover_box_shadow=\"none\"    >[vc_single_image image=&#8221;5258&#8243; img_size=&#8221;150X150&#8243; alignment=&#8221;center&#8221;][vc_custom_heading text=&#8221;T1.018&#8243; font_container=&#8221;tag:h4|font_size:18|text_align:center|color:%23ffffff&#8221; use_theme_fonts=&#8221;yes&#8221; css=&#8221;.vc_custom_1686657662410{margin-top: -20px !important;}&#8221;]\t\t<\/div><\/div>[\/vc_column_inner][vc_column_inner width=&#8221;1\/6&#8243;]<div class=\"ult-content-box-container \" >\t\t<div class=\"ult-content-box\" style=\"box-shadow: px px px px none;-webkit-transition: all 700ms ease;-moz-transition: all 700ms ease;-ms-transition: all 700ms ease;-o-transition: all 700ms ease;transition: all 700ms ease;\"  data-hover_box_shadow=\"none\"    >[vc_single_image image=&#8221;5260&#8243; img_size=&#8221;150X150&#8243; alignment=&#8221;center&#8221;][vc_custom_heading text=&#8221;T1.003&#8243; font_container=&#8221;tag:h4|font_size:18|text_align:center|color:%23ffffff&#8221; use_theme_fonts=&#8221;yes&#8221; css=&#8221;.vc_custom_1686657702962{margin-top: -20px !important;}&#8221;]\t\t<\/div><\/div>[\/vc_column_inner][vc_column_inner width=&#8221;1\/6&#8243;]<div class=\"ult-content-box-container \" >\t\t<div class=\"ult-content-box\" style=\"box-shadow: px px px px none;-webkit-transition: all 700ms ease;-moz-transition: all 700ms ease;-ms-transition: all 700ms ease;-o-transition: all 700ms ease;transition: all 700ms ease;\"  data-hover_box_shadow=\"none\"    >[vc_single_image image=&#8221;5262&#8243; img_size=&#8221;150X150&#8243; alignment=&#8221;center&#8221;][vc_custom_heading text=&#8221;T1.014&#8243; font_container=&#8221;tag:h4|font_size:18|text_align:center|color:%23ffffff&#8221; use_theme_fonts=&#8221;yes&#8221; css=&#8221;.vc_custom_1686657762945{margin-top: -20px !important;}&#8221;]\t\t<\/div><\/div>[\/vc_column_inner][\/vc_row_inner][vc_row_inner][vc_column_inner width=&#8221;1\/6&#8243;]<div class=\"ult-content-box-container \" >\t\t<div class=\"ult-content-box\" style=\"box-shadow: px px px px none;-webkit-transition: all 700ms ease;-moz-transition: all 700ms ease;-ms-transition: all 700ms ease;-o-transition: all 700ms ease;transition: all 700ms ease;\"  data-hover_box_shadow=\"none\"    >[vc_single_image image=&#8221;5264&#8243; img_size=&#8221;150X150&#8243; alignment=&#8221;center&#8221;][vc_custom_heading text=&#8221;T1.012&#8243; font_container=&#8221;tag:h4|font_size:18|text_align:center|color:%23ffffff&#8221; use_theme_fonts=&#8221;yes&#8221; css=&#8221;.vc_custom_1686657800370{margin-top: -20px !important;}&#8221;]\t\t<\/div><\/div>[\/vc_column_inner][vc_column_inner width=&#8221;1\/6&#8243;]<div class=\"ult-content-box-container \" >\t\t<div class=\"ult-content-box\" style=\"box-shadow: px px px px none;-webkit-transition: all 700ms ease;-moz-transition: all 700ms ease;-ms-transition: all 700ms ease;-o-transition: all 700ms ease;transition: all 700ms ease;\"  data-hover_box_shadow=\"none\"    >[vc_single_image image=&#8221;5266&#8243; img_size=&#8221;150X150&#8243; alignment=&#8221;center&#8221;][vc_custom_heading text=&#8221;T1.021&#8243; font_container=&#8221;tag:h4|font_size:18|text_align:center|color:%23ffffff&#8221; use_theme_fonts=&#8221;yes&#8221; css=&#8221;.vc_custom_1686657831457{margin-top: -20px !important;}&#8221;]\t\t<\/div><\/div>[\/vc_column_inner][vc_column_inner width=&#8221;1\/6&#8243;]<div class=\"ult-content-box-container \" >\t\t<div class=\"ult-content-box\" style=\"box-shadow: px px px px none;-webkit-transition: all 700ms ease;-moz-transition: all 700ms ease;-ms-transition: all 700ms ease;-o-transition: all 700ms ease;transition: all 700ms ease;\"  data-hover_box_shadow=\"none\"    >[vc_single_image image=&#8221;5268&#8243; img_size=&#8221;150X150&#8243; alignment=&#8221;center&#8221;][vc_custom_heading text=&#8221;T1.002&#8243; font_container=&#8221;tag:h4|font_size:18|text_align:center|color:%23ffffff&#8221; use_theme_fonts=&#8221;yes&#8221; css=&#8221;.vc_custom_1686657870810{margin-top: -20px !important;}&#8221;]\t\t<\/div><\/div>[\/vc_column_inner][vc_column_inner width=&#8221;1\/6&#8243;]<div class=\"ult-content-box-container \" >\t\t<div class=\"ult-content-box\" style=\"box-shadow: px px px px none;-webkit-transition: all 700ms ease;-moz-transition: all 700ms ease;-ms-transition: all 700ms ease;-o-transition: all 700ms ease;transition: all 700ms ease;\"  data-hover_box_shadow=\"none\"    >[vc_single_image image=&#8221;5270&#8243; img_size=&#8221;150X150&#8243; alignment=&#8221;center&#8221;][vc_custom_heading text=&#8221;T1.017&#8243; font_container=&#8221;tag:h4|font_size:18|text_align:center|color:%23ffffff&#8221; use_theme_fonts=&#8221;yes&#8221; css=&#8221;.vc_custom_1686657904938{margin-top: -20px !important;}&#8221;]\t\t<\/div><\/div>[\/vc_column_inner][vc_column_inner width=&#8221;1\/6&#8243;]<div class=\"ult-content-box-container \" >\t\t<div class=\"ult-content-box\" style=\"box-shadow: px px px px none;-webkit-transition: all 700ms ease;-moz-transition: all 700ms ease;-ms-transition: all 700ms ease;-o-transition: all 700ms ease;transition: all 700ms ease;\"  data-hover_box_shadow=\"none\"    >[vc_single_image image=&#8221;5272&#8243; img_size=&#8221;150X150&#8243; alignment=&#8221;center&#8221;][vc_custom_heading text=&#8221;T1.009&#8243; font_container=&#8221;tag:h4|font_size:18|text_align:center|color:%23ffffff&#8221; use_theme_fonts=&#8221;yes&#8221; css=&#8221;.vc_custom_1686657989410{margin-top: -20px !important;}&#8221;]\t\t<\/div><\/div>[\/vc_column_inner][vc_column_inner width=&#8221;1\/6&#8243;]<div class=\"ult-content-box-container \" >\t\t<div class=\"ult-content-box\" style=\"box-shadow: px px px px none;-webkit-transition: all 700ms ease;-moz-transition: all 700ms ease;-ms-transition: all 700ms ease;-o-transition: all 700ms ease;transition: all 700ms ease;\"  data-hover_box_shadow=\"none\"    >[vc_single_image image=&#8221;5274&#8243; img_size=&#8221;150X150&#8243; alignment=&#8221;center&#8221;][vc_custom_heading text=&#8221;T1.019&#8243; font_container=&#8221;tag:h4|font_size:18|text_align:center|color:%23ffffff&#8221; use_theme_fonts=&#8221;yes&#8221; css=&#8221;.vc_custom_1686658027082{margin-top: -20px !important;}&#8221;]\t\t<\/div><\/div>[\/vc_column_inner][\/vc_row_inner][\/vc_column][\/vc_row]<\/p>\n<\/div>","protected":false},"excerpt":{"rendered":"<p>[vc_row css=&#8221;.vc_custom_1683099634441{padding-bottom: 30px !important;}&#8221;][vc_column width=&#8221;2\/3&#8243;][vc_custom_heading text=&#8221;LLA\u00c7 TRADICIONAL I L\u00cbMUAR &#8221; font_container=&#8221;tag:h2|font_size:50|text_align:left&#8221; use_theme_fonts=&#8221;yes&#8221; link=&#8221;|title:AQUAMAT%20-%20SUPERELASTIC||&#8221;][\/vc_column][\/vc_row][vc_row][vc_column width=&#8221;1\/2&#8243;][vc_single_image image=&#8221;3339&#8243; img_size=&#8221;full&#8221;][\/vc_column][vc_column width=&#8221;1\/2&#8243;][vc_column_text]Llaci i l\u00ebmuar tradicional \u00ebsht\u00eb produkti m\u00eb i vjet\u00ebr i KOURASANIT. \u00cbsht\u00eb p\u00ebrfundimi i shk\u00eblqyesh\u00ebm q\u00eb jep brenda dhe jasht\u00eb, q\u00ebndrueshm\u00ebria e tij dhe leht\u00ebsia me t\u00eb cil\u00ebn mund t\u00eb aplikohet jan\u00eb ato q\u00eb e b\u00ebjn\u00eb at\u00eb zgjedhjen nr.1&hellip;<\/p>\n","protected":false},"author":2,"featured_media":0,"parent":0,"menu_order":0,"comment_status":"closed","ping_status":"closed","template":"","meta":{"footnotes":""},"class_list":["post-3341","page","type-page","status-publish","hentry","description-off"],"_links":{"self":[{"href":"https:\/\/aedcolor.com\/index.php\/wp-json\/wp\/v2\/pages\/3341","targetHints":{"allow":["GET"]}}],"collection":[{"href":"https:\/\/aedcolor.com\/index.php\/wp-json\/wp\/v2\/pages"}],"about":[{"href":"https:\/\/aedcolor.com\/index.php\/wp-json\/wp\/v2\/types\/page"}],"author":[{"embeddable":true,"href":"https:\/\/aedcolor.com\/index.php\/wp-json\/wp\/v2\/users\/2"}],"replies":[{"embeddable":true,"href":"https:\/\/aedcolor.com\/index.php\/wp-json\/wp\/v2\/comments?post=3341"}],"version-history":[{"count":5,"href":"https:\/\/aedcolor.com\/index.php\/wp-json\/wp\/v2\/pages\/3341\/revisions"}],"predecessor-version":[{"id":5851,"href":"https:\/\/aedcolor.com\/index.php\/wp-json\/wp\/v2\/pages\/3341\/revisions\/5851"}],"wp:attachment":[{"href":"https:\/\/aedcolor.com\/index.php\/wp-json\/wp\/v2\/media?parent=3341"}],"curies":[{"name":"wp","href":"https:\/\/api.w.org\/{rel}","templated":true}]}}