{"id":3349,"date":"2023-05-22T12:52:11","date_gmt":"2023-05-22T12:52:11","guid":{"rendered":"https:\/\/aedcolor.com\/?page_id=3349"},"modified":"2023-06-15T07:24:39","modified_gmt":"2023-06-15T07:24:39","slug":"llac-llave-i-lemuar","status":"publish","type":"page","link":"https:\/\/aedcolor.com\/index.php\/llac-llave-i-lemuar\/","title":{"rendered":"LLA\u00c7 LLAVE I L\u00cbMUAR"},"content":{"rendered":"<div class=\"wpb-content-wrapper\"><p>[vc_row css=&#8221;.vc_custom_1683099634441{padding-bottom: 30px !important;}&#8221;][vc_column width=&#8221;2\/3&#8243;][vc_custom_heading text=&#8221;LLA\u00c7 LLAVE I L\u00cbMUAR<br \/>\n&#8221; font_container=&#8221;tag:h2|font_size:50|text_align:left&#8221; use_theme_fonts=&#8221;yes&#8221; link=&#8221;|title:AQUAMAT%20-%20SUPERELASTIC||&#8221;][\/vc_column][\/vc_row][vc_row][vc_column width=&#8221;1\/2&#8243;][vc_single_image image=&#8221;3350&#8243; img_size=&#8221;full&#8221;][\/vc_column][vc_column width=&#8221;1\/2&#8243;][vc_column_text]Fal\u00eb rezultateve shp\u00ebrthyese q\u00eb gjeneron, ky produkt quhet &#8220;Llava&#8221;. Quhet gjithashtu &#8220;Llava&#8221; sepse materiali kryesor i p\u00ebrb\u00ebrjes s\u00eb saj \u00ebsht\u00eb poozolana, nj\u00eb hi vullkanik, i cili \u00ebsht\u00eb p\u00ebrzier me shk\u00ebmbinj me ngjyra natyrale. Jasht\u00ebzakonisht i leht\u00eb p\u00ebr tu punuar, i p\u00ebrkulsh\u00ebm dhe me ngjitje t\u00eb m\u00ebdha n\u00eb sip\u00ebrfaqet ekzistuese ose t\u00eb reja. Ideale p\u00ebr rinovime. Pra pse t\u00eb mos p\u00ebrdorim nuanca t\u00eb frym\u00ebzuara nga natyra si boj\u00ebqielli, grija e akullt dhe kafja e drurit si frym\u00ebzim p\u00ebr skemat inovative t\u00eb dekorit.[\/vc_column_text][vc_row_inner][vc_column_inner width=&#8221;1\/2&#8243;]<div class=\"standard-arrow bullet-top\"><ul>\n<li>\n<div class=\"col-12 col-xs-6 col-sm-12 col-md-6 d-flex pb-2 pb-md-3 \">Bashk\u00ebkohor, i sofistikuar, p\u00ebr stil t\u00eb pakrahasuesh\u00ebm<\/div>\n<\/li>\n<li>Shum\u00eb i q\u00ebndruesh\u00ebm<\/li>\n<li>Ideale p\u00ebr rinovime<\/li>\n<\/ul>\n<\/div>[\/vc_column_inner][vc_column_inner width=&#8221;1\/2&#8243;]<div class=\"standard-arrow bullet-top\"><ul>\n<li>I leht\u00eb p\u00ebr tu aplikuar<\/li>\n<li>I disponuesh\u00ebm n\u00eb disa ngjyra<\/li>\n<\/ul>\n<\/div>[\/vc_column_inner][\/vc_row_inner][vc_row_inner][vc_column_inner width=&#8221;1\/2&#8243;]<div class=\"aio-icon-component    style_1\"><div id=\"Info-box-wrap-5010\" class=\"aio-icon-box default-icon\" style=\"\"  ><div class=\"aio-icon-default\"><div class=\"ult-just-icon-wrapper  \"><div class=\"align-icon\" style=\"text-align:center;\">\n<div class=\"aio-icon-img \" style=\"font-size:65px;display:inline-block;\" >\n\t<img decoding=\"async\" class=\"img-icon\" alt=\"null\" src=\"https:\/\/aedcolor.com\/wp-content\/uploads\/2023\/05\/image-2.png\"\/>\n<\/div><\/div><\/div><\/div><div class=\"aio-icon-header\" ><h3 class=\"aio-icon-title ult-responsive\"  data-ultimate-target='#Info-box-wrap-5010 .aio-icon-title'  data-responsive-json-new='{\"font-size\":\"\",\"line-height\":\"\"}'  style=\"\">Sip\u00ebrfaqe: Betoni<\/h3><\/div> <!-- header --><\/div> <!-- aio-icon-box --><\/div> <!-- aio-icon-component -->[\/vc_column_inner][vc_column_inner width=&#8221;1\/2&#8243;]<div class=\"aio-icon-component    style_1\"><div id=\"Info-box-wrap-8193\" class=\"aio-icon-box default-icon\" style=\"\"  ><div class=\"aio-icon-default\"><div class=\"ult-just-icon-wrapper  \"><div class=\"align-icon\" style=\"text-align:center;\">\n<div class=\"aio-icon-img \" style=\"font-size:65px;display:inline-block;\" >\n\t<img decoding=\"async\" class=\"img-icon\" alt=\"null\" src=\"https:\/\/aedcolor.com\/wp-content\/uploads\/2023\/05\/image-1.png\"\/>\n<\/div><\/div><\/div><\/div><div class=\"aio-icon-header\" ><h3 class=\"aio-icon-title ult-responsive\"  data-ultimate-target='#Info-box-wrap-8193 .aio-icon-title'  data-responsive-json-new='{\"font-size\":\"\",\"line-height\":\"\"}'  style=\"\">Aplikimi: Mistri<\/h3><\/div> <!-- header --><\/div> <!-- aio-icon-box --><\/div> <!-- aio-icon-component -->[\/vc_column_inner][\/vc_row_inner][\/vc_column][\/vc_row][vc_row][vc_column][vc_column_text]<\/p>\n<p>[\/vc_column_text][\/vc_column][\/vc_row][vc_row bg_type=&#8221;bg_color&#8221; bg_override=&#8221;ex-full&#8221; bg_color_value=&#8221;#000000&#8243; css=&#8221;.vc_custom_1686220278017{padding-top: 40px !important;padding-bottom: 50px !important;}&#8221;][vc_column][vc_custom_heading text=&#8221;PALETA E NGJYRAVE&#8221; font_container=&#8221;tag:h2|text_align:center|color:%23ffffff&#8221; use_theme_fonts=&#8221;yes&#8221;][vc_column_text]<\/p>\n<p style=\"text-align: center;\"><span style=\"color: #ffffff;\">SHIKO GAM\u00cbN E PLOT\u00cb T\u00cb NGJYRAVE T\u00cb &#8221; LLAC LLAVE I L\u00cbMUAR&#8221;<\/span><\/p>\n<p>[\/vc_column_text][vc_column_text]<\/p>\n<p style=\"text-align: center;\"><span style=\"color: #ffffff;\">COARSE<\/span><\/p>\n<p>[\/vc_column_text][vc_row_inner][vc_column_inner width=&#8221;1\/6&#8243;]<div class=\"ult-content-box-container \" >\t\t<div class=\"ult-content-box\" style=\"box-shadow: px px px px none;-webkit-transition: all 700ms ease;-moz-transition: all 700ms ease;-ms-transition: all 700ms ease;-o-transition: all 700ms ease;transition: all 700ms ease;\"  data-hover_box_shadow=\"none\"    >[vc_single_image image=&#8221;5278&#8243; img_size=&#8221;150X150&#8243; alignment=&#8221;center&#8221;][vc_custom_heading text=&#8221;T2.007&#8243; font_container=&#8221;tag:h4|font_size:18|text_align:center|color:%23ffffff&#8221; use_theme_fonts=&#8221;yes&#8221; css=&#8221;.vc_custom_1686658437274{margin-top: -20px !important;}&#8221;]\t\t<\/div><\/div>[\/vc_column_inner][vc_column_inner width=&#8221;1\/6&#8243;]<div class=\"ult-content-box-container \" >\t\t<div class=\"ult-content-box\" style=\"box-shadow: px px px px none;-webkit-transition: all 700ms ease;-moz-transition: all 700ms ease;-ms-transition: all 700ms ease;-o-transition: all 700ms ease;transition: all 700ms ease;\"  data-hover_box_shadow=\"none\"    >[vc_single_image image=&#8221;5280&#8243; img_size=&#8221;150X150&#8243; alignment=&#8221;center&#8221;][vc_custom_heading text=&#8221;T2.008&#8243; font_container=&#8221;tag:h4|font_size:18|text_align:center|color:%23ffffff&#8221; use_theme_fonts=&#8221;yes&#8221; css=&#8221;.vc_custom_1686658462241{margin-top: -20px !important;}&#8221;]\t\t<\/div><\/div>[\/vc_column_inner][vc_column_inner width=&#8221;1\/6&#8243;]<div class=\"ult-content-box-container \" >\t\t<div class=\"ult-content-box\" style=\"box-shadow: px px px px none;-webkit-transition: all 700ms ease;-moz-transition: all 700ms ease;-ms-transition: all 700ms ease;-o-transition: all 700ms ease;transition: all 700ms ease;\"  data-hover_box_shadow=\"none\"    >[vc_single_image image=&#8221;5282&#8243; img_size=&#8221;150X150&#8243; alignment=&#8221;center&#8221;][vc_custom_heading text=&#8221;T2.004&#8243; font_container=&#8221;tag:h4|font_size:18|text_align:center|color:%23ffffff&#8221; use_theme_fonts=&#8221;yes&#8221; css=&#8221;.vc_custom_1686658485881{margin-top: -20px !important;}&#8221;]\t\t<\/div><\/div>[\/vc_column_inner][vc_column_inner width=&#8221;1\/6&#8243;]<div class=\"ult-content-box-container \" >\t\t<div class=\"ult-content-box\" style=\"box-shadow: px px px px none;-webkit-transition: all 700ms ease;-moz-transition: all 700ms ease;-ms-transition: all 700ms ease;-o-transition: all 700ms ease;transition: all 700ms ease;\"  data-hover_box_shadow=\"none\"    >[vc_single_image image=&#8221;5284&#8243; img_size=&#8221;150X150&#8243; alignment=&#8221;center&#8221;][vc_custom_heading text=&#8221;T2.018&#8243; font_container=&#8221;tag:h4|font_size:18|text_align:center|color:%23ffffff&#8221; use_theme_fonts=&#8221;yes&#8221; css=&#8221;.vc_custom_1686658512505{margin-top: -20px !important;}&#8221;]\t\t<\/div><\/div>[\/vc_column_inner][vc_column_inner width=&#8221;1\/6&#8243;]<div class=\"ult-content-box-container \" >\t\t<div class=\"ult-content-box\" style=\"box-shadow: px px px px none;-webkit-transition: all 700ms ease;-moz-transition: all 700ms ease;-ms-transition: all 700ms ease;-o-transition: all 700ms ease;transition: all 700ms ease;\"  data-hover_box_shadow=\"none\"    >[vc_single_image image=&#8221;5286&#8243; img_size=&#8221;150X150&#8243; alignment=&#8221;center&#8221;][vc_custom_heading text=&#8221;T2.003&#8243; font_container=&#8221;tag:h4|font_size:18|text_align:center|color:%23ffffff&#8221; use_theme_fonts=&#8221;yes&#8221; css=&#8221;.vc_custom_1686658544905{margin-top: -20px !important;}&#8221;]\t\t<\/div><\/div>[\/vc_column_inner][vc_column_inner width=&#8221;1\/6&#8243;]<div class=\"ult-content-box-container \" >\t\t<div class=\"ult-content-box\" style=\"box-shadow: px px px px none;-webkit-transition: all 700ms ease;-moz-transition: all 700ms ease;-ms-transition: all 700ms ease;-o-transition: all 700ms ease;transition: all 700ms ease;\"  data-hover_box_shadow=\"none\"    >[vc_single_image image=&#8221;5288&#8243; img_size=&#8221;150X150&#8243; alignment=&#8221;center&#8221;][vc_custom_heading text=&#8221;T2.014&#8243; font_container=&#8221;tag:h4|font_size:18|text_align:center|color:%23ffffff&#8221; use_theme_fonts=&#8221;yes&#8221; css=&#8221;.vc_custom_1686658574188{margin-top: -20px !important;}&#8221;]\t\t<\/div><\/div>[\/vc_column_inner][\/vc_row_inner][vc_row_inner][vc_column_inner width=&#8221;1\/6&#8243;]<div class=\"ult-content-box-container \" >\t\t<div class=\"ult-content-box\" style=\"box-shadow: px px px px none;-webkit-transition: all 700ms ease;-moz-transition: all 700ms ease;-ms-transition: all 700ms ease;-o-transition: all 700ms ease;transition: all 700ms ease;\"  data-hover_box_shadow=\"none\"    >[vc_single_image image=&#8221;5290&#8243; img_size=&#8221;150X150&#8243; alignment=&#8221;center&#8221;][vc_custom_heading text=&#8221;T2.012&#8243; font_container=&#8221;tag:h4|font_size:18|text_align:center|color:%23ffffff&#8221; use_theme_fonts=&#8221;yes&#8221; css=&#8221;.vc_custom_1686658608378{margin-top: -20px !important;}&#8221;]\t\t<\/div><\/div>[\/vc_column_inner][vc_column_inner width=&#8221;1\/6&#8243;]<div class=\"ult-content-box-container \" >\t\t<div class=\"ult-content-box\" style=\"box-shadow: px px px px none;-webkit-transition: all 700ms ease;-moz-transition: all 700ms ease;-ms-transition: all 700ms ease;-o-transition: all 700ms ease;transition: all 700ms ease;\"  data-hover_box_shadow=\"none\"    >[vc_single_image image=&#8221;5292&#8243; img_size=&#8221;150X150&#8243; alignment=&#8221;center&#8221;][vc_custom_heading text=&#8221;T2.021&#8243; font_container=&#8221;tag:h4|font_size:18|text_align:center|color:%23ffffff&#8221; use_theme_fonts=&#8221;yes&#8221; css=&#8221;.vc_custom_1686658889682{margin-top: -20px !important;}&#8221;]\t\t<\/div><\/div>[\/vc_column_inner][vc_column_inner width=&#8221;1\/6&#8243;]<div class=\"ult-content-box-container \" >\t\t<div class=\"ult-content-box\" style=\"box-shadow: px px px px none;-webkit-transition: all 700ms ease;-moz-transition: all 700ms ease;-ms-transition: all 700ms ease;-o-transition: all 700ms ease;transition: all 700ms ease;\"  data-hover_box_shadow=\"none\"    >[vc_single_image image=&#8221;5294&#8243; img_size=&#8221;150X150&#8243; alignment=&#8221;center&#8221;][vc_custom_heading text=&#8221;T2.002&#8243; font_container=&#8221;tag:h4|font_size:18|text_align:center|color:%23ffffff&#8221; use_theme_fonts=&#8221;yes&#8221; css=&#8221;.vc_custom_1686658918394{margin-top: -20px !important;}&#8221;]\t\t<\/div><\/div>[\/vc_column_inner][vc_column_inner width=&#8221;1\/6&#8243;]<div class=\"ult-content-box-container \" >\t\t<div class=\"ult-content-box\" style=\"box-shadow: px px px px none;-webkit-transition: all 700ms ease;-moz-transition: all 700ms ease;-ms-transition: all 700ms ease;-o-transition: all 700ms ease;transition: all 700ms ease;\"  data-hover_box_shadow=\"none\"    >[vc_single_image image=&#8221;5296&#8243; img_size=&#8221;150X150&#8243; alignment=&#8221;center&#8221;][vc_custom_heading text=&#8221;T2.017&#8243; font_container=&#8221;tag:h4|font_size:18|text_align:center|color:%23ffffff&#8221; use_theme_fonts=&#8221;yes&#8221; css=&#8221;.vc_custom_1686658954905{margin-top: -20px !important;}&#8221;]\t\t<\/div><\/div>[\/vc_column_inner][vc_column_inner width=&#8221;1\/6&#8243;]<div class=\"ult-content-box-container \" >\t\t<div class=\"ult-content-box\" style=\"box-shadow: px px px px none;-webkit-transition: all 700ms ease;-moz-transition: all 700ms ease;-ms-transition: all 700ms ease;-o-transition: all 700ms ease;transition: all 700ms ease;\"  data-hover_box_shadow=\"none\"    >[vc_single_image image=&#8221;5298&#8243; img_size=&#8221;150X150&#8243; alignment=&#8221;center&#8221;][vc_custom_heading text=&#8221;T2.024&#8243; font_container=&#8221;tag:h4|font_size:18|text_align:center|color:%23ffffff&#8221; use_theme_fonts=&#8221;yes&#8221; css=&#8221;.vc_custom_1686659261794{margin-top: -20px !important;}&#8221;]\t\t<\/div><\/div>[\/vc_column_inner][vc_column_inner width=&#8221;1\/6&#8243;]<div class=\"ult-content-box-container \" >\t\t<div class=\"ult-content-box\" style=\"box-shadow: px px px px none;-webkit-transition: all 700ms ease;-moz-transition: all 700ms ease;-ms-transition: all 700ms ease;-o-transition: all 700ms ease;transition: all 700ms ease;\"  data-hover_box_shadow=\"none\"    >[vc_single_image image=&#8221;5300&#8243; img_size=&#8221;150X150&#8243; alignment=&#8221;center&#8221;][vc_custom_heading text=&#8221;T2.025&#8243; font_container=&#8221;tag:h4|font_size:18|text_align:center|color:%23ffffff&#8221; use_theme_fonts=&#8221;yes&#8221; css=&#8221;.vc_custom_1686659286906{margin-top: -20px !important;}&#8221;]\t\t<\/div><\/div>[\/vc_column_inner][\/vc_row_inner][vc_row_inner][vc_column_inner width=&#8221;1\/6&#8243;]<div class=\"ult-content-box-container \" >\t\t<div class=\"ult-content-box\" style=\"box-shadow: px px px px none;-webkit-transition: all 700ms ease;-moz-transition: all 700ms ease;-ms-transition: all 700ms ease;-o-transition: all 700ms ease;transition: all 700ms ease;\"  data-hover_box_shadow=\"none\"    >[vc_single_image image=&#8221;5302&#8243; img_size=&#8221;150X150&#8243; alignment=&#8221;center&#8221;][vc_custom_heading text=&#8221;T3.007&#8243; font_container=&#8221;tag:h4|font_size:18|text_align:center|color:%23ffffff&#8221; use_theme_fonts=&#8221;yes&#8221; css=&#8221;.vc_custom_1686659315193{margin-top: -20px !important;}&#8221;]\t\t<\/div><\/div>[\/vc_column_inner][vc_column_inner width=&#8221;1\/6&#8243;]<div class=\"ult-content-box-container \" >\t\t<div class=\"ult-content-box\" style=\"box-shadow: px px px px none;-webkit-transition: all 700ms ease;-moz-transition: all 700ms ease;-ms-transition: all 700ms ease;-o-transition: all 700ms ease;transition: all 700ms ease;\"  data-hover_box_shadow=\"none\"    >[vc_single_image image=&#8221;5304&#8243; img_size=&#8221;150X150&#8243; alignment=&#8221;center&#8221;][vc_custom_heading text=&#8221;T3.008&#8243; font_container=&#8221;tag:h4|font_size:18|text_align:center|color:%23ffffff&#8221; use_theme_fonts=&#8221;yes&#8221; css=&#8221;.vc_custom_1686659338745{margin-top: -20px !important;}&#8221;]\t\t<\/div><\/div>[\/vc_column_inner][vc_column_inner width=&#8221;1\/6&#8243;]<div class=\"ult-content-box-container \" >\t\t<div class=\"ult-content-box\" style=\"box-shadow: px px px px none;-webkit-transition: all 700ms ease;-moz-transition: all 700ms ease;-ms-transition: all 700ms ease;-o-transition: all 700ms ease;transition: all 700ms ease;\"  data-hover_box_shadow=\"none\"    >[vc_single_image image=&#8221;5306&#8243; img_size=&#8221;150X150&#8243; alignment=&#8221;center&#8221;][vc_custom_heading text=&#8221;T3.004&#8243; font_container=&#8221;tag:h4|font_size:18|text_align:center|color:%23ffffff&#8221; use_theme_fonts=&#8221;yes&#8221; css=&#8221;.vc_custom_1686659377282{margin-top: -20px !important;}&#8221;]\t\t<\/div><\/div>[\/vc_column_inner][vc_column_inner width=&#8221;1\/6&#8243;]<div class=\"ult-content-box-container \" >\t\t<div class=\"ult-content-box\" style=\"box-shadow: px px px px none;-webkit-transition: all 700ms ease;-moz-transition: all 700ms ease;-ms-transition: all 700ms ease;-o-transition: all 700ms ease;transition: all 700ms ease;\"  data-hover_box_shadow=\"none\"    >[vc_single_image image=&#8221;5308&#8243; img_size=&#8221;150X150&#8243; alignment=&#8221;center&#8221;][vc_custom_heading text=&#8221;T3.018&#8243; font_container=&#8221;tag:h4|font_size:18|text_align:center|color:%23ffffff&#8221; use_theme_fonts=&#8221;yes&#8221; css=&#8221;.vc_custom_1686659407097{margin-top: -20px !important;}&#8221;]\t\t<\/div><\/div>[\/vc_column_inner][vc_column_inner width=&#8221;1\/6&#8243;]<div class=\"ult-content-box-container \" >\t\t<div class=\"ult-content-box\" style=\"box-shadow: px px px px none;-webkit-transition: all 700ms ease;-moz-transition: all 700ms ease;-ms-transition: all 700ms ease;-o-transition: all 700ms ease;transition: all 700ms ease;\"  data-hover_box_shadow=\"none\"    >[vc_single_image image=&#8221;5310&#8243; img_size=&#8221;150X150&#8243; alignment=&#8221;center&#8221;][vc_custom_heading text=&#8221;T3.003&#8243; font_container=&#8221;tag:h4|font_size:18|text_align:center|color:%23ffffff&#8221; use_theme_fonts=&#8221;yes&#8221; css=&#8221;.vc_custom_1686659435161{margin-top: -20px !important;}&#8221;]\t\t<\/div><\/div>[\/vc_column_inner][vc_column_inner width=&#8221;1\/6&#8243;]<div class=\"ult-content-box-container \" >\t\t<div class=\"ult-content-box\" style=\"box-shadow: px px px px none;-webkit-transition: all 700ms ease;-moz-transition: all 700ms ease;-ms-transition: all 700ms ease;-o-transition: all 700ms ease;transition: all 700ms ease;\"  data-hover_box_shadow=\"none\"    >[vc_single_image image=&#8221;5312&#8243; img_size=&#8221;150X150&#8243; alignment=&#8221;center&#8221;][vc_custom_heading text=&#8221;T3.014&#8243; font_container=&#8221;tag:h4|font_size:18|text_align:center|color:%23ffffff&#8221; use_theme_fonts=&#8221;yes&#8221; css=&#8221;.vc_custom_1686659464169{margin-top: -20px !important;}&#8221;]\t\t<\/div><\/div>[\/vc_column_inner][\/vc_row_inner][vc_row_inner][vc_column_inner width=&#8221;1\/6&#8243;]<div class=\"ult-content-box-container \" >\t\t<div class=\"ult-content-box\" style=\"box-shadow: px px px px none;-webkit-transition: all 700ms ease;-moz-transition: all 700ms ease;-ms-transition: all 700ms ease;-o-transition: all 700ms ease;transition: all 700ms ease;\"  data-hover_box_shadow=\"none\"    >[vc_single_image image=&#8221;5314&#8243; img_size=&#8221;150X150&#8243; alignment=&#8221;center&#8221;][vc_custom_heading text=&#8221;T3.012<br \/>\n&#8221; font_container=&#8221;tag:h4|font_size:18|text_align:center|color:%23ffffff&#8221; use_theme_fonts=&#8221;yes&#8221; css=&#8221;.vc_custom_1686659916554{margin-top: -20px !important;}&#8221;]\t\t<\/div><\/div>[\/vc_column_inner][vc_column_inner width=&#8221;1\/6&#8243;]<div class=\"ult-content-box-container \" >\t\t<div class=\"ult-content-box\" style=\"box-shadow: px px px px none;-webkit-transition: all 700ms ease;-moz-transition: all 700ms ease;-ms-transition: all 700ms ease;-o-transition: all 700ms ease;transition: all 700ms ease;\"  data-hover_box_shadow=\"none\"    >[vc_single_image image=&#8221;5316&#8243; img_size=&#8221;150X150&#8243; alignment=&#8221;center&#8221;][vc_custom_heading text=&#8221;T3.021<br \/>\n&#8221; font_container=&#8221;tag:h4|font_size:18|text_align:center|color:%23ffffff&#8221; use_theme_fonts=&#8221;yes&#8221; css=&#8221;.vc_custom_1686659950601{margin-top: -20px !important;}&#8221;]\t\t<\/div><\/div>[\/vc_column_inner][vc_column_inner width=&#8221;1\/6&#8243;]<div class=\"ult-content-box-container \" >\t\t<div class=\"ult-content-box\" style=\"box-shadow: px px px px none;-webkit-transition: all 700ms ease;-moz-transition: all 700ms ease;-ms-transition: all 700ms ease;-o-transition: all 700ms ease;transition: all 700ms ease;\"  data-hover_box_shadow=\"none\"    >[vc_single_image image=&#8221;5318&#8243; img_size=&#8221;150X150&#8243; alignment=&#8221;center&#8221;][vc_custom_heading text=&#8221;T3.002&#8243; font_container=&#8221;tag:h4|font_size:18|text_align:center|color:%23ffffff&#8221; use_theme_fonts=&#8221;yes&#8221; css=&#8221;.vc_custom_1686659981642{margin-top: -20px !important;}&#8221;]\t\t<\/div><\/div>[\/vc_column_inner][vc_column_inner width=&#8221;1\/6&#8243;]<div class=\"ult-content-box-container \" >\t\t<div class=\"ult-content-box\" style=\"box-shadow: px px px px none;-webkit-transition: all 700ms ease;-moz-transition: all 700ms ease;-ms-transition: all 700ms ease;-o-transition: all 700ms ease;transition: all 700ms ease;\"  data-hover_box_shadow=\"none\"    >[vc_single_image image=&#8221;5320&#8243; img_size=&#8221;150X150&#8243; alignment=&#8221;center&#8221;][vc_custom_heading text=&#8221;T3.017&#8243; font_container=&#8221;tag:h4|font_size:18|text_align:center|color:%23ffffff&#8221; use_theme_fonts=&#8221;yes&#8221; css=&#8221;.vc_custom_1686660011506{margin-top: -20px !important;}&#8221;]\t\t<\/div><\/div>[\/vc_column_inner][vc_column_inner width=&#8221;1\/6&#8243;]<div class=\"ult-content-box-container \" >\t\t<div class=\"ult-content-box\" style=\"box-shadow: px px px px none;-webkit-transition: all 700ms ease;-moz-transition: all 700ms ease;-ms-transition: all 700ms ease;-o-transition: all 700ms ease;transition: all 700ms ease;\"  data-hover_box_shadow=\"none\"    >[vc_single_image image=&#8221;5322&#8243; img_size=&#8221;150X150&#8243; alignment=&#8221;center&#8221;][vc_custom_heading text=&#8221;T3.024&#8243; font_container=&#8221;tag:h4|font_size:18|text_align:center|color:%23ffffff&#8221; use_theme_fonts=&#8221;yes&#8221; css=&#8221;.vc_custom_1686660041201{margin-top: -20px !important;}&#8221;]\t\t<\/div><\/div>[\/vc_column_inner][vc_column_inner width=&#8221;1\/6&#8243;]<div class=\"ult-content-box-container \" >\t\t<div class=\"ult-content-box\" style=\"box-shadow: px px px px none;-webkit-transition: all 700ms ease;-moz-transition: all 700ms ease;-ms-transition: all 700ms ease;-o-transition: all 700ms ease;transition: all 700ms ease;\"  data-hover_box_shadow=\"none\"    >[vc_single_image image=&#8221;5324&#8243; img_size=&#8221;150X150&#8243; alignment=&#8221;center&#8221;][vc_custom_heading text=&#8221;T3.025&#8243; font_container=&#8221;tag:h4|font_size:18|text_align:center|color:%23ffffff&#8221; use_theme_fonts=&#8221;yes&#8221; css=&#8221;.vc_custom_1686660068865{margin-top: -20px !important;}&#8221;]\t\t<\/div><\/div>[\/vc_column_inner][\/vc_row_inner][\/vc_column][\/vc_row]<\/p>\n<\/div>","protected":false},"excerpt":{"rendered":"<p>[vc_row css=&#8221;.vc_custom_1683099634441{padding-bottom: 30px !important;}&#8221;][vc_column width=&#8221;2\/3&#8243;][vc_custom_heading text=&#8221;LLA\u00c7 LLAVE I L\u00cbMUAR &#8221; font_container=&#8221;tag:h2|font_size:50|text_align:left&#8221; use_theme_fonts=&#8221;yes&#8221; link=&#8221;|title:AQUAMAT%20-%20SUPERELASTIC||&#8221;][\/vc_column][\/vc_row][vc_row][vc_column width=&#8221;1\/2&#8243;][vc_single_image image=&#8221;3350&#8243; img_size=&#8221;full&#8221;][\/vc_column][vc_column width=&#8221;1\/2&#8243;][vc_column_text]Fal\u00eb rezultateve shp\u00ebrthyese q\u00eb gjeneron, ky produkt quhet &#8220;Llava&#8221;. Quhet gjithashtu &#8220;Llava&#8221; sepse materiali kryesor i p\u00ebrb\u00ebrjes s\u00eb saj \u00ebsht\u00eb poozolana, nj\u00eb hi vullkanik, i cili \u00ebsht\u00eb p\u00ebrzier me shk\u00ebmbinj me ngjyra natyrale. Jasht\u00ebzakonisht i leht\u00eb p\u00ebr tu punuar,&hellip;<\/p>\n","protected":false},"author":2,"featured_media":0,"parent":0,"menu_order":0,"comment_status":"closed","ping_status":"closed","template":"","meta":{"footnotes":""},"class_list":["post-3349","page","type-page","status-publish","hentry","description-off"],"_links":{"self":[{"href":"https:\/\/aedcolor.com\/index.php\/wp-json\/wp\/v2\/pages\/3349","targetHints":{"allow":["GET"]}}],"collection":[{"href":"https:\/\/aedcolor.com\/index.php\/wp-json\/wp\/v2\/pages"}],"about":[{"href":"https:\/\/aedcolor.com\/index.php\/wp-json\/wp\/v2\/types\/page"}],"author":[{"embeddable":true,"href":"https:\/\/aedcolor.com\/index.php\/wp-json\/wp\/v2\/users\/2"}],"replies":[{"embeddable":true,"href":"https:\/\/aedcolor.com\/index.php\/wp-json\/wp\/v2\/comments?post=3349"}],"version-history":[{"count":4,"href":"https:\/\/aedcolor.com\/index.php\/wp-json\/wp\/v2\/pages\/3349\/revisions"}],"predecessor-version":[{"id":5852,"href":"https:\/\/aedcolor.com\/index.php\/wp-json\/wp\/v2\/pages\/3349\/revisions\/5852"}],"wp:attachment":[{"href":"https:\/\/aedcolor.com\/index.php\/wp-json\/wp\/v2\/media?parent=3349"}],"curies":[{"name":"wp","href":"https:\/\/api.w.org\/{rel}","templated":true}]}}