{"id":3408,"date":"2023-05-23T06:35:24","date_gmt":"2023-05-23T06:35:24","guid":{"rendered":"https:\/\/aedcolor.com\/?page_id=3408"},"modified":"2024-02-16T07:36:41","modified_gmt":"2024-02-16T07:36:41","slug":"fibranskin-seal","status":"publish","type":"page","link":"https:\/\/aedcolor.com\/index.php\/fibranskin-seal\/","title":{"rendered":"FIBRANskin SEAL"},"content":{"rendered":"<div class=\"wpb-content-wrapper\"><p>[vc_row css=&#8221;.vc_custom_1683099634441{padding-bottom: 30px !important;}&#8221;][vc_column width=&#8221;2\/3&#8243;][vc_custom_heading text=&#8221;FIBRANskin SEAL<br \/>\n&#8221; font_container=&#8221;tag:h2|font_size:50|text_align:left&#8221; use_theme_fonts=&#8221;yes&#8221; link=&#8221;|title:AQUAMAT%20-%20SUPERELASTIC||&#8221;][\/vc_column][\/vc_row][vc_row][vc_column width=&#8221;1\/2&#8243;][vc_single_image image=&#8221;3409&#8243; img_size=&#8221;full&#8221; image_hovers=&#8221;false&#8221;][\/vc_column][vc_column width=&#8221;1\/2&#8243;][vc_column_text]<span style=\"color: #000000;\"><b>FIBRAN<i>skin<\/i>\u00a0SEAL<\/b>\u00a0i p\u00ebrshkuesh\u00ebm nga avulli dhe i pap\u00ebrshkuesh\u00ebm nga uji dhe p\u00ebrdoret si nj\u00eb membran\u00eb p\u00ebr reduktimin e rrjedh\u00ebs s\u00eb ujit.\u00a0Zbatohet midis izolimit termik FIBRANxps dhe shtres\u00ebs p\u00ebrfundimtare (p.sh. \u00e7ak\u00ebll zhavorri) n\u00eb vend t\u00eb shtres\u00ebs filtri (gjeotekstili).\u00a0\u00cbsht\u00eb i detyruesh\u00ebm aplikimi i membran\u00ebs FIBRANskin SEAL n\u00eb \u00e7ati t\u00eb sheshta me FIBRANxps n\u00eb dy shtresa.<\/span>[\/vc_column_text][vc_row_inner][vc_column_inner width=&#8221;1\/2&#8243;]<div class=\"standard-arrow bullet-top\"><ul>\n<li>\n<div class=\"col-12 col-xs-6 col-sm-12 col-md-6 d-flex pb-2 pb-md-3 \"><span style=\"color: #000000;\">Shtres\u00eb reduktuese e rrjedh\u00ebs s\u00eb ujit n\u00eb \u00e7atit\u00eb e sheshta<\/span><\/div>\n<\/li>\n<\/ul>\n<\/div>[\/vc_column_inner][vc_column_inner width=&#8221;1\/2&#8243;]<div class=\"standard-arrow bullet-top\"><ul>\n<li><span style=\"color: #000000;\">Mbrojtja e ujit izolues t\u00eb fasadave t\u00eb ventiluara<\/span><\/li>\n<\/ul>\n<\/div>[\/vc_column_inner][\/vc_row_inner][\/vc_column][\/vc_row]<\/p>\n<\/div>","protected":false},"excerpt":{"rendered":"<p>[vc_row css=&#8221;.vc_custom_1683099634441{padding-bottom: 30px !important;}&#8221;][vc_column width=&#8221;2\/3&#8243;][vc_custom_heading text=&#8221;FIBRANskin SEAL &#8221; font_container=&#8221;tag:h2|font_size:50|text_align:left&#8221; use_theme_fonts=&#8221;yes&#8221; link=&#8221;|title:AQUAMAT%20-%20SUPERELASTIC||&#8221;][\/vc_column][\/vc_row][vc_row][vc_column width=&#8221;1\/2&#8243;][vc_single_image image=&#8221;3409&#8243; img_size=&#8221;full&#8221; image_hovers=&#8221;false&#8221;][\/vc_column][vc_column width=&#8221;1\/2&#8243;][vc_column_text]FIBRANskin\u00a0SEAL\u00a0i p\u00ebrshkuesh\u00ebm nga avulli dhe i pap\u00ebrshkuesh\u00ebm nga uji dhe p\u00ebrdoret si nj\u00eb membran\u00eb p\u00ebr reduktimin e rrjedh\u00ebs s\u00eb ujit.\u00a0Zbatohet midis izolimit termik FIBRANxps dhe shtres\u00ebs p\u00ebrfundimtare (p.sh. \u00e7ak\u00ebll zhavorri) n\u00eb vend t\u00eb shtres\u00ebs filtri (gjeotekstili).\u00a0\u00cbsht\u00eb i detyruesh\u00ebm aplikimi i&hellip;<\/p>\n","protected":false},"author":2,"featured_media":0,"parent":0,"menu_order":0,"comment_status":"closed","ping_status":"closed","template":"","meta":{"footnotes":""},"class_list":["post-3408","page","type-page","status-publish","hentry","description-off"],"_links":{"self":[{"href":"https:\/\/aedcolor.com\/index.php\/wp-json\/wp\/v2\/pages\/3408","targetHints":{"allow":["GET"]}}],"collection":[{"href":"https:\/\/aedcolor.com\/index.php\/wp-json\/wp\/v2\/pages"}],"about":[{"href":"https:\/\/aedcolor.com\/index.php\/wp-json\/wp\/v2\/types\/page"}],"author":[{"embeddable":true,"href":"https:\/\/aedcolor.com\/index.php\/wp-json\/wp\/v2\/users\/2"}],"replies":[{"embeddable":true,"href":"https:\/\/aedcolor.com\/index.php\/wp-json\/wp\/v2\/comments?post=3408"}],"version-history":[{"count":2,"href":"https:\/\/aedcolor.com\/index.php\/wp-json\/wp\/v2\/pages\/3408\/revisions"}],"predecessor-version":[{"id":10454,"href":"https:\/\/aedcolor.com\/index.php\/wp-json\/wp\/v2\/pages\/3408\/revisions\/10454"}],"wp:attachment":[{"href":"https:\/\/aedcolor.com\/index.php\/wp-json\/wp\/v2\/media?parent=3408"}],"curies":[{"name":"wp","href":"https:\/\/api.w.org\/{rel}","templated":true}]}}