{"id":3415,"date":"2023-05-23T06:40:04","date_gmt":"2023-05-23T06:40:04","guid":{"rendered":"https:\/\/aedcolor.com\/?page_id=3415"},"modified":"2024-02-16T07:39:37","modified_gmt":"2024-02-16T07:39:37","slug":"fibranskin-vent","status":"publish","type":"page","link":"https:\/\/aedcolor.com\/index.php\/fibranskin-vent\/","title":{"rendered":"FIBRANskin VENT"},"content":{"rendered":"<div class=\"wpb-content-wrapper\"><p>[vc_row css=&#8221;.vc_custom_1683099634441{padding-bottom: 30px !important;}&#8221;][vc_column width=&#8221;2\/3&#8243;][vc_custom_heading text=&#8221;FIBRANskin VENT<br \/>\n&#8221; font_container=&#8221;tag:h2|font_size:50|text_align:left&#8221; use_theme_fonts=&#8221;yes&#8221; link=&#8221;|title:AQUAMAT%20-%20SUPERELASTIC||&#8221;][\/vc_column][\/vc_row][vc_row][vc_column width=&#8221;1\/2&#8243;][vc_single_image image=&#8221;3416&#8243; img_size=&#8221;full&#8221; image_hovers=&#8221;false&#8221;][\/vc_column][vc_column width=&#8221;1\/2&#8243;][vc_column_text]<span style=\"color: #000000;\"><b>FIBRAN\u00a0<i>skin<\/i>\u00a0VENT<\/b>\u00a0\u00ebsht\u00eb membran\u00eb e p\u00ebrshkueshme nga avujt dhe e pap\u00ebrshkueshme nga uji n\u00eb funksion t\u00eb hidroizolimit dyt\u00ebsor.<\/span><\/p>\n<p><span style=\"color: #000000;\">Membrana e p\u00ebrshkueshme nga avulli dhe e pap\u00ebrshkueshme nga uji p\u00ebr:<\/span>[\/vc_column_text][vc_row_inner][vc_column_inner width=&#8221;1\/2&#8243;]<div class=\"standard-arrow bullet-top\"><ul>\n<li>\n<div class=\"col-12 col-xs-6 col-sm-12 col-md-6 d-flex pb-2 pb-md-3 \"><span style=\"color: #000000;\">Shtres\u00eb mbrojt\u00ebse e rrjedh\u00ebs s\u00eb ujit p\u00ebr \u00e7atit\u00eb e pjerr\u00ebta<\/span><\/div>\n<\/li>\n<\/ul>\n<\/div>[\/vc_column_inner][vc_column_inner width=&#8221;1\/2&#8243;]<div class=\"standard-arrow bullet-top\"><ul>\n<li><span style=\"color: #000000;\">Mbrojtja e ujit p\u00ebr izolimin e fasadave t\u00eb ventiluara<\/span><\/li>\n<\/ul>\n<\/div>[\/vc_column_inner][\/vc_row_inner][\/vc_column][\/vc_row]<\/p>\n<\/div>","protected":false},"excerpt":{"rendered":"<p>[vc_row css=&#8221;.vc_custom_1683099634441{padding-bottom: 30px !important;}&#8221;][vc_column width=&#8221;2\/3&#8243;][vc_custom_heading text=&#8221;FIBRANskin VENT &#8221; font_container=&#8221;tag:h2|font_size:50|text_align:left&#8221; use_theme_fonts=&#8221;yes&#8221; link=&#8221;|title:AQUAMAT%20-%20SUPERELASTIC||&#8221;][\/vc_column][\/vc_row][vc_row][vc_column width=&#8221;1\/2&#8243;][vc_single_image image=&#8221;3416&#8243; img_size=&#8221;full&#8221; image_hovers=&#8221;false&#8221;][\/vc_column][vc_column width=&#8221;1\/2&#8243;][vc_column_text]FIBRAN\u00a0skin\u00a0VENT\u00a0\u00ebsht\u00eb membran\u00eb e p\u00ebrshkueshme nga avujt dhe e pap\u00ebrshkueshme nga uji n\u00eb funksion t\u00eb hidroizolimit dyt\u00ebsor. Membrana e p\u00ebrshkueshme nga avulli dhe e pap\u00ebrshkueshme nga uji p\u00ebr:[\/vc_column_text][vc_row_inner][vc_column_inner width=&#8221;1\/2&#8243;][\/vc_column_inner][vc_column_inner width=&#8221;1\/2&#8243;][\/vc_column_inner][\/vc_row_inner][\/vc_column][\/vc_row]<\/p>\n","protected":false},"author":2,"featured_media":0,"parent":0,"menu_order":0,"comment_status":"closed","ping_status":"closed","template":"","meta":{"footnotes":""},"class_list":["post-3415","page","type-page","status-publish","hentry","description-off"],"_links":{"self":[{"href":"https:\/\/aedcolor.com\/index.php\/wp-json\/wp\/v2\/pages\/3415","targetHints":{"allow":["GET"]}}],"collection":[{"href":"https:\/\/aedcolor.com\/index.php\/wp-json\/wp\/v2\/pages"}],"about":[{"href":"https:\/\/aedcolor.com\/index.php\/wp-json\/wp\/v2\/types\/page"}],"author":[{"embeddable":true,"href":"https:\/\/aedcolor.com\/index.php\/wp-json\/wp\/v2\/users\/2"}],"replies":[{"embeddable":true,"href":"https:\/\/aedcolor.com\/index.php\/wp-json\/wp\/v2\/comments?post=3415"}],"version-history":[{"count":3,"href":"https:\/\/aedcolor.com\/index.php\/wp-json\/wp\/v2\/pages\/3415\/revisions"}],"predecessor-version":[{"id":10456,"href":"https:\/\/aedcolor.com\/index.php\/wp-json\/wp\/v2\/pages\/3415\/revisions\/10456"}],"wp:attachment":[{"href":"https:\/\/aedcolor.com\/index.php\/wp-json\/wp\/v2\/media?parent=3415"}],"curies":[{"name":"wp","href":"https:\/\/api.w.org\/{rel}","templated":true}]}}