{"id":3457,"date":"2023-05-23T10:03:56","date_gmt":"2023-05-23T10:03:56","guid":{"rendered":"https:\/\/aedcolor.com\/?page_id=3457"},"modified":"2023-09-16T08:49:24","modified_gmt":"2023-09-16T08:49:24","slug":"isomat-premium-color-eco-satin","status":"publish","type":"page","link":"https:\/\/aedcolor.com\/index.php\/isomat-premium-color-eco-satin\/","title":{"rendered":"ISOMAT PREMIUM COLOR ECO SATIN"},"content":{"rendered":"<div class=\"wpb-content-wrapper\"><p>[vc_row css=&#8221;.vc_custom_1683099634441{padding-bottom: 30px !important;}&#8221;][vc_column width=&#8221;2\/3&#8243;][vc_custom_heading text=&#8221;ISOMAT PREMIUM COLOR ECO SATIN<br \/>\n&#8221; font_container=&#8221;tag:h2|font_size:50|text_align:left&#8221; use_theme_fonts=&#8221;yes&#8221; link=&#8221;|title:AQUAMAT%20-%20SUPERELASTIC||&#8221;][\/vc_column][\/vc_row][vc_row][vc_column width=&#8221;1\/2&#8243;][vc_single_image image=&#8221;3455&#8243; img_size=&#8221;full&#8221;][\/vc_column][vc_column width=&#8221;1\/2&#8243;][vc_column_text]<span style=\"color: #000000;\"><strong>ISOMAT PREMIUM COLOR ECO SATIN \u00ebsht\u00eb nj\u00eb boj\u00eb emulsioni premium, miq\u00ebsore me mjedisin, saten p\u00ebr p\u00ebrdorim t\u00eb brendsh\u00ebm.<\/strong> Ka nj\u00eb mbulim t\u00eb shk\u00eblqyer t\u00eb sip\u00ebrfaqes duke ofruar punueshm\u00ebri t\u00eb madhe dhe rrjedhjen si dhe rezistenc\u00ebn e jasht\u00ebzakonshme ndaj frekuenc\u00ebs, larjes dhe vjet\u00ebrsimit. Ofron ngjitje t\u00eb fort\u00eb me cdo lloj substance t\u00eb vjet\u00ebr ose t\u00eb re. Ofron p\u00ebrfundim t\u00eb bukur prej sateni. Pothuajse pa er\u00eb. P\u00ebrdoret ISOMAT PREMIUM COLOR ECO SATIN p\u00ebr aplikime t\u00eb brendshme, n\u00eb sip\u00ebrfaqe t\u00eb reja ose t\u00eb vjetra, n\u00eb t\u00eb gjitha materialet e zakonshme t\u00eb nd\u00ebrtimit, si betoni, allci, pllaka gipsi etj.<\/span><\/p>\n<p><span style=\"color: #000000;\"><strong>P\u00ebrgatitja e substratit<\/strong><\/span><\/p>\n<p><span style=\"color: #000000;\">N\u00ebnshtresa duhet t\u00eb jet\u00eb e that\u00eb dhe pa yndyr\u00eb, grimcat e lirshme, pluhuri, etj.\u00a0<\/span><\/p>\n<ul>\n<li><span style=\"color: #000000;\">T\u00eb carat ose nyjet duhet t\u00eb mbushen me ISOMASTIC, nj\u00eb ngjit\u00ebs akrilik ose ACRYL-STUCCO<\/span><\/li>\n<li><span style=\"color: #000000;\">Imperfeksionet e betonit duhet t\u00eb riparohen me llact\u00eb modifikuar me polimer DUROCRET.<\/span><\/li>\n<li><span style=\"color: #000000;\">Muri i suvatuar duhet t\u00eb riparohet me UNICRET ose UNICRET-FAST t\u00eb parap\u00ebrziera.<\/span><\/li>\n<li><span style=\"color: #000000;\">P\u00ebr l\u00ebmimin e sip\u00ebrfaqeve STUCCOCRET duhet t\u00eb p\u00ebrdoret mbush\u00ebs pluhur. N\u00ebnshtresa duhet t\u00eb pastrohet me akrilik, primer i mikronizuar, me baz\u00eb uji PRIMERCLASSIC, i holluar deri n\u00eb 50% me uj\u00eb t\u00eb past\u00ebr. PRIMER-CLASSIC \u00ebsht\u00eb gjithashtu ideal p\u00ebr tu p\u00ebrdorur p\u00ebr stabilizimin e n\u00ebnshtresave t\u00eb lirshme ose t\u00eb th\u00ebrrmuara. Si nj\u00eb alternativ\u00eb ndaj PRIMER-CLASSIC, akriliku mund t\u00eb jet\u00eb dhe primer me baz\u00eb uji FLEX-PRIMER.<\/span><\/li>\n<\/ul>\n<p><span style=\"color: #000000;\">Kur b\u00ebhet fjal\u00eb p\u00ebr ngjyrat e err\u00ebta, rekomandohet t\u00eb aplikoni nj\u00eb shtres\u00eb ISOMAT PREMIUM COLOR ECO SATIN t\u00eb lyer n\u00eb nj\u00eb nuanc\u00eb t\u00eb celur t\u00eb t\u00eb nj\u00ebjtit ton ngjyre n\u00eb nj\u00eb baz\u00eb me tejdukshm\u00ebri m\u00eb t\u00eb lart\u00eb (p.sh. baza P). Sip\u00ebrfaqet e njollosura nga tymi, nikotina, tymrat e shkarkimit etj, duhet t\u00eb pastrohen me bllokuesin e njollave BLOCK-PRIMER. Astarimi nuk \u00ebsht\u00eb i nevojsh\u00ebm n\u00eb sip\u00ebrfaqet tashm\u00eb t\u00eb lyera p\u00ebr sa koh\u00eb q\u00eb boja e vjet\u00ebr \u00ebsht\u00eb e re.<\/span><\/p>\n<p><strong><span style=\"color: #000000;\">Aplikimi<\/span><\/strong><\/p>\n<p><span style=\"color: #000000;\">P\u00ebrpara p\u00ebrdorimit, p\u00ebrzieni p\u00ebrmbajtjen but\u00ebsisht dhe aplikojeni ashtu sic \u00ebsht\u00eb ose e holluar me\u00a0 5% deri n\u00eb 10% me uj\u00eb t\u00eb past\u00ebr. ISOMATPREMIUM COLOR ECO SATIN aplikohet n\u00eb dy shtresa me rul, furc\u00eb ose pistolet\u00eb pa aj\u00ebr. Shtresa e dyt\u00eb aplikohet pasi e para t\u00eb jet\u00eb thar\u00eb plot\u00ebsisht. Aplikimi duhet t\u00eb shtyhet n\u00eb rast se priten temperatura shum\u00eb t\u00eb ul\u00ebta\/shum\u00eb t\u00eb larta (n\u00ebn 8 oC ose mbi 35 oC) ose kushte me lag\u00ebshti relative 85%.<\/span>[\/vc_column_text][vc_row_inner][vc_column_inner width=&#8221;1\/2&#8243;]<div class=\"standard-arrow bullet-top\"><ul>\n<li>\n<div class=\"col-12 col-xs-6 col-sm-12 col-md-6 d-flex pb-2 pb-md-3 \"><span style=\"color: #000000;\">ISOMAT PREMIUM COLOR ECO SATIN ofrohet n\u00eb kontenier\u00eb prej 0,75 l, 3 l dhe 10 l.<\/span><\/div>\n<\/li>\n<\/ul>\n<\/div>[\/vc_column_inner][vc_column_inner width=&#8221;1\/2&#8243;]<div class=\"standard-arrow bullet-top\"><ul>\n<li><span style=\"color: #000000;\">Reziston 24 muaj nga data e prodhimit n\u00ebse ruhet n\u00eb paketim origjinal, t\u00eb pahapur, n\u00eb temperatura nd\u00ebrmjet +5 oC dhe +35 oC. Mbroni nga rrezet e diellit direkte dhe ngricat.<\/span><\/li>\n<\/ul>\n<\/div>[\/vc_column_inner][\/vc_row_inner][vc_row_inner css=&#8221;.vc_custom_1683100048912{padding-top: 20px !important;}&#8221;][vc_column_inner width=&#8221;1\/2&#8243;]<div class=\"aio-icon-component    style_1\"><div id=\"Info-box-wrap-2593\" class=\"aio-icon-box default-icon\" style=\"\"  ><div class=\"aio-icon-default\"><div class=\"ult-just-icon-wrapper  \"><div class=\"align-icon\" style=\"text-align:center;\">\n<div class=\"aio-icon-img \" style=\"font-size:65px;display:inline-block;\" >\n\t<img decoding=\"async\" class=\"img-icon\" alt=\"null\" src=\"https:\/\/aedcolor.com\/wp-content\/uploads\/2023\/05\/image-2.png\"\/>\n<\/div><\/div><\/div><\/div><div class=\"aio-icon-header\" ><h3 class=\"aio-icon-title ult-responsive\"  data-ultimate-target='#Info-box-wrap-2593 .aio-icon-title'  data-responsive-json-new='{\"font-size\":\"\",\"line-height\":\"\"}'  style=\"\">Sip\u00ebrfaqe: Beton, suva, pllaka gipsi<\/h3><\/div> <!-- header --><\/div> <!-- aio-icon-box --><\/div> <!-- aio-icon-component -->[\/vc_column_inner][vc_column_inner width=&#8221;1\/2&#8243;]<div class=\"aio-icon-component    style_1\"><div id=\"Info-box-wrap-7087\" class=\"aio-icon-box default-icon\" style=\"\"  ><div class=\"aio-icon-default\"><div class=\"ult-just-icon-wrapper  \"><div class=\"align-icon\" style=\"text-align:center;\">\n<div class=\"aio-icon-img \" style=\"font-size:65px;display:inline-block;\" >\n\t<img decoding=\"async\" class=\"img-icon\" alt=\"null\" src=\"https:\/\/aedcolor.com\/wp-content\/uploads\/2023\/05\/image-1.png\"\/>\n<\/div><\/div><\/div><\/div><div class=\"aio-icon-header\" ><h3 class=\"aio-icon-title ult-responsive\"  data-ultimate-target='#Info-box-wrap-7087 .aio-icon-title'  data-responsive-json-new='{\"font-size\":\"\",\"line-height\":\"\"}'  style=\"\">Aplikimi: Fur\u00e7\u00eb ose rul<\/h3><\/div> <!-- header --><\/div> <!-- aio-icon-box --><\/div> <!-- aio-icon-component -->[\/vc_column_inner][\/vc_row_inner][\/vc_column][\/vc_row]<\/p>\n<\/div>","protected":false},"excerpt":{"rendered":"<p>[vc_row css=&#8221;.vc_custom_1683099634441{padding-bottom: 30px !important;}&#8221;][vc_column width=&#8221;2\/3&#8243;][vc_custom_heading text=&#8221;ISOMAT PREMIUM COLOR ECO SATIN &#8221; font_container=&#8221;tag:h2|font_size:50|text_align:left&#8221; use_theme_fonts=&#8221;yes&#8221; link=&#8221;|title:AQUAMAT%20-%20SUPERELASTIC||&#8221;][\/vc_column][\/vc_row][vc_row][vc_column width=&#8221;1\/2&#8243;][vc_single_image image=&#8221;3455&#8243; img_size=&#8221;full&#8221;][\/vc_column][vc_column width=&#8221;1\/2&#8243;][vc_column_text]ISOMAT PREMIUM COLOR ECO SATIN \u00ebsht\u00eb nj\u00eb boj\u00eb emulsioni premium, miq\u00ebsore me mjedisin, saten p\u00ebr p\u00ebrdorim t\u00eb brendsh\u00ebm. Ka nj\u00eb mbulim t\u00eb shk\u00eblqyer t\u00eb sip\u00ebrfaqes duke ofruar punueshm\u00ebri t\u00eb madhe dhe rrjedhjen si dhe rezistenc\u00ebn e jasht\u00ebzakonshme ndaj&hellip;<\/p>\n","protected":false},"author":2,"featured_media":0,"parent":0,"menu_order":0,"comment_status":"closed","ping_status":"closed","template":"","meta":{"footnotes":""},"class_list":["post-3457","page","type-page","status-publish","hentry","description-off"],"_links":{"self":[{"href":"https:\/\/aedcolor.com\/index.php\/wp-json\/wp\/v2\/pages\/3457","targetHints":{"allow":["GET"]}}],"collection":[{"href":"https:\/\/aedcolor.com\/index.php\/wp-json\/wp\/v2\/pages"}],"about":[{"href":"https:\/\/aedcolor.com\/index.php\/wp-json\/wp\/v2\/types\/page"}],"author":[{"embeddable":true,"href":"https:\/\/aedcolor.com\/index.php\/wp-json\/wp\/v2\/users\/2"}],"replies":[{"embeddable":true,"href":"https:\/\/aedcolor.com\/index.php\/wp-json\/wp\/v2\/comments?post=3457"}],"version-history":[{"count":3,"href":"https:\/\/aedcolor.com\/index.php\/wp-json\/wp\/v2\/pages\/3457\/revisions"}],"predecessor-version":[{"id":9103,"href":"https:\/\/aedcolor.com\/index.php\/wp-json\/wp\/v2\/pages\/3457\/revisions\/9103"}],"wp:attachment":[{"href":"https:\/\/aedcolor.com\/index.php\/wp-json\/wp\/v2\/media?parent=3457"}],"curies":[{"name":"wp","href":"https:\/\/api.w.org\/{rel}","templated":true}]}}