{"id":3461,"date":"2023-05-23T10:43:04","date_gmt":"2023-05-23T10:43:04","guid":{"rendered":"https:\/\/aedcolor.com\/?page_id=3461"},"modified":"2023-05-23T10:43:04","modified_gmt":"2023-05-23T10:43:04","slug":"isomat-professional-color-eco","status":"publish","type":"page","link":"https:\/\/aedcolor.com\/index.php\/isomat-professional-color-eco\/","title":{"rendered":"ISOMAT PROFESSIONAL COLOR ECO"},"content":{"rendered":"<div class=\"wpb-content-wrapper\"><p>[vc_row css=&#8221;.vc_custom_1683099634441{padding-bottom: 30px !important;}&#8221;][vc_column width=&#8221;2\/3&#8243;][vc_custom_heading text=&#8221;ISOMAT PROFESSIONAL COLOR ECO<br \/>\n&#8221; font_container=&#8221;tag:h2|font_size:50|text_align:left&#8221; use_theme_fonts=&#8221;yes&#8221; link=&#8221;|title:AQUAMAT%20-%20SUPERELASTIC||&#8221;][\/vc_column][\/vc_row][vc_row][vc_column width=&#8221;1\/2&#8243;][vc_single_image image=&#8221;3462&#8243; img_size=&#8221;full&#8221;][\/vc_column][vc_column width=&#8221;1\/2&#8243;][vc_column_text]<strong>Rekomandohet p\u00ebr sip\u00ebrfaqe q\u00eb k\u00ebrkojn\u00eb rilyerje periodike, p.sh. nd\u00ebrtesa publike, hotele, spitale, ambiente arg\u00ebtimi.<\/strong><\/p>\n<p>Karakterizohet me err\u00ebsir\u00eb \u200b\u200bt\u00eb lart\u00eb dhe mbulim sip\u00ebrfaq\u00ebsor nd\u00ebrsa ofron punueshm\u00ebri dhe rrjedhshm\u00ebri t\u00eb madhe.\u00a0Ofron rezistenc\u00eb t\u00eb lart\u00eb ndaj larjes dhe plakjes, si dhe tharjes s\u00eb shpejt\u00eb dhe rilyerjes.\u00a0Pothuajse pa er\u00eb.<\/p>\n<div class=\"cetrificates\">\n<div class=\"certificate-wrapper\"><\/div>\n<\/div>\n<p>[\/vc_column_text][vc_row_inner][vc_column_inner width=&#8221;1\/2&#8243;]<div class=\"standard-arrow bullet-top\"><ul>\n<li>\n<div class=\"col-12 col-xs-6 col-sm-12 col-md-6 d-flex pb-2 pb-md-3 \">Rezistenc\u00eb tndaj larjes s\u00eb shpesht\u00eb<\/div>\n<\/li>\n<li>Tharje t\u00eb shpejt\u00eb dhe rilyerje<\/li>\n<li>Pothuajse pa er\u00eb<\/li>\n<\/ul>\n<\/div>[\/vc_column_inner][vc_column_inner width=&#8221;1\/2&#8243;]<div class=\"standard-arrow bullet-top\"><ul>\n<li>Ofron nj\u00eb p\u00ebrfundim t\u00eb bukur mat<\/li>\n<li>E bardh\u00eb dhe nj\u00eb gam\u00eb t\u00eb gjer\u00eb ngjyrash<\/li>\n<\/ul>\n<\/div>[\/vc_column_inner][\/vc_row_inner][vc_row_inner css=&#8221;.vc_custom_1683100048912{padding-top: 20px !important;}&#8221;][vc_column_inner width=&#8221;1\/2&#8243;]<div class=\"aio-icon-component    style_1\"><div id=\"Info-box-wrap-8979\" class=\"aio-icon-box default-icon\" style=\"\"  ><div class=\"aio-icon-default\"><div class=\"ult-just-icon-wrapper  \"><div class=\"align-icon\" style=\"text-align:center;\">\n<div class=\"aio-icon-img \" style=\"font-size:65px;display:inline-block;\" >\n\t<img decoding=\"async\" class=\"img-icon\" alt=\"null\" src=\"https:\/\/aedcolor.com\/wp-content\/uploads\/2023\/05\/image-2.png\"\/>\n<\/div><\/div><\/div><\/div><div class=\"aio-icon-header\" ><h3 class=\"aio-icon-title ult-responsive\"  data-ultimate-target='#Info-box-wrap-8979 .aio-icon-title'  data-responsive-json-new='{\"font-size\":\"\",\"line-height\":\"\"}'  style=\"\">Sip\u00ebrfaqe: Beton, suva, pllaka gipsi<\/h3><\/div> <!-- header --><\/div> <!-- aio-icon-box --><\/div> <!-- aio-icon-component -->[\/vc_column_inner][vc_column_inner width=&#8221;1\/2&#8243;]<div class=\"aio-icon-component    style_1\"><div id=\"Info-box-wrap-9047\" class=\"aio-icon-box default-icon\" style=\"\"  ><div class=\"aio-icon-default\"><div class=\"ult-just-icon-wrapper  \"><div class=\"align-icon\" style=\"text-align:center;\">\n<div class=\"aio-icon-img \" style=\"font-size:65px;display:inline-block;\" >\n\t<img decoding=\"async\" class=\"img-icon\" alt=\"null\" src=\"https:\/\/aedcolor.com\/wp-content\/uploads\/2023\/05\/image-1.png\"\/>\n<\/div><\/div><\/div><\/div><div class=\"aio-icon-header\" ><h3 class=\"aio-icon-title ult-responsive\"  data-ultimate-target='#Info-box-wrap-9047 .aio-icon-title'  data-responsive-json-new='{\"font-size\":\"\",\"line-height\":\"\"}'  style=\"\">Aplikimi: Fur\u00e7\u00eb ose rul<\/h3><\/div> <!-- header --><\/div> <!-- aio-icon-box --><\/div> <!-- aio-icon-component -->[\/vc_column_inner][\/vc_row_inner][\/vc_column][\/vc_row]<\/p>\n<\/div>","protected":false},"excerpt":{"rendered":"<p>[vc_row css=&#8221;.vc_custom_1683099634441{padding-bottom: 30px !important;}&#8221;][vc_column width=&#8221;2\/3&#8243;][vc_custom_heading text=&#8221;ISOMAT PROFESSIONAL COLOR ECO &#8221; font_container=&#8221;tag:h2|font_size:50|text_align:left&#8221; use_theme_fonts=&#8221;yes&#8221; link=&#8221;|title:AQUAMAT%20-%20SUPERELASTIC||&#8221;][\/vc_column][\/vc_row][vc_row][vc_column width=&#8221;1\/2&#8243;][vc_single_image image=&#8221;3462&#8243; img_size=&#8221;full&#8221;][\/vc_column][vc_column width=&#8221;1\/2&#8243;][vc_column_text]Rekomandohet p\u00ebr sip\u00ebrfaqe q\u00eb k\u00ebrkojn\u00eb rilyerje periodike, p.sh. nd\u00ebrtesa publike, hotele, spitale, ambiente arg\u00ebtimi. Karakterizohet me err\u00ebsir\u00eb \u200b\u200bt\u00eb lart\u00eb dhe mbulim sip\u00ebrfaq\u00ebsor nd\u00ebrsa ofron punueshm\u00ebri dhe rrjedhshm\u00ebri t\u00eb madhe.\u00a0Ofron rezistenc\u00eb t\u00eb lart\u00eb ndaj larjes dhe plakjes, si dhe tharjes&hellip;<\/p>\n","protected":false},"author":2,"featured_media":0,"parent":0,"menu_order":0,"comment_status":"closed","ping_status":"closed","template":"","meta":{"footnotes":""},"class_list":["post-3461","page","type-page","status-publish","hentry","description-off"],"_links":{"self":[{"href":"https:\/\/aedcolor.com\/index.php\/wp-json\/wp\/v2\/pages\/3461","targetHints":{"allow":["GET"]}}],"collection":[{"href":"https:\/\/aedcolor.com\/index.php\/wp-json\/wp\/v2\/pages"}],"about":[{"href":"https:\/\/aedcolor.com\/index.php\/wp-json\/wp\/v2\/types\/page"}],"author":[{"embeddable":true,"href":"https:\/\/aedcolor.com\/index.php\/wp-json\/wp\/v2\/users\/2"}],"replies":[{"embeddable":true,"href":"https:\/\/aedcolor.com\/index.php\/wp-json\/wp\/v2\/comments?post=3461"}],"version-history":[{"count":1,"href":"https:\/\/aedcolor.com\/index.php\/wp-json\/wp\/v2\/pages\/3461\/revisions"}],"predecessor-version":[{"id":3467,"href":"https:\/\/aedcolor.com\/index.php\/wp-json\/wp\/v2\/pages\/3461\/revisions\/3467"}],"wp:attachment":[{"href":"https:\/\/aedcolor.com\/index.php\/wp-json\/wp\/v2\/media?parent=3461"}],"curies":[{"name":"wp","href":"https:\/\/api.w.org\/{rel}","templated":true}]}}