{"id":3469,"date":"2023-05-23T10:50:13","date_gmt":"2023-05-23T10:50:13","guid":{"rendered":"https:\/\/aedcolor.com\/?page_id=3469"},"modified":"2023-05-23T10:50:13","modified_gmt":"2023-05-23T10:50:13","slug":"isomat-premium-color","status":"publish","type":"page","link":"https:\/\/aedcolor.com\/index.php\/isomat-premium-color\/","title":{"rendered":"ISOMAT PREMIUM COLOR"},"content":{"rendered":"<div class=\"wpb-content-wrapper\"><p>[vc_row css=&#8221;.vc_custom_1683099634441{padding-bottom: 30px !important;}&#8221;][vc_column width=&#8221;2\/3&#8243;][vc_custom_heading text=&#8221;ISOMAT PREMIUM COLOR&#8221; font_container=&#8221;tag:h2|font_size:50|text_align:left&#8221; use_theme_fonts=&#8221;yes&#8221; link=&#8221;|title:AQUAMAT%20-%20SUPERELASTIC||&#8221;][\/vc_column][\/vc_row][vc_row][vc_column width=&#8221;1\/2&#8243;][vc_single_image image=&#8221;3470&#8243; img_size=&#8221;full&#8221;][\/vc_column][vc_column width=&#8221;1\/2&#8243;][vc_column_text]<strong>Ka nj\u00eb err\u00ebsir\u00eb \u200b\u200bt\u00eb shk\u00eblqyeshme dhe mbulim t\u00eb sip\u00ebrfaqes, nd\u00ebrsa ofron rezistenc\u00eb t\u00eb jasht\u00ebzakonshme ndaj larjes dhe plakjes s\u00eb shpesht\u00eb.<\/strong><\/p>\n<p>Ofron punueshm\u00ebri dhe rrjedhshm\u00ebri t\u00eb madhe.\u00a0Ka ngjitje t\u00eb fort\u00eb n\u00eb \u00e7do lloj n\u00ebnshtrese t\u00eb re apo t\u00eb vjet\u00ebr, si suva, beton, pllaka gipsi etj. Gati pa er\u00eb.<\/p>\n<div class=\"cetrificates\">\n<div class=\"certificate-wrapper\"><\/div>\n<\/div>\n<p>[\/vc_column_text][vc_row_inner][vc_column_inner width=&#8221;1\/2&#8243;]<div class=\"standard-arrow bullet-top\"><ul>\n<li>\n<div class=\"col-12 col-xs-6 col-sm-12 col-md-6 d-flex pb-2 pb-md-3 \">Mbulim t\u00eb shk\u00eblqyesh\u00ebm t\u00eb sip\u00ebrfaqes<\/div>\n<\/li>\n<li>Ofron ngjitje t\u00eb fort\u00eb me \u00e7do lloj n\u00ebnshtrese t\u00eb re ose t\u00eb vjet\u00ebr<\/li>\n<li>Ka rezistenc\u00eb t\u00eb jasht\u00ebzakonshme ndaj larjes s\u00eb shpesht\u00eb<\/li>\n<\/ul>\n<\/div>[\/vc_column_inner][vc_column_inner width=&#8221;1\/2&#8243;]<div class=\"standard-arrow bullet-top\"><ul>\n<li>Ofron nj\u00eb p\u00ebrfundim t\u00eb bukur mat<\/li>\n<li>Pothuajse pa er\u00eb<\/li>\n<li>E bardh\u00eb dhe nj\u00eb gam\u00eb t\u00eb gjer\u00eb ngjyrash<\/li>\n<\/ul>\n<\/div>[\/vc_column_inner][\/vc_row_inner][vc_row_inner css=&#8221;.vc_custom_1683100048912{padding-top: 20px !important;}&#8221;][vc_column_inner width=&#8221;1\/2&#8243;]<div class=\"aio-icon-component    style_1\"><div id=\"Info-box-wrap-2223\" class=\"aio-icon-box default-icon\" style=\"\"  ><div class=\"aio-icon-default\"><div class=\"ult-just-icon-wrapper  \"><div class=\"align-icon\" style=\"text-align:center;\">\n<div class=\"aio-icon-img \" style=\"font-size:65px;display:inline-block;\" >\n\t<img decoding=\"async\" class=\"img-icon\" alt=\"null\" src=\"https:\/\/aedcolor.com\/wp-content\/uploads\/2023\/05\/image-2.png\"\/>\n<\/div><\/div><\/div><\/div><div class=\"aio-icon-header\" ><h3 class=\"aio-icon-title ult-responsive\"  data-ultimate-target='#Info-box-wrap-2223 .aio-icon-title'  data-responsive-json-new='{\"font-size\":\"\",\"line-height\":\"\"}'  style=\"\">Sip\u00ebrfaqe: Beton, suva, pllaka gipsi<\/h3><\/div> <!-- header --><\/div> <!-- aio-icon-box --><\/div> <!-- aio-icon-component -->[\/vc_column_inner][vc_column_inner width=&#8221;1\/2&#8243;]<div class=\"aio-icon-component    style_1\"><div id=\"Info-box-wrap-2015\" class=\"aio-icon-box default-icon\" style=\"\"  ><div class=\"aio-icon-default\"><div class=\"ult-just-icon-wrapper  \"><div class=\"align-icon\" style=\"text-align:center;\">\n<div class=\"aio-icon-img \" style=\"font-size:65px;display:inline-block;\" >\n\t<img decoding=\"async\" class=\"img-icon\" alt=\"null\" src=\"https:\/\/aedcolor.com\/wp-content\/uploads\/2023\/05\/image-1.png\"\/>\n<\/div><\/div><\/div><\/div><div class=\"aio-icon-header\" ><h3 class=\"aio-icon-title ult-responsive\"  data-ultimate-target='#Info-box-wrap-2015 .aio-icon-title'  data-responsive-json-new='{\"font-size\":\"\",\"line-height\":\"\"}'  style=\"\">Aplikimi: Fur\u00e7\u00eb ose rul<\/h3><\/div> <!-- header --><\/div> <!-- aio-icon-box --><\/div> <!-- aio-icon-component -->[\/vc_column_inner][\/vc_row_inner][\/vc_column][\/vc_row]<\/p>\n<\/div>","protected":false},"excerpt":{"rendered":"<p>[vc_row css=&#8221;.vc_custom_1683099634441{padding-bottom: 30px !important;}&#8221;][vc_column width=&#8221;2\/3&#8243;][vc_custom_heading text=&#8221;ISOMAT PREMIUM COLOR&#8221; font_container=&#8221;tag:h2|font_size:50|text_align:left&#8221; use_theme_fonts=&#8221;yes&#8221; link=&#8221;|title:AQUAMAT%20-%20SUPERELASTIC||&#8221;][\/vc_column][\/vc_row][vc_row][vc_column width=&#8221;1\/2&#8243;][vc_single_image image=&#8221;3470&#8243; img_size=&#8221;full&#8221;][\/vc_column][vc_column width=&#8221;1\/2&#8243;][vc_column_text]Ka nj\u00eb err\u00ebsir\u00eb \u200b\u200bt\u00eb shk\u00eblqyeshme dhe mbulim t\u00eb sip\u00ebrfaqes, nd\u00ebrsa ofron rezistenc\u00eb t\u00eb jasht\u00ebzakonshme ndaj larjes dhe plakjes s\u00eb shpesht\u00eb. Ofron punueshm\u00ebri dhe rrjedhshm\u00ebri t\u00eb madhe.\u00a0Ka ngjitje t\u00eb fort\u00eb n\u00eb \u00e7do lloj n\u00ebnshtrese t\u00eb re apo t\u00eb vjet\u00ebr, si suva, beton,&hellip;<\/p>\n","protected":false},"author":2,"featured_media":0,"parent":0,"menu_order":0,"comment_status":"closed","ping_status":"closed","template":"","meta":{"footnotes":""},"class_list":["post-3469","page","type-page","status-publish","hentry","description-off"],"_links":{"self":[{"href":"https:\/\/aedcolor.com\/index.php\/wp-json\/wp\/v2\/pages\/3469","targetHints":{"allow":["GET"]}}],"collection":[{"href":"https:\/\/aedcolor.com\/index.php\/wp-json\/wp\/v2\/pages"}],"about":[{"href":"https:\/\/aedcolor.com\/index.php\/wp-json\/wp\/v2\/types\/page"}],"author":[{"embeddable":true,"href":"https:\/\/aedcolor.com\/index.php\/wp-json\/wp\/v2\/users\/2"}],"replies":[{"embeddable":true,"href":"https:\/\/aedcolor.com\/index.php\/wp-json\/wp\/v2\/comments?post=3469"}],"version-history":[{"count":1,"href":"https:\/\/aedcolor.com\/index.php\/wp-json\/wp\/v2\/pages\/3469\/revisions"}],"predecessor-version":[{"id":3473,"href":"https:\/\/aedcolor.com\/index.php\/wp-json\/wp\/v2\/pages\/3469\/revisions\/3473"}],"wp:attachment":[{"href":"https:\/\/aedcolor.com\/index.php\/wp-json\/wp\/v2\/media?parent=3469"}],"curies":[{"name":"wp","href":"https:\/\/api.w.org\/{rel}","templated":true}]}}