{"id":3496,"date":"2023-05-23T11:55:59","date_gmt":"2023-05-23T11:55:59","guid":{"rendered":"https:\/\/aedcolor.com\/?page_id=3496"},"modified":"2023-05-23T11:55:59","modified_gmt":"2023-05-23T11:55:59","slug":"isomat-bath-kitchen","status":"publish","type":"page","link":"https:\/\/aedcolor.com\/index.php\/isomat-bath-kitchen\/","title":{"rendered":"ISOMAT BATH &#038; KITCHEN"},"content":{"rendered":"<div class=\"wpb-content-wrapper\"><p>[vc_row css=&#8221;.vc_custom_1683099634441{padding-bottom: 30px !important;}&#8221;][vc_column width=&#8221;2\/3&#8243;][vc_custom_heading text=&#8221;ISOMAT BATH &amp; KITCHEN&#8221; font_container=&#8221;tag:h2|font_size:50|text_align:left&#8221; use_theme_fonts=&#8221;yes&#8221; link=&#8221;|title:AQUAMAT%20-%20SUPERELASTIC||&#8221;][\/vc_column][\/vc_row][vc_row][vc_column width=&#8221;1\/2&#8243;][vc_single_image image=&#8221;3497&#8243; img_size=&#8221;full&#8221;][\/vc_column][vc_column width=&#8221;1\/2&#8243;][vc_column_text]<strong>I formuluar me mjesht\u00ebri me fungicide speciale, ai pengon rritjen e k\u00ebrpudhave dhe baktereve, duke parandaluar n\u00eb m\u00ebnyr\u00eb drastike rritjen e mykut.\u00a0<\/strong><\/p>\n<p>Ideale p\u00ebr hap\u00ebsira me nivele t\u00eb larta lag\u00ebshtie dhe kondensimi, si kuzhina, banja, etj. Ka rezistenc\u00eb t\u00eb jasht\u00ebzakonshme ndaj larjes dhe plakjes s\u00eb shpesht\u00eb, nd\u00ebrkoh\u00eb q\u00eb ka ngjitje t\u00eb shk\u00eblqyeshme me nj\u00eb s\u00ebr\u00eb n\u00ebnshtresash, duke p\u00ebrfshir\u00eb suva, beton, tulla, etj. Gati pa er\u00eb.[\/vc_column_text][vc_row_inner][vc_column_inner width=&#8221;1\/2&#8243;]<div class=\"standard-arrow bullet-top\"><ul>\n<li>\n<div class=\"col-12 col-xs-6 col-sm-12 col-md-6 d-flex pb-2 pb-md-3 \">Ideale p\u00ebr hap\u00ebsira me nivele t\u00eb larta lag\u00ebshtie dhe kondensimi<\/div>\n<\/li>\n<li>Mbulim t\u00eb shk\u00eblqyer t\u00eb sip\u00ebrfaqes<\/li>\n<li>Koh\u00eb tharjeje t\u00eb shpejt\u00eb dhe rezistenc\u00eb t\u00eb jasht\u00ebzakonshme ndaj larjes s\u00eb shpesht\u00eb<\/li>\n<\/ul>\n<\/div>[\/vc_column_inner][vc_column_inner width=&#8221;1\/2&#8243;]<div class=\"standard-arrow bullet-top\"><ul>\n<li>Ofron ngjitje t\u00eb fort\u00eb n\u00eb \u00e7do lloj n\u00ebnshtrese t\u00eb vjet\u00ebr ose t\u00eb re<\/li>\n<li>Ofron nj\u00eb p\u00ebrfundim t\u00eb bukur mat<\/li>\n<li>E bardh\u00eb dhe n\u00eb nj\u00eb gam\u00eb t\u00eb ger\u00eb ngjyrash<\/li>\n<\/ul>\n<\/div>[\/vc_column_inner][\/vc_row_inner][vc_row_inner css=&#8221;.vc_custom_1683100048912{padding-top: 20px !important;}&#8221;][vc_column_inner width=&#8221;1\/2&#8243;]<div class=\"aio-icon-component    style_1\"><div id=\"Info-box-wrap-4433\" class=\"aio-icon-box default-icon\" style=\"\"  ><div class=\"aio-icon-default\"><div class=\"ult-just-icon-wrapper  \"><div class=\"align-icon\" style=\"text-align:center;\">\n<div class=\"aio-icon-img \" style=\"font-size:65px;display:inline-block;\" >\n\t<img decoding=\"async\" class=\"img-icon\" alt=\"null\" src=\"https:\/\/aedcolor.com\/wp-content\/uploads\/2023\/05\/image-2.png\"\/>\n<\/div><\/div><\/div><\/div><div class=\"aio-icon-header\" ><h3 class=\"aio-icon-title ult-responsive\"  data-ultimate-target='#Info-box-wrap-4433 .aio-icon-title'  data-responsive-json-new='{\"font-size\":\"\",\"line-height\":\"\"}'  style=\"\">Sip\u00ebrfaqe: Beton, suva, pllaka gipsi<\/h3><\/div> <!-- header --><\/div> <!-- aio-icon-box --><\/div> <!-- aio-icon-component -->[\/vc_column_inner][vc_column_inner width=&#8221;1\/2&#8243;]<div class=\"aio-icon-component    style_1\"><div id=\"Info-box-wrap-2009\" class=\"aio-icon-box default-icon\" style=\"\"  ><div class=\"aio-icon-default\"><div class=\"ult-just-icon-wrapper  \"><div class=\"align-icon\" style=\"text-align:center;\">\n<div class=\"aio-icon-img \" style=\"font-size:65px;display:inline-block;\" >\n\t<img decoding=\"async\" class=\"img-icon\" alt=\"null\" src=\"https:\/\/aedcolor.com\/wp-content\/uploads\/2023\/05\/image-1.png\"\/>\n<\/div><\/div><\/div><\/div><div class=\"aio-icon-header\" ><h3 class=\"aio-icon-title ult-responsive\"  data-ultimate-target='#Info-box-wrap-2009 .aio-icon-title'  data-responsive-json-new='{\"font-size\":\"\",\"line-height\":\"\"}'  style=\"\">Aplikimi: Fur\u00e7\u00eb ose rul<\/h3><\/div> <!-- header --><\/div> <!-- aio-icon-box --><\/div> <!-- aio-icon-component -->[\/vc_column_inner][\/vc_row_inner][\/vc_column][\/vc_row]<\/p>\n<\/div>","protected":false},"excerpt":{"rendered":"<p>[vc_row css=&#8221;.vc_custom_1683099634441{padding-bottom: 30px !important;}&#8221;][vc_column width=&#8221;2\/3&#8243;][vc_custom_heading text=&#8221;ISOMAT BATH &amp; KITCHEN&#8221; font_container=&#8221;tag:h2|font_size:50|text_align:left&#8221; use_theme_fonts=&#8221;yes&#8221; link=&#8221;|title:AQUAMAT%20-%20SUPERELASTIC||&#8221;][\/vc_column][\/vc_row][vc_row][vc_column width=&#8221;1\/2&#8243;][vc_single_image image=&#8221;3497&#8243; img_size=&#8221;full&#8221;][\/vc_column][vc_column width=&#8221;1\/2&#8243;][vc_column_text]I formuluar me mjesht\u00ebri me fungicide speciale, ai pengon rritjen e k\u00ebrpudhave dhe baktereve, duke parandaluar n\u00eb m\u00ebnyr\u00eb drastike rritjen e mykut.\u00a0 Ideale p\u00ebr hap\u00ebsira me nivele t\u00eb larta lag\u00ebshtie dhe kondensimi, si kuzhina, banja, etj. Ka rezistenc\u00eb t\u00eb jasht\u00ebzakonshme&hellip;<\/p>\n","protected":false},"author":2,"featured_media":0,"parent":0,"menu_order":0,"comment_status":"closed","ping_status":"closed","template":"","meta":{"footnotes":""},"class_list":["post-3496","page","type-page","status-publish","hentry","description-off"],"_links":{"self":[{"href":"https:\/\/aedcolor.com\/index.php\/wp-json\/wp\/v2\/pages\/3496","targetHints":{"allow":["GET"]}}],"collection":[{"href":"https:\/\/aedcolor.com\/index.php\/wp-json\/wp\/v2\/pages"}],"about":[{"href":"https:\/\/aedcolor.com\/index.php\/wp-json\/wp\/v2\/types\/page"}],"author":[{"embeddable":true,"href":"https:\/\/aedcolor.com\/index.php\/wp-json\/wp\/v2\/users\/2"}],"replies":[{"embeddable":true,"href":"https:\/\/aedcolor.com\/index.php\/wp-json\/wp\/v2\/comments?post=3496"}],"version-history":[{"count":1,"href":"https:\/\/aedcolor.com\/index.php\/wp-json\/wp\/v2\/pages\/3496\/revisions"}],"predecessor-version":[{"id":3500,"href":"https:\/\/aedcolor.com\/index.php\/wp-json\/wp\/v2\/pages\/3496\/revisions\/3500"}],"wp:attachment":[{"href":"https:\/\/aedcolor.com\/index.php\/wp-json\/wp\/v2\/media?parent=3496"}],"curies":[{"name":"wp","href":"https:\/\/api.w.org\/{rel}","templated":true}]}}