{"id":3531,"date":"2023-05-23T13:56:45","date_gmt":"2023-05-23T13:56:45","guid":{"rendered":"https:\/\/aedcolor.com\/?page_id=3531"},"modified":"2023-09-15T12:08:51","modified_gmt":"2023-09-15T12:08:51","slug":"aquamat-elastic","status":"publish","type":"page","link":"https:\/\/aedcolor.com\/index.php\/aquamat-elastic\/","title":{"rendered":"AQUAMAT-ELASTIC"},"content":{"rendered":"<div class=\"wpb-content-wrapper\"><p>[vc_row css=&#8221;.vc_custom_1683099634441{padding-bottom: 30px !important;}&#8221;][vc_column width=&#8221;2\/3&#8243;][vc_custom_heading text=&#8221;AQUAMAT-ELASTIC&#8221; font_container=&#8221;tag:h2|font_size:50|text_align:left&#8221; use_theme_fonts=&#8221;yes&#8221; link=&#8221;|title:AQUAMAT%20-%20SUPERELASTIC||&#8221;][\/vc_column][\/vc_row][vc_row][vc_column width=&#8221;1\/2&#8243;][vc_single_image image=&#8221;3542&#8243; img_size=&#8221;full&#8221;][\/vc_column][vc_column width=&#8221;1\/2&#8243;][vc_column_text]<span style=\"color: #000000;\"><strong>AQUAMAT-ELASTIC \u00ebsht\u00eb nj\u00eb llac hidroizolues lyer\u00ebs elastik, 2 komponent\u00ebsh.<\/strong> P\u00ebrb\u00ebhet nga nj\u00eb pluhur me baz\u00eb cimento (komponenti A) dhe nj\u00eb emulsion me p\u00ebrmbajtje rr\u00ebshire (komponenti B). Pas mpiksjes (ngurt\u00ebsimit) s\u00eb tij krijohet nj\u00eb membran\u00eb pa fuga dhe bashkime dhe ofron avantazhet e m\u00ebposhtme:<\/span><\/p>\n<ul>\n<li><span style=\"color: #000000;\">Aft\u00ebsi p\u00ebr mbylljen e plasaritjeve<\/span><\/li>\n<li><span style=\"color: #000000;\">Hidroizolim i plot\u00eb ndaj presionit hidrostatik pozitiv deri n\u00eb 5 atm, sipas EN 12390-8. Mund ti rezistoj\u00eb dhe trysnis\u00eb negative.<\/span><\/li>\n<li><span style=\"color: #000000;\">P\u00ebrshkueshm\u00ebri nga avujt.<\/span><\/li>\n<li><span style=\"color: #000000;\">\u00cbsht\u00eb i p\u00ebrshtatur p\u00ebr hidroizolimin e rezervuar\u00ebve t\u00eb ujit t\u00eb pijsh\u00ebm dhe t\u00eb sip\u00ebrfaqeve q\u00eb jan\u00eb n\u00eb kontakt me ushqime, sipas k\u00ebrkesave t\u00eb W-347, EPA 330.5 dhe EPA 110.2.<\/span><\/li>\n<li><span style=\"color: #000000;\">Rezistenc\u00eb nga rrezet UV<\/span><\/li>\n<li><span style=\"color: #000000;\">Rezistenc\u00eb ndaj vjetrimit<\/span><\/li>\n<li><span style=\"color: #000000;\">Nuk ka asnj\u00eb efekt g\u00ebrryes p\u00ebr celikun n\u00eb lidhjet e betonit.<\/span><\/li>\n<li><span style=\"color: #000000;\">Mbron betonin nga karbonizimi<\/span><\/li>\n<li><span style=\"color: #000000;\">\u00cbsht\u00eb rezistent ndaj uj\u00ebrave t\u00eb zeza (impianteve pvr trajtimin e uj\u00ebrave t\u00eb zeza, kanalizimeve).<\/span><\/li>\n<li><span style=\"color: #000000;\">Ngjitje n\u00eb sip\u00ebrfaqe t\u00eb njoma pa patur nevoj\u00eb p\u00ebr prajmer (astar).<\/span><\/li>\n<li><span style=\"color: #000000;\">Aplikim me leht\u00ebsi dhe n\u00eb m\u00ebnyr\u00eb ekonomike.<\/span><\/li>\n<li><span style=\"color: #000000;\">I p\u00ebrshtatsh\u00ebm p\u00ebr catit\u00eb e gjelbra, shtret\u00ebrit e luleve, etj., pasi \u00ebsht\u00eb e certifikuar si rezistent ndaj rr\u00ebnj\u00ebve.<\/span><\/li>\n<li><span style=\"color: #000000;\">Sh\u00ebrben gjithashtu si nj\u00eb barrier\u00eb radoni.<\/span><\/li>\n<\/ul>\n<p><span style=\"color: #000000;\">P\u00ebrdoret p\u00ebr hidroizolimin e sip\u00ebrfaqeve prej betoni, suvaje, muri me tulla, muri me blloqe betoni, mozaiku, pllakash gipsi, druri, metali etj. \u00cbsht\u00eb ideal p\u00ebr aplikime n\u00eb t\u00eb cilat k\u00ebrkohet elasticitet i lart\u00eb dhe ngjitje e mir\u00eb e shtres\u00ebs horizontale. \u00cbsht\u00eb i p\u00ebrshtatsh\u00ebm p\u00ebr hidroizolimin e sip\u00ebrfaqeve q\u00eb u n\u00ebnshtrohen tkurrje-bymimeve, tronditjeve, paraqesin ose pritet t\u00eb paraqesin plasaritje t\u00eb im\u00ebta, si tarracat, ballkonet, rezervuar\u00eb mbitok\u00ebsor\u00eb, pishina, tarraca me trar\u00eb q\u00eb dalin nga ana e sip\u00ebrme e pllak\u00ebs etj. Gjithashtu mund t\u00eb p\u00ebrdoret edhe p\u00ebr hidroizolimin e bodrumeve, nga ana e brendshme ose e jashtme, nga lag\u00ebshtia ose uji me presion.<\/span><\/p>\n<p><strong><span style=\"color: #000000;\">P\u00ebrdorimi<\/span><\/strong><\/p>\n<p><span style=\"color: #000000;\">Materiali i thesit 25 kg (komponenti A) shtrohet n\u00eb 10 kg l\u00ebng (komponenti B) duke u p\u00ebrzier vazhdimisht, deri sa t\u00eb krijohet nj\u00eb mas\u00eb e but\u00eb homogjene, e p\u00ebrshtatshme pvr lyerje. Sip\u00ebrfaqja ku do t\u00eb aplikohet duhet t\u00eb laget me uj\u00eb, pa patur uj\u00ebra t\u00eb ndenjur. Llaci aplikohet (shtrohet) me furc\u00eb n\u00eb dy ose m\u00eb shum\u00eb shtresa, n\u00eb var\u00ebsi t\u00eb shkall\u00ebs s\u00eb veprimit t\u00eb ujit. Shtresa me trash\u00ebsi m\u00eb t\u00eb madhe se 1 mm duhet t\u00eb evitohen p\u00ebr shkak t\u00eb rrezikut t\u00eb plasaritjes s\u00eb materialit. Cdo shtres\u00eb e re vijon pasi \u00ebsht\u00eb thar\u00eb shtresa e m\u00ebparshme. Sip\u00ebrfaqja e sapo lyer duhet t\u00eb mbrohet nga temperaturat e larta, shiu dhe ngrica. N\u00eb vende ku kvrkohet pvrforcimi lokal i AQUAMAT-ELASTIC (qoshe t\u00eb brendshme n\u00eb t\u00eb cilat nuk \u00ebsht\u00eb i domosdosh\u00ebm krijimi i &#8220;ullukut&#8221; (rrumbullakosje), bashkime elementesh t\u00eb ndryshme etj) rekomandohet p\u00ebrdorimi i rrjet\u00ebs prej poliesteri (30 g\/m2) ose rrjet\u00ebs prej xhami (65g\/m2) me gjer\u00ebsi 10 cm.<\/span>[\/vc_column_text][vc_row_inner][vc_column_inner width=&#8221;1\/2&#8243;]<div class=\"standard-arrow bullet-top\"><ul>\n<li>\n<div class=\"col-12 col-xs-6 col-sm-12 col-md-6 d-flex pb-2 pb-md-3 \"><span style=\"color: #000000;\">N\u00eb rastet kur kemi uj\u00eb me presion duhet pasur kujdes q\u00eb largimi iujit me pomp\u00eb, q\u00eb mban m\u00eb posht\u00eb nivelin e uj\u00ebrave n\u00ebntok\u00ebsor, t\u00eb jet\u00eb i vazhduesh\u00ebm (me regjim automatik) gjat\u00eb gjith\u00eb periudh\u00ebs s\u00eb zbatimit t\u00eb punimeve dhe t\u00eb vazhdoj\u00eb deri sa t\u00eb ngurt\u00ebsohet n\u00eb m\u00ebnyr\u00eb t\u00eb mjaftueshme AQUAMAT-ELASTIC dometh\u00ebn\u00eb p\u00ebr rreth 7 dit\u00eb.<\/span><\/div>\n<\/li>\n<li><span style=\"color: #000000;\">N\u00ebnshtresa mbi t\u00eb cil\u00ebn aplikohet shtresa hidroizoluese (mur, dysheme etj) duhet t\u00eb jet\u00eb llogaritur nga ana statike n\u00eb m\u00ebnyr\u00eb q\u00eb t\u00eb jet\u00eb e q\u00ebndrueshme nga veprimi i presionit hidrostatik t\u00eb ujit.<\/span><\/li>\n<\/ul>\n<\/div>[\/vc_column_inner][vc_column_inner width=&#8221;1\/2&#8243;]<div class=\"standard-arrow bullet-top\"><ul>\n<li><span style=\"color: #000000;\">Temperatura gjat\u00eb aplikimit (hidroizolimit) duhet t\u00ebjet\u00eb nd\u00ebrmjet +5 oC dhe +30 oC.<\/span><\/li>\n<li><span style=\"color: #000000;\">Komponenti A i produktit p\u00ebrmban cimento i cili reagon si alkal meujin dhe klasifikohet si irritues.<\/span><\/li>\n<\/ul>\n<\/div>[\/vc_column_inner][\/vc_row_inner][vc_row_inner css=&#8221;.vc_custom_1683100048912{padding-top: 20px !important;}&#8221;][vc_column_inner width=&#8221;1\/2&#8243;]<div class=\"aio-icon-component    style_1\"><div id=\"Info-box-wrap-5577\" class=\"aio-icon-box default-icon\" style=\"\"  ><div class=\"aio-icon-default\"><div class=\"ult-just-icon-wrapper  \"><div class=\"align-icon\" style=\"text-align:center;\">\n<div class=\"aio-icon-img \" style=\"font-size:65px;display:inline-block;\" >\n\t<img decoding=\"async\" class=\"img-icon\" alt=\"null\" src=\"https:\/\/aedcolor.com\/wp-content\/uploads\/2023\/05\/image-2.png\"\/>\n<\/div><\/div><\/div><\/div><div class=\"aio-icon-header\" ><h3 class=\"aio-icon-title ult-responsive\"  data-ultimate-target='#Info-box-wrap-5577 .aio-icon-title'  data-responsive-json-new='{\"font-size\":\"\",\"line-height\":\"\"}'  style=\"\">Sip\u00ebrfaqe: Beton, suva, pllaka gipsi<\/h3><\/div> <!-- header --><\/div> <!-- aio-icon-box --><\/div> <!-- aio-icon-component -->[\/vc_column_inner][vc_column_inner width=&#8221;1\/2&#8243;]<div class=\"aio-icon-component    style_1\"><div id=\"Info-box-wrap-3206\" class=\"aio-icon-box default-icon\" style=\"\"  ><div class=\"aio-icon-default\"><div class=\"ult-just-icon-wrapper  \"><div class=\"align-icon\" style=\"text-align:center;\">\n<div class=\"aio-icon-img \" style=\"font-size:65px;display:inline-block;\" >\n\t<img decoding=\"async\" class=\"img-icon\" alt=\"null\" src=\"https:\/\/aedcolor.com\/wp-content\/uploads\/2023\/05\/image-1.png\"\/>\n<\/div><\/div><\/div><\/div><div class=\"aio-icon-header\" ><h3 class=\"aio-icon-title ult-responsive\"  data-ultimate-target='#Info-box-wrap-3206 .aio-icon-title'  data-responsive-json-new='{\"font-size\":\"\",\"line-height\":\"\"}'  style=\"\">Aplikimi: Fur\u00e7\u00eb ose rul<\/h3><\/div> <!-- header --><\/div> <!-- aio-icon-box --><\/div> <!-- aio-icon-component -->[\/vc_column_inner][\/vc_row_inner][\/vc_column][\/vc_row]<\/p>\n<\/div>","protected":false},"excerpt":{"rendered":"<p>[vc_row css=&#8221;.vc_custom_1683099634441{padding-bottom: 30px !important;}&#8221;][vc_column width=&#8221;2\/3&#8243;][vc_custom_heading text=&#8221;AQUAMAT-ELASTIC&#8221; font_container=&#8221;tag:h2|font_size:50|text_align:left&#8221; use_theme_fonts=&#8221;yes&#8221; link=&#8221;|title:AQUAMAT%20-%20SUPERELASTIC||&#8221;][\/vc_column][\/vc_row][vc_row][vc_column width=&#8221;1\/2&#8243;][vc_single_image image=&#8221;3542&#8243; img_size=&#8221;full&#8221;][\/vc_column][vc_column width=&#8221;1\/2&#8243;][vc_column_text]AQUAMAT-ELASTIC \u00ebsht\u00eb nj\u00eb llac hidroizolues lyer\u00ebs elastik, 2 komponent\u00ebsh. P\u00ebrb\u00ebhet nga nj\u00eb pluhur me baz\u00eb cimento (komponenti A) dhe nj\u00eb emulsion me p\u00ebrmbajtje rr\u00ebshire (komponenti B). Pas mpiksjes (ngurt\u00ebsimit) s\u00eb tij krijohet nj\u00eb membran\u00eb pa fuga dhe bashkime dhe ofron avantazhet e m\u00ebposhtme:&hellip;<\/p>\n","protected":false},"author":2,"featured_media":0,"parent":0,"menu_order":0,"comment_status":"closed","ping_status":"closed","template":"","meta":{"footnotes":""},"class_list":["post-3531","page","type-page","status-publish","hentry","description-off"],"_links":{"self":[{"href":"https:\/\/aedcolor.com\/index.php\/wp-json\/wp\/v2\/pages\/3531","targetHints":{"allow":["GET"]}}],"collection":[{"href":"https:\/\/aedcolor.com\/index.php\/wp-json\/wp\/v2\/pages"}],"about":[{"href":"https:\/\/aedcolor.com\/index.php\/wp-json\/wp\/v2\/types\/page"}],"author":[{"embeddable":true,"href":"https:\/\/aedcolor.com\/index.php\/wp-json\/wp\/v2\/users\/2"}],"replies":[{"embeddable":true,"href":"https:\/\/aedcolor.com\/index.php\/wp-json\/wp\/v2\/comments?post=3531"}],"version-history":[{"count":3,"href":"https:\/\/aedcolor.com\/index.php\/wp-json\/wp\/v2\/pages\/3531\/revisions"}],"predecessor-version":[{"id":9087,"href":"https:\/\/aedcolor.com\/index.php\/wp-json\/wp\/v2\/pages\/3531\/revisions\/9087"}],"wp:attachment":[{"href":"https:\/\/aedcolor.com\/index.php\/wp-json\/wp\/v2\/media?parent=3531"}],"curies":[{"name":"wp","href":"https:\/\/api.w.org\/{rel}","templated":true}]}}