{"id":3804,"date":"2023-05-31T08:54:11","date_gmt":"2023-05-31T08:54:11","guid":{"rendered":"https:\/\/aedcolor.com\/?page_id=3804"},"modified":"2024-02-16T07:49:11","modified_gmt":"2024-02-16T07:49:11","slug":"eshadien","status":"publish","type":"page","link":"https:\/\/aedcolor.com\/index.php\/eshadien\/","title":{"rendered":"ESHADIEN"},"content":{"rendered":"<div class=\"wpb-content-wrapper\"><p>[vc_row css=&#8221;.vc_custom_1683099634441{padding-bottom: 30px !important;}&#8221;][vc_column width=&#8221;2\/3&#8243;][vc_custom_heading text=&#8221;ESHADIEN<br \/>\n&#8221; font_container=&#8221;tag:h2|font_size:50|text_align:left&#8221; use_theme_fonts=&#8221;yes&#8221; link=&#8221;|title:AQUAMAT%20-%20SUPERELASTIC||&#8221;][\/vc_column][\/vc_row][vc_row][vc_column width=&#8221;1\/2&#8243;][vc_single_image image=&#8221;3776&#8243; img_size=&#8221;full&#8221; image_hovers=&#8221;false&#8221;][\/vc_column][vc_column width=&#8221;1\/2&#8243;][vc_column_text]<span style=\"color: #000000;\">Membranat elastomerike hidroizoluese EshaDien prodhohen nga bitum special, i modifikuar me materiale elastomerike termoplastike (SBS).\u00a0Ky modifikim SBS i bitumit rezulton n\u00eb nj\u00eb material lidh\u00ebs me elasticitet t\u00eb shtuar dhe veti viskoelastike t\u00eb p\u00ebrmir\u00ebsuara, t\u00eb cilat jan\u00eb ideale p\u00ebr prodhimin e produkteve hidroizoluese bituminoze me cil\u00ebsi t\u00eb shk\u00eblqyer.<\/span>[\/vc_column_text][vc_row_inner][vc_column_inner width=&#8221;1\/2&#8243;]<div class=\"standard-arrow bullet-top\"><ul>\n<li>\n<div class=\"col-12 col-xs-6 col-sm-12 col-md-6 d-flex pb-2 pb-md-3 \"><span style=\"color: #000000;\">Elasticitet i madh (aft\u00ebsia p\u00ebr t&#8217;u shtrir\u00eb dhe zmbrapsur n\u00eb dimensionet e saj fillestare pas deformimit)<\/span><\/div>\n<\/li>\n<li><span style=\"color: #000000;\">Fleksibiliteti m\u00eb i lart\u00eb n\u00eb temperatura t\u00eb ul\u00ebta (-20 \u00b0C) krahasuar me llojet e tjera t\u00eb membranave bituminoze<\/span><\/li>\n<li><span style=\"color: #000000;\">Saldueshm\u00ebri e avancuar n\u00eb \u00e7do n\u00ebnshtres\u00eb<\/span><\/li>\n<\/ul>\n<\/div>[\/vc_column_inner][vc_column_inner width=&#8221;1\/2&#8243;]<div class=\"standard-arrow bullet-top\"><ul>\n<li><span style=\"color: #000000;\">Rezistenc\u00eb e lart\u00eb ndaj shpimit dhe rezistenc\u00eb ndaj deformimeve mekanike<\/span><\/li>\n<li><span style=\"color: #000000;\">Rezistenc\u00eb e lart\u00eb ndaj plasaritjes p\u00ebr shkak t\u00eb vetive t\u00eb tij elastike<\/span><\/li>\n<\/ul>\n<\/div>[\/vc_column_inner][\/vc_row_inner][\/vc_column][\/vc_row]<\/p>\n<\/div>","protected":false},"excerpt":{"rendered":"<p>[vc_row css=&#8221;.vc_custom_1683099634441{padding-bottom: 30px !important;}&#8221;][vc_column width=&#8221;2\/3&#8243;][vc_custom_heading text=&#8221;ESHADIEN &#8221; font_container=&#8221;tag:h2|font_size:50|text_align:left&#8221; use_theme_fonts=&#8221;yes&#8221; link=&#8221;|title:AQUAMAT%20-%20SUPERELASTIC||&#8221;][\/vc_column][\/vc_row][vc_row][vc_column width=&#8221;1\/2&#8243;][vc_single_image image=&#8221;3776&#8243; img_size=&#8221;full&#8221; image_hovers=&#8221;false&#8221;][\/vc_column][vc_column width=&#8221;1\/2&#8243;][vc_column_text]Membranat elastomerike hidroizoluese EshaDien prodhohen nga bitum special, i modifikuar me materiale elastomerike termoplastike (SBS).\u00a0Ky modifikim SBS i bitumit rezulton n\u00eb nj\u00eb material lidh\u00ebs me elasticitet t\u00eb shtuar dhe veti viskoelastike t\u00eb p\u00ebrmir\u00ebsuara, t\u00eb cilat jan\u00eb ideale p\u00ebr prodhimin e produkteve&hellip;<\/p>\n","protected":false},"author":2,"featured_media":0,"parent":0,"menu_order":0,"comment_status":"closed","ping_status":"closed","template":"","meta":{"footnotes":""},"class_list":["post-3804","page","type-page","status-publish","hentry","description-off"],"_links":{"self":[{"href":"https:\/\/aedcolor.com\/index.php\/wp-json\/wp\/v2\/pages\/3804","targetHints":{"allow":["GET"]}}],"collection":[{"href":"https:\/\/aedcolor.com\/index.php\/wp-json\/wp\/v2\/pages"}],"about":[{"href":"https:\/\/aedcolor.com\/index.php\/wp-json\/wp\/v2\/types\/page"}],"author":[{"embeddable":true,"href":"https:\/\/aedcolor.com\/index.php\/wp-json\/wp\/v2\/users\/2"}],"replies":[{"embeddable":true,"href":"https:\/\/aedcolor.com\/index.php\/wp-json\/wp\/v2\/comments?post=3804"}],"version-history":[{"count":2,"href":"https:\/\/aedcolor.com\/index.php\/wp-json\/wp\/v2\/pages\/3804\/revisions"}],"predecessor-version":[{"id":10459,"href":"https:\/\/aedcolor.com\/index.php\/wp-json\/wp\/v2\/pages\/3804\/revisions\/10459"}],"wp:attachment":[{"href":"https:\/\/aedcolor.com\/index.php\/wp-json\/wp\/v2\/media?parent=3804"}],"curies":[{"name":"wp","href":"https:\/\/api.w.org\/{rel}","templated":true}]}}