{"id":3814,"date":"2023-05-31T09:17:33","date_gmt":"2023-05-31T09:17:33","guid":{"rendered":"https:\/\/aedcolor.com\/?page_id=3814"},"modified":"2024-02-28T09:03:01","modified_gmt":"2024-02-28T09:03:01","slug":"eshagum-fr","status":"publish","type":"page","link":"https:\/\/aedcolor.com\/index.php\/eshagum-fr\/","title":{"rendered":"ESHAGUM FR"},"content":{"rendered":"<div class=\"wpb-content-wrapper\"><p>[vc_row css=&#8221;.vc_custom_1683099634441{padding-bottom: 30px !important;}&#8221;][vc_column width=&#8221;2\/3&#8243;][vc_custom_heading text=&#8221;ESHAGUM FR<br \/>\n&#8221; font_container=&#8221;tag:h2|font_size:50|text_align:left&#8221; use_theme_fonts=&#8221;yes&#8221; link=&#8221;|title:AQUAMAT%20-%20SUPERELASTIC||&#8221;][\/vc_column][\/vc_row][vc_row][vc_column width=&#8221;1\/2&#8243;][vc_single_image image=&#8221;3783&#8243; img_size=&#8221;full&#8221; image_hovers=&#8221;false&#8221;][\/vc_column][vc_column width=&#8221;1\/2&#8243;][vc_column_text]<strong><span style=\"color: #000000;\">ESHAGUM SP FR \u00ebsht\u00eb nj\u00eb membran\u00eb hidroizoluese asfalti, me p\u00ebrforcim poliest\u00ebr SP, e projektuar p\u00ebr projekte hidroizolimi ku ka nj\u00eb rrezik t\u00eb shtuar zjarri.<\/span><\/strong><br \/>\n<span style=\"color: #000000;\">Modifikimi i vecant\u00eb i bitumit me polimere poliolefine termoplastike dhe elastomer\u00eb termoplastik\u00eb n\u00eb kombinim me aditivin special &#8211; &#8220;pa halogjen&#8221; p\u00ebr rezistenc\u00ebn ndaj zjarrit dhe p\u00ebrforcimin special t\u00eb poliesterit SP me q\u00ebndrueshm\u00ebri t\u00eb lart\u00eb me fije xhami, i jep membran\u00ebs rezistenc\u00eb t\u00eb shtuar ndaj p\u00ebrhapjes s\u00eb zjarrit dhe n\u00eb sforcimet mekanike carje, shpim, prerje dhe tension.<\/span><\/p>\n<p><span style=\"color: #000000;\">P\u00ebrb\u00ebrja e tij unike i lejon <strong>ESHAGUM SP FR<\/strong> t\u00eb p\u00ebrballoj\u00eb temperaturat dhe kushtet klimatike jasht\u00ebzakonisht t\u00eb larta n\u00eb rrezatimin diellor, duke ruajtur t\u00eb gjitha vetit\u00eb e tij karakteristike n\u00eb temperatura shum\u00eb t\u00eb ul\u00ebta, madje edhe n\u00ebn -15oC.<\/span><\/p>\n<p><span style=\"color: #000000;\"><strong>ESHAGUM SP<\/strong> \u00ebsht\u00eb nj\u00eb garanci p\u00ebr hidroizolimin absolut dhe afatgjat\u00eb t\u00eb projekteve t\u00eb ekspozuara ndaj ndryshimeve ekstreme t\u00eb temperatur\u00ebs klimatike dhe rrezet intensive t\u00eb diellit, duke mbrojtur nd\u00ebrtesat nga p\u00ebrhapja e zjarrit. Zgjedhja e kombinimit t\u00eb duhur t\u00eb p\u00ebrforcimit, veshjes dhe pesh\u00ebs\/trash\u00ebsis\u00eb s\u00eb membran\u00ebs ofron nj\u00eb s\u00ebr\u00eb mund\u00ebsish aplikimi, si p.sh.<\/span>[\/vc_column_text][vc_row_inner][vc_column_inner width=&#8221;1\/2&#8243;]<div class=\"standard-arrow bullet-top\"><ul>\n<li><span style=\"color: #000000;\">Hidroizolimi i projekteve ku ka rrezik t\u00eb shtuar t\u00eb p\u00ebrhapjes s\u00eb zjarrit si objekte industriale, rafineri, nd\u00ebrtesa brenda zonave pyjore, objekte universale etj.<\/span><\/li>\n<li><span style=\"color: #000000;\">Hidroizolim i kulmeve t\u00eb sheshta dhe t\u00eb pjerr\u00ebta<\/span><\/li>\n<li><span style=\"color: #000000;\">Hidroizolim i kulmeve metalike.<\/span><\/li>\n<\/ul>\n<\/div>[\/vc_column_inner][vc_column_inner width=&#8221;1\/2&#8243;]<div class=\"standard-arrow bullet-top\"><ul>\n<li><span style=\"color: #000000;\">Riparime hidroizoluese<\/span><\/li>\n<li><span style=\"color: #000000;\">Hidroizolim i nd\u00ebrtesave n\u00ebntok\u00ebsore dhe themeleve<\/span><\/li>\n<li><span style=\"color: #000000;\">Hidroizolim i urave dhe parkingjeve<\/span><\/li>\n<\/ul>\n<\/div>[\/vc_column_inner][\/vc_row_inner][\/vc_column][\/vc_row]<\/p>\n<\/div>","protected":false},"excerpt":{"rendered":"<p>[vc_row css=&#8221;.vc_custom_1683099634441{padding-bottom: 30px !important;}&#8221;][vc_column width=&#8221;2\/3&#8243;][vc_custom_heading text=&#8221;ESHAGUM FR &#8221; font_container=&#8221;tag:h2|font_size:50|text_align:left&#8221; use_theme_fonts=&#8221;yes&#8221; link=&#8221;|title:AQUAMAT%20-%20SUPERELASTIC||&#8221;][\/vc_column][\/vc_row][vc_row][vc_column width=&#8221;1\/2&#8243;][vc_single_image image=&#8221;3783&#8243; img_size=&#8221;full&#8221; image_hovers=&#8221;false&#8221;][\/vc_column][vc_column width=&#8221;1\/2&#8243;][vc_column_text]ESHAGUM SP FR \u00ebsht\u00eb nj\u00eb membran\u00eb hidroizoluese asfalti, me p\u00ebrforcim poliest\u00ebr SP, e projektuar p\u00ebr projekte hidroizolimi ku ka nj\u00eb rrezik t\u00eb shtuar zjarri. Modifikimi i vecant\u00eb i bitumit me polimere poliolefine termoplastike dhe elastomer\u00eb termoplastik\u00eb n\u00eb kombinim me aditivin&hellip;<\/p>\n","protected":false},"author":2,"featured_media":0,"parent":0,"menu_order":0,"comment_status":"closed","ping_status":"closed","template":"","meta":{"footnotes":""},"class_list":["post-3814","page","type-page","status-publish","hentry","description-off"],"_links":{"self":[{"href":"https:\/\/aedcolor.com\/index.php\/wp-json\/wp\/v2\/pages\/3814","targetHints":{"allow":["GET"]}}],"collection":[{"href":"https:\/\/aedcolor.com\/index.php\/wp-json\/wp\/v2\/pages"}],"about":[{"href":"https:\/\/aedcolor.com\/index.php\/wp-json\/wp\/v2\/types\/page"}],"author":[{"embeddable":true,"href":"https:\/\/aedcolor.com\/index.php\/wp-json\/wp\/v2\/users\/2"}],"replies":[{"embeddable":true,"href":"https:\/\/aedcolor.com\/index.php\/wp-json\/wp\/v2\/comments?post=3814"}],"version-history":[{"count":4,"href":"https:\/\/aedcolor.com\/index.php\/wp-json\/wp\/v2\/pages\/3814\/revisions"}],"predecessor-version":[{"id":10693,"href":"https:\/\/aedcolor.com\/index.php\/wp-json\/wp\/v2\/pages\/3814\/revisions\/10693"}],"wp:attachment":[{"href":"https:\/\/aedcolor.com\/index.php\/wp-json\/wp\/v2\/media?parent=3814"}],"curies":[{"name":"wp","href":"https:\/\/api.w.org\/{rel}","templated":true}]}}