{"id":3818,"date":"2023-05-31T09:21:17","date_gmt":"2023-05-31T09:21:17","guid":{"rendered":"https:\/\/aedcolor.com\/?page_id=3818"},"modified":"2024-02-28T09:13:45","modified_gmt":"2024-02-28T09:13:45","slug":"eshafin","status":"publish","type":"page","link":"https:\/\/aedcolor.com\/index.php\/eshafin\/","title":{"rendered":"ESHAFIN"},"content":{"rendered":"<div class=\"wpb-content-wrapper\"><p>[vc_row css=&#8221;.vc_custom_1683099634441{padding-bottom: 30px !important;}&#8221;][vc_column width=&#8221;2\/3&#8243;][vc_custom_heading text=&#8221;ESHAFIN<br \/>\n&#8221; font_container=&#8221;tag:h2|font_size:50|text_align:left&#8221; use_theme_fonts=&#8221;yes&#8221; link=&#8221;|title:AQUAMAT%20-%20SUPERELASTIC||&#8221;][\/vc_column][\/vc_row][vc_row][vc_column width=&#8221;1\/2&#8243;][vc_single_image image=&#8221;3786&#8243; img_size=&#8221;full&#8221; image_hovers=&#8221;false&#8221;][\/vc_column][vc_column width=&#8221;1\/2&#8243;][vc_column_text]<span style=\"color: #000000;\"><strong>Membranat hidroizoluese elastomerike ESHAFIN<\/strong> prodhohen nga bitum special, i modifikuar me materiale elastomerike termoplastike (SBS). Ky modifikim i jep produktit elasticitet t\u00eb shk\u00eblqyer, edhe n\u00eb temperatura shum\u00eb t\u00eb ul\u00ebta (-10oC), karakteristika dhe veti t\u00eb p\u00ebrmir\u00ebsuara reologjike t\u00eb cilat jan\u00eb ideale p\u00ebr prodhimin e membranave hidroizoluese bituminoze me cil\u00ebsi t\u00eb lart\u00eb.<\/span><\/p>\n<p><span style=\"color: #000000;\">Zgjedhja e kombinimit t\u00eb duhur t\u00eb p\u00ebrforcimit, veshjes dhe pesh\u00ebs\/trash\u00ebsis\u00eb s\u00eb membran\u00ebs jep nj\u00eb shum\u00ebllojshm\u00ebri aplikimesh dhe zgjidhje me cil\u00ebsi t\u00eb lart\u00eb p\u00ebr cdo problem hidroizolimi, si p.sh.<\/span><\/p>\n<p>[\/vc_column_text][vc_row_inner][vc_column_inner width=&#8221;1\/2&#8243;]<div class=\"standard-arrow bullet-top\"><ul>\n<li><span style=\"color: #000000;\">Hidroizolim i kulmeve t\u00eb sheshta dhe t\u00eb pjerr\u00ebta<\/span><\/li>\n<li><span style=\"color: #000000;\">Hidroizolim i kulmeve metalike<\/span><\/li>\n<li><span style=\"color: #000000;\">Riparime hidroizoluese<\/span><\/li>\n<li><span style=\"color: #000000;\">Hidroizolim i urave dhe parkingjeve<\/span><\/li>\n<\/ul>\n<\/div>[\/vc_column_inner][vc_column_inner width=&#8221;1\/2&#8243;]<div class=\"standard-arrow bullet-top\"><ul>\n<li><span style=\"color: #000000;\">Mbyllja e tankeve dhe kanaleve<\/span><\/li>\n<li><span style=\"color: #000000;\">Barriera absolute e avullit t\u00eb ujit, por edhe barriera e radonit dhe rrezatimit elektromagnetik (Sandwich ESHAFIN, me p\u00ebrforcim t\u00eb prendsh\u00ebm alumini)<\/span><\/li>\n<li><span style=\"color: #000000;\">Barriera e rrezatimit E\/M (ESHAFIN P-AL, me shtres\u00eb t\u00eb sip\u00ebrme alumini shum\u00eb reflektuese).<\/span><\/li>\n<\/ul>\n<\/div>[\/vc_column_inner][\/vc_row_inner][\/vc_column][\/vc_row]<\/p>\n<\/div>","protected":false},"excerpt":{"rendered":"<p>[vc_row css=&#8221;.vc_custom_1683099634441{padding-bottom: 30px !important;}&#8221;][vc_column width=&#8221;2\/3&#8243;][vc_custom_heading text=&#8221;ESHAFIN &#8221; font_container=&#8221;tag:h2|font_size:50|text_align:left&#8221; use_theme_fonts=&#8221;yes&#8221; link=&#8221;|title:AQUAMAT%20-%20SUPERELASTIC||&#8221;][\/vc_column][\/vc_row][vc_row][vc_column width=&#8221;1\/2&#8243;][vc_single_image image=&#8221;3786&#8243; img_size=&#8221;full&#8221; image_hovers=&#8221;false&#8221;][\/vc_column][vc_column width=&#8221;1\/2&#8243;][vc_column_text]Membranat hidroizoluese elastomerike ESHAFIN prodhohen nga bitum special, i modifikuar me materiale elastomerike termoplastike (SBS). Ky modifikim i jep produktit elasticitet t\u00eb shk\u00eblqyer, edhe n\u00eb temperatura shum\u00eb t\u00eb ul\u00ebta (-10oC), karakteristika dhe veti t\u00eb p\u00ebrmir\u00ebsuara reologjike t\u00eb cilat jan\u00eb ideale p\u00ebr&hellip;<\/p>\n","protected":false},"author":2,"featured_media":0,"parent":0,"menu_order":0,"comment_status":"closed","ping_status":"closed","template":"","meta":{"footnotes":""},"class_list":["post-3818","page","type-page","status-publish","hentry","description-off"],"_links":{"self":[{"href":"https:\/\/aedcolor.com\/index.php\/wp-json\/wp\/v2\/pages\/3818","targetHints":{"allow":["GET"]}}],"collection":[{"href":"https:\/\/aedcolor.com\/index.php\/wp-json\/wp\/v2\/pages"}],"about":[{"href":"https:\/\/aedcolor.com\/index.php\/wp-json\/wp\/v2\/types\/page"}],"author":[{"embeddable":true,"href":"https:\/\/aedcolor.com\/index.php\/wp-json\/wp\/v2\/users\/2"}],"replies":[{"embeddable":true,"href":"https:\/\/aedcolor.com\/index.php\/wp-json\/wp\/v2\/comments?post=3818"}],"version-history":[{"count":4,"href":"https:\/\/aedcolor.com\/index.php\/wp-json\/wp\/v2\/pages\/3818\/revisions"}],"predecessor-version":[{"id":10695,"href":"https:\/\/aedcolor.com\/index.php\/wp-json\/wp\/v2\/pages\/3818\/revisions\/10695"}],"wp:attachment":[{"href":"https:\/\/aedcolor.com\/index.php\/wp-json\/wp\/v2\/media?parent=3818"}],"curies":[{"name":"wp","href":"https:\/\/api.w.org\/{rel}","templated":true}]}}