{"id":3825,"date":"2023-05-31T09:26:14","date_gmt":"2023-05-31T09:26:14","guid":{"rendered":"https:\/\/aedcolor.com\/?page_id=3825"},"modified":"2024-02-28T09:50:00","modified_gmt":"2024-02-28T09:50:00","slug":"eshaproof","status":"publish","type":"page","link":"https:\/\/aedcolor.com\/index.php\/eshaproof\/","title":{"rendered":"ESHAPROOF"},"content":{"rendered":"<div class=\"wpb-content-wrapper\"><p>[vc_row css=&#8221;.vc_custom_1683099634441{padding-bottom: 30px !important;}&#8221;][vc_column width=&#8221;2\/3&#8243;][vc_custom_heading text=&#8221;ESHAPROOF<br \/>\n&#8221; font_container=&#8221;tag:h2|font_size:50|text_align:left&#8221; use_theme_fonts=&#8221;yes&#8221; link=&#8221;|title:AQUAMAT%20-%20SUPERELASTIC||&#8221;][\/vc_column][\/vc_row][vc_row][vc_column width=&#8221;1\/2&#8243;][vc_single_image image=&#8221;3790&#8243; img_size=&#8221;full&#8221; image_hovers=&#8221;false&#8221;][\/vc_column][vc_column width=&#8221;1\/2&#8243;][vc_column_text]<span style=\"color: #000000;\"><strong>Membranat ESHAPROOF jan\u00eb membrana hidroizoluese bituminoze plastomere<\/strong>, t\u00eb cilat prodhohen nga lloje t\u00eb vecanta dhe materiale t\u00eb zgjedhura polimer\u00ebsh, me baz\u00eb polipropileni ataktik (APP). Ato jan\u00eb prodhur p\u00ebr t\u00eb ofruar hidroizolim dhe mbrojtje t\u00eb besueshme me kalimin e koh\u00ebs dhe kushteve t\u00eb ngrohta klimatike.<\/span><\/p>\n<p><span style=\"color: #000000;\">Zgjedhja e kombinimit t\u00eb duhur t\u00eb p\u00ebrforvimit, veshjes dhe pesh\u00ebs\/trash\u00ebsis\u00eb s\u00eb membran\u00ebs ofron nj\u00eb s\u00ebr\u00eb mund\u00ebsish aplikimi, si p.sh.<\/span><\/p>\n<p>[\/vc_column_text][vc_row_inner][vc_column_inner width=&#8221;1\/2&#8243;]<div class=\"standard-arrow bullet-top\"><ul>\n<li><span style=\"color: #000000;\">Hidroizolimi i kulmeve t\u00eb sheshta dhe t\u00eb pjerr\u00ebta<\/span><\/li>\n<li><span style=\"color: #000000;\">Hidroizolim i kuvert\u00ebs s\u00eb ur\u00ebs<\/span><\/li>\n<li><span style=\"color: #000000;\">Hidroizolim i kulmeve metalike<\/span><\/li>\n<\/ul>\n<\/div>[\/vc_column_inner][vc_column_inner width=&#8221;1\/2&#8243;]<div class=\"standard-arrow bullet-top\"><ul>\n<li><span style=\"color: #000000;\">Riparime hidroizoluese<\/span><\/li>\n<li><span style=\"color: #000000;\">Hidroizolim i nd\u00ebrtimeve n\u00ebntok\u00ebsore dhe themeleve<\/span><\/li>\n<\/ul>\n<\/div>[\/vc_column_inner][\/vc_row_inner][\/vc_column][\/vc_row]<\/p>\n<\/div>","protected":false},"excerpt":{"rendered":"<p>[vc_row css=&#8221;.vc_custom_1683099634441{padding-bottom: 30px !important;}&#8221;][vc_column width=&#8221;2\/3&#8243;][vc_custom_heading text=&#8221;ESHAPROOF &#8221; font_container=&#8221;tag:h2|font_size:50|text_align:left&#8221; use_theme_fonts=&#8221;yes&#8221; link=&#8221;|title:AQUAMAT%20-%20SUPERELASTIC||&#8221;][\/vc_column][\/vc_row][vc_row][vc_column width=&#8221;1\/2&#8243;][vc_single_image image=&#8221;3790&#8243; img_size=&#8221;full&#8221; image_hovers=&#8221;false&#8221;][\/vc_column][vc_column width=&#8221;1\/2&#8243;][vc_column_text]Membranat ESHAPROOF jan\u00eb membrana hidroizoluese bituminoze plastomere, t\u00eb cilat prodhohen nga lloje t\u00eb vecanta dhe materiale t\u00eb zgjedhura polimer\u00ebsh, me baz\u00eb polipropileni ataktik (APP). Ato jan\u00eb prodhur p\u00ebr t\u00eb ofruar hidroizolim dhe mbrojtje t\u00eb besueshme me kalimin e koh\u00ebs dhe kushteve&hellip;<\/p>\n","protected":false},"author":2,"featured_media":0,"parent":0,"menu_order":0,"comment_status":"closed","ping_status":"closed","template":"","meta":{"footnotes":""},"class_list":["post-3825","page","type-page","status-publish","hentry","description-off"],"_links":{"self":[{"href":"https:\/\/aedcolor.com\/index.php\/wp-json\/wp\/v2\/pages\/3825","targetHints":{"allow":["GET"]}}],"collection":[{"href":"https:\/\/aedcolor.com\/index.php\/wp-json\/wp\/v2\/pages"}],"about":[{"href":"https:\/\/aedcolor.com\/index.php\/wp-json\/wp\/v2\/types\/page"}],"author":[{"embeddable":true,"href":"https:\/\/aedcolor.com\/index.php\/wp-json\/wp\/v2\/users\/2"}],"replies":[{"embeddable":true,"href":"https:\/\/aedcolor.com\/index.php\/wp-json\/wp\/v2\/comments?post=3825"}],"version-history":[{"count":3,"href":"https:\/\/aedcolor.com\/index.php\/wp-json\/wp\/v2\/pages\/3825\/revisions"}],"predecessor-version":[{"id":10699,"href":"https:\/\/aedcolor.com\/index.php\/wp-json\/wp\/v2\/pages\/3825\/revisions\/10699"}],"wp:attachment":[{"href":"https:\/\/aedcolor.com\/index.php\/wp-json\/wp\/v2\/media?parent=3825"}],"curies":[{"name":"wp","href":"https:\/\/api.w.org\/{rel}","templated":true}]}}