{"id":3831,"date":"2023-05-31T09:33:48","date_gmt":"2023-05-31T09:33:48","guid":{"rendered":"https:\/\/aedcolor.com\/?page_id=3831"},"modified":"2024-02-28T10:10:26","modified_gmt":"2024-02-28T10:10:26","slug":"eshadien-ultra-white","status":"publish","type":"page","link":"https:\/\/aedcolor.com\/index.php\/eshadien-ultra-white\/","title":{"rendered":"ESHADIEN ULTRA WHITE"},"content":{"rendered":"<div class=\"wpb-content-wrapper\"><p>[vc_row css=&#8221;.vc_custom_1683099634441{padding-bottom: 30px !important;}&#8221;][vc_column width=&#8221;2\/3&#8243;][vc_custom_heading text=&#8221;ESHADIEN ULTRA WHITE<br \/>\n&#8221; font_container=&#8221;tag:h2|font_size:50|text_align:left&#8221; use_theme_fonts=&#8221;yes&#8221; link=&#8221;|title:AQUAMAT%20-%20SUPERELASTIC||&#8221;][\/vc_column][\/vc_row][vc_row][vc_column width=&#8221;1\/2&#8243;][vc_single_image image=&#8221;3795&#8243; img_size=&#8221;full&#8221; image_hovers=&#8221;false&#8221;][\/vc_column][vc_column width=&#8221;1\/2&#8243;][vc_column_text]<span style=\"color: #000000;\"><strong>Membrana hidroizoluese bituminoze revolicionare ESHADIEN Ultra White prodhohet nga bitum special, i modifikuar me materiale elastomere termoplastike (SBS).<\/strong> Ky modifikim i jep produktit elasticitet t\u00eb shk\u00eblqyesh\u00ebm edhe n\u00eb temperatura shum\u00eb t\u00eb ul\u00ebta (-20oC), karakteristika t\u00eb p\u00ebrmir\u00ebsuara reologjike dhe veti t\u00eb p\u00ebrgjithshme ideale p\u00ebr izolim me cil\u00ebsi t\u00eb lart\u00eb<\/span><\/p>\n<p><span style=\"color: #000000;\">ESHADIEN Ultra White kombinon hidroizolimin e shk\u00eblqyer t\u00eb nj\u00eb membrane elastomerike ESHADIEN SBS t\u00eb kombinuar me reflektueshm\u00ebri t\u00eb lart\u00eb, fal\u00eb nj\u00eb filmi polimer t\u00eb p\u00ebrforcuar me teknologji t\u00eb re Ultra White (Polimer absolutisht i bardh\u00eb (i p\u00ebrforcuar 3 &#8211; i laminuar) me reflektim t\u00eb lart\u00eb termik).<\/span><\/p>\n<p><strong><span style=\"color: #000000;\">AVANTAZHET<\/span><\/strong><\/p>\n<p>[\/vc_column_text][vc_row_inner][vc_column_inner width=&#8221;1\/2&#8243;]<div class=\"standard-arrow bullet-top\"><ul>\n<li><span style=\"color: #000000;\">Reflektim i lart\u00eb i drit\u00ebs s\u00eb diellit q\u00eb con n\u00eb fenomenin: cati e ftoht\u00eb n\u00ebn nj\u00eb cati t\u00eb shesht\u00eb me 5 oC ose m\u00eb shum\u00eb.\u00a0<\/span><\/li>\n<li><span style=\"color: #000000;\">Ndihmon p\u00ebr t\u00eb reduktuar &#8220;ishullin e nxeht\u00ebsis\u00eb&#8221; dhe konsumin m\u00eb t\u00eb ul\u00ebt t\u00eb energjis\u00eb t\u00eb sistemeve t\u00eb ajrit t\u00eb kondicionuar.<\/span><\/li>\n<li><span style=\"color: #000000;\">Reduktimi i emetimeve t\u00eb Co2<\/span><\/li>\n<li><span style=\"color: #000000;\">Sip\u00ebrfaqe vet\u00ebpastruese, nuk shfaq njolla t\u00eb verdha apo dukurin\u00eb e karbonizimit me ekspozimin e saj ndaj rrezatimit diellor, fenomen ky q\u00eb shfaqet n\u00eb hidroizolimin me poliuretani apo veshje t\u00eb tjera polimer.<\/span><\/li>\n<li><span style=\"color: #000000;\">Nuk ka nevoj\u00eb p\u00ebr ri-hidroizolim p\u00ebr disa vjet si izoluesit e zakonsh\u00ebm akrilik dhe poliuretani.<\/span><\/li>\n<li><span style=\"color: #000000;\">Dritare e gjer\u00eb n\u00eb aplikimin e temperatur\u00ebs.<\/span><\/li>\n<\/ul>\n<\/div>[\/vc_column_inner][vc_column_inner width=&#8221;1\/2&#8243;]<div class=\"standard-arrow bullet-top\"><ul>\n<li><span style=\"color: #000000;\">Rezistenc\u00eb e lart\u00eb ndaj carjeve, p\u00ebr shkak t\u00eb vetive elastike t\u00eb membran\u00ebs.<\/span><\/li>\n<li><span style=\"color: #000000;\">Rezistenc\u00eb e lart\u00eb ndaj shpimit dhe rezistenc\u00eb ndaj stresit mekanik.<\/span><\/li>\n<li><span style=\"color: #000000;\">Rritja e aft\u00ebsis\u00eb s\u00eb lidhjes me cdo substrat\u00a0<\/span><\/li>\n<li><span style=\"color: #000000;\">Rritja e rezistenc\u00ebs ndaj plakjes.<\/span><\/li>\n<li><span style=\"color: #000000;\">Nuk ka humbje t\u00eb materialit nga sip\u00ebrfaqja e membran\u00ebs sic ndodh me membranat asfaltike t\u00eb mozaikut.<\/span><\/li>\n<\/ul>\n<\/div>[\/vc_column_inner][\/vc_row_inner][\/vc_column][\/vc_row]<\/p>\n<\/div>","protected":false},"excerpt":{"rendered":"<p>[vc_row css=&#8221;.vc_custom_1683099634441{padding-bottom: 30px !important;}&#8221;][vc_column width=&#8221;2\/3&#8243;][vc_custom_heading text=&#8221;ESHADIEN ULTRA WHITE &#8221; font_container=&#8221;tag:h2|font_size:50|text_align:left&#8221; use_theme_fonts=&#8221;yes&#8221; link=&#8221;|title:AQUAMAT%20-%20SUPERELASTIC||&#8221;][\/vc_column][\/vc_row][vc_row][vc_column width=&#8221;1\/2&#8243;][vc_single_image image=&#8221;3795&#8243; img_size=&#8221;full&#8221; image_hovers=&#8221;false&#8221;][\/vc_column][vc_column width=&#8221;1\/2&#8243;][vc_column_text]Membrana hidroizoluese bituminoze revolicionare ESHADIEN Ultra White prodhohet nga bitum special, i modifikuar me materiale elastomere termoplastike (SBS). Ky modifikim i jep produktit elasticitet t\u00eb shk\u00eblqyesh\u00ebm edhe n\u00eb temperatura shum\u00eb t\u00eb ul\u00ebta (-20oC), karakteristika t\u00eb p\u00ebrmir\u00ebsuara reologjike dhe veti&hellip;<\/p>\n","protected":false},"author":2,"featured_media":0,"parent":0,"menu_order":0,"comment_status":"closed","ping_status":"closed","template":"","meta":{"footnotes":""},"class_list":["post-3831","page","type-page","status-publish","hentry","description-off"],"_links":{"self":[{"href":"https:\/\/aedcolor.com\/index.php\/wp-json\/wp\/v2\/pages\/3831","targetHints":{"allow":["GET"]}}],"collection":[{"href":"https:\/\/aedcolor.com\/index.php\/wp-json\/wp\/v2\/pages"}],"about":[{"href":"https:\/\/aedcolor.com\/index.php\/wp-json\/wp\/v2\/types\/page"}],"author":[{"embeddable":true,"href":"https:\/\/aedcolor.com\/index.php\/wp-json\/wp\/v2\/users\/2"}],"replies":[{"embeddable":true,"href":"https:\/\/aedcolor.com\/index.php\/wp-json\/wp\/v2\/comments?post=3831"}],"version-history":[{"count":3,"href":"https:\/\/aedcolor.com\/index.php\/wp-json\/wp\/v2\/pages\/3831\/revisions"}],"predecessor-version":[{"id":10703,"href":"https:\/\/aedcolor.com\/index.php\/wp-json\/wp\/v2\/pages\/3831\/revisions\/10703"}],"wp:attachment":[{"href":"https:\/\/aedcolor.com\/index.php\/wp-json\/wp\/v2\/media?parent=3831"}],"curies":[{"name":"wp","href":"https:\/\/api.w.org\/{rel}","templated":true}]}}