{"id":3838,"date":"2023-05-31T09:37:51","date_gmt":"2023-05-31T09:37:51","guid":{"rendered":"https:\/\/aedcolor.com\/?page_id=3838"},"modified":"2024-02-28T10:30:06","modified_gmt":"2024-02-28T10:30:06","slug":"eshaper-al","status":"publish","type":"page","link":"https:\/\/aedcolor.com\/index.php\/eshaper-al\/","title":{"rendered":"ESHAPER-AL"},"content":{"rendered":"<div class=\"wpb-content-wrapper\"><p>[vc_row css=&#8221;.vc_custom_1683099634441{padding-bottom: 30px !important;}&#8221;][vc_column width=&#8221;2\/3&#8243;][vc_custom_heading text=&#8221;ESHAPER-AL<br \/>\n&#8221; font_container=&#8221;tag:h2|font_size:50|text_align:left&#8221; use_theme_fonts=&#8221;yes&#8221; link=&#8221;|title:AQUAMAT%20-%20SUPERELASTIC||&#8221;][\/vc_column][\/vc_row][vc_row][vc_column width=&#8221;1\/2&#8243;][vc_single_image image=&#8221;3799&#8243; img_size=&#8221;medium&#8221; image_hovers=&#8221;false&#8221;][\/vc_column][vc_column width=&#8221;1\/2&#8243;][vc_column_text]<strong><span style=\"color: #000000;\">Membrana ESHAPER-AL \u00ebsht\u00eb nj\u00eb membran\u00eb asfaltike ventiluese p\u00ebr sistemet e hidroizolimit t\u00eb asfaltit.<\/span><\/strong><\/p>\n<p><span style=\"color: #000000;\">\u00cbsht\u00eb nj\u00eb shtres\u00eb me vrima, me nj\u00eb pesh\u00eb totale 1.5 kg\/m2, me p\u00ebrforcim t\u00eb shtres\u00ebs s\u00eb xhamit, nj\u00eb shtres\u00eb t\u00eb sip\u00ebrme me r\u00ebr\u00eb kuarci dhe nj\u00eb shtres\u00eb t\u00eb poshtme me let\u00ebr alumini.<\/span><\/p>\n<p><span style=\"color: #000000;\">Vrimat n\u00eb flet\u00ebn e aluminit lejojn\u00eb ngjitjen n\u00eb vend me n\u00ebnshtres\u00ebn e membranave hidroizoluese q\u00eb mbulojn\u00eb ESHAPER-AL n\u00eb nj\u00eb sistem hidroizolues.<\/span><\/p>\n<p><span style=\"color: #000000;\">Ky konstruksion i vecant\u00eb e b\u00ebn membran\u00ebn ESHAPER-AL nj\u00eb shtres\u00eb ajros\u00ebse, sepse lejon qarkullimin e avullit t\u00eb ujit n\u00ebn mas\u00ebn e saj dhe p\u00ebrjashton krijimin e fryrjes n\u00eb hidroizolim.<\/span><\/p>\n<p><strong><span style=\"color: #000000;\">APLIKIMI<\/span><\/strong>[\/vc_column_text][vc_row_inner][vc_column_inner width=&#8221;1\/2&#8243;]<div class=\"standard-arrow bullet-top\"><ul>\n<li><span style=\"color: #000000;\">Si shtres\u00eb ajrimi, n\u00eb nj\u00eb sistem hidroizolues me nj\u00eb ose dy membrana bituminoze, p\u00ebr hidroizolimin e kulmeve t\u00eb sheshta dhe t\u00eb pjerr\u00ebta.<\/span><\/li>\n<\/ul>\n<\/div>[\/vc_column_inner][vc_column_inner width=&#8221;1\/2&#8243;]<div class=\"standard-arrow bullet-top\"><ul>\n<li><span style=\"color: #000000;\">Si nj\u00eb shtres\u00eb lidh\u00ebse pikash n\u00eb nj\u00eb sistem hidroizolues prej nj\u00eb ose dy membranash bituminoze.<\/span><\/li>\n<\/ul>\n<\/div>[\/vc_column_inner][\/vc_row_inner][\/vc_column][\/vc_row]<\/p>\n<\/div>","protected":false},"excerpt":{"rendered":"<p>[vc_row css=&#8221;.vc_custom_1683099634441{padding-bottom: 30px !important;}&#8221;][vc_column width=&#8221;2\/3&#8243;][vc_custom_heading text=&#8221;ESHAPER-AL &#8221; font_container=&#8221;tag:h2|font_size:50|text_align:left&#8221; use_theme_fonts=&#8221;yes&#8221; link=&#8221;|title:AQUAMAT%20-%20SUPERELASTIC||&#8221;][\/vc_column][\/vc_row][vc_row][vc_column width=&#8221;1\/2&#8243;][vc_single_image image=&#8221;3799&#8243; img_size=&#8221;medium&#8221; image_hovers=&#8221;false&#8221;][\/vc_column][vc_column width=&#8221;1\/2&#8243;][vc_column_text]Membrana ESHAPER-AL \u00ebsht\u00eb nj\u00eb membran\u00eb asfaltike ventiluese p\u00ebr sistemet e hidroizolimit t\u00eb asfaltit. \u00cbsht\u00eb nj\u00eb shtres\u00eb me vrima, me nj\u00eb pesh\u00eb totale 1.5 kg\/m2, me p\u00ebrforcim t\u00eb shtres\u00ebs s\u00eb xhamit, nj\u00eb shtres\u00eb t\u00eb sip\u00ebrme me r\u00ebr\u00eb kuarci dhe nj\u00eb shtres\u00eb t\u00eb&hellip;<\/p>\n","protected":false},"author":2,"featured_media":0,"parent":0,"menu_order":0,"comment_status":"closed","ping_status":"closed","template":"","meta":{"footnotes":""},"class_list":["post-3838","page","type-page","status-publish","hentry","description-off"],"_links":{"self":[{"href":"https:\/\/aedcolor.com\/index.php\/wp-json\/wp\/v2\/pages\/3838","targetHints":{"allow":["GET"]}}],"collection":[{"href":"https:\/\/aedcolor.com\/index.php\/wp-json\/wp\/v2\/pages"}],"about":[{"href":"https:\/\/aedcolor.com\/index.php\/wp-json\/wp\/v2\/types\/page"}],"author":[{"embeddable":true,"href":"https:\/\/aedcolor.com\/index.php\/wp-json\/wp\/v2\/users\/2"}],"replies":[{"embeddable":true,"href":"https:\/\/aedcolor.com\/index.php\/wp-json\/wp\/v2\/comments?post=3838"}],"version-history":[{"count":4,"href":"https:\/\/aedcolor.com\/index.php\/wp-json\/wp\/v2\/pages\/3838\/revisions"}],"predecessor-version":[{"id":10706,"href":"https:\/\/aedcolor.com\/index.php\/wp-json\/wp\/v2\/pages\/3838\/revisions\/10706"}],"wp:attachment":[{"href":"https:\/\/aedcolor.com\/index.php\/wp-json\/wp\/v2\/media?parent=3838"}],"curies":[{"name":"wp","href":"https:\/\/api.w.org\/{rel}","templated":true}]}}