{"id":3843,"date":"2023-05-31T09:41:48","date_gmt":"2023-05-31T09:41:48","guid":{"rendered":"https:\/\/aedcolor.com\/?page_id=3843"},"modified":"2024-02-19T07:34:39","modified_gmt":"2024-02-19T07:34:39","slug":"eshagum-antiroot-b5","status":"publish","type":"page","link":"https:\/\/aedcolor.com\/index.php\/eshagum-antiroot-b5\/","title":{"rendered":"ESHAGUM Antiroot B5"},"content":{"rendered":"<div class=\"wpb-content-wrapper\"><p>[vc_row css=&#8221;.vc_custom_1683099634441{padding-bottom: 30px !important;}&#8221;][vc_column width=&#8221;2\/3&#8243;][vc_custom_heading text=&#8221;ESHAGUM Antiroot B5<br \/>\n&#8221; font_container=&#8221;tag:h2|font_size:50|text_align:left&#8221; use_theme_fonts=&#8221;yes&#8221; link=&#8221;|title:AQUAMAT%20-%20SUPERELASTIC||&#8221;][\/vc_column][\/vc_row][vc_row][vc_column width=&#8221;1\/2&#8243;][vc_single_image image=&#8221;3801&#8243; img_size=&#8221;medium&#8221; image_hovers=&#8221;false&#8221;][\/vc_column][vc_column width=&#8221;1\/2&#8243;][vc_column_text]<span style=\"color: #000000;\">Membrana hidroizoluese plastomerike\u00a0<strong>ESHAGUM ANTIROOT B5<\/strong>\u00a0\u00a0\u00ebsht\u00eb pjes\u00eb e\u00a0<strong>EshaOxygen Green Roof System<\/strong>\u00a0, e zhvilluar nga\u00a0<strong>Esha<\/strong>\u00a0.<\/span><\/p>\n<p><span style=\"color: #000000;\">\u00cbsht\u00eb nj\u00eb membran\u00eb bituminoze plastomerike me veti jasht\u00ebzakonisht efektive kund\u00ebr rr\u00ebnj\u00ebve.\u00a0K\u00ebto t\u00eb fundit arrihen me shtimin dhe shp\u00ebrndarjen homogjene t\u00eb\u00a0<strong>Preventol B5<\/strong>\u00a0, nj\u00eb p\u00ebrb\u00ebr\u00ebs i ve\u00e7ant\u00eb antirr\u00ebnj\u00eb, n\u00eb lidh\u00ebsin bituminoz t\u00eb modifikuar gjat\u00eb prodhimit.<\/span><\/p>\n<p><span style=\"color: #000000;\">Pasi saldohet n\u00eb n\u00ebnshtres\u00eb,\u00a0<strong>ESHAGUM ANTIROOT B5<\/strong>\u00a0\u00a0krijon nj\u00eb barrier\u00eb t\u00eb vazhdueshme ndaj rr\u00ebnj\u00ebve t\u00eb bim\u00ebve, gjithashtu p\u00ebrgjat\u00eb zonave t\u00eb mbivendosura t\u00eb membran\u00ebs.\u00a0Preventol B5 mbetet aktiv gjat\u00eb gjith\u00eb jet\u00ebgjat\u00ebsis\u00eb s\u00eb sistemit hidroizolues dhe q\u00ebndron jasht\u00ebzakonisht i q\u00ebndruesh\u00ebm edhe n\u00eb temperatura relativisht t\u00eb larta ose t\u00eb ul\u00ebta.<\/span><\/p>\n<p><span style=\"color: #000000;\">APLIKIMET:<\/span>[\/vc_column_text][vc_row_inner][vc_column_inner width=&#8221;1\/2&#8243;]<div class=\"standard-arrow bullet-top\"><ul>\n<li><span style=\"color: #000000;\">Hidroizolim dhe mbrojtje kund\u00ebr rr\u00ebnj\u00ebve t\u00eb \u00e7atis\u00eb s\u00eb shesht\u00eb dhe t\u00eb pjerr\u00ebt<\/span><\/li>\n<\/ul>\n<\/div>[\/vc_column_inner][vc_column_inner width=&#8221;1\/2&#8243;]<div class=\"standard-arrow bullet-top\"><ul>\n<li><span style=\"color: #000000;\">Hidroizolim dhe mbrojtje antirr\u00ebnj\u00eb e punimeve n\u00ebntok\u00ebsore\/themelet<\/span><\/li>\n<\/ul>\n<\/div>[\/vc_column_inner][\/vc_row_inner][\/vc_column][\/vc_row]<\/p>\n<\/div>","protected":false},"excerpt":{"rendered":"<p>[vc_row css=&#8221;.vc_custom_1683099634441{padding-bottom: 30px !important;}&#8221;][vc_column width=&#8221;2\/3&#8243;][vc_custom_heading text=&#8221;ESHAGUM Antiroot B5 &#8221; font_container=&#8221;tag:h2|font_size:50|text_align:left&#8221; use_theme_fonts=&#8221;yes&#8221; link=&#8221;|title:AQUAMAT%20-%20SUPERELASTIC||&#8221;][\/vc_column][\/vc_row][vc_row][vc_column width=&#8221;1\/2&#8243;][vc_single_image image=&#8221;3801&#8243; img_size=&#8221;medium&#8221; image_hovers=&#8221;false&#8221;][\/vc_column][vc_column width=&#8221;1\/2&#8243;][vc_column_text]Membrana hidroizoluese plastomerike\u00a0ESHAGUM ANTIROOT B5\u00a0\u00a0\u00ebsht\u00eb pjes\u00eb e\u00a0EshaOxygen Green Roof System\u00a0, e zhvilluar nga\u00a0Esha\u00a0. \u00cbsht\u00eb nj\u00eb membran\u00eb bituminoze plastomerike me veti jasht\u00ebzakonisht efektive kund\u00ebr rr\u00ebnj\u00ebve.\u00a0K\u00ebto t\u00eb fundit arrihen me shtimin dhe shp\u00ebrndarjen homogjene t\u00eb\u00a0Preventol B5\u00a0, nj\u00eb p\u00ebrb\u00ebr\u00ebs i ve\u00e7ant\u00eb antirr\u00ebnj\u00eb,&hellip;<\/p>\n","protected":false},"author":2,"featured_media":0,"parent":0,"menu_order":0,"comment_status":"closed","ping_status":"closed","template":"","meta":{"footnotes":""},"class_list":["post-3843","page","type-page","status-publish","hentry","description-off"],"_links":{"self":[{"href":"https:\/\/aedcolor.com\/index.php\/wp-json\/wp\/v2\/pages\/3843","targetHints":{"allow":["GET"]}}],"collection":[{"href":"https:\/\/aedcolor.com\/index.php\/wp-json\/wp\/v2\/pages"}],"about":[{"href":"https:\/\/aedcolor.com\/index.php\/wp-json\/wp\/v2\/types\/page"}],"author":[{"embeddable":true,"href":"https:\/\/aedcolor.com\/index.php\/wp-json\/wp\/v2\/users\/2"}],"replies":[{"embeddable":true,"href":"https:\/\/aedcolor.com\/index.php\/wp-json\/wp\/v2\/comments?post=3843"}],"version-history":[{"count":3,"href":"https:\/\/aedcolor.com\/index.php\/wp-json\/wp\/v2\/pages\/3843\/revisions"}],"predecessor-version":[{"id":10487,"href":"https:\/\/aedcolor.com\/index.php\/wp-json\/wp\/v2\/pages\/3843\/revisions\/10487"}],"wp:attachment":[{"href":"https:\/\/aedcolor.com\/index.php\/wp-json\/wp\/v2\/media?parent=3843"}],"curies":[{"name":"wp","href":"https:\/\/api.w.org\/{rel}","templated":true}]}}