{"id":3872,"date":"2023-06-01T07:19:22","date_gmt":"2023-06-01T07:19:22","guid":{"rendered":"https:\/\/aedcolor.com\/?page_id=3872"},"modified":"2024-02-22T08:37:19","modified_gmt":"2024-02-22T08:37:19","slug":"esha-izoton-primer","status":"publish","type":"page","link":"https:\/\/aedcolor.com\/index.php\/esha-izoton-primer\/","title":{"rendered":"ESHA-IZOTON PRIMER"},"content":{"rendered":"<div class=\"wpb-content-wrapper\"><p>[vc_row css=&#8221;.vc_custom_1683099634441{padding-bottom: 30px !important;}&#8221;][vc_column width=&#8221;2\/3&#8243;][vc_custom_heading text=&#8221;ESHA-IZOTON PRIMER<br \/>\n&#8221; font_container=&#8221;tag:h2|font_size:50|text_align:left&#8221; use_theme_fonts=&#8221;yes&#8221; link=&#8221;|title:AQUAMAT%20-%20SUPERELASTIC||&#8221;][\/vc_column][\/vc_row][vc_row][vc_column width=&#8221;1\/2&#8243;][vc_single_image image=&#8221;3767&#8243; img_size=&#8221;medium&#8221; image_hovers=&#8221;false&#8221;][\/vc_column][vc_column width=&#8221;1\/2&#8243;][vc_column_text]<span style=\"color: #000000;\"><strong>Emulsionet e asfaltit jan\u00eb materiale bituminoze t\u00eb l\u00ebngshme, t\u00eb p\u00ebrb\u00ebra nga grimca t\u00eb vogla asfalti, me p\u00ebrmasa 1-10 mikron, t\u00eb pezulluara n\u00eb uj\u00eb, i cili \u00ebsht\u00eb mjeti i shp\u00ebrndarjes s\u00eb sistemit.<\/strong> Emulsionet e asfaltit p\u00ebrdoren p\u00ebr nd\u00ebrtimin e punimeve n\u00eb rrug\u00eb dhe aeroporte. Me p\u00ebrhapjen e tyre n\u00eb sip\u00ebrfaqen e trotuareve ose agregat\u00ebve, ato prishen shpejt, duke l\u00ebn\u00eb mbi to nj\u00eb shtres\u00eb asfalti q\u00eb \u00ebsht\u00eb materiali lidh\u00ebs.<\/span><\/p>\n<p><strong><span style=\"color: #000000;\">Shpejt\u00ebsia e dekompozimit varet nga shum\u00eb faktor\u00eb, si p.sh:<\/span><\/strong><\/p>\n<ul>\n<li><span style=\"color: #000000;\">Lloji i emulsionit<\/span><\/li>\n<li><span style=\"color: #000000;\">Natyra e agregateve<\/span><\/li>\n<li><span style=\"color: #000000;\">Klasifikimi i agregateve<\/span><\/li>\n<li><span style=\"color: #000000;\">Moti dhe lag\u00ebshtia agregate (Sekondarisht).<\/span><\/li>\n<\/ul>\n<p><span style=\"color: #000000;\">Emulsionet e asfaltit dallohen n\u00eb lloje t\u00eb ndryshme, n\u00eb var\u00ebsi t\u00eb vler\u00ebs s\u00eb pH dhe shpejt\u00ebsis\u00eb s\u00eb dekompozimit, sipas specifikimeve PTP A-202 &amp; PTP A-203, por edhe Specifikimit Europian EN 13808 n\u00eb baz\u00eb t\u00eb t\u00eb cilit jan\u00eb t\u00eb certifikuar dhe mbajn\u00eb CE.<\/span><\/p>\n<p><span style=\"color: #000000;\">Emulsioni bituminoz ESHAIZOTON PRIMER \u00ebsht\u00eb nj\u00eb emulsion bituminoz special me tretje t\u00eb shpejt\u00eb, me viskozitet t\u00eb ul\u00ebt, me p\u00ebrmbajtje bitumi 55-60%, i p\u00ebrshtatsh\u00ebm p\u00ebr trajtimet me ngjit\u00ebs sip\u00ebrfaq\u00ebsor n\u00eb sistemet e hidroizolimit t\u00eb urave.<\/span><\/p>\n<p><strong><span style=\"color: #000000;\">Emulsionet rrugore bituminoze t\u00eb ESHA ofrohen n\u00eb:<\/span><\/strong><\/p>\n<ul>\n<li><span style=\"color: #000000;\">Fuci metalike 210 kg<\/span><\/li>\n<li><span style=\"color: #000000;\">Depozita Plastike 1000 kg<\/span><\/li>\n<li><span style=\"color: #000000;\">L\u00ebng (n\u00eb fuci) 24000 kg<\/span><\/li>\n<\/ul>\n<p>[\/vc_column_text][\/vc_column][\/vc_row]<\/p>\n<\/div>","protected":false},"excerpt":{"rendered":"<p>[vc_row css=&#8221;.vc_custom_1683099634441{padding-bottom: 30px !important;}&#8221;][vc_column width=&#8221;2\/3&#8243;][vc_custom_heading text=&#8221;ESHA-IZOTON PRIMER &#8221; font_container=&#8221;tag:h2|font_size:50|text_align:left&#8221; use_theme_fonts=&#8221;yes&#8221; link=&#8221;|title:AQUAMAT%20-%20SUPERELASTIC||&#8221;][\/vc_column][\/vc_row][vc_row][vc_column width=&#8221;1\/2&#8243;][vc_single_image image=&#8221;3767&#8243; img_size=&#8221;medium&#8221; image_hovers=&#8221;false&#8221;][\/vc_column][vc_column width=&#8221;1\/2&#8243;][vc_column_text]Emulsionet e asfaltit jan\u00eb materiale bituminoze t\u00eb l\u00ebngshme, t\u00eb p\u00ebrb\u00ebra nga grimca t\u00eb vogla asfalti, me p\u00ebrmasa 1-10 mikron, t\u00eb pezulluara n\u00eb uj\u00eb, i cili \u00ebsht\u00eb mjeti i shp\u00ebrndarjes s\u00eb sistemit. Emulsionet e asfaltit p\u00ebrdoren p\u00ebr nd\u00ebrtimin e punimeve n\u00eb&hellip;<\/p>\n","protected":false},"author":2,"featured_media":0,"parent":0,"menu_order":0,"comment_status":"closed","ping_status":"closed","template":"","meta":{"footnotes":""},"class_list":["post-3872","page","type-page","status-publish","hentry","description-off"],"_links":{"self":[{"href":"https:\/\/aedcolor.com\/index.php\/wp-json\/wp\/v2\/pages\/3872","targetHints":{"allow":["GET"]}}],"collection":[{"href":"https:\/\/aedcolor.com\/index.php\/wp-json\/wp\/v2\/pages"}],"about":[{"href":"https:\/\/aedcolor.com\/index.php\/wp-json\/wp\/v2\/types\/page"}],"author":[{"embeddable":true,"href":"https:\/\/aedcolor.com\/index.php\/wp-json\/wp\/v2\/users\/2"}],"replies":[{"embeddable":true,"href":"https:\/\/aedcolor.com\/index.php\/wp-json\/wp\/v2\/comments?post=3872"}],"version-history":[{"count":2,"href":"https:\/\/aedcolor.com\/index.php\/wp-json\/wp\/v2\/pages\/3872\/revisions"}],"predecessor-version":[{"id":10572,"href":"https:\/\/aedcolor.com\/index.php\/wp-json\/wp\/v2\/pages\/3872\/revisions\/10572"}],"wp:attachment":[{"href":"https:\/\/aedcolor.com\/index.php\/wp-json\/wp\/v2\/media?parent=3872"}],"curies":[{"name":"wp","href":"https:\/\/api.w.org\/{rel}","templated":true}]}}