{"id":3884,"date":"2023-06-01T07:28:29","date_gmt":"2023-06-01T07:28:29","guid":{"rendered":"https:\/\/aedcolor.com\/?page_id=3884"},"modified":"2024-02-22T09:05:40","modified_gmt":"2024-02-22T09:05:40","slug":"eshaprimer-dm","status":"publish","type":"page","link":"https:\/\/aedcolor.com\/index.php\/eshaprimer-dm\/","title":{"rendered":"ESHAPRIMER DM"},"content":{"rendered":"<div class=\"wpb-content-wrapper\"><p>[vc_row css=&#8221;.vc_custom_1683099634441{padding-bottom: 30px !important;}&#8221;][vc_column width=&#8221;2\/3&#8243;][vc_custom_heading text=&#8221;ESHAPRIMER DM<br \/>\n&#8221; font_container=&#8221;tag:h2|font_size:50|text_align:left&#8221; use_theme_fonts=&#8221;yes&#8221; link=&#8221;|title:AQUAMAT%20-%20SUPERELASTIC||&#8221;][\/vc_column][\/vc_row][vc_row][vc_column width=&#8221;1\/2&#8243;][vc_single_image image=&#8221;3862&#8243; img_size=&#8221;medium&#8221; image_hovers=&#8221;false&#8221;][\/vc_column][vc_column width=&#8221;1\/2&#8243;][vc_column_text]<span style=\"color: #000000;\"><strong>ESHAPRIMER DM<\/strong>\u00a0\u00ebsht\u00eb nj\u00eb primer i l\u00ebngsh\u00ebm p\u00ebr p\u00ebrmir\u00ebsimin e ngjitjes s\u00eb disa<strong>\u00a0produkteve ESHA\u00a0<\/strong>n\u00eb n\u00ebnshtresa jo poroze, i bazuar n\u00eb nj\u00eb p\u00ebrzierje tret\u00ebsish dhe silanesh organofunksionale.\u00a0\u00cbsht\u00eb nj\u00eb l\u00ebng pa ngjyr\u00eb q\u00eb thahet shpejt dhe nuk njollos n\u00ebnshtres\u00ebn.<\/span><\/p>\n<p><span style=\"color: #000000;\"><strong>ESHAPRIMER DM<\/strong>\u00a0rekomandohet:<\/span>[\/vc_column_text][vc_row_inner][vc_column_inner width=&#8221;1\/2&#8243;]<div class=\"standard-arrow bullet-top\"><ul>\n<li><span style=\"color: #000000;\">Si nj\u00eb primer n\u00eb kombinim me veshje polimerike\u00a0<strong>ESHA<\/strong>\u00a0, ose ngjit\u00ebs polimerik\u00eb\u00a0<strong>ESHA<\/strong>\u00a0, t\u00eb aplikuara n\u00eb n\u00ebnshtresa jo poroze<\/span><\/li>\n<\/ul>\n<\/div>[\/vc_column_inner][vc_column_inner width=&#8221;1\/2&#8243;]<div class=\"standard-arrow bullet-top\"><ul>\n<li><span style=\"color: #000000;\">Mbrojtja dhe astartimi i sip\u00ebrfaqeve jo poroze, si qelqi, pllaka me xham, mermer t\u00eb l\u00ebmuar dhe n\u00ebnshtresa metalike<\/span><\/li>\n<\/ul>\n<\/div>[\/vc_column_inner][\/vc_row_inner][\/vc_column][\/vc_row]<\/p>\n<\/div>","protected":false},"excerpt":{"rendered":"<p>[vc_row css=&#8221;.vc_custom_1683099634441{padding-bottom: 30px !important;}&#8221;][vc_column width=&#8221;2\/3&#8243;][vc_custom_heading text=&#8221;ESHAPRIMER DM &#8221; font_container=&#8221;tag:h2|font_size:50|text_align:left&#8221; use_theme_fonts=&#8221;yes&#8221; link=&#8221;|title:AQUAMAT%20-%20SUPERELASTIC||&#8221;][\/vc_column][\/vc_row][vc_row][vc_column width=&#8221;1\/2&#8243;][vc_single_image image=&#8221;3862&#8243; img_size=&#8221;medium&#8221; image_hovers=&#8221;false&#8221;][\/vc_column][vc_column width=&#8221;1\/2&#8243;][vc_column_text]ESHAPRIMER DM\u00a0\u00ebsht\u00eb nj\u00eb primer i l\u00ebngsh\u00ebm p\u00ebr p\u00ebrmir\u00ebsimin e ngjitjes s\u00eb disa\u00a0produkteve ESHA\u00a0n\u00eb n\u00ebnshtresa jo poroze, i bazuar n\u00eb nj\u00eb p\u00ebrzierje tret\u00ebsish dhe silanesh organofunksionale.\u00a0\u00cbsht\u00eb nj\u00eb l\u00ebng pa ngjyr\u00eb q\u00eb thahet shpejt dhe nuk njollos n\u00ebnshtres\u00ebn. ESHAPRIMER DM\u00a0rekomandohet:[\/vc_column_text][vc_row_inner][vc_column_inner width=&#8221;1\/2&#8243;][\/vc_column_inner][vc_column_inner width=&#8221;1\/2&#8243;][\/vc_column_inner][\/vc_row_inner][\/vc_column][\/vc_row]<\/p>\n","protected":false},"author":2,"featured_media":0,"parent":0,"menu_order":0,"comment_status":"closed","ping_status":"closed","template":"","meta":{"footnotes":""},"class_list":["post-3884","page","type-page","status-publish","hentry","description-off"],"_links":{"self":[{"href":"https:\/\/aedcolor.com\/index.php\/wp-json\/wp\/v2\/pages\/3884","targetHints":{"allow":["GET"]}}],"collection":[{"href":"https:\/\/aedcolor.com\/index.php\/wp-json\/wp\/v2\/pages"}],"about":[{"href":"https:\/\/aedcolor.com\/index.php\/wp-json\/wp\/v2\/types\/page"}],"author":[{"embeddable":true,"href":"https:\/\/aedcolor.com\/index.php\/wp-json\/wp\/v2\/users\/2"}],"replies":[{"embeddable":true,"href":"https:\/\/aedcolor.com\/index.php\/wp-json\/wp\/v2\/comments?post=3884"}],"version-history":[{"count":2,"href":"https:\/\/aedcolor.com\/index.php\/wp-json\/wp\/v2\/pages\/3884\/revisions"}],"predecessor-version":[{"id":10579,"href":"https:\/\/aedcolor.com\/index.php\/wp-json\/wp\/v2\/pages\/3884\/revisions\/10579"}],"wp:attachment":[{"href":"https:\/\/aedcolor.com\/index.php\/wp-json\/wp\/v2\/media?parent=3884"}],"curies":[{"name":"wp","href":"https:\/\/api.w.org\/{rel}","templated":true}]}}