{"id":3890,"date":"2023-06-01T07:33:42","date_gmt":"2023-06-01T07:33:42","guid":{"rendered":"https:\/\/aedcolor.com\/?page_id=3890"},"modified":"2024-02-22T09:07:13","modified_gmt":"2024-02-22T09:07:13","slug":"eshadesmolast-primer-pu","status":"publish","type":"page","link":"https:\/\/aedcolor.com\/index.php\/eshadesmolast-primer-pu\/","title":{"rendered":"ESHADESMOLAST PRIMER PU"},"content":{"rendered":"<div class=\"wpb-content-wrapper\"><p>[vc_row css=&#8221;.vc_custom_1683099634441{padding-bottom: 30px !important;}&#8221;][vc_column width=&#8221;2\/3&#8243;][vc_custom_heading text=&#8221;ESHADESMOLAST PRIMER PU<br \/>\n&#8221; font_container=&#8221;tag:h2|font_size:50|text_align:left&#8221; use_theme_fonts=&#8221;yes&#8221; link=&#8221;|title:AQUAMAT%20-%20SUPERELASTIC||&#8221;][\/vc_column][\/vc_row][vc_row][vc_column width=&#8221;1\/2&#8243;][vc_single_image image=&#8221;3866&#8243; img_size=&#8221;medium&#8221; image_hovers=&#8221;false&#8221;][\/vc_column][vc_column width=&#8221;1\/2&#8243;][vc_column_text]<span style=\"color: #000000;\"><strong>ESHADESMOLAST PRIMER PU<\/strong>\u00a0\u00ebsht\u00eb nj\u00eb l\u00ebng me baz\u00eb poliuretani t\u00eb cil\u00ebsis\u00eb s\u00eb lart\u00eb me nj\u00eb p\u00ebrb\u00ebr\u00ebs q\u00eb sh\u00ebrohet me lag\u00ebshtin\u00eb atmosferike.\u00a0P\u00ebrb\u00ebrja e tij bazohet n\u00eb elastomer\u00eb poliuretani.\u00a0Polimerizimi p\u00ebrfundon brenda 12 or\u00ebve pas aplikimit duke rezultuar n\u00eb nj\u00eb shtres\u00eb uniforme mbrojt\u00ebse.\u00a0Formulimi i tij special \u00ebsht\u00eb projektuar p\u00ebr t\u00eb rritur ngjitjen e veshjeve hidroizoluese me baz\u00eb poliuretani n\u00eb t\u00eb gjitha materialet e nd\u00ebrtimit poroz.<\/span><\/p>\n<p><span style=\"color: #000000;\"><strong>ESHADESMOLAST PRIMER PU<\/strong>\u00a0rekomandohet:<\/span>[\/vc_column_text][vc_row_inner][vc_column_inner width=&#8221;1\/2&#8243;]<div class=\"standard-arrow bullet-top\"><ul>\n<li><span style=\"color: #000000;\">Si nj\u00eb abetare p\u00ebr veshjet poliuretani, akrilik, hibrid, epoksi<\/span><\/li>\n<li><span style=\"color: #000000;\">Mbrojtja e sip\u00ebrfaqeve metalike nga korrozioni<\/span><\/li>\n<li><span style=\"color: #000000;\">Mbrojtja dhe astartimi i sip\u00ebrfaqeve prej betoni poroz, druri, suvaje<\/span><\/li>\n<\/ul>\n<\/div>[\/vc_column_inner][vc_column_inner width=&#8221;1\/2&#8243;]<div class=\"standard-arrow bullet-top\"><ul>\n<li><span style=\"color: #000000;\">P\u00ebrmir\u00ebsimi i ngjitjes midis betonit t\u00eb vjet\u00ebr dhe atij t\u00eb ri<\/span><\/li>\n<li><span style=\"color: #000000;\">Mbyllja e betonit Nuk rekomandohet p\u00ebr n\u00ebnshtresa jo t\u00eb sh\u00ebndosha<\/span><\/li>\n<\/ul>\n<\/div>[\/vc_column_inner][\/vc_row_inner][\/vc_column][\/vc_row]<\/p>\n<\/div>","protected":false},"excerpt":{"rendered":"<p>[vc_row css=&#8221;.vc_custom_1683099634441{padding-bottom: 30px !important;}&#8221;][vc_column width=&#8221;2\/3&#8243;][vc_custom_heading text=&#8221;ESHADESMOLAST PRIMER PU &#8221; font_container=&#8221;tag:h2|font_size:50|text_align:left&#8221; use_theme_fonts=&#8221;yes&#8221; link=&#8221;|title:AQUAMAT%20-%20SUPERELASTIC||&#8221;][\/vc_column][\/vc_row][vc_row][vc_column width=&#8221;1\/2&#8243;][vc_single_image image=&#8221;3866&#8243; img_size=&#8221;medium&#8221; image_hovers=&#8221;false&#8221;][\/vc_column][vc_column width=&#8221;1\/2&#8243;][vc_column_text]ESHADESMOLAST PRIMER PU\u00a0\u00ebsht\u00eb nj\u00eb l\u00ebng me baz\u00eb poliuretani t\u00eb cil\u00ebsis\u00eb s\u00eb lart\u00eb me nj\u00eb p\u00ebrb\u00ebr\u00ebs q\u00eb sh\u00ebrohet me lag\u00ebshtin\u00eb atmosferike.\u00a0P\u00ebrb\u00ebrja e tij bazohet n\u00eb elastomer\u00eb poliuretani.\u00a0Polimerizimi p\u00ebrfundon brenda 12 or\u00ebve pas aplikimit duke rezultuar n\u00eb nj\u00eb shtres\u00eb uniforme mbrojt\u00ebse.\u00a0Formulimi&hellip;<\/p>\n","protected":false},"author":2,"featured_media":0,"parent":0,"menu_order":0,"comment_status":"closed","ping_status":"closed","template":"","meta":{"footnotes":""},"class_list":["post-3890","page","type-page","status-publish","hentry","description-off"],"_links":{"self":[{"href":"https:\/\/aedcolor.com\/index.php\/wp-json\/wp\/v2\/pages\/3890","targetHints":{"allow":["GET"]}}],"collection":[{"href":"https:\/\/aedcolor.com\/index.php\/wp-json\/wp\/v2\/pages"}],"about":[{"href":"https:\/\/aedcolor.com\/index.php\/wp-json\/wp\/v2\/types\/page"}],"author":[{"embeddable":true,"href":"https:\/\/aedcolor.com\/index.php\/wp-json\/wp\/v2\/users\/2"}],"replies":[{"embeddable":true,"href":"https:\/\/aedcolor.com\/index.php\/wp-json\/wp\/v2\/comments?post=3890"}],"version-history":[{"count":2,"href":"https:\/\/aedcolor.com\/index.php\/wp-json\/wp\/v2\/pages\/3890\/revisions"}],"predecessor-version":[{"id":10581,"href":"https:\/\/aedcolor.com\/index.php\/wp-json\/wp\/v2\/pages\/3890\/revisions\/10581"}],"wp:attachment":[{"href":"https:\/\/aedcolor.com\/index.php\/wp-json\/wp\/v2\/media?parent=3890"}],"curies":[{"name":"wp","href":"https:\/\/api.w.org\/{rel}","templated":true}]}}